{"id":22629,"date":"2014-10-31T17:34:32","date_gmt":"2014-10-31T17:34:32","guid":{"rendered":"http:\/\/www.international-student-office.org\/scholarships\/stipendien-auslandssemester-2\/"},"modified":"2025-10-28T06:52:05","modified_gmt":"2025-10-28T06:52:05","slug":"study-abroad-scholarships","status":"publish","type":"page","link":"https:\/\/www.international-student-office.org\/en\/how-to-pay-for-study-abroad\/study-abroad-scholarships\/","title":{"rendered":"Scholarships"},"content":{"rendered":"<p>[et_pb_section fb_built=&#8221;1&#8243; admin_label=&#8221;Sektion&#8221; _builder_version=&#8221;4.16&#8243; global_colors_info=&#8221;{}&#8221;][et_pb_row admin_label=&#8221;Zeile&#8221; _builder_version=&#8221;4.16&#8243; background_size=&#8221;initial&#8221; background_position=&#8221;top_left&#8221; background_repeat=&#8221;repeat&#8221; custom_padding=&#8221;||0px|&#8221; make_fullwidth=&#8221;off&#8221; use_custom_width=&#8221;off&#8221; width_unit=&#8221;on&#8221; global_colors_info=&#8221;{}&#8221;][et_pb_column type=&#8221;4_4&#8243; _builder_version=&#8221;4.16&#8243; custom_padding=&#8221;|||&#8221; global_colors_info=&#8221;{}&#8221; custom_padding__hover=&#8221;|||&#8221;][et_pb_text admin_label=&#8221;Text&#8221; _builder_version=&#8221;4.16&#8243; background_size=&#8221;initial&#8221; background_position=&#8221;top_left&#8221; background_repeat=&#8221;repeat&#8221; custom_margin=&#8221;||15px|&#8221; custom_padding=&#8221;||0px|&#8221; use_border_color=&#8221;off&#8221; border_color=&#8221;#ffffff&#8221; border_style=&#8221;solid&#8221; global_colors_info=&#8221;{}&#8221;]<\/p>\n<h2 class=\"titel-blau\"><strong>International Student Office &#8211; Scholarships<\/strong><\/h2>\n<p>[\/et_pb_text][\/et_pb_column][\/et_pb_row][et_pb_row admin_label=&#8221;Zeile&#8221; _builder_version=&#8221;4.16&#8243; background_size=&#8221;initial&#8221; background_position=&#8221;top_left&#8221; background_repeat=&#8221;repeat&#8221; global_colors_info=&#8221;{}&#8221; column_structure=&#8221;1_2,1_2&#8243;][et_pb_column type=&#8221;1_2&#8243; _builder_version=&#8221;4.16&#8243; custom_padding=&#8221;|||&#8221; global_colors_info=&#8221;{}&#8221; custom_padding__hover=&#8221;|||&#8221;][et_pb_text admin_label=&#8221;Text&#8221; _builder_version=&#8221;4.27.4&#8243; background_size=&#8221;initial&#8221; background_position=&#8221;top_left&#8221; background_repeat=&#8221;repeat&#8221; hover_enabled=&#8221;0&#8243; use_border_color=&#8221;off&#8221; border_color=&#8221;#ffffff&#8221; border_style=&#8221;solid&#8221; global_colors_info=&#8221;{}&#8221; sticky_enabled=&#8221;0&#8243;]<\/p>\n<h2 class=\"p1\" style=\"text-align: justify;\">Scholarships for your Study Abroad Program<\/h2>\n<p class=\"p1\" style=\"text-align: justify;\">You wish to spend a semester or a full study program at one of our three universities abroad? You have already applied via our International Student Office and are accepted for a study abroad term at the <a title=\"Study Abroad: Australia\" href=\"https:\/\/www.international-student-office.org\/en\/study-in-australia\/icms\/\" target=\"_blank\" rel=\"noopener noreferrer\">International College of Management, Sydney<\/a> (Australia), at <a title=\"Study in Canada\" href=\"https:\/\/www.international-student-office.org\/en\/study-in-canada\/viu\/\" target=\"_blank\" rel=\"noopener noreferrer\">Vancouver Island University<\/a> (Canada), at <a title=\"Study Abroad: USA\" href=\"https:\/\/www.international-student-office.org\/en\/study-in-the-usa\/wu\/\" target=\"_blank\" rel=\"noopener noreferrer\">Westcliff University<\/a> (USA) or at <a href=\"https:\/\/www.international-student-office.org\/en\/study-in-the-usa\/uncw\/\">University of North Carolina Wilmington<\/a> (USA)? Great! Why not apply for a study abroad scholarship?<\/p>\n<p class=\"p1\" style=\"text-align: justify;\">We award several scholarships for a study abroad period at our universities every year. Read here about the study abroad scholarship requirements and learn about the application process:<\/p>\n<h2 class=\"p1\" style=\"text-align: justify;\">How Can I Apply for a Study Abroad Scholarship?<\/h2>\n<p class=\"p1\" style=\"text-align: justify;\">Please hand in your r\u00e9sum\u00e9\/CV and a motivational letter, both in English, to our office in Darmstadt, Germany. We appreciate creativity and you are more than welcome to send us a motivational video (or equivalent) in lieu of a letter, if you wish. We are looking forward to receiving many great applications.&nbsp; Please see the required topics for your letter or video of motivation for each university individually<\/p>\n<h2 class=\"p1\" style=\"text-align: justify;\">What Else Do I Need to Do?<\/h2>\n<p class=\"p1\" style=\"text-align: justify;\">Our lucky scholarship winners are allowed to choose between three options on how to keep us updated during their study abroad period:<\/p>\n<ol>\n<li class=\"p1\" style=\"text-align: justify;\">You can submit 10 individual experience reports inlc. 3 photos taken by themselvers (5 reports written in English and 5 reports written in their native language)<\/li>\n<li class=\"p1\" style=\"text-align: justify;\">You can take 8 short videos (90-180 seconds)<\/li>\n<li>You represent us and your university via social media and create either 10 facebook or instagram posts<\/li>\n<\/ol>\n<p>We regularly&nbsp; publish our scholarship winners&#8217; reports on our homepage and social networks. This way interested students are able to gather first-hand information by students who have actually studied at their dream university and they can get the real picture. Why don&#8217;t you browse through <a title=\"Blog &amp; Videos\" href=\"https:\/\/www.international-student-office.org\/en\/blog\/\" target=\"_blank\" rel=\"noopener noreferrer\">our students&#8217; latest experience reports<\/a>?<\/p>\n<h2 class=\"p1\" style=\"text-align: justify;\">Further Information on our Scholarships<\/h2>\n<h4 class=\"p1\" style=\"text-align: justify;\">If you are interested in applying for one of our study abroad scholarships, please read our requirements:<\/h4>\n<h4 class=\"p1\" style=\"text-align: justify;\"><a title=\"Scholarships Australia\" href=\"https:\/\/www.international-student-office.org\/en\/how-to-pay-for-study-abroad\/scholarships-australia\/\" target=\"_blank\" rel=\"noopener noreferrer\"><strong>Scholarship Australia<\/strong><\/a><\/h4>\n<h4 class=\"p1\" style=\"text-align: justify;\"><a title=\"Scholarships USA\" href=\"https:\/\/www.international-student-office.org\/en\/how-to-pay-for-study-abroad\/scholarships-usa\/\" target=\"_blank\" rel=\"noopener noreferrer\"><strong>Scholarship USA<\/strong><\/a><\/h4>\n<h4 class=\"p1\" style=\"text-align: justify;\"><a title=\"Scholarships Canada\" href=\"https:\/\/www.international-student-office.org\/en\/how-to-pay-for-study-abroad\/scholarships-canada\/\" target=\"_blank\" rel=\"noopener noreferrer\"><strong>Scholarship Canada<\/strong><\/a><\/h4>\n<p class=\"p1\" style=\"text-align: justify;\">We look forward to receiving your expressive application!<\/p>\n<p>[\/et_pb_text][\/et_pb_column][et_pb_column type=&#8221;1_2&#8243; _builder_version=&#8221;4.16&#8243; custom_padding=&#8221;|||&#8221; global_colors_info=&#8221;{}&#8221; custom_padding__hover=&#8221;|||&#8221;][et_pb_image src=&#8221;https:\/\/www.international-student-office.org\/wp-content\/uploads\/2019\/01\/Financial_Aid_and_Scholarships.gif&#8221; align_tablet=&#8221;center&#8221; align_last_edited=&#8221;on|desktop&#8221; admin_label=&#8221;Bild&#8221; _builder_version=&#8221;4.16&#8243; use_border_color=&#8221;off&#8221; border_color=&#8221;#ffffff&#8221; border_style=&#8221;solid&#8221; animation=&#8221;off&#8221; sticky=&#8221;off&#8221; always_center_on_mobile=&#8221;on&#8221; global_colors_info=&#8221;{}&#8221; align_phone=&#8221;center&#8221;][\/et_pb_image][et_pb_text admin_label=&#8221;Text&#8221; module_class=&#8221;cta linked-card&#8221; _builder_version=&#8221;4.16&#8243; background_size=&#8221;initial&#8221; background_position=&#8221;top_left&#8221; background_repeat=&#8221;repeat&#8221; text_orientation=&#8221;center&#8221; background_layout=&#8221;dark&#8221; module_alignment=&#8221;center&#8221; use_border_color=&#8221;off&#8221; border_color=&#8221;#ffffff&#8221; border_style=&#8221;solid&#8221; global_colors_info=&#8221;{}&#8221;]<\/p>\n<h2 style=\"padding:35px 15px 15px 15px;\"><strong>Your support for studying abroad:<\/strong><\/h2>\n<p><a class=\"et_pb_promo_button et_pb_button card-link\" style=\"margin: 15px 15px 55px 15px; border-radius: 10px;\" href=\"https:\/\/www.international-student-office.org\/en\/request-info-lp\/\">Request further information now!<\/a><br \/>\n[\/et_pb_text][et_pb_image src=&#8221;https:\/\/www.international-student-office.org\/wp-content\/uploads\/2014\/10\/Live-Travel_Adventure.jpg&#8221; align_tablet=&#8221;center&#8221; align_last_edited=&#8221;on|desktop&#8221; admin_label=&#8221;Image&#8221; _builder_version=&#8221;4.16&#8243; use_border_color=&#8221;off&#8221; border_color=&#8221;#ffffff&#8221; border_style=&#8221;solid&#8221; animation=&#8221;off&#8221; sticky=&#8221;off&#8221; always_center_on_mobile=&#8221;on&#8221; global_colors_info=&#8221;{}&#8221; align_phone=&#8221;center&#8221;][\/et_pb_image][\/et_pb_column][\/et_pb_row][\/et_pb_section]<\/p>\n","protected":false},"excerpt":{"rendered":"<p>International Student Office &#8211; Scholarships Scholarships for your Study Abroad Program You wish to spend a semester or a full study program at one of our three universities abroad? You have already applied via our International Student Office and are accepted for a study abroad term at the International College of Management, Sydney (Australia), at [&hellip;]<\/p>\n","protected":false},"author":4,"featured_media":0,"parent":14691,"menu_order":0,"comment_status":"open","ping_status":"open","template":"","meta":{"_et_pb_use_builder":"on","_et_pb_old_content":"<h1 class=\"p1\" style=\"text-align: justify;\">Stipendien<\/h1><h2 class=\"p1\" style=\"text-align: justify;\">Stipendien f\u00fcr Ihr Auslandssemester<\/h2><p class=\"p1\" style=\"text-align: justify;\">Sie m\u00f6chten Ihr Auslandssemester oder Ihr Studium an einer unserer drei Universit\u00e4ten im Ausland verbringen? Sie haben sich bereits \u00fcber unser europ\u00e4isches B\u00fcro des International College of Management, Sydney, der National University, San Diego\/L.A. oder der Vancouver Island University, Nanaimo, beworben? Dann bewerben Sie sich jetzt f\u00fcr eines unserer Stipendien!<\/p><p class=\"p1\" style=\"text-align: justify;\">Wir bieten verschiedene Stipendien f\u00fcr Ihren Auslandsaufenthalt an unseren drei englischsprachigen Universit\u00e4ten an. Im Folgenden erfahren Sie, was Sie f\u00fcr Ihre Bewerbung ben\u00f6tigen:<\/p><h2 class=\"p1\" style=\"text-align: justify;\">Wie kann ich mich um die Stipendien bewerben?<\/h2><p class=\"p1\" style=\"text-align: justify;\">Bitte senden Sie uns Ihren Lebenslauf sowie ein Motivationsschreiben in englischer Sprache. Gerne k\u00f6nnen Sie hier sehr kreativ sein und uns auch ein Motivationsvideo oder Vergleichbares schicken. Wir freuen uns immer \u00fcber interessante Bewerbungen! Das genaue Thema des Motivationsschreibens k\u00f6nnen Sie f\u00fcr jede unserer Universit\u00e4ten individuell einsehen.<\/p><h2 class=\"p1\" style=\"text-align: justify;\">Was muss ich noch machen?<\/h2><p class=\"p1\" style=\"text-align: justify;\">Unsere gl\u00fccklichen Stipendiengewinner schreiben f\u00fcr uns 5 Erfahrungsberichte auf Englisch sowie 5 auf Deutsch und senden je Bericht 3 selbst gemachte Bilder mit ein. Diese ver\u00f6ffentlichen wir regelm\u00e4\u00dfig auf unserer Webseite und in unseren Social Media Kan\u00e4len, damit Studieninteressierte Informationen von Studierenden vor Ort aus erster Hand bekommen. Schauen Sie doch einfach mal in unsere bisherigen Erfahrungsberichte!<\/p><h2 class=\"p1\" style=\"text-align: justify;\">Weitere Infos zu den Stipendien<\/h2><p class=\"p1\" style=\"text-align: justify;\">Wenn Sie sich f\u00fcr eines unserer Stipendien interessieren, dann schauen Sie bitte hier:<\/p><p class=\"p1\" style=\"text-align: justify;\"><a title=\"Stipendium Australien\" href=\"\/stipendium\/stipendium-australien\/\">Stipendium Australien<\/a><\/p><p class=\"p1\" style=\"text-align: justify;\"><a title=\"Stipendium USA\" href=\"\/stipendium\/stipendium-usa\/\">Stipendium USA<\/a><\/p><p class=\"p1\" style=\"text-align: justify;\"><a title=\"Stipendium Kanada\" href=\"\/stipendium\/stipendium-kanada\/\">Stipendium Kanada<\/a><\/p><p class=\"p1\" style=\"text-align: justify;\">Wir freuen uns auf Ihre Bewerbung!<\/p>","_et_gb_content_width":"","footnotes":""},"class_list":["post-22629","page","type-page","status-publish","hentry"],"yoast_head":"<!-- This site is optimized with the Yoast SEO plugin v26.8 - https:\/\/yoast.com\/product\/yoast-seo-wordpress\/ -->\n<title>Study Abroad Scholarships<\/title>\n<meta name=\"description\" content=\"Study Abroad Scholarships can simplify your experience abroad significantly. Apply for our scholarships and make your dream of studying abroad come true!\" \/>\n<meta name=\"robots\" content=\"index, follow, max-snippet:-1, max-image-preview:large, max-video-preview:-1\" \/>\n<link rel=\"canonical\" href=\"https:\/\/www.international-student-office.org\/en\/how-to-pay-for-study-abroad\/study-abroad-scholarships\/\" \/>\n<meta property=\"og:locale\" content=\"en_US\" \/>\n<meta property=\"og:type\" content=\"article\" \/>\n<meta property=\"og:title\" content=\"Study Abroad Scholarships\" \/>\n<meta property=\"og:description\" content=\"Study Abroad Scholarships can simplify your experience abroad significantly. Apply for our scholarships and make your dream of studying abroad come true!\" \/>\n<meta property=\"og:url\" content=\"https:\/\/www.international-student-office.org\/en\/how-to-pay-for-study-abroad\/study-abroad-scholarships\/\" \/>\n<meta property=\"og:site_name\" content=\"International Student Office\" \/>\n<meta property=\"article:modified_time\" content=\"2025-10-28T06:52:05+00:00\" \/>\n<meta name=\"twitter:label1\" content=\"Est. reading time\" \/>\n\t<meta name=\"twitter:data1\" content=\"3 minutes\" \/>\n<script type=\"application\/ld+json\" class=\"yoast-schema-graph\">{\"@context\":\"https:\/\/schema.org\",\"@graph\":[{\"@type\":\"WebPage\",\"@id\":\"https:\/\/www.international-student-office.org\/en\/how-to-pay-for-study-abroad\/study-abroad-scholarships\/\",\"url\":\"https:\/\/www.international-student-office.org\/en\/how-to-pay-for-study-abroad\/study-abroad-scholarships\/\",\"name\":\"Study Abroad Scholarships\",\"isPartOf\":{\"@id\":\"https:\/\/www.international-student-office.org\/#website\"},\"datePublished\":\"2014-10-31T17:34:32+00:00\",\"dateModified\":\"2025-10-28T06:52:05+00:00\",\"description\":\"Study Abroad Scholarships can simplify your experience abroad significantly. Apply for our scholarships and make your dream of studying abroad come true!\",\"breadcrumb\":{\"@id\":\"https:\/\/www.international-student-office.org\/en\/how-to-pay-for-study-abroad\/study-abroad-scholarships\/#breadcrumb\"},\"inLanguage\":\"en-US\",\"potentialAction\":[{\"@type\":\"ReadAction\",\"target\":[\"https:\/\/www.international-student-office.org\/en\/how-to-pay-for-study-abroad\/study-abroad-scholarships\/\"]}]},{\"@type\":\"BreadcrumbList\",\"@id\":\"https:\/\/www.international-student-office.org\/en\/how-to-pay-for-study-abroad\/study-abroad-scholarships\/#breadcrumb\",\"itemListElement\":[{\"@type\":\"ListItem\",\"position\":1,\"name\":\"Home\",\"item\":\"https:\/\/www.international-student-office.org\/en\/\"},{\"@type\":\"ListItem\",\"position\":2,\"name\":\"Financial Aid &#038; Scholarships\",\"item\":\"https:\/\/www.international-student-office.org\/en\/how-to-pay-for-study-abroad\/\"},{\"@type\":\"ListItem\",\"position\":3,\"name\":\"Scholarships\"}]},{\"@type\":\"WebSite\",\"@id\":\"https:\/\/www.international-student-office.org\/#website\",\"url\":\"https:\/\/www.international-student-office.org\/\",\"name\":\"International Student Office\",\"description\":\"\",\"publisher\":{\"@id\":\"https:\/\/www.international-student-office.org\/#organization\"},\"potentialAction\":[{\"@type\":\"SearchAction\",\"target\":{\"@type\":\"EntryPoint\",\"urlTemplate\":\"https:\/\/www.international-student-office.org\/?s={search_term_string}\"},\"query-input\":{\"@type\":\"PropertyValueSpecification\",\"valueRequired\":true,\"valueName\":\"search_term_string\"}}],\"inLanguage\":\"en-US\"},{\"@type\":\"Organization\",\"@id\":\"https:\/\/www.international-student-office.org\/#organization\",\"name\":\"International Student Office\",\"url\":\"https:\/\/www.international-student-office.org\/\",\"logo\":{\"@type\":\"ImageObject\",\"inLanguage\":\"en-US\",\"@id\":\"https:\/\/www.international-student-office.org\/#\/schema\/logo\/image\/\",\"url\":\"https:\/\/www.international-student-office.org\/wp-content\/uploads\/2014\/09\/iso_logo.png\",\"contentUrl\":\"https:\/\/www.international-student-office.org\/wp-content\/uploads\/2014\/09\/iso_logo.png\",\"width\":300,\"height\":113,\"caption\":\"International Student Office\"},\"image\":{\"@id\":\"https:\/\/www.international-student-office.org\/#\/schema\/logo\/image\/\"}}]}<\/script>\n<!-- \/ Yoast SEO plugin. -->","yoast_head_json":{"title":"Study Abroad Scholarships","description":"Study Abroad Scholarships can simplify your experience abroad significantly. Apply for our scholarships and make your dream of studying abroad come true!","robots":{"index":"index","follow":"follow","max-snippet":"max-snippet:-1","max-image-preview":"max-image-preview:large","max-video-preview":"max-video-preview:-1"},"canonical":"https:\/\/www.international-student-office.org\/en\/how-to-pay-for-study-abroad\/study-abroad-scholarships\/","og_locale":"en_US","og_type":"article","og_title":"Study Abroad Scholarships","og_description":"Study Abroad Scholarships can simplify your experience abroad significantly. Apply for our scholarships and make your dream of studying abroad come true!","og_url":"https:\/\/www.international-student-office.org\/en\/how-to-pay-for-study-abroad\/study-abroad-scholarships\/","og_site_name":"International Student Office","article_modified_time":"2025-10-28T06:52:05+00:00","twitter_misc":{"Est. reading time":"3 minutes"},"schema":{"@context":"https:\/\/schema.org","@graph":[{"@type":"WebPage","@id":"https:\/\/www.international-student-office.org\/en\/how-to-pay-for-study-abroad\/study-abroad-scholarships\/","url":"https:\/\/www.international-student-office.org\/en\/how-to-pay-for-study-abroad\/study-abroad-scholarships\/","name":"Study Abroad Scholarships","isPartOf":{"@id":"https:\/\/www.international-student-office.org\/#website"},"datePublished":"2014-10-31T17:34:32+00:00","dateModified":"2025-10-28T06:52:05+00:00","description":"Study Abroad Scholarships can simplify your experience abroad significantly. Apply for our scholarships and make your dream of studying abroad come true!","breadcrumb":{"@id":"https:\/\/www.international-student-office.org\/en\/how-to-pay-for-study-abroad\/study-abroad-scholarships\/#breadcrumb"},"inLanguage":"en-US","potentialAction":[{"@type":"ReadAction","target":["https:\/\/www.international-student-office.org\/en\/how-to-pay-for-study-abroad\/study-abroad-scholarships\/"]}]},{"@type":"BreadcrumbList","@id":"https:\/\/www.international-student-office.org\/en\/how-to-pay-for-study-abroad\/study-abroad-scholarships\/#breadcrumb","itemListElement":[{"@type":"ListItem","position":1,"name":"Home","item":"https:\/\/www.international-student-office.org\/en\/"},{"@type":"ListItem","position":2,"name":"Financial Aid &#038; Scholarships","item":"https:\/\/www.international-student-office.org\/en\/how-to-pay-for-study-abroad\/"},{"@type":"ListItem","position":3,"name":"Scholarships"}]},{"@type":"WebSite","@id":"https:\/\/www.international-student-office.org\/#website","url":"https:\/\/www.international-student-office.org\/","name":"International Student Office","description":"","publisher":{"@id":"https:\/\/www.international-student-office.org\/#organization"},"potentialAction":[{"@type":"SearchAction","target":{"@type":"EntryPoint","urlTemplate":"https:\/\/www.international-student-office.org\/?s={search_term_string}"},"query-input":{"@type":"PropertyValueSpecification","valueRequired":true,"valueName":"search_term_string"}}],"inLanguage":"en-US"},{"@type":"Organization","@id":"https:\/\/www.international-student-office.org\/#organization","name":"International Student Office","url":"https:\/\/www.international-student-office.org\/","logo":{"@type":"ImageObject","inLanguage":"en-US","@id":"https:\/\/www.international-student-office.org\/#\/schema\/logo\/image\/","url":"https:\/\/www.international-student-office.org\/wp-content\/uploads\/2014\/09\/iso_logo.png","contentUrl":"https:\/\/www.international-student-office.org\/wp-content\/uploads\/2014\/09\/iso_logo.png","width":300,"height":113,"caption":"International Student Office"},"image":{"@id":"https:\/\/www.international-student-office.org\/#\/schema\/logo\/image\/"}}]}},"_links":{"self":[{"href":"https:\/\/www.international-student-office.org\/en\/wp-json\/wp\/v2\/pages\/22629","targetHints":{"allow":["GET"]}}],"collection":[{"href":"https:\/\/www.international-student-office.org\/en\/wp-json\/wp\/v2\/pages"}],"about":[{"href":"https:\/\/www.international-student-office.org\/en\/wp-json\/wp\/v2\/types\/page"}],"author":[{"embeddable":true,"href":"https:\/\/www.international-student-office.org\/en\/wp-json\/wp\/v2\/users\/4"}],"replies":[{"embeddable":true,"href":"https:\/\/www.international-student-office.org\/en\/wp-json\/wp\/v2\/comments?post=22629"}],"version-history":[{"count":1,"href":"https:\/\/www.international-student-office.org\/en\/wp-json\/wp\/v2\/pages\/22629\/revisions"}],"predecessor-version":[{"id":118400,"href":"https:\/\/www.international-student-office.org\/en\/wp-json\/wp\/v2\/pages\/22629\/revisions\/118400"}],"up":[{"embeddable":true,"href":"https:\/\/www.international-student-office.org\/en\/wp-json\/wp\/v2\/pages\/14691"}],"wp:attachment":[{"href":"https:\/\/www.international-student-office.org\/en\/wp-json\/wp\/v2\/media?parent=22629"}],"curies":[{"name":"wp","href":"https:\/\/api.w.org\/{rel}","templated":true}]}}