{"id":22633,"date":"2014-10-17T23:51:27","date_gmt":"2014-10-17T23:51:27","guid":{"rendered":"http:\/\/www.international-student-office.org\/visum-kanada\/"},"modified":"2024-07-19T06:25:04","modified_gmt":"2024-07-19T06:25:04","slug":"canada","status":"publish","type":"page","link":"https:\/\/www.international-student-office.org\/en\/study-abroad-tips\/study-abroad-student-visa\/canada\/","title":{"rendered":"Student Visa Canada"},"content":{"rendered":"<p>[et_pb_section fb_built=&#8221;1&#8243; admin_label=&#8221;section&#8221; _builder_version=&#8221;4.16&#8243; global_colors_info=&#8221;{}&#8221;][et_pb_row admin_label=&#8221;Zeile&#8221; _builder_version=&#8221;4.16&#8243; background_size=&#8221;initial&#8221; background_position=&#8221;top_left&#8221; background_repeat=&#8221;repeat&#8221; custom_padding=&#8221;||0px|&#8221; make_fullwidth=&#8221;off&#8221; use_custom_width=&#8221;off&#8221; width_unit=&#8221;on&#8221; global_colors_info=&#8221;{}&#8221;][et_pb_column type=&#8221;4_4&#8243; _builder_version=&#8221;4.16&#8243; custom_padding=&#8221;|||&#8221; global_colors_info=&#8221;{}&#8221; custom_padding__hover=&#8221;|||&#8221;][et_pb_text admin_label=&#8221;Text&#8221; _builder_version=&#8221;4.16&#8243; background_size=&#8221;initial&#8221; background_position=&#8221;top_left&#8221; background_repeat=&#8221;repeat&#8221; use_border_color=&#8221;off&#8221; border_color=&#8221;#ffffff&#8221; border_style=&#8221;solid&#8221; global_colors_info=&#8221;{}&#8221;]<\/p>\n<h2 class=\"titel-blau\"><strong>Student Visa Canada<\/strong><\/h2>\n<p>[\/et_pb_text][\/et_pb_column][\/et_pb_row][et_pb_row admin_label=&#8221;Zeile&#8221; _builder_version=&#8221;4.16&#8243; background_size=&#8221;initial&#8221; background_position=&#8221;top_left&#8221; background_repeat=&#8221;repeat&#8221; custom_padding=&#8221;0px|||&#8221; make_fullwidth=&#8221;off&#8221; use_custom_width=&#8221;off&#8221; width_unit=&#8221;on&#8221; global_colors_info=&#8221;{}&#8221; column_structure=&#8221;1_2,1_2&#8243;][et_pb_column type=&#8221;1_2&#8243; _builder_version=&#8221;4.16&#8243; custom_padding=&#8221;|||&#8221; global_colors_info=&#8221;{}&#8221; custom_padding__hover=&#8221;|||&#8221;][et_pb_text admin_label=&#8221;Text&#8221; _builder_version=&#8221;4.25.2&#8243; background_size=&#8221;initial&#8221; background_position=&#8221;top_left&#8221; background_repeat=&#8221;repeat&#8221; hover_enabled=&#8221;0&#8243; use_border_color=&#8221;off&#8221; border_color=&#8221;#ffffff&#8221; border_style=&#8221;solid&#8221; global_colors_info=&#8221;{}&#8221; sticky_enabled=&#8221;0&#8243;]<\/p>\n<p class=\"p2\" style=\"text-align: justify;\">You have applied for a study program at <a href=\"https:\/\/www.international-student-office.org\/en\/study-in-canada\/viu\/\">Vancouver Island University<\/a> in beautiful British Columbia and are now officially enrolled at VIU? Congratulations! Now you are all set for your big study abroad adventure in Canada \u2026 aren\u2019t you?<\/p>\n<h2 class=\"p2\" style=\"text-align: justify;\">Student Visa Canada \u2013 Frequently Asked Questions<\/h2>\n<p class=\"p2\" style=\"text-align: justify;\">What are the next steps? Do I need a visa in order to study abroad at VIU? \u2013 This question is frequently asked by students preparing for their semester abroad in Canada. Don\u2019t panic! The visa process for your study program in Canada is not that difficult, you might not even need a visa at all. Sit back, relax, and read up on everything you need to know about your visa for a study abroad period in Canada:<\/p>\n<p class=\"p2\" style=\"text-align: justify;\">European students who are planning to study at Vancouver Island University for one semester only do not need to apply for a visa, as long as their stay in Canada will not exceed 6 months. They can simply enter the country on a tourist visa. You will need a valid passport. Attention: Please make sure your passport is valid through your entire stay in Canada.<\/p>\n<p>[\/et_pb_text][et_pb_text admin_label=&#8221;Button Kontakt zu Team&#8221; module_class=&#8221;cta linked-card&#8221; _builder_version=&#8221;3.0.87&#8243; background_size=&#8221;initial&#8221; background_position=&#8221;top_left&#8221; background_repeat=&#8221;repeat&#8221; text_orientation=&#8221;center&#8221; background_layout=&#8221;dark&#8221; module_alignment=&#8221;center&#8221; use_border_color=&#8221;off&#8221; border_color=&#8221;#ffffff&#8221; border_style=&#8221;solid&#8221; global_module=&#8221;81158&#8243; saved_tabs=&#8221;all&#8221; global_colors_info=&#8221;{}&#8221;]<\/p>\n<h3 style=\"text-align: center; padding-top: 20px; color: #ffffff;\"><strong>Study in Canada:<\/strong><\/h3>\n<p style=\"padding-bottom: 20px;\"><a class=\"et_pb_promo_button et_pb_button card-link\" style=\"color: #ffffff; margin: 15px; border-radius: 10px;\" href=\"https:\/\/www.international-student-office.org\/en\/viu-request-info-lp\/\" title=\"Request information on studying at Vancouver Island Unviersity\">Request information now<\/a><\/p>\n<p>[\/et_pb_text][et_pb_text _builder_version=&#8221;4.25.2&#8243; _module_preset=&#8221;default&#8221; disabled_on=&#8221;on|on|on&#8221; disabled=&#8221;on&#8221; hover_enabled=&#8221;0&#8243; sticky_enabled=&#8221;0&#8243;]<\/p>\n<h2 class=\"p2\" style=\"text-align: justify;\">Student Visa Canada \u2013 Study Permit<\/h2>\n<p class=\"p2\" style=\"text-align: justify;\">Semester abroad students who plan on taking on a job on the VIU campus do require a valid visa, the so-called Study Permit. You can apply for your Study Permit either in person or via postal mail at a Canadian embassy in your country of residence, or &#8211; in most cases &#8211; online. You will need to give biometrics in Duesseldorf or Berlin afterwards. You can find detailed information on the application process as well as the required application documents ready to download on the <a title=\"Visum Kanada - Auslandssemester\" href=\"http:\/\/www.cic.gc.ca\/english\/study\/study.asp\" target=\"_blank\" rel=\"noopener noreferrer\">website of the Canadian embassy<\/a>.<\/p>\n<p class=\"p2\" style=\"text-align: justify;\"><strong>Please make sure to hand in your visa application at least 4 weeks prior to your desired travel date to Canada. <\/strong><\/p>\n<p class=\"p2\" style=\"text-align: justify;\">If you wish to study at VIU for more than one semester (more than 6 months) you will need a Study Permit as well. Please apply for your Study Permit prior to your departure for Canada, since the visa application process might be more complicated when completed in Canada.<br \/>\nApplying for a visa for your study abroad experience in Canada is no hassle at all \u2013 you\u2019re ready for your study abroad period at VIU, have a great time!<\/p>\n<p class=\"p2\" style=\"text-align: justify;\">*The International Student Office does not take on any responsibility for information on Canadian visa or entry requirements. Please request information from the Canadian embassy prior to your departure to Canada.<\/p>\n<p>[\/et_pb_text][\/et_pb_column][et_pb_column type=&#8221;1_2&#8243; _builder_version=&#8221;4.16&#8243; custom_padding=&#8221;|||&#8221; global_colors_info=&#8221;{}&#8221; custom_padding__hover=&#8221;|||&#8221;][et_pb_image src=&#8221;https:\/\/www.international-student-office.org\/wp-content\/uploads\/2018\/02\/VIU-Standard_NeuesLogo3.png&#8221; alt=&#8221;Vancouver Island Unviersity&#8221; title_text=&#8221;Vancouver Island Unviersity&#8221; url=&#8221;https:\/\/www.international-student-office.org\/en\/study-in-canada\/viu\/&#8221; align=&#8221;center&#8221; align_tablet=&#8221;center&#8221; align_last_edited=&#8221;on|desktop&#8221; disabled_on=&#8221;off||&#8221; admin_label=&#8221;Bild&#8221; _builder_version=&#8221;4.16&#8243; use_border_color=&#8221;off&#8221; border_color=&#8221;#ffffff&#8221; border_style=&#8221;solid&#8221; animation=&#8221;off&#8221; sticky=&#8221;off&#8221; always_center_on_mobile=&#8221;on&#8221; global_colors_info=&#8221;{}&#8221; align_phone=&#8221;center&#8221;][\/et_pb_image][et_pb_image src=&#8221;https:\/\/www.international-student-office.org\/wp-content\/uploads\/2020\/01\/6.-VIU_Gosling2.jpeg&#8221; alt=&#8221;VIU&#8221; align=&#8221;center&#8221; align_tablet=&#8221;center&#8221; align_last_edited=&#8221;on|desktop&#8221; admin_label=&#8221;Bild&#8221; _builder_version=&#8221;4.16&#8243; use_border_color=&#8221;off&#8221; border_color=&#8221;#ffffff&#8221; border_style=&#8221;solid&#8221; animation=&#8221;off&#8221; sticky=&#8221;off&#8221; always_center_on_mobile=&#8221;on&#8221; global_colors_info=&#8221;{}&#8221; align_phone=&#8221;center&#8221;][\/et_pb_image][\/et_pb_column][\/et_pb_row][\/et_pb_section]<\/p>\n","protected":false},"excerpt":{"rendered":"<p>Student Visa Canada You have applied for a study program at Vancouver Island University in beautiful British Columbia and are now officially enrolled at VIU? Congratulations! Now you are all set for your big study abroad adventure in Canada \u2026 aren\u2019t you? Student Visa Canada \u2013 Frequently Asked Questions What are the next steps? Do [&hellip;]<\/p>\n","protected":false},"author":4,"featured_media":0,"parent":22635,"menu_order":0,"comment_status":"open","ping_status":"open","template":"","meta":{"_et_pb_use_builder":"on","_et_pb_old_content":"<h2 class=\"p2\" style=\"text-align: justify;\">Visum Kanada<\/h2><p class=\"p2\" style=\"text-align: justify;\">Sie haben sich um einen Studienplatz an der <a title=\"Vancouver Island University\" href=\"\/studieren-in-kanada\/viu\/\">Vancouver Island University<\/a> im sch\u00f6nen British Columbia beworben und diesen auch bekommen? Gl\u00fcckwunsch! Nun steht Ihrem Auslandsstudium in Kanada also nichts mehr im Wege. Oder doch?<\/p><h2 class=\"p2\" style=\"text-align: justify;\">Visum Kanada - H\u00e4ufig gestellte Fragen<\/h2><p class=\"p2\" style=\"text-align: justify;\">Welche sind die n\u00e4chsten Schritte? Ben\u00f6tige ich ein Visum? \u2013 Das fragen sich Studierende h\u00e4ufig erst, wenn die erste H\u00fcrde \u2013 die Bewerbung \u2013 genommen ist. Keine Panik! F\u00fcr das Auslandsstudium in Kanada ist kein langwieriger aufwendiger Visa-Prozess n\u00f6tig. Gehen Sie Ihr Abenteuer Auslandsstudium an der VIU entspannt an und lesen Sie hier alles, was Sie zum Thema Visum f\u00fcr Kanada wissen m\u00fcssen:<\/p><p class=\"p2\" style=\"text-align: justify;\">Studierende, die nicht l\u00e4nger als sechs Monate in Kanada bleiben, k\u00f6nnen ohne Studierendenvisum in Kanada einreisen. Falls Sie also nur f\u00fcr ein Semester an der VIU studieren und daher weniger als 6 Monate in Kanada bleiben werden, ben\u00f6tigen Sie kein Visum f\u00fcr Ihren Aufenthalt, sondern nur einen g\u00fcltigen Reisepass bei der Einreise.<span class=\"Apple-converted-space\">\u00a0 <\/span>Achtung: Wichtig ist, dass Ihr Reisepass \u00fcber die gesamte Zeit Ihres Aufenthalts in Kanada g\u00fcltig ist.<\/p><h2 class=\"p2\" style=\"text-align: justify;\">Visum Kanada - Arbeitserlaubnis<\/h2><p class=\"p2\" style=\"text-align: justify;\">Auslandssemester-Studierende, die planen, sich f\u00fcr einen<span class=\"Apple-converted-space\">\u00a0 <\/span>Job auf dem Campus der VIU zu bewerben, ben\u00f6tigen jedoch ein Study Permit. Dieses kann entweder pers\u00f6nlich, postalisch bei der kanadischen Botschaft, oder in den meisten F\u00e4llen auch online beantragt werden. Informationen zum Antragsverfahren, den erforderlichen Unterlagen sowie das Antragsformular als PDF-Datei finden Sie auf der <a title=\"Visum Kanada - Auslandssemester\" href=\"http:\/\/www.cic.gc.ca\/english\/study\/study.asp\" target=\"_blank\">Website der kanadischen Botschaft<\/a>.<span class=\"Apple-converted-space\">\u00a0 \u00a0 \u00a0 \u00a0 \u00a0 \u00a0 \u00a0 \u00a0\u00a0<\/span><\/p><p class=\"p2\" style=\"text-align: justify;\"><strong>Ihren Antrag sollten Sie sp\u00e4testens 4 Wochen vor geplanter Abreise nach Kanada einreichen.<\/strong><\/p><p class=\"p2\" style=\"text-align: justify;\">Wenn Sie zwei Semester an der VIU studieren bzw. l\u00e4nger als 6 Monate, brauchen Sie auf jeden Fall ein Study Permit. Dieses sollten Sie auf jeden Fall vor Ihrer Abreise nach Kanada beantragen, da dies in Kanada selber sehr kompliziert werden k\u00f6nnte.<\/p><p class=\"p2\" style=\"text-align: justify;\">Alles halb so kompliziert, wie gedacht, oder? Dann kann das <a title=\"Auslandssemester Kanada\" href=\"\/auslandssemester\/auslandssemester-kanada\/\">Auslandsstudium<\/a> in Beautiful British Columbia ja losgehen und Sie eine aufregende und tolle Zeit in Kanada erleben!<\/p><p class=\"p2\" style=\"text-align: justify;\">*F\u00fcr Informationen zu Visa und Einreisebestimmungen k\u00f6nnen wir leider keine Haftung \u00fcbernehmen. Bitte informieren Sie sich vor Abreise daher eigenverantwortlich bei der kanadischen Botschaft.<\/p>","_et_gb_content_width":"","footnotes":""},"class_list":["post-22633","page","type-page","status-publish","hentry"],"yoast_head":"<!-- This site is optimized with the Yoast SEO plugin v26.8 - https:\/\/yoast.com\/product\/yoast-seo-wordpress\/ -->\n<title>Student Visa Canada - Study Abroad in British Columbia<\/title>\n<meta name=\"description\" content=\"Student Visa Canada: You want to study in Canada? Find visa information and tips for studying and working in Canada here!\" \/>\n<meta name=\"robots\" content=\"index, follow, max-snippet:-1, max-image-preview:large, max-video-preview:-1\" \/>\n<link rel=\"canonical\" href=\"https:\/\/www.international-student-office.org\/en\/study-abroad-tips\/study-abroad-student-visa\/canada\/\" \/>\n<meta property=\"og:locale\" content=\"en_US\" \/>\n<meta property=\"og:type\" content=\"article\" \/>\n<meta property=\"og:title\" content=\"Student Visa Canada - Study Abroad in British Columbia\" \/>\n<meta property=\"og:description\" content=\"Student Visa Canada: You want to study in Canada? Find visa information and tips for studying and working in Canada here!\" \/>\n<meta property=\"og:url\" content=\"https:\/\/www.international-student-office.org\/en\/study-abroad-tips\/study-abroad-student-visa\/canada\/\" \/>\n<meta property=\"og:site_name\" content=\"International Student Office\" \/>\n<meta property=\"article:modified_time\" content=\"2024-07-19T06:25:04+00:00\" \/>\n<meta name=\"twitter:label1\" content=\"Est. reading time\" \/>\n\t<meta name=\"twitter:data1\" content=\"2 minutes\" \/>\n<script type=\"application\/ld+json\" class=\"yoast-schema-graph\">{\"@context\":\"https:\/\/schema.org\",\"@graph\":[{\"@type\":\"WebPage\",\"@id\":\"https:\/\/www.international-student-office.org\/en\/study-abroad-tips\/study-abroad-student-visa\/canada\/\",\"url\":\"https:\/\/www.international-student-office.org\/en\/study-abroad-tips\/study-abroad-student-visa\/canada\/\",\"name\":\"Student Visa Canada - Study Abroad in British Columbia\",\"isPartOf\":{\"@id\":\"https:\/\/www.international-student-office.org\/#website\"},\"datePublished\":\"2014-10-17T23:51:27+00:00\",\"dateModified\":\"2024-07-19T06:25:04+00:00\",\"description\":\"Student Visa Canada: You want to study in Canada? Find visa information and tips for studying and working in Canada here!\",\"breadcrumb\":{\"@id\":\"https:\/\/www.international-student-office.org\/en\/study-abroad-tips\/study-abroad-student-visa\/canada\/#breadcrumb\"},\"inLanguage\":\"en-US\",\"potentialAction\":[{\"@type\":\"ReadAction\",\"target\":[\"https:\/\/www.international-student-office.org\/en\/study-abroad-tips\/study-abroad-student-visa\/canada\/\"]}]},{\"@type\":\"BreadcrumbList\",\"@id\":\"https:\/\/www.international-student-office.org\/en\/study-abroad-tips\/study-abroad-student-visa\/canada\/#breadcrumb\",\"itemListElement\":[{\"@type\":\"ListItem\",\"position\":1,\"name\":\"Home\",\"item\":\"https:\/\/www.international-student-office.org\/en\/\"},{\"@type\":\"ListItem\",\"position\":2,\"name\":\"Study Abroad Tips\",\"item\":\"https:\/\/www.international-student-office.org\/en\/study-abroad-tips\/\"},{\"@type\":\"ListItem\",\"position\":3,\"name\":\"Visa\",\"item\":\"https:\/\/www.international-student-office.org\/en\/study-abroad-tips\/study-abroad-student-visa\/\"},{\"@type\":\"ListItem\",\"position\":4,\"name\":\"Student Visa Canada\"}]},{\"@type\":\"WebSite\",\"@id\":\"https:\/\/www.international-student-office.org\/#website\",\"url\":\"https:\/\/www.international-student-office.org\/\",\"name\":\"International Student Office\",\"description\":\"\",\"publisher\":{\"@id\":\"https:\/\/www.international-student-office.org\/#organization\"},\"potentialAction\":[{\"@type\":\"SearchAction\",\"target\":{\"@type\":\"EntryPoint\",\"urlTemplate\":\"https:\/\/www.international-student-office.org\/?s={search_term_string}\"},\"query-input\":{\"@type\":\"PropertyValueSpecification\",\"valueRequired\":true,\"valueName\":\"search_term_string\"}}],\"inLanguage\":\"en-US\"},{\"@type\":\"Organization\",\"@id\":\"https:\/\/www.international-student-office.org\/#organization\",\"name\":\"International Student Office\",\"url\":\"https:\/\/www.international-student-office.org\/\",\"logo\":{\"@type\":\"ImageObject\",\"inLanguage\":\"en-US\",\"@id\":\"https:\/\/www.international-student-office.org\/#\/schema\/logo\/image\/\",\"url\":\"https:\/\/www.international-student-office.org\/wp-content\/uploads\/2014\/09\/iso_logo.png\",\"contentUrl\":\"https:\/\/www.international-student-office.org\/wp-content\/uploads\/2014\/09\/iso_logo.png\",\"width\":300,\"height\":113,\"caption\":\"International Student Office\"},\"image\":{\"@id\":\"https:\/\/www.international-student-office.org\/#\/schema\/logo\/image\/\"}}]}<\/script>\n<!-- \/ Yoast SEO plugin. -->","yoast_head_json":{"title":"Student Visa Canada - Study Abroad in British Columbia","description":"Student Visa Canada: You want to study in Canada? Find visa information and tips for studying and working in Canada here!","robots":{"index":"index","follow":"follow","max-snippet":"max-snippet:-1","max-image-preview":"max-image-preview:large","max-video-preview":"max-video-preview:-1"},"canonical":"https:\/\/www.international-student-office.org\/en\/study-abroad-tips\/study-abroad-student-visa\/canada\/","og_locale":"en_US","og_type":"article","og_title":"Student Visa Canada - Study Abroad in British Columbia","og_description":"Student Visa Canada: You want to study in Canada? Find visa information and tips for studying and working in Canada here!","og_url":"https:\/\/www.international-student-office.org\/en\/study-abroad-tips\/study-abroad-student-visa\/canada\/","og_site_name":"International Student Office","article_modified_time":"2024-07-19T06:25:04+00:00","twitter_misc":{"Est. reading time":"2 minutes"},"schema":{"@context":"https:\/\/schema.org","@graph":[{"@type":"WebPage","@id":"https:\/\/www.international-student-office.org\/en\/study-abroad-tips\/study-abroad-student-visa\/canada\/","url":"https:\/\/www.international-student-office.org\/en\/study-abroad-tips\/study-abroad-student-visa\/canada\/","name":"Student Visa Canada - Study Abroad in British Columbia","isPartOf":{"@id":"https:\/\/www.international-student-office.org\/#website"},"datePublished":"2014-10-17T23:51:27+00:00","dateModified":"2024-07-19T06:25:04+00:00","description":"Student Visa Canada: You want to study in Canada? Find visa information and tips for studying and working in Canada here!","breadcrumb":{"@id":"https:\/\/www.international-student-office.org\/en\/study-abroad-tips\/study-abroad-student-visa\/canada\/#breadcrumb"},"inLanguage":"en-US","potentialAction":[{"@type":"ReadAction","target":["https:\/\/www.international-student-office.org\/en\/study-abroad-tips\/study-abroad-student-visa\/canada\/"]}]},{"@type":"BreadcrumbList","@id":"https:\/\/www.international-student-office.org\/en\/study-abroad-tips\/study-abroad-student-visa\/canada\/#breadcrumb","itemListElement":[{"@type":"ListItem","position":1,"name":"Home","item":"https:\/\/www.international-student-office.org\/en\/"},{"@type":"ListItem","position":2,"name":"Study Abroad Tips","item":"https:\/\/www.international-student-office.org\/en\/study-abroad-tips\/"},{"@type":"ListItem","position":3,"name":"Visa","item":"https:\/\/www.international-student-office.org\/en\/study-abroad-tips\/study-abroad-student-visa\/"},{"@type":"ListItem","position":4,"name":"Student Visa Canada"}]},{"@type":"WebSite","@id":"https:\/\/www.international-student-office.org\/#website","url":"https:\/\/www.international-student-office.org\/","name":"International Student Office","description":"","publisher":{"@id":"https:\/\/www.international-student-office.org\/#organization"},"potentialAction":[{"@type":"SearchAction","target":{"@type":"EntryPoint","urlTemplate":"https:\/\/www.international-student-office.org\/?s={search_term_string}"},"query-input":{"@type":"PropertyValueSpecification","valueRequired":true,"valueName":"search_term_string"}}],"inLanguage":"en-US"},{"@type":"Organization","@id":"https:\/\/www.international-student-office.org\/#organization","name":"International Student Office","url":"https:\/\/www.international-student-office.org\/","logo":{"@type":"ImageObject","inLanguage":"en-US","@id":"https:\/\/www.international-student-office.org\/#\/schema\/logo\/image\/","url":"https:\/\/www.international-student-office.org\/wp-content\/uploads\/2014\/09\/iso_logo.png","contentUrl":"https:\/\/www.international-student-office.org\/wp-content\/uploads\/2014\/09\/iso_logo.png","width":300,"height":113,"caption":"International Student Office"},"image":{"@id":"https:\/\/www.international-student-office.org\/#\/schema\/logo\/image\/"}}]}},"_links":{"self":[{"href":"https:\/\/www.international-student-office.org\/en\/wp-json\/wp\/v2\/pages\/22633","targetHints":{"allow":["GET"]}}],"collection":[{"href":"https:\/\/www.international-student-office.org\/en\/wp-json\/wp\/v2\/pages"}],"about":[{"href":"https:\/\/www.international-student-office.org\/en\/wp-json\/wp\/v2\/types\/page"}],"author":[{"embeddable":true,"href":"https:\/\/www.international-student-office.org\/en\/wp-json\/wp\/v2\/users\/4"}],"replies":[{"embeddable":true,"href":"https:\/\/www.international-student-office.org\/en\/wp-json\/wp\/v2\/comments?post=22633"}],"version-history":[{"count":1,"href":"https:\/\/www.international-student-office.org\/en\/wp-json\/wp\/v2\/pages\/22633\/revisions"}],"predecessor-version":[{"id":109133,"href":"https:\/\/www.international-student-office.org\/en\/wp-json\/wp\/v2\/pages\/22633\/revisions\/109133"}],"up":[{"embeddable":true,"href":"https:\/\/www.international-student-office.org\/en\/wp-json\/wp\/v2\/pages\/22635"}],"wp:attachment":[{"href":"https:\/\/www.international-student-office.org\/en\/wp-json\/wp\/v2\/media?parent=22633"}],"curies":[{"name":"wp","href":"https:\/\/api.w.org\/{rel}","templated":true}]}}