{"id":22635,"date":"2014-10-17T23:47:51","date_gmt":"2014-10-17T23:47:51","guid":{"rendered":"http:\/\/www.international-student-office.org\/tips-tricks-2\/einreise-und-visum\/"},"modified":"2015-09-15T15:24:12","modified_gmt":"2015-09-15T15:24:12","slug":"study-abroad-student-visa","status":"publish","type":"page","link":"https:\/\/www.international-student-office.org\/en\/study-abroad-tips\/study-abroad-student-visa\/","title":{"rendered":"Visa"},"content":{"rendered":"<p>[et_pb_section fullwidth=&#8221;off&#8221; specialty=&#8221;on&#8221;][et_pb_column type=&#8221;3_4&#8243; specialty_columns=&#8221;3&#8243;][et_pb_row_inner][et_pb_column_inner type=&#8221;4_4&#8243;][et_pb_slider admin_label=&#8221;Slider&#8221; show_arrows=&#8221;off&#8221; show_pagination=&#8221;off&#8221; auto=&#8221;off&#8221; parallax=&#8221;off&#8221;][et_pb_slide background_color=&#8221;#ffffff&#8221; alignment=&#8221;center&#8221; background_layout=&#8221;dark&#8221; background_image=&#8221;https:\/\/www.international-student-office.org\/wp-content\/uploads\/2015\/03\/helpful_tips.jpg&#8221; \/][\/et_pb_slider][et_pb_text admin_label=&#8221;Text&#8221; background_layout=&#8221;light&#8221; text_orientation=&#8221;left&#8221;]<\/p>\n<h1 class=\"p1\" style=\"text-align: justify;\">Visa<\/h1>\n<p class=\"p1\" style=\"text-align: justify;\">You\u2019ve always dreamt of studying in Australia, Canada or the USA for one semester or full study program? We can help you make this dream come true. Living and studying abroad for several months requires quite some planning.<\/p>\n<p class=\"p1\" style=\"text-align: justify;\">In addition to application forms, proof of English proficiency, and your search for accommodation, you will need a visa for most study programs abroad. Generally, visas can be filed at the respective embassy in your country of residence. Whether you will have to schedule a personal interview at the embassy or whether online application is sufficient depends on the respective target country. You can read up on these regulations via our visa pages for Australia, Canada and the USA.<\/p>\n<p class=\"p1\" style=\"text-align: justify;\">Please note that visa types and regulations vary depending on the respective country. Some countries allow students to work on their study visa while others restrict working when being enrolled full time. We have compiled the respective visa regulations and procedures for each of our three countries for you, and we are happy to help with our tips and experience. At this point we would like to advise you to contact your local embassy if you have specific visa questions.<\/p>\n<h2 class=\"p1\" style=\"text-align: justify;\"><\/h2>\n<h2 class=\"p1\" style=\"text-align: justify;\">Country specific visa information:<\/h2>\n<p>[\/et_pb_text][\/et_pb_column_inner][\/et_pb_row_inner][et_pb_row_inner][et_pb_column_inner type=&#8221;1_3&#8243;][et_pb_blurb admin_label=&#8221;Blurb&#8221; title=&#8221;Visa Australia&#8221; url=&#8221;\/en\/study-abroad-tips\/study-abroad-student-visa\/australia\/&#8221; url_new_window=&#8221;off&#8221; use_icon=&#8221;off&#8221; icon_color=&#8221;#006ab3&#8243; use_circle=&#8221;off&#8221; circle_color=&#8221;#006ab3&#8243; use_circle_border=&#8221;off&#8221; circle_border_color=&#8221;#006ab3&#8243; image=&#8221;\/wp-content\/uploads\/2009\/02\/flagge.png&#8221; icon_placement=&#8221;top&#8221; animation=&#8221;off&#8221; background_layout=&#8221;light&#8221; text_orientation=&#8221;center&#8221; \/][\/et_pb_column_inner][et_pb_column_inner type=&#8221;1_3&#8243;][et_pb_blurb admin_label=&#8221;Blurb&#8221; title=&#8221;Visa Canada&#8221; url=&#8221;\/en\/study-abroad-tips\/study-abroad-student-visa\/canada\/&#8221; url_new_window=&#8221;off&#8221; use_icon=&#8221;off&#8221; icon_color=&#8221;#006ab3&#8243; use_circle=&#8221;off&#8221; circle_color=&#8221;#006ab3&#8243; use_circle_border=&#8221;off&#8221; circle_border_color=&#8221;#006ab3&#8243; image=&#8221;\/wp-content\/uploads\/2009\/02\/flagge_kanada.png&#8221; icon_placement=&#8221;top&#8221; animation=&#8221;off&#8221; background_layout=&#8221;light&#8221; text_orientation=&#8221;center&#8221; \/][\/et_pb_column_inner][et_pb_column_inner type=&#8221;1_3&#8243;][et_pb_blurb admin_label=&#8221;Blurb&#8221; title=&#8221;Visa USA&#8221; url=&#8221;\/en\/study-abroad-tips\/study-abroad-student-visa\/usa\/&#8221; url_new_window=&#8221;off&#8221; use_icon=&#8221;off&#8221; icon_color=&#8221;#006ab3&#8243; use_circle=&#8221;off&#8221; circle_color=&#8221;#006ab3&#8243; use_circle_border=&#8221;off&#8221; circle_border_color=&#8221;#006ab3&#8243; image=&#8221;\/wp-content\/uploads\/2014\/09\/flagge_usa.png&#8221; icon_placement=&#8221;top&#8221; animation=&#8221;off&#8221; background_layout=&#8221;light&#8221; text_orientation=&#8221;center&#8221; \/][\/et_pb_column_inner][\/et_pb_row_inner][\/et_pb_column][et_pb_column type=&#8221;1_4&#8243;][et_pb_blurb admin_label=&#8221;Blurb&#8221; title=&#8221;Study in Australia&#8221; url=&#8221;\/en\/study-in-australia\/&#8221; url_new_window=&#8221;off&#8221; use_icon=&#8221;off&#8221; icon_color=&#8221;#006ab3&#8243; use_circle=&#8221;off&#8221; circle_color=&#8221;#006ab3&#8243; use_circle_border=&#8221;off&#8221; circle_border_color=&#8221;#006ab3&#8243; image=&#8221;\/wp-content\/uploads\/2014\/10\/icms_slider_02.jpg&#8221; icon_placement=&#8221;top&#8221; animation=&#8221;off&#8221; background_layout=&#8221;light&#8221; text_orientation=&#8221;left&#8221; \/][et_pb_sidebar admin_label=&#8221;Sidebar&#8221; orientation=&#8221;left&#8221; area=&#8221;et_pb_widget_area_9&#8243; background_layout=&#8221;light&#8221; \/][et_pb_blurb admin_label=&#8221;Blurb&#8221; title=&#8221;Study in Canada&#8221; url=&#8221;\/en\/study-in-canada\/&#8221; url_new_window=&#8221;off&#8221; use_icon=&#8221;off&#8221; icon_color=&#8221;#006ab3&#8243; use_circle=&#8221;off&#8221; circle_color=&#8221;#006ab3&#8243; use_circle_border=&#8221;off&#8221; circle_border_color=&#8221;#006ab3&#8243; image=&#8221;\/wp-content\/uploads\/2014\/10\/vu_slider.jpg&#8221; icon_placement=&#8221;top&#8221; animation=&#8221;off&#8221; background_layout=&#8221;light&#8221; text_orientation=&#8221;left&#8221; \/][et_pb_sidebar admin_label=&#8221;Sidebar&#8221; orientation=&#8221;left&#8221; area=&#8221;et_pb_widget_area_11&#8243; background_layout=&#8221;light&#8221; \/][et_pb_blurb admin_label=&#8221;Blurb&#8221; title=&#8221;Study in the USA&#8221; url=&#8221;\/en\/study-in-the-usa\/&#8221; url_new_window=&#8221;off&#8221; use_icon=&#8221;off&#8221; icon_color=&#8221;#006ab3&#8243; use_circle=&#8221;off&#8221; circle_color=&#8221;#006ab3&#8243; use_circle_border=&#8221;off&#8221; circle_border_color=&#8221;#006ab3&#8243; image=&#8221;\/wp-content\/uploads\/2014\/10\/slider_nu_new1.jpg&#8221; icon_placement=&#8221;top&#8221; animation=&#8221;off&#8221; background_layout=&#8221;light&#8221; text_orientation=&#8221;left&#8221; \/][et_pb_sidebar admin_label=&#8221;Sidebar&#8221; orientation=&#8221;left&#8221; area=&#8221;et_pb_widget_area_13&#8243; background_layout=&#8221;light&#8221; \/][\/et_pb_column][\/et_pb_section]<\/p>\n","protected":false},"excerpt":{"rendered":"<p>Visa You\u2019ve always dreamt of studying in Australia, Canada or the USA for one semester or full study program? We can help you make this dream come true. Living and studying abroad for several months requires quite some planning. In addition to application forms, proof of English proficiency, and your search for accommodation, you will [&hellip;]<\/p>\n","protected":false},"author":4,"featured_media":0,"parent":14713,"menu_order":0,"comment_status":"open","ping_status":"open","template":"","meta":{"_et_pb_use_builder":"on","_et_pb_old_content":"<h1 class=\"p1\" style=\"text-align: justify;\">Visum<\/h1><p class=\"p1\" style=\"text-align: justify;\">Ein Studium oder Auslandssemester in Australien, Amerika oder Kanada war schon immer Ihr Traum? Wir helfen Ihnen gerne diesen Traum zu realisieren. Um ein oder zwei Semester oder sogar ein ganzes Studium im Ausland zu verbringen, muss man dies sehr gut vorbereiten.<\/p><p class=\"p1\" style=\"text-align: justify;\">Neben Bewerbungsformularen, einem Sprachnachweis und der Wohnungssuche wird h\u00e4ufig auch ein Visum ben\u00f6tigt. Dieses beantragt man in der Regel bei der jeweiligen Botschaft. Ob man sich hierf\u00fcr aber pers\u00f6nlich bei der Botschaft vorstellen oder dies lediglich online beantragen muss, erfahren Sie jeweils unter den Informationen zum Visum f\u00fcr Australien, Amerika und Kanada.<\/p><p class=\"p1\" style=\"text-align: justify;\">Wichtig zu beachten ist, dass nicht jedes Visum f\u00fcr jedes Land gleich ist. In manchen L\u00e4ndern k\u00f6nnen Studierende mit einem Studentenvisum arbeiten und in anderen L\u00e4ndern ist dies eher schwierig oder gar nicht m\u00f6glich. Welche Visumsbestimmungen gelten, wie lange vorher Sie sich um ein Visum k\u00fcmmern sollten und welche Dokumente Sie daf\u00fcr ben\u00f6tigen haben wir Ihnen unter dem jeweiligen Land zusammengefasst. Selbstverst\u00e4ndlich stehen wir Ihnen gerne mit unseren Erfahrungen und Tipps beiseite. Wir m\u00f6chten Sie ebenfalls gerne auf die ausstellenden Beh\u00f6rden hinweisen, die detaillierte Fragen bestens beantworten k\u00f6nnen.<\/p><p class=\"p1\" style=\"text-align: justify;\"><a title=\"Visum Australien\" href=\"\/tips-tricks\/einreise-und-visum\/visum-australien\/\">Visum Australien<\/a><\/p><p class=\"p1\" style=\"text-align: justify;\"><a title=\"Visum Kanada\" href=\"\/tips-tricks\/einreise-und-visum\/visum-kanada\/\">Visum Kanada<\/a><\/p><p class=\"p1\" style=\"text-align: justify;\"><a title=\"Visum USA\" href=\"\/tips-tricks\/einreise-und-visum\/visum-usa\/\">Visum USA<\/a><\/p>","_et_gb_content_width":"","footnotes":""},"class_list":["post-22635","page","type-page","status-publish","hentry"],"yoast_head":"<!-- This site is optimized with the Yoast SEO plugin v26.8 - https:\/\/yoast.com\/product\/yoast-seo-wordpress\/ -->\n<title>Student Visa Australia, Canada, USA - Study Abroad<\/title>\n<meta name=\"description\" content=\"You need a visa to study abroad in Australia, Canada or the USA? Find further information on visa types, regulations and application procedures here!\" \/>\n<meta name=\"robots\" content=\"index, follow, max-snippet:-1, max-image-preview:large, max-video-preview:-1\" \/>\n<link rel=\"canonical\" href=\"https:\/\/www.international-student-office.org\/en\/study-abroad-tips\/study-abroad-student-visa\/\" \/>\n<meta property=\"og:locale\" content=\"en_US\" \/>\n<meta property=\"og:type\" content=\"article\" \/>\n<meta property=\"og:title\" content=\"Student Visa Australia, Canada, USA - Study Abroad\" \/>\n<meta property=\"og:description\" content=\"You need a visa to study abroad in Australia, Canada or the USA? Find further information on visa types, regulations and application procedures here!\" \/>\n<meta property=\"og:url\" content=\"https:\/\/www.international-student-office.org\/en\/study-abroad-tips\/study-abroad-student-visa\/\" \/>\n<meta property=\"og:site_name\" content=\"International Student Office\" \/>\n<meta property=\"article:modified_time\" content=\"2015-09-15T15:24:12+00:00\" \/>\n<meta name=\"twitter:label1\" content=\"Est. reading time\" \/>\n\t<meta name=\"twitter:data1\" content=\"4 minutes\" \/>\n<script type=\"application\/ld+json\" class=\"yoast-schema-graph\">{\"@context\":\"https:\/\/schema.org\",\"@graph\":[{\"@type\":\"WebPage\",\"@id\":\"https:\/\/www.international-student-office.org\/en\/study-abroad-tips\/study-abroad-student-visa\/\",\"url\":\"https:\/\/www.international-student-office.org\/en\/study-abroad-tips\/study-abroad-student-visa\/\",\"name\":\"Student Visa Australia, Canada, USA - Study Abroad\",\"isPartOf\":{\"@id\":\"https:\/\/www.international-student-office.org\/#website\"},\"datePublished\":\"2014-10-17T23:47:51+00:00\",\"dateModified\":\"2015-09-15T15:24:12+00:00\",\"description\":\"You need a visa to study abroad in Australia, Canada or the USA? Find further information on visa types, regulations and application procedures here!\",\"breadcrumb\":{\"@id\":\"https:\/\/www.international-student-office.org\/en\/study-abroad-tips\/study-abroad-student-visa\/#breadcrumb\"},\"inLanguage\":\"en-US\",\"potentialAction\":[{\"@type\":\"ReadAction\",\"target\":[\"https:\/\/www.international-student-office.org\/en\/study-abroad-tips\/study-abroad-student-visa\/\"]}]},{\"@type\":\"BreadcrumbList\",\"@id\":\"https:\/\/www.international-student-office.org\/en\/study-abroad-tips\/study-abroad-student-visa\/#breadcrumb\",\"itemListElement\":[{\"@type\":\"ListItem\",\"position\":1,\"name\":\"Home\",\"item\":\"https:\/\/www.international-student-office.org\/en\/\"},{\"@type\":\"ListItem\",\"position\":2,\"name\":\"Study Abroad Tips\",\"item\":\"https:\/\/www.international-student-office.org\/en\/study-abroad-tips\/\"},{\"@type\":\"ListItem\",\"position\":3,\"name\":\"Visa\"}]},{\"@type\":\"WebSite\",\"@id\":\"https:\/\/www.international-student-office.org\/#website\",\"url\":\"https:\/\/www.international-student-office.org\/\",\"name\":\"International Student Office\",\"description\":\"\",\"publisher\":{\"@id\":\"https:\/\/www.international-student-office.org\/#organization\"},\"potentialAction\":[{\"@type\":\"SearchAction\",\"target\":{\"@type\":\"EntryPoint\",\"urlTemplate\":\"https:\/\/www.international-student-office.org\/?s={search_term_string}\"},\"query-input\":{\"@type\":\"PropertyValueSpecification\",\"valueRequired\":true,\"valueName\":\"search_term_string\"}}],\"inLanguage\":\"en-US\"},{\"@type\":\"Organization\",\"@id\":\"https:\/\/www.international-student-office.org\/#organization\",\"name\":\"International Student Office\",\"url\":\"https:\/\/www.international-student-office.org\/\",\"logo\":{\"@type\":\"ImageObject\",\"inLanguage\":\"en-US\",\"@id\":\"https:\/\/www.international-student-office.org\/#\/schema\/logo\/image\/\",\"url\":\"https:\/\/www.international-student-office.org\/wp-content\/uploads\/2014\/09\/iso_logo.png\",\"contentUrl\":\"https:\/\/www.international-student-office.org\/wp-content\/uploads\/2014\/09\/iso_logo.png\",\"width\":300,\"height\":113,\"caption\":\"International Student Office\"},\"image\":{\"@id\":\"https:\/\/www.international-student-office.org\/#\/schema\/logo\/image\/\"}}]}<\/script>\n<!-- \/ Yoast SEO plugin. -->","yoast_head_json":{"title":"Student Visa Australia, Canada, USA - Study Abroad","description":"You need a visa to study abroad in Australia, Canada or the USA? Find further information on visa types, regulations and application procedures here!","robots":{"index":"index","follow":"follow","max-snippet":"max-snippet:-1","max-image-preview":"max-image-preview:large","max-video-preview":"max-video-preview:-1"},"canonical":"https:\/\/www.international-student-office.org\/en\/study-abroad-tips\/study-abroad-student-visa\/","og_locale":"en_US","og_type":"article","og_title":"Student Visa Australia, Canada, USA - Study Abroad","og_description":"You need a visa to study abroad in Australia, Canada or the USA? Find further information on visa types, regulations and application procedures here!","og_url":"https:\/\/www.international-student-office.org\/en\/study-abroad-tips\/study-abroad-student-visa\/","og_site_name":"International Student Office","article_modified_time":"2015-09-15T15:24:12+00:00","twitter_misc":{"Est. reading time":"4 minutes"},"schema":{"@context":"https:\/\/schema.org","@graph":[{"@type":"WebPage","@id":"https:\/\/www.international-student-office.org\/en\/study-abroad-tips\/study-abroad-student-visa\/","url":"https:\/\/www.international-student-office.org\/en\/study-abroad-tips\/study-abroad-student-visa\/","name":"Student Visa Australia, Canada, USA - Study Abroad","isPartOf":{"@id":"https:\/\/www.international-student-office.org\/#website"},"datePublished":"2014-10-17T23:47:51+00:00","dateModified":"2015-09-15T15:24:12+00:00","description":"You need a visa to study abroad in Australia, Canada or the USA? Find further information on visa types, regulations and application procedures here!","breadcrumb":{"@id":"https:\/\/www.international-student-office.org\/en\/study-abroad-tips\/study-abroad-student-visa\/#breadcrumb"},"inLanguage":"en-US","potentialAction":[{"@type":"ReadAction","target":["https:\/\/www.international-student-office.org\/en\/study-abroad-tips\/study-abroad-student-visa\/"]}]},{"@type":"BreadcrumbList","@id":"https:\/\/www.international-student-office.org\/en\/study-abroad-tips\/study-abroad-student-visa\/#breadcrumb","itemListElement":[{"@type":"ListItem","position":1,"name":"Home","item":"https:\/\/www.international-student-office.org\/en\/"},{"@type":"ListItem","position":2,"name":"Study Abroad Tips","item":"https:\/\/www.international-student-office.org\/en\/study-abroad-tips\/"},{"@type":"ListItem","position":3,"name":"Visa"}]},{"@type":"WebSite","@id":"https:\/\/www.international-student-office.org\/#website","url":"https:\/\/www.international-student-office.org\/","name":"International Student Office","description":"","publisher":{"@id":"https:\/\/www.international-student-office.org\/#organization"},"potentialAction":[{"@type":"SearchAction","target":{"@type":"EntryPoint","urlTemplate":"https:\/\/www.international-student-office.org\/?s={search_term_string}"},"query-input":{"@type":"PropertyValueSpecification","valueRequired":true,"valueName":"search_term_string"}}],"inLanguage":"en-US"},{"@type":"Organization","@id":"https:\/\/www.international-student-office.org\/#organization","name":"International Student Office","url":"https:\/\/www.international-student-office.org\/","logo":{"@type":"ImageObject","inLanguage":"en-US","@id":"https:\/\/www.international-student-office.org\/#\/schema\/logo\/image\/","url":"https:\/\/www.international-student-office.org\/wp-content\/uploads\/2014\/09\/iso_logo.png","contentUrl":"https:\/\/www.international-student-office.org\/wp-content\/uploads\/2014\/09\/iso_logo.png","width":300,"height":113,"caption":"International Student Office"},"image":{"@id":"https:\/\/www.international-student-office.org\/#\/schema\/logo\/image\/"}}]}},"_links":{"self":[{"href":"https:\/\/www.international-student-office.org\/en\/wp-json\/wp\/v2\/pages\/22635","targetHints":{"allow":["GET"]}}],"collection":[{"href":"https:\/\/www.international-student-office.org\/en\/wp-json\/wp\/v2\/pages"}],"about":[{"href":"https:\/\/www.international-student-office.org\/en\/wp-json\/wp\/v2\/types\/page"}],"author":[{"embeddable":true,"href":"https:\/\/www.international-student-office.org\/en\/wp-json\/wp\/v2\/users\/4"}],"replies":[{"embeddable":true,"href":"https:\/\/www.international-student-office.org\/en\/wp-json\/wp\/v2\/comments?post=22635"}],"version-history":[{"count":0,"href":"https:\/\/www.international-student-office.org\/en\/wp-json\/wp\/v2\/pages\/22635\/revisions"}],"up":[{"embeddable":true,"href":"https:\/\/www.international-student-office.org\/en\/wp-json\/wp\/v2\/pages\/14713"}],"wp:attachment":[{"href":"https:\/\/www.international-student-office.org\/en\/wp-json\/wp\/v2\/media?parent=22635"}],"curies":[{"name":"wp","href":"https:\/\/api.w.org\/{rel}","templated":true}]}}