{"id":22654,"date":"2014-10-14T18:08:04","date_gmt":"2014-10-14T18:08:04","guid":{"rendered":"http:\/\/www.international-student-office.org\/icms-informationen-anfordern-lp-2\/"},"modified":"2018-03-12T13:42:12","modified_gmt":"2018-03-12T13:42:12","slug":"icms-request-info-lp","status":"publish","type":"page","link":"https:\/\/www.international-student-office.org\/en\/icms-request-info-lp\/","title":{"rendered":"Study in Australia &#8211; Request Information"},"content":{"rendered":"<p>[et_pb_section bb_built=&#8221;1&#8243; admin_label=&#8221;section&#8221; background_image=&#8221;https:\/\/www.international-student-office.org\/wp-content\/uploads\/2018\/02\/2.-of-Sydney.jpg&#8221; transparent_background=&#8221;off&#8221; allow_player_pause=&#8221;off&#8221; inner_shadow=&#8221;off&#8221; parallax=&#8221;off&#8221; parallax_method=&#8221;on&#8221; make_fullwidth=&#8221;off&#8221; use_custom_width=&#8221;off&#8221; width_unit=&#8221;on&#8221; make_equal=&#8221;off&#8221; use_custom_gutter=&#8221;off&#8221; disabled=&#8221;off&#8221; disabled_on=&#8221;on|off|&#8221;][et_pb_row admin_label=&#8221;row&#8221; make_fullwidth=&#8221;off&#8221; use_custom_width=&#8221;off&#8221; width_unit=&#8221;on&#8221; use_custom_gutter=&#8221;off&#8221; allow_player_pause=&#8221;off&#8221; parallax=&#8221;off&#8221; parallax_method=&#8221;on&#8221; make_equal=&#8221;off&#8221; parallax_1=&#8221;off&#8221; parallax_method_1=&#8221;off&#8221; custom_padding_phone=&#8221;0px|||&#8221; custom_padding_last_edited=&#8221;on|desktop&#8221;][et_pb_column type=&#8221;4_4&#8243;][et_pb_image admin_label=&#8221;Bild&#8221; src=&#8221;https:\/\/www.international-student-office.org\/wp-content\/uploads\/2015\/03\/your_support_for_studying_abroad.png&#8221; show_in_lightbox=&#8221;off&#8221; url_new_window=&#8221;off&#8221; use_overlay=&#8221;off&#8221; animation=&#8221;off&#8221; sticky=&#8221;off&#8221; align=&#8221;right&#8221; force_fullwidth=&#8221;off&#8221; always_center_on_mobile=&#8221;on&#8221; use_border_color=&#8221;off&#8221; border_color=&#8221;#ffffff&#8221; border_style=&#8221;solid&#8221; custom_margin=&#8221;0px|||&#8221; \/][et_pb_divider admin_label=&#8221;Teiler&#8221; color=&#8221;rgba(255,255,255,0)&#8221; show_divider=&#8221;off&#8221; height=&#8221;140&#8243; divider_style=&#8221;solid&#8221; divider_position=&#8221;top&#8221; hide_on_mobile=&#8221;on&#8221; \/][\/et_pb_column][\/et_pb_row][\/et_pb_section][et_pb_section bb_built=&#8221;1&#8243; admin_label=&#8221;section&#8221; fullwidth=&#8221;off&#8221; specialty=&#8221;off&#8221; transparent_background=&#8221;off&#8221; allow_player_pause=&#8221;off&#8221; inner_shadow=&#8221;off&#8221; parallax=&#8221;off&#8221; parallax_method=&#8221;on&#8221; custom_padding_tablet=&#8221;0px|||&#8221; custom_padding_last_edited=&#8221;on|phone&#8221; make_fullwidth=&#8221;off&#8221; use_custom_width=&#8221;off&#8221; width_unit=&#8221;on&#8221; make_equal=&#8221;off&#8221; use_custom_gutter=&#8221;off&#8221; custom_padding_phone=&#8221;70px|||&#8221; custom_padding=&#8221;10px||0px|&#8221;][et_pb_row admin_label=&#8221;row&#8221; make_fullwidth=&#8221;off&#8221; use_custom_width=&#8221;off&#8221; width_unit=&#8221;on&#8221; use_custom_gutter=&#8221;off&#8221; custom_padding=&#8221;0px|||&#8221; allow_player_pause=&#8221;off&#8221; parallax=&#8221;off&#8221; parallax_method=&#8221;on&#8221; make_equal=&#8221;off&#8221; parallax_1=&#8221;off&#8221; parallax_method_1=&#8221;off&#8221; parallax_2=&#8221;off&#8221; parallax_method_2=&#8221;off&#8221;][et_pb_column type=&#8221;2_3&#8243;][et_pb_text admin_label=&#8221;Info anfordern&#8221; background_layout=&#8221;light&#8221; text_orientation=&#8221;left&#8221; use_border_color=&#8221;off&#8221; border_color=&#8221;#ffffff&#8221; border_style=&#8221;solid&#8221; custom_padding=&#8221;||0px|&#8221;]<\/p>\n<h2 style=\"background-color: #006ab3; padding: 10px; padding-left: 20px; -moz-border-radius: 5px; -webkit-border-radius: 5px; border-radius: 5px; line-height:1; color: #fff;\"><strong>Request Information \u2013 without obligations &#038; completely free of charge<br \/><\/strong><\/h2>\n<p>[\/et_pb_text][et_pb_text admin_label=&#8221;Text&#8221; background_layout=&#8221;light&#8221; text_orientation=&#8221;left&#8221; use_border_color=&#8221;off&#8221; border_color=&#8221;#ffffff&#8221; border_style=&#8221;solid&#8221;]<\/p>\n<h2>Request information on studying abroad at the International College of Management, Sydney in Australia today:<\/h2>\n<h4>Learn how to make your dream of studying abroad in Australia come true and request further information from the International Student Office of ICMS in Darmstadt, Germany:<\/h4>\n<div role=\"form\" class=\"wpcf7\" id=\"wpcf7-f24893-o1\" lang=\"en-US\" dir=\"ltr\">\n<div class=\"screen-reader-response\"><p role=\"status\" aria-live=\"polite\" aria-atomic=\"true\"><\/p> <ul><\/ul><\/div>\n<form action=\"\/en\/wp-json\/wp\/v2\/pages\/22654#wpcf7-f24893-o1\" method=\"post\" class=\"wpcf7-form init\" novalidate=\"novalidate\" data-status=\"init\">\n<div style=\"display: none;\">\n<input type=\"hidden\" name=\"_wpcf7\" value=\"24893\" \/>\n<input type=\"hidden\" name=\"_wpcf7_version\" value=\"5.5.6\" \/>\n<input type=\"hidden\" name=\"_wpcf7_locale\" value=\"en_US\" \/>\n<input type=\"hidden\" name=\"_wpcf7_unit_tag\" value=\"wpcf7-f24893-o1\" \/>\n<input type=\"hidden\" name=\"_wpcf7_container_post\" value=\"0\" \/>\n<input type=\"hidden\" name=\"_wpcf7_posted_data_hash\" value=\"\" \/>\n<input type=\"hidden\" name=\"_wpcf7cf_hidden_group_fields\" value=\"[]\" \/>\n<input type=\"hidden\" name=\"_wpcf7cf_hidden_groups\" value=\"[]\" \/>\n<input type=\"hidden\" name=\"_wpcf7cf_visible_groups\" value=\"[]\" \/>\n<input type=\"hidden\" name=\"_wpcf7cf_repeaters\" value=\"[]\" \/>\n<input type=\"hidden\" name=\"_wpcf7cf_steps\" value=\"{}\" \/>\n<input type=\"hidden\" name=\"_wpcf7cf_options\" value=\"{&quot;form_id&quot;:24893,&quot;conditions&quot;:[],&quot;settings&quot;:{&quot;animation&quot;:&quot;yes&quot;,&quot;animation_intime&quot;:200,&quot;animation_outtime&quot;:200,&quot;conditions_ui&quot;:&quot;normal&quot;,&quot;notice_dismissed&quot;:false,&quot;notice_dismissed_update-cf7-6.0&quot;:true}}\" \/>\n<input type=\"hidden\" name=\"_wpcf7_recaptcha_response\" value=\"\" \/>\n<\/div>\n<fieldset class=\"wrapper_contactform\">\n<legend class=\"legend_contactform\">Contactinformation<\/legend>\n<div class=\"clearfix\">\n<div class=\"form_half\">\n<p><label><strong>Name <\/strong><em>(Required)<\/em><br \/><span class=\"wpcf7-form-control-wrap your-name\"><input type=\"text\" name=\"your-name\" value=\"\" size=\"40\" class=\"wpcf7-form-control wpcf7-text wpcf7-validates-as-required\" aria-required=\"true\" aria-invalid=\"false\" \/><\/span><\/label><\/p>\n<\/div>\n<div class=\"form_half_last\">\n<p><label><strong>First Name <\/strong><em>(Required)<\/em><br \/><span class=\"wpcf7-form-control-wrap firstname\"><input type=\"text\" name=\"firstname\" value=\"\" size=\"40\" class=\"wpcf7-form-control wpcf7-text wpcf7-validates-as-required\" aria-required=\"true\" aria-invalid=\"false\" \/><\/span><\/label><\/p>\n<\/div>\n<\/div>\n<div class=\"clearfix\">\n<div class=\"form_half\">\n<p><label><strong>E-Mail <\/strong><em>(Required)<\/em><br \/><span class=\"wpcf7-form-control-wrap your-email\"><input type=\"email\" name=\"your-email\" value=\"\" size=\"40\" class=\"wpcf7-form-control wpcf7-text wpcf7-email wpcf7-validates-as-required wpcf7-validates-as-email\" aria-required=\"true\" aria-invalid=\"false\" \/><\/span> <\/label><\/p>\n<\/div>\n<div class=\"form_half_last\">\n<p><label><strong>Phone <\/strong><em>(Required)<\/em><br \/><span class=\"wpcf7-form-control-wrap phone\"><input type=\"tel\" name=\"phone\" value=\"\" size=\"40\" class=\"wpcf7-form-control wpcf7-text wpcf7-tel wpcf7-validates-as-tel\" aria-invalid=\"false\" placeholder=\"(Bsp +49 6151 9674666)\" \/><\/span> <\/label><\/p>\n<\/div>\n<\/div>\n<\/fieldset>\n<fieldset class=\"wrapper_contactform\">\n<legend class=\"legend_contactform\">Selection &amp; Specification<\/legend>\n<div class=\"form_half\">\n<p><label> I\u2018m interested in<br \/>\n     <span class=\"wpcf7-form-control-wrap programmes\"><select name=\"programmes\" class=\"wpcf7-form-control wpcf7-select\" aria-invalid=\"false\"><option value=\"Semester Abroad Bachelor\">Semester Abroad Bachelor<\/option><option value=\"Semester Abroad Master\">Semester Abroad Master<\/option><option value=\"Bachelor\">Bachelor<\/option><option value=\"Master\">Master<\/option><option value=\"Gap Year \/ Exploratory Studies\">Gap Year \/ Exploratory Studies<\/option><option value=\"Bachelor Top Up (3rd Academic Year)\">Bachelor Top Up (3rd Academic Year)<\/option><option value=\"Diploma\">Diploma<\/option><\/select><\/span><\/label><\/p>\n<p> Preferred start date<br \/>\n  <span class=\"wpcf7-form-control-wrap studienbeginnmonat\"><select name=\"studienbeginnmonat\" class=\"wpcf7-form-control wpcf7-select\" aria-invalid=\"false\"><option value=\"February\">February<\/option><option value=\"May\">May<\/option><option value=\"September\">September<\/option><\/select><\/span><br \/>\n    <span class=\"wpcf7-form-control-wrap studienbeginnjahr\"><select name=\"studienbeginnjahr\" class=\"wpcf7-form-control wpcf7-select\" aria-invalid=\"false\"><option value=\"2026\">2026<\/option><option value=\"2027\">2027<\/option><option value=\"2028\">2028<\/option><\/select><\/span><\/p>\n<\/div>\n<div class=\"form_half_last\">\n<p><label> My current study program<br \/>\n    <span class=\"wpcf7-form-control-wrap beschreibung\"><input type=\"text\" name=\"beschreibung\" value=\"\" size=\"40\" class=\"wpcf7-form-control wpcf7-text\" aria-invalid=\"false\" \/><\/span><\/label><\/p>\n<p><label> at the following institution<br \/>\n    <span class=\"wpcf7-form-control-wrap partnerhochschule\"><input type=\"text\" name=\"partnerhochschule\" value=\"\" size=\"40\" class=\"wpcf7-form-control wpcf7-text\" aria-invalid=\"false\" \/><\/span><\/label><\/p>\n<p><\/div>\n<\/fieldset>\n<p><span class=\"wpcf7-form-control-wrap accept_get_infos\"><span class=\"wpcf7-form-control wpcf7-acceptance\"><span class=\"wpcf7-list-item\"><label><input type=\"checkbox\" name=\"accept_get_infos\" value=\"1\" aria-invalid=\"false\" \/><span class=\"wpcf7-list-item-label\">I would like to receive further information about studying abroad, applying to scholarships etc. <sup style=\"font-size:10px; vertical-align: sub;\">1.<\/sup><\/span><\/label><\/span><\/span><\/span><br \/>\n<span class=\"wpcf7-form-control-wrap accept_consent\"><span class=\"wpcf7-form-control wpcf7-acceptance\"><span class=\"wpcf7-list-item\"><label><input type=\"checkbox\" name=\"accept_consent\" value=\"1\" aria-invalid=\"false\" \/><span class=\"wpcf7-list-item-label\">I accept the <a href=\"https:\/\/www.international-student-office.org\/datenschutz\/\" target=\u201d_blank\u201d>terms and conditions and the data protection.<\/a><\/span><\/label><\/span><\/span><\/span><\/p>\n\n<!-- CF7 Modules -->\n<div style='display:none;'><input type=\"hidden\" name=\"leadtyp\" value=\"Student\" class=\"wpcf7-form-control wpcf7-hidden\" \/>\n<input type=\"hidden\" name=\"leadsource\" value=\"ISO ICMS Lead\" class=\"wpcf7-form-control wpcf7-hidden\" \/>\n<input type=\"hidden\" name=\"language\" value=\"English\" class=\"wpcf7-form-control wpcf7-hidden\" \/>\n<input type=\"hidden\" name=\"isounipartner\" value=\"ICMS\" class=\"wpcf7-form-control wpcf7-hidden\" \/>\n<input type=\"hidden\" name=\"optin_link_text\" value=\"Please confirm &lt;span class=&#039;optinsymbol&#039;&gt;&gt;&lt;\/span&gt;\" class=\"wpcf7-form-control wpcf7-hidden\" \/><\/div>\n<!-- End CF7 Modules -->\n\n<p class=\"clearfix\"><input type=\"submit\" value=\"Request Information\" class=\"wpcf7-form-control has-spinner wpcf7-submit\" \/><\/p>\n<div class=\"wpcf7-response-output\" aria-hidden=\"true\"><\/div><\/form><\/div>\n<p>[\/et_pb_text][\/et_pb_column][et_pb_column type=&#8221;1_3&#8243;][et_pb_text admin_label=&#8221;Text&#8221; background_layout=&#8221;light&#8221; text_orientation=&#8221;left&#8221; use_border_color=&#8221;off&#8221; border_color=&#8221;#ffffff&#8221; border_style=&#8221;solid&#8221;]<\/p>\n<h4 style=\"text-align: justify;\">We look forward to talking to you in person via phone: <a href=\"tel:+4961519674666\">+ 49 (0) 6151 9674 666<\/a> or E-Mail: <a href=\"mailto:info@iso-mail.org\">info@iso-mail.org<\/a> \u2013 of course, without obligations and completely free of charge. <\/h4>\n<p>[\/et_pb_text][et_pb_image admin_label=&#8221;Bild&#8221; src=&#8221;https:\/\/www.international-student-office.org\/wp-content\/uploads\/2017\/10\/icmslogo.png&#8221; show_in_lightbox=&#8221;off&#8221; url_new_window=&#8221;off&#8221; use_overlay=&#8221;off&#8221; animation=&#8221;off&#8221; sticky=&#8221;off&#8221; align=&#8221;center&#8221; force_fullwidth=&#8221;off&#8221; always_center_on_mobile=&#8221;on&#8221; use_border_color=&#8221;off&#8221; border_color=&#8221;#ffffff&#8221; border_style=&#8221;solid&#8221; \/][et_pb_text admin_label=&#8221;Text&#8221; background_layout=&#8221;light&#8221; text_orientation=&#8221;left&#8221; use_border_color=&#8221;off&#8221; border_color=&#8221;#ffffff&#8221; border_style=&#8221;solid&#8221;]<\/p>\n<h2>Study in Australia<\/h2>\n<p style=\"text-align:justify;\">A study abroad adventure in Australia is the perfect chance to upgrade your r\u00e9sum\u00e9 and to live a unique and unforgettable experience. You wish to study abroad and are interested in spending a semester, a full Bachelor or Master program in Australia? You want to immerse in the Australian culture and get to know the country and its people first hand? The <strong>International College of Management, Sydney (ICMS)<\/strong> at Australia&#8217;s east coast just next to world-famous Manly Beach offers excellent practice-oriented study programs with outstanding career prospects in one of the most beautiful locations in the world.<\/p>\n<p>[\/et_pb_text][\/et_pb_column][\/et_pb_row][\/et_pb_section]<\/p>\n","protected":false},"excerpt":{"rendered":"<p>Request Information \u2013 without obligations &#038; completely free of charge Request information on studying abroad at the International College of Management, Sydney in Australia today: Learn how to make your dream of studying abroad in Australia come true and request further information from the International Student Office of ICMS in Darmstadt, Germany: [contact-form-7 404 \"Not Found\"]<\/p>\n","protected":false},"author":4,"featured_media":0,"parent":0,"menu_order":0,"comment_status":"open","ping_status":"open","template":"","meta":{"_et_pb_use_builder":"on","_et_pb_old_content":"<h2 style=\"text-align: justify;\">Studium in Australien<\/h2><p class=\"p1\" style=\"text-align: justify;\">Sie wollen im Ausland studieren und interessieren sich f\u00fcr ein Semester in Australien? Sie wollen Ihr Englisch durch ein Semester\u00a0in Australien\u00a0verbessern\u00a0oder\u00a0Land und Leute w\u00e4hrend Ihrem Studium in DownUnder kennenlernen? Das International College of Management, Sydney\u00a0bietet Ihnen ein ausgezeichnetes und praxisorientiertes Studium in einer einmaligen Umgebung.<\/p><p class=\"p1\" style=\"text-align: justify;\">Das europ\u00e4ische B\u00fcro des ICMS vergibt dieses Jahr <strong>mehrere\u00a0exklusive Teilstipendien<\/strong> an Studierende, die sich \u00fcber unser europ\u00e4isches B\u00fcro des ICMS anmelden!<\/p><p class=\"p1\" style=\"text-align: justify;\">Erfahren Sie heute noch, wie Sie Ihren Traum vom Semester in Australien\u00a0wahr werden lassen k\u00f6nnen. Informieren Sie sich jetzt direkt beim europ\u00e4ischen B\u00fcro des International College of Management, Sydney in Mainz.<\/p><h2 class=\"p1\" style=\"text-align: justify;\">Jetzt Informationen zum Studium in Australien anfordern:<\/h2><p style=\"text-align: justify;\">[contact-form-7 id=\"18996\" title=\"ICMS LP German Website\"]<\/p><p class=\"p1\" style=\"text-align: justify;\">Ein Studium in Australien ist eine ausgezeichnete M\u00f6glichkeit, Ihrem Lebenslauf das gewisse Etwas zu verleihen, und wird ein unvergessliches Abenteuer.<\/p><p class=\"p1\" style=\"text-align: justify;\">Entdecken Sie w\u00e4hrend Ihres Auslandssemesters in Australien die Faszination von DownUnder, das Land der K\u00e4ngurus und Aborigines.<\/p><p class=\"p1\" style=\"text-align: justify;\">Wir beraten Sie gerne pers\u00f6nlich, telefonisch unter + 49 (0) 6151 9674 666 und nat\u00fcrlich kostenlos! F\u00fcllen Sie einfach das Formular oben aus und wir schicken Ihnen alle wichtigen Infos zum Themas Studium in Australien\u00a0am ICMS zu.<\/p><p style=\"text-align: justify;\">\u00a0<\/p>","_et_gb_content_width":"","footnotes":""},"class_list":["post-22654","page","type-page","status-publish","hentry"],"yoast_head":"<!-- This site is optimized with the Yoast SEO plugin v26.8 - https:\/\/yoast.com\/product\/yoast-seo-wordpress\/ -->\n<title>Study in Australia<\/title>\n<meta name=\"description\" content=\"Study in Australia: Request Informaion on Studying Abroad at the International College of Management, Sydney in Australia today.\" \/>\n<meta name=\"robots\" content=\"index, follow, max-snippet:-1, max-image-preview:large, max-video-preview:-1\" \/>\n<link rel=\"canonical\" href=\"https:\/\/www.international-student-office.org\/en\/icms-request-info-lp\/\" \/>\n<meta property=\"og:locale\" content=\"en_US\" \/>\n<meta property=\"og:type\" content=\"article\" \/>\n<meta property=\"og:title\" content=\"Study in Australia\" \/>\n<meta property=\"og:description\" content=\"Study in Australia: Request Informaion on Studying Abroad at the International College of Management, Sydney in Australia today.\" \/>\n<meta property=\"og:url\" content=\"https:\/\/www.international-student-office.org\/en\/icms-request-info-lp\/\" \/>\n<meta property=\"og:site_name\" content=\"International Student Office\" \/>\n<meta property=\"article:modified_time\" content=\"2018-03-12T13:42:12+00:00\" \/>\n<meta name=\"twitter:label1\" content=\"Est. reading time\" \/>\n\t<meta name=\"twitter:data1\" content=\"3 minutes\" \/>\n<script type=\"application\/ld+json\" class=\"yoast-schema-graph\">{\"@context\":\"https:\/\/schema.org\",\"@graph\":[{\"@type\":\"WebPage\",\"@id\":\"https:\/\/www.international-student-office.org\/en\/icms-request-info-lp\/\",\"url\":\"https:\/\/www.international-student-office.org\/en\/icms-request-info-lp\/\",\"name\":\"Study in Australia\",\"isPartOf\":{\"@id\":\"https:\/\/www.international-student-office.org\/#website\"},\"datePublished\":\"2014-10-14T18:08:04+00:00\",\"dateModified\":\"2018-03-12T13:42:12+00:00\",\"description\":\"Study in Australia: Request Informaion on Studying Abroad at the International College of Management, Sydney in Australia today.\",\"breadcrumb\":{\"@id\":\"https:\/\/www.international-student-office.org\/en\/icms-request-info-lp\/#breadcrumb\"},\"inLanguage\":\"en-US\",\"potentialAction\":[{\"@type\":\"ReadAction\",\"target\":[\"https:\/\/www.international-student-office.org\/en\/icms-request-info-lp\/\"]}]},{\"@type\":\"BreadcrumbList\",\"@id\":\"https:\/\/www.international-student-office.org\/en\/icms-request-info-lp\/#breadcrumb\",\"itemListElement\":[{\"@type\":\"ListItem\",\"position\":1,\"name\":\"Home\",\"item\":\"https:\/\/www.international-student-office.org\/en\/\"},{\"@type\":\"ListItem\",\"position\":2,\"name\":\"Study in Australia &#8211; Request Information\"}]},{\"@type\":\"WebSite\",\"@id\":\"https:\/\/www.international-student-office.org\/#website\",\"url\":\"https:\/\/www.international-student-office.org\/\",\"name\":\"International Student Office\",\"description\":\"\",\"publisher\":{\"@id\":\"https:\/\/www.international-student-office.org\/#organization\"},\"potentialAction\":[{\"@type\":\"SearchAction\",\"target\":{\"@type\":\"EntryPoint\",\"urlTemplate\":\"https:\/\/www.international-student-office.org\/?s={search_term_string}\"},\"query-input\":{\"@type\":\"PropertyValueSpecification\",\"valueRequired\":true,\"valueName\":\"search_term_string\"}}],\"inLanguage\":\"en-US\"},{\"@type\":\"Organization\",\"@id\":\"https:\/\/www.international-student-office.org\/#organization\",\"name\":\"International Student Office\",\"url\":\"https:\/\/www.international-student-office.org\/\",\"logo\":{\"@type\":\"ImageObject\",\"inLanguage\":\"en-US\",\"@id\":\"https:\/\/www.international-student-office.org\/#\/schema\/logo\/image\/\",\"url\":\"https:\/\/www.international-student-office.org\/wp-content\/uploads\/2014\/09\/iso_logo.png\",\"contentUrl\":\"https:\/\/www.international-student-office.org\/wp-content\/uploads\/2014\/09\/iso_logo.png\",\"width\":300,\"height\":113,\"caption\":\"International Student Office\"},\"image\":{\"@id\":\"https:\/\/www.international-student-office.org\/#\/schema\/logo\/image\/\"}}]}<\/script>\n<!-- \/ Yoast SEO plugin. -->","yoast_head_json":{"title":"Study in Australia","description":"Study in Australia: Request Informaion on Studying Abroad at the International College of Management, Sydney in Australia today.","robots":{"index":"index","follow":"follow","max-snippet":"max-snippet:-1","max-image-preview":"max-image-preview:large","max-video-preview":"max-video-preview:-1"},"canonical":"https:\/\/www.international-student-office.org\/en\/icms-request-info-lp\/","og_locale":"en_US","og_type":"article","og_title":"Study in Australia","og_description":"Study in Australia: Request Informaion on Studying Abroad at the International College of Management, Sydney in Australia today.","og_url":"https:\/\/www.international-student-office.org\/en\/icms-request-info-lp\/","og_site_name":"International Student Office","article_modified_time":"2018-03-12T13:42:12+00:00","twitter_misc":{"Est. reading time":"3 minutes"},"schema":{"@context":"https:\/\/schema.org","@graph":[{"@type":"WebPage","@id":"https:\/\/www.international-student-office.org\/en\/icms-request-info-lp\/","url":"https:\/\/www.international-student-office.org\/en\/icms-request-info-lp\/","name":"Study in Australia","isPartOf":{"@id":"https:\/\/www.international-student-office.org\/#website"},"datePublished":"2014-10-14T18:08:04+00:00","dateModified":"2018-03-12T13:42:12+00:00","description":"Study in Australia: Request Informaion on Studying Abroad at the International College of Management, Sydney in Australia today.","breadcrumb":{"@id":"https:\/\/www.international-student-office.org\/en\/icms-request-info-lp\/#breadcrumb"},"inLanguage":"en-US","potentialAction":[{"@type":"ReadAction","target":["https:\/\/www.international-student-office.org\/en\/icms-request-info-lp\/"]}]},{"@type":"BreadcrumbList","@id":"https:\/\/www.international-student-office.org\/en\/icms-request-info-lp\/#breadcrumb","itemListElement":[{"@type":"ListItem","position":1,"name":"Home","item":"https:\/\/www.international-student-office.org\/en\/"},{"@type":"ListItem","position":2,"name":"Study in Australia &#8211; Request Information"}]},{"@type":"WebSite","@id":"https:\/\/www.international-student-office.org\/#website","url":"https:\/\/www.international-student-office.org\/","name":"International Student Office","description":"","publisher":{"@id":"https:\/\/www.international-student-office.org\/#organization"},"potentialAction":[{"@type":"SearchAction","target":{"@type":"EntryPoint","urlTemplate":"https:\/\/www.international-student-office.org\/?s={search_term_string}"},"query-input":{"@type":"PropertyValueSpecification","valueRequired":true,"valueName":"search_term_string"}}],"inLanguage":"en-US"},{"@type":"Organization","@id":"https:\/\/www.international-student-office.org\/#organization","name":"International Student Office","url":"https:\/\/www.international-student-office.org\/","logo":{"@type":"ImageObject","inLanguage":"en-US","@id":"https:\/\/www.international-student-office.org\/#\/schema\/logo\/image\/","url":"https:\/\/www.international-student-office.org\/wp-content\/uploads\/2014\/09\/iso_logo.png","contentUrl":"https:\/\/www.international-student-office.org\/wp-content\/uploads\/2014\/09\/iso_logo.png","width":300,"height":113,"caption":"International Student Office"},"image":{"@id":"https:\/\/www.international-student-office.org\/#\/schema\/logo\/image\/"}}]}},"_links":{"self":[{"href":"https:\/\/www.international-student-office.org\/en\/wp-json\/wp\/v2\/pages\/22654","targetHints":{"allow":["GET"]}}],"collection":[{"href":"https:\/\/www.international-student-office.org\/en\/wp-json\/wp\/v2\/pages"}],"about":[{"href":"https:\/\/www.international-student-office.org\/en\/wp-json\/wp\/v2\/types\/page"}],"author":[{"embeddable":true,"href":"https:\/\/www.international-student-office.org\/en\/wp-json\/wp\/v2\/users\/4"}],"replies":[{"embeddable":true,"href":"https:\/\/www.international-student-office.org\/en\/wp-json\/wp\/v2\/comments?post=22654"}],"version-history":[{"count":0,"href":"https:\/\/www.international-student-office.org\/en\/wp-json\/wp\/v2\/pages\/22654\/revisions"}],"wp:attachment":[{"href":"https:\/\/www.international-student-office.org\/en\/wp-json\/wp\/v2\/media?parent=22654"}],"curies":[{"name":"wp","href":"https:\/\/api.w.org\/{rel}","templated":true}]}}