{"id":22710,"date":"2021-06-02T12:39:14","date_gmt":"2021-06-02T12:39:14","guid":{"rendered":"http:\/\/www.international-student-office.org\/about-us\/team\/sabine-sachs\/"},"modified":"2021-10-26T06:53:58","modified_gmt":"2021-10-26T06:53:58","slug":"sabine-sachs","status":"publish","type":"page","link":"https:\/\/www.international-student-office.org\/en\/about-us\/team\/sabine-sachs\/","title":{"rendered":"Sabine Sachs"},"content":{"rendered":"<p>[et_pb_section fb_built=&#8221;1&#8243; custom_padding_last_edited=&#8221;on|phone&#8221; admin_label=&#8221;section&#8221; _builder_version=&#8221;3.22&#8243; custom_padding=&#8221;60px|||&#8221; custom_padding_tablet=&#8221;&#8221; custom_padding_phone=&#8221;30px|||&#8221; custom_css_main_element=&#8221;}||.et_pb_team_member_image img {-moz-border-radius: 50%; -webkit-border-radius: 50%; border-radius: 50%;||max-width:100%;||height: auto;||-webkit-box-shadow: 0px 34px 61px -21px rgba(0,0,0,0.2);||-moz-box-shadow: 0px 34px 61px -21px rgba(0,0,0,0.2);||box-shadow: 0px 34px 61px -21px rgba(0,0,0,0.2);||border: 1px solid white;&#8221; transparent_background=&#8221;off&#8221; make_fullwidth=&#8221;off&#8221; use_custom_width=&#8221;off&#8221; width_unit=&#8221;on&#8221;][et_pb_row column_structure=&#8221;2_3,1_3&#8243; admin_label=&#8221;row&#8221; _builder_version=&#8221;3.25&#8243; background_size=&#8221;initial&#8221; background_position=&#8221;top_left&#8221; background_repeat=&#8221;repeat&#8221;][et_pb_column type=&#8221;2_3&#8243; _builder_version=&#8221;3.25&#8243; custom_padding=&#8221;|||&#8221; custom_padding__hover=&#8221;|||&#8221;][et_pb_text admin_label=&#8221;Text&#8221; _builder_version=&#8221;4.9.0&#8243; background_size=&#8221;initial&#8221; background_position=&#8221;top_left&#8221; background_repeat=&#8221;repeat&#8221; custom_margin=&#8221;||0px|&#8221; custom_padding=&#8221;||0px|&#8221; use_border_color=&#8221;off&#8221; border_color=&#8221;#ffffff&#8221; border_style=&#8221;solid&#8221;]<\/p>\n<h1>Sabine Sachs<\/h1>\n<h2>Managing Director of the International Student Office<\/h2>\n<p>[\/et_pb_text][et_pb_text disabled_on=&#8221;off|on|on&#8221; admin_label=&#8221;Foto&#8221; _builder_version=&#8221;3.27.4&#8243; background_size=&#8221;initial&#8221; background_position=&#8221;top_left&#8221; background_repeat=&#8221;repeat&#8221; custom_padding=&#8221;40px|||&#8221; custom_padding_tablet=&#8221;0px|||&#8221; custom_padding_phone=&#8221;&#8221; custom_padding_last_edited=&#8221;on|tablet&#8221; use_border_color=&#8221;off&#8221; border_color=&#8221;#ffffff&#8221; border_style=&#8221;solid&#8221;]<\/p>\n<div class=\"et_pb_team_member_image et-waypoint et_pb_animation_off et-animated\">\n<img decoding=\"async\" src=\"https:\/\/www.international-student-office.org\/wp-content\/uploads\/2018\/09\/045ns1zu1-300x300.jpg\" alt=\"\">\n<\/div>\n<p>[\/et_pb_text][et_pb_text admin_label=&#8221;Text&#8221; _builder_version=&#8221;4.9.0&#8243; background_size=&#8221;initial&#8221; background_position=&#8221;top_left&#8221; background_repeat=&#8221;repeat&#8221; use_border_color=&#8221;off&#8221; border_color=&#8221;#ffffff&#8221; border_style=&#8221;solid&#8221;]<\/p>\n<p style=\"text-align: justify;\">My name is Sabine Sachs and I am the Managing Director of the International Student Office. I completed my MBA in San Diego, USA. All in all I spent more than three years living and studying in California \u2013 a time I will never forget.<\/p>\n<p style=\"text-align: justify;\">Upon completion of my MBA in the US, I represented the university in Germany and Europe, building institutional cooperation projects and partnerships. In my position of Director of International Business Development I established a broad network with European business universities. It was during this time that I realized the difficulties universities abroad face in bringing their profiles closer to European students, and on the other hand the need students feel to receive accurate information on their study opportunities abroad.<\/p>\n<p style=\"text-align: justify;\">During my time as Director of International Business Development, other universities in English-speaking countries approached me with their wish to have their European offices headed by me and my team as well. This provided me with the chance to expand our offer of study options abroad and to join four non-competing universities from Australia, Canada, and the USA in one International Student Office located in Darmstadt, Germany. Our team works very closely with our colleagues abroad and as their direct office in Europe we are able to assist interested students with first-hand information and in different languages.<\/p>\n<p>[\/et_pb_text][\/et_pb_column][et_pb_column type=&#8221;1_3&#8243; _builder_version=&#8221;3.25&#8243; custom_padding=&#8221;|||&#8221; custom_padding__hover=&#8221;|||&#8221;][et_pb_text disabled_on=&#8221;on|off|&#8221; admin_label=&#8221;Foto&#8221; _builder_version=&#8221;4.9.0&#8243; background_size=&#8221;initial&#8221; background_position=&#8221;top_left&#8221; background_repeat=&#8221;repeat&#8221; custom_padding=&#8221;40px|||&#8221; custom_padding_tablet=&#8221;0px|||&#8221; custom_padding_phone=&#8221;&#8221; custom_padding_last_edited=&#8221;on|tablet&#8221; hover_enabled=&#8221;0&#8243; use_border_color=&#8221;off&#8221; border_color=&#8221;#ffffff&#8221; border_style=&#8221;solid&#8221; sticky_enabled=&#8221;0&#8243;]<\/p>\n<div class=\"et_pb_team_member_image et-waypoint et_pb_animation_off et-animated\">\n<img decoding=\"async\" src=\"https:\/\/www.international-student-office.org\/wp-content\/uploads\/2021\/10\/Sabine_klein-e1634903756729-300x300.jpg\" alt=\"\">\n<\/div>\n<p>[\/et_pb_text][\/et_pb_column][\/et_pb_row][et_pb_row column_structure=&#8221;2_3,1_3&#8243; admin_label=&#8221;Zeile&#8221; _builder_version=&#8221;3.25&#8243; background_size=&#8221;initial&#8221; background_position=&#8221;top_left&#8221; background_repeat=&#8221;repeat&#8221;][et_pb_column type=&#8221;2_3&#8243; _builder_version=&#8221;3.25&#8243; custom_padding=&#8221;|||&#8221; custom_padding__hover=&#8221;|||&#8221;][et_pb_image src=&#8221;https:\/\/www.international-student-office.org\/wp-content\/uploads\/2021\/10\/ISO_Team_klein_web.jpg&#8221; alt=&#8221;Lernen Sie unser Team kennen!&#8221; title_text=&#8221;Lernen Sie unser Team kennen!&#8221; align_tablet=&#8221;center&#8221; align_phone=&#8221;&#8221; align_last_edited=&#8221;on|desktop&#8221; admin_label=&#8221;Team Foto&#8221; _builder_version=&#8221;4.9.0&#8243; use_border_color=&#8221;off&#8221; border_color=&#8221;#ffffff&#8221; border_style=&#8221;solid&#8221; animation=&#8221;off&#8221; sticky=&#8221;off&#8221; always_center_on_mobile=&#8221;on&#8221; saved_tabs=&#8221;all&#8221;][\/et_pb_image][\/et_pb_column][et_pb_column type=&#8221;1_3&#8243; _builder_version=&#8221;3.25&#8243; custom_padding=&#8221;|||&#8221; custom_padding__hover=&#8221;|||&#8221;][et_pb_text admin_label=&#8221;Text&#8221; _builder_version=&#8221;3.27.4&#8243; background_size=&#8221;initial&#8221; background_position=&#8221;top_left&#8221; background_repeat=&#8221;repeat&#8221; custom_margin=&#8221;||10px|&#8221; use_border_color=&#8221;off&#8221; border_color=&#8221;#ffffff&#8221; border_style=&#8221;solid&#8221;]<\/p>\n<h2 style=\"text-align: left;\"><a title=\"International Student Office Team\" href=\"https:\/\/www.international-student-office.org\/en\/about-us\/team\/\">Get to know our team!<\/a><\/h2>\n<p>[\/et_pb_text][et_pb_text admin_label=&#8221;Text&#8221; module_class=&#8221;cta&#8221; _builder_version=&#8221;3.27.4&#8243; background_size=&#8221;initial&#8221; background_position=&#8221;top_left&#8221; background_repeat=&#8221;repeat&#8221; background_layout=&#8221;dark&#8221; use_border_color=&#8221;off&#8221; border_color=&#8221;#ffffff&#8221; border_style=&#8221;solid&#8221;]<\/p>\n<h3 style=\"text-align: center; padding-top:25px; color: #ffffff;\"><strong>International Student Office<\/strong><\/h3>\n<p style=\"padding-bottom:25px;\"><a class=\"et_pb_promo_button et_pb_button\" style=\"margin: 15px; border-radius: 10px;\" href=\"https:\/\/www.international-student-office.org\/en\/contact\/\">Contact us now!<\/a><\/p>\n<p>[\/et_pb_text][\/et_pb_column][\/et_pb_row][\/et_pb_section]<\/p>\n","protected":false},"excerpt":{"rendered":"<p>Sabine Sachs Managing Director of the International Student Office My name is Sabine Sachs and I am the Managing Director of the International Student Office. I completed my MBA in San Diego, USA. All in all I spent more than three years living and studying in California \u2013 a time I will never forget. Upon [&hellip;]<\/p>\n","protected":false},"author":4,"featured_media":0,"parent":14571,"menu_order":1,"comment_status":"open","ping_status":"open","template":"","meta":{"_et_pb_use_builder":"on","_et_pb_old_content":"<p style=\"text-align: justify;\"><strong>Leiterin des Inter<\/strong><strong>national Student Office Germany<br \/> <\/strong><\/p><p style=\"text-align: justify;\">Mein <a href=\"http:\/\/isogermany.com\/about\/team\/geschichte_rechts_1\/\" rel=\"attachment wp-att-243\"><img class=\"size-thumbnail wp-image-243 alignleft\" title=\"Sabine Sachs\" src=\"http:\/\/isogermany.com\/wp-content\/uploads\/2009\/02\/geschichte_rechts_1-150x150.jpg\" alt=\"Sabine Sachs\" width=\"150\" height=\"150\" \/><\/a>Name ist Sabine Sachs und ich bin Leiterin des International Student Office Germany (ISOgermany). Schon w\u00e4hrend meines Studiums an der California International Business University (CIBU) in San Diego habe ich f\u00fcr diese internationale Kooperationen aufgebaut. Nach erfolgreichem Abschluss meines MBA-Studiums habe ich erst aus San Diego und dann in Deutschland f\u00fcr die CIBU als Director of International Business Developement gearbeitet, das Netzwerk mit Business Schools immer mehr ausgeweitet und die Universit\u00e4t in Europa repr\u00e4sentiert. Dabei ist mir bewusst geworden, wie schwierig es auf der einen Seite f\u00fcr die Universit\u00e4ten ist, ihr Profil den Studierenden n\u00e4her zu bringen, auf der anderen Seite wie gro\u00df der Bedarf bei Studenten ist, genaue Informationen \u00fcber die Studienm\u00f6glichkeiten im Ausland zu erhalten.<\/p><p style=\"text-align: justify;\">W\u00e4hrend meiner zun\u00e4chst exklusiven Arbeit f\u00fcr die CIBU sind immer wieder andere ausl\u00e4ndische Universit\u00e4ten mit der Bitte, auch ihr internationales Studenten B\u00fcro in Deutschland zu leiten, auf mich zugekommen. F\u00fcr mich ergab sich dadurch die M\u00f6glichkeit, das Auslandsstudienangebot auf weitere L\u00e4nder und Studienschwerpunkte auszuweiten und die 4 Unis in einem deutschen B\u00fcro zu vereinen. So k\u00f6nnen wir unseren Studenten eine kostenlose, umfangreiche und direkte Beratung in Deutschland anbieten.<\/p><p style=\"text-align: justify;\">Zur\u00fcck zur <a title=\"ISOgermany Homepage\" href=\"http:\/\/www.ISOgermany.com\" target=\"_self\">ISOgermany Homepage<\/a>!<\/p>","_et_gb_content_width":"","footnotes":""},"class_list":["post-22710","page","type-page","status-publish","hentry"],"yoast_head":"<!-- This site is optimized with the Yoast SEO plugin v26.8 - https:\/\/yoast.com\/product\/yoast-seo-wordpress\/ -->\n<title>Sabine Sachs - International Student Office<\/title>\n<meta name=\"description\" content=\"Meet Sabine Sachs, Managing Director of the International Student Office. The International Student Office is the European office of four universities abroad.\" \/>\n<meta name=\"robots\" content=\"index, follow, max-snippet:-1, max-image-preview:large, max-video-preview:-1\" \/>\n<link rel=\"canonical\" href=\"https:\/\/www.international-student-office.org\/en\/about-us\/team\/sabine-sachs\/\" \/>\n<meta property=\"og:locale\" content=\"en_US\" \/>\n<meta property=\"og:type\" content=\"article\" \/>\n<meta property=\"og:title\" content=\"Sabine Sachs - International Student Office\" \/>\n<meta property=\"og:description\" content=\"Meet Sabine Sachs, Managing Director of the International Student Office. The International Student Office is the European office of four universities abroad.\" \/>\n<meta property=\"og:url\" content=\"https:\/\/www.international-student-office.org\/en\/about-us\/team\/sabine-sachs\/\" \/>\n<meta property=\"og:site_name\" content=\"International Student Office\" \/>\n<meta property=\"article:modified_time\" content=\"2021-10-26T06:53:58+00:00\" \/>\n<meta property=\"og:image\" content=\"https:\/\/www.international-student-office.org\/wp-content\/uploads\/2018\/09\/045ns1zu1-300x300.jpg\" \/>\n<meta name=\"twitter:label1\" content=\"Est. reading time\" \/>\n\t<meta name=\"twitter:data1\" content=\"4 minutes\" \/>\n<script type=\"application\/ld+json\" class=\"yoast-schema-graph\">{\"@context\":\"https:\/\/schema.org\",\"@graph\":[{\"@type\":\"WebPage\",\"@id\":\"https:\/\/www.international-student-office.org\/en\/about-us\/team\/sabine-sachs\/\",\"url\":\"https:\/\/www.international-student-office.org\/en\/about-us\/team\/sabine-sachs\/\",\"name\":\"Sabine Sachs - International Student Office\",\"isPartOf\":{\"@id\":\"https:\/\/www.international-student-office.org\/#website\"},\"primaryImageOfPage\":{\"@id\":\"https:\/\/www.international-student-office.org\/en\/about-us\/team\/sabine-sachs\/#primaryimage\"},\"image\":{\"@id\":\"https:\/\/www.international-student-office.org\/en\/about-us\/team\/sabine-sachs\/#primaryimage\"},\"thumbnailUrl\":\"https:\/\/www.international-student-office.org\/wp-content\/uploads\/2018\/09\/045ns1zu1-300x300.jpg\",\"datePublished\":\"2021-06-02T12:39:14+00:00\",\"dateModified\":\"2021-10-26T06:53:58+00:00\",\"description\":\"Meet Sabine Sachs, Managing Director of the International Student Office. The International Student Office is the European office of four universities abroad.\",\"breadcrumb\":{\"@id\":\"https:\/\/www.international-student-office.org\/en\/about-us\/team\/sabine-sachs\/#breadcrumb\"},\"inLanguage\":\"en-US\",\"potentialAction\":[{\"@type\":\"ReadAction\",\"target\":[\"https:\/\/www.international-student-office.org\/en\/about-us\/team\/sabine-sachs\/\"]}]},{\"@type\":\"ImageObject\",\"inLanguage\":\"en-US\",\"@id\":\"https:\/\/www.international-student-office.org\/en\/about-us\/team\/sabine-sachs\/#primaryimage\",\"url\":\"https:\/\/www.international-student-office.org\/wp-content\/uploads\/2018\/09\/045ns1zu1-300x300.jpg\",\"contentUrl\":\"https:\/\/www.international-student-office.org\/wp-content\/uploads\/2018\/09\/045ns1zu1-300x300.jpg\"},{\"@type\":\"BreadcrumbList\",\"@id\":\"https:\/\/www.international-student-office.org\/en\/about-us\/team\/sabine-sachs\/#breadcrumb\",\"itemListElement\":[{\"@type\":\"ListItem\",\"position\":1,\"name\":\"Home\",\"item\":\"https:\/\/www.international-student-office.org\/en\/\"},{\"@type\":\"ListItem\",\"position\":2,\"name\":\"About us\",\"item\":\"https:\/\/www.international-student-office.org\/en\/about-us\/\"},{\"@type\":\"ListItem\",\"position\":3,\"name\":\"Team\",\"item\":\"https:\/\/www.international-student-office.org\/en\/about-us\/team\/\"},{\"@type\":\"ListItem\",\"position\":4,\"name\":\"Sabine Sachs\"}]},{\"@type\":\"WebSite\",\"@id\":\"https:\/\/www.international-student-office.org\/#website\",\"url\":\"https:\/\/www.international-student-office.org\/\",\"name\":\"International Student Office\",\"description\":\"\",\"publisher\":{\"@id\":\"https:\/\/www.international-student-office.org\/#organization\"},\"potentialAction\":[{\"@type\":\"SearchAction\",\"target\":{\"@type\":\"EntryPoint\",\"urlTemplate\":\"https:\/\/www.international-student-office.org\/?s={search_term_string}\"},\"query-input\":{\"@type\":\"PropertyValueSpecification\",\"valueRequired\":true,\"valueName\":\"search_term_string\"}}],\"inLanguage\":\"en-US\"},{\"@type\":\"Organization\",\"@id\":\"https:\/\/www.international-student-office.org\/#organization\",\"name\":\"International Student Office\",\"url\":\"https:\/\/www.international-student-office.org\/\",\"logo\":{\"@type\":\"ImageObject\",\"inLanguage\":\"en-US\",\"@id\":\"https:\/\/www.international-student-office.org\/#\/schema\/logo\/image\/\",\"url\":\"https:\/\/www.international-student-office.org\/wp-content\/uploads\/2014\/09\/iso_logo.png\",\"contentUrl\":\"https:\/\/www.international-student-office.org\/wp-content\/uploads\/2014\/09\/iso_logo.png\",\"width\":300,\"height\":113,\"caption\":\"International Student Office\"},\"image\":{\"@id\":\"https:\/\/www.international-student-office.org\/#\/schema\/logo\/image\/\"}}]}<\/script>\n<!-- \/ Yoast SEO plugin. -->","yoast_head_json":{"title":"Sabine Sachs - International Student Office","description":"Meet Sabine Sachs, Managing Director of the International Student Office. The International Student Office is the European office of four universities abroad.","robots":{"index":"index","follow":"follow","max-snippet":"max-snippet:-1","max-image-preview":"max-image-preview:large","max-video-preview":"max-video-preview:-1"},"canonical":"https:\/\/www.international-student-office.org\/en\/about-us\/team\/sabine-sachs\/","og_locale":"en_US","og_type":"article","og_title":"Sabine Sachs - International Student Office","og_description":"Meet Sabine Sachs, Managing Director of the International Student Office. The International Student Office is the European office of four universities abroad.","og_url":"https:\/\/www.international-student-office.org\/en\/about-us\/team\/sabine-sachs\/","og_site_name":"International Student Office","article_modified_time":"2021-10-26T06:53:58+00:00","og_image":[{"url":"https:\/\/www.international-student-office.org\/wp-content\/uploads\/2018\/09\/045ns1zu1-300x300.jpg","type":"","width":"","height":""}],"twitter_misc":{"Est. reading time":"4 minutes"},"schema":{"@context":"https:\/\/schema.org","@graph":[{"@type":"WebPage","@id":"https:\/\/www.international-student-office.org\/en\/about-us\/team\/sabine-sachs\/","url":"https:\/\/www.international-student-office.org\/en\/about-us\/team\/sabine-sachs\/","name":"Sabine Sachs - International Student Office","isPartOf":{"@id":"https:\/\/www.international-student-office.org\/#website"},"primaryImageOfPage":{"@id":"https:\/\/www.international-student-office.org\/en\/about-us\/team\/sabine-sachs\/#primaryimage"},"image":{"@id":"https:\/\/www.international-student-office.org\/en\/about-us\/team\/sabine-sachs\/#primaryimage"},"thumbnailUrl":"https:\/\/www.international-student-office.org\/wp-content\/uploads\/2018\/09\/045ns1zu1-300x300.jpg","datePublished":"2021-06-02T12:39:14+00:00","dateModified":"2021-10-26T06:53:58+00:00","description":"Meet Sabine Sachs, Managing Director of the International Student Office. The International Student Office is the European office of four universities abroad.","breadcrumb":{"@id":"https:\/\/www.international-student-office.org\/en\/about-us\/team\/sabine-sachs\/#breadcrumb"},"inLanguage":"en-US","potentialAction":[{"@type":"ReadAction","target":["https:\/\/www.international-student-office.org\/en\/about-us\/team\/sabine-sachs\/"]}]},{"@type":"ImageObject","inLanguage":"en-US","@id":"https:\/\/www.international-student-office.org\/en\/about-us\/team\/sabine-sachs\/#primaryimage","url":"https:\/\/www.international-student-office.org\/wp-content\/uploads\/2018\/09\/045ns1zu1-300x300.jpg","contentUrl":"https:\/\/www.international-student-office.org\/wp-content\/uploads\/2018\/09\/045ns1zu1-300x300.jpg"},{"@type":"BreadcrumbList","@id":"https:\/\/www.international-student-office.org\/en\/about-us\/team\/sabine-sachs\/#breadcrumb","itemListElement":[{"@type":"ListItem","position":1,"name":"Home","item":"https:\/\/www.international-student-office.org\/en\/"},{"@type":"ListItem","position":2,"name":"About us","item":"https:\/\/www.international-student-office.org\/en\/about-us\/"},{"@type":"ListItem","position":3,"name":"Team","item":"https:\/\/www.international-student-office.org\/en\/about-us\/team\/"},{"@type":"ListItem","position":4,"name":"Sabine Sachs"}]},{"@type":"WebSite","@id":"https:\/\/www.international-student-office.org\/#website","url":"https:\/\/www.international-student-office.org\/","name":"International Student Office","description":"","publisher":{"@id":"https:\/\/www.international-student-office.org\/#organization"},"potentialAction":[{"@type":"SearchAction","target":{"@type":"EntryPoint","urlTemplate":"https:\/\/www.international-student-office.org\/?s={search_term_string}"},"query-input":{"@type":"PropertyValueSpecification","valueRequired":true,"valueName":"search_term_string"}}],"inLanguage":"en-US"},{"@type":"Organization","@id":"https:\/\/www.international-student-office.org\/#organization","name":"International Student Office","url":"https:\/\/www.international-student-office.org\/","logo":{"@type":"ImageObject","inLanguage":"en-US","@id":"https:\/\/www.international-student-office.org\/#\/schema\/logo\/image\/","url":"https:\/\/www.international-student-office.org\/wp-content\/uploads\/2014\/09\/iso_logo.png","contentUrl":"https:\/\/www.international-student-office.org\/wp-content\/uploads\/2014\/09\/iso_logo.png","width":300,"height":113,"caption":"International Student Office"},"image":{"@id":"https:\/\/www.international-student-office.org\/#\/schema\/logo\/image\/"}}]}},"_links":{"self":[{"href":"https:\/\/www.international-student-office.org\/en\/wp-json\/wp\/v2\/pages\/22710","targetHints":{"allow":["GET"]}}],"collection":[{"href":"https:\/\/www.international-student-office.org\/en\/wp-json\/wp\/v2\/pages"}],"about":[{"href":"https:\/\/www.international-student-office.org\/en\/wp-json\/wp\/v2\/types\/page"}],"author":[{"embeddable":true,"href":"https:\/\/www.international-student-office.org\/en\/wp-json\/wp\/v2\/users\/4"}],"replies":[{"embeddable":true,"href":"https:\/\/www.international-student-office.org\/en\/wp-json\/wp\/v2\/comments?post=22710"}],"version-history":[{"count":0,"href":"https:\/\/www.international-student-office.org\/en\/wp-json\/wp\/v2\/pages\/22710\/revisions"}],"up":[{"embeddable":true,"href":"https:\/\/www.international-student-office.org\/en\/wp-json\/wp\/v2\/pages\/14571"}],"wp:attachment":[{"href":"https:\/\/www.international-student-office.org\/en\/wp-json\/wp\/v2\/media?parent=22710"}],"curies":[{"name":"wp","href":"https:\/\/api.w.org\/{rel}","templated":true}]}}