{"id":108565,"date":"2024-03-15T07:04:07","date_gmt":"2024-03-15T07:04:07","guid":{"rendered":"https:\/\/www.international-student-office.org\/a-propos-de-nous\/notre-equipe\/victoria-ehmer\/"},"modified":"2024-03-26T14:27:41","modified_gmt":"2024-03-26T14:27:41","slug":"victoria-ehmer","status":"publish","type":"page","link":"https:\/\/www.international-student-office.org\/fr\/a-propos-de-nous\/notre-equipe\/victoria-ehmer\/","title":{"rendered":"Victoria Ehmer"},"content":{"rendered":"<p>[et_pb_section fb_built=\u00a0\u00bb1&Prime; custom_padding_last_edited=\u00a0\u00bbon|phone\u00a0\u00bb admin_label=\u00a0\u00bbsection\u00a0\u00bb _builder_version=\u00a0\u00bb4.24.2&Prime; custom_padding=\u00a0\u00bb60px|||\u00a0\u00bb custom_padding_tablet=\u00a0\u00bb\u00a0\u00bb custom_padding_phone=\u00a0\u00bb45px||||false|false\u00a0\u00bb custom_css_main_element=\u00a0\u00bb}||.et_pb_team_member_image img {-moz-border-radius: 50%; -webkit-border-radius: 50%; border-radius: 50%;||max-width:100%;||height: auto;||-webkit-box-shadow: 0px 34px 61px -21px rgba(0,0,0,0.2);||-moz-box-shadow: 0px 34px 61px -21px rgba(0,0,0,0.2);||box-shadow: 0px 34px 61px -21px rgba(0,0,0,0.2);||border: 1px solid white;\u00a0\u00bb transparent_background=\u00a0\u00bboff\u00a0\u00bb make_fullwidth=\u00a0\u00bboff\u00a0\u00bb use_custom_width=\u00a0\u00bboff\u00a0\u00bb width_unit=\u00a0\u00bbon\u00a0\u00bb global_colors_info=\u00a0\u00bb{}\u00a0\u00bb][et_pb_row column_structure=\u00a0\u00bb2_3,1_3&Prime; admin_label=\u00a0\u00bbrow\u00a0\u00bb _builder_version=\u00a0\u00bb4.16&Prime; background_size=\u00a0\u00bbinitial\u00a0\u00bb background_position=\u00a0\u00bbtop_left\u00a0\u00bb background_repeat=\u00a0\u00bbrepeat\u00a0\u00bb global_colors_info=\u00a0\u00bb{}\u00a0\u00bb][et_pb_column type=\u00a0\u00bb2_3&Prime; _builder_version=\u00a0\u00bb4.16&Prime; custom_padding=\u00a0\u00bb|||\u00a0\u00bb global_colors_info=\u00a0\u00bb{}\u00a0\u00bb custom_padding__hover=\u00a0\u00bb|||\u00a0\u00bb][et_pb_text admin_label=\u00a0\u00bbText\u00a0\u00bb _builder_version=\u00a0\u00bb4.24.2&Prime; background_size=\u00a0\u00bbinitial\u00a0\u00bb background_position=\u00a0\u00bbtop_left\u00a0\u00bb background_repeat=\u00a0\u00bbrepeat\u00a0\u00bb custom_margin=\u00a0\u00bb||0px|\u00a0\u00bb custom_padding=\u00a0\u00bb||0px|\u00a0\u00bb use_border_color=\u00a0\u00bboff\u00a0\u00bb border_color=\u00a0\u00bb#ffffff\u00a0\u00bb border_style=\u00a0\u00bbsolid\u00a0\u00bb global_colors_info=\u00a0\u00bb{}\u00a0\u00bb]<\/p>\n<h1 style=\"margin-top:20px;\">Victoria Ehmer<\/h1>\n<h2>Head of International Student Office<\/h2>\n<p>[\/et_pb_text][et_pb_text admin_label=\u00a0\u00bbText\u00a0\u00bb _builder_version=\u00a0\u00bb4.24.2&Prime; background_size=\u00a0\u00bbinitial\u00a0\u00bb background_position=\u00a0\u00bbtop_left\u00a0\u00bb background_repeat=\u00a0\u00bbrepeat\u00a0\u00bb hover_enabled=\u00a0\u00bb0&Prime; use_border_color=\u00a0\u00bboff\u00a0\u00bb border_color=\u00a0\u00bb#ffffff\u00a0\u00bb border_style=\u00a0\u00bbsolid\u00a0\u00bb global_colors_info=\u00a0\u00bb{}\u00a0\u00bb sticky_enabled=\u00a0\u00bb0&Prime;]<\/p>\n<p style=\"text-align: justify;\">Je m&rsquo;appelle Victoria Ehmer et je suis impatiente de vous accompagner dans la r\u00e9alisation de votre r\u00eave de d\u00e9couvrir des pays et des cultures \u00e9trang\u00e8res. En tant que globe-trotteuse passionn\u00e9e, j&rsquo;ai un profond enthousiasme pour les voyages \u00e0 travers le monde. Mon aventure a commenc\u00e9 pendant mon ann\u00e9e de lyc\u00e9e en Virginie, o\u00f9 j&rsquo;ai non seulement eu l&rsquo;occasion d&rsquo;explorer ce magnifique pays, mais aussi de me faire des amis et une famille pour la vie.<\/p>\n<p style=\"text-align: justify;\">\u00c0 partir de ce moment-l\u00e0, mon amour pour les \u00c9tats-Unis est n\u00e9 et il est rest\u00e9 avec moi tout au long de mon dipl\u00f4me en \u00c9tudes Am\u00e9ricaines et de mon semestre \u00e0 l&rsquo;\u00e9tranger \u00e0 San Diego, o\u00f9 j&rsquo;ai appr\u00e9ci\u00e9 le style de vie unique de la c\u00f4te ouest et \u00e9largi ma perspective.<br \/>Depuis lors, j&rsquo;ai \u00e9t\u00e9 attir\u00e9e par des endroits lointains et mes voyages m&rsquo;ont procur\u00e9 certains des meilleurs souvenirs de ma vie. Que ce soit en Australie, en Afrique ou en Europe, chaque voyage a renforc\u00e9 mon d\u00e9sir de continuer \u00e0 explorer le monde, de rencontrer des nouvelles personnes et cultures de milieux diff\u00e9rents et d&rsquo;\u00e9largir mes horizons.<\/p>\n<p style=\"text-align: justify;\">Je reconnais encore aujourd&rsquo;hui que mes exp\u00e9riences \u00e0 l&rsquo;\u00e9tranger enrichissent et inspirent ma carri\u00e8re dans l&rsquo;\u00e9ducation internationale, la communication et le marketing au quotidien, ce pour quoi je suis tr\u00e8s reconnaissante.<\/p>\n<p style=\"text-align: justify;\">En tant que responsable du International Student Office, j&rsquo;ai h\u00e2te de vous donner l&rsquo;opportunit\u00e9 de d\u00e9couvrir notre magnifique monde chaque jour. J&rsquo;attends avec impatience de vos nouvelles!<\/p>\n<p>[\/et_pb_text][\/et_pb_column][et_pb_column type=\u00a0\u00bb1_3&Prime; _builder_version=\u00a0\u00bb4.16&Prime; custom_padding=\u00a0\u00bb|||\u00a0\u00bb global_colors_info=\u00a0\u00bb{}\u00a0\u00bb custom_padding__hover=\u00a0\u00bb|||\u00a0\u00bb][et_pb_text disabled_on=\u00a0\u00bbon|off|\u00a0\u00bb admin_label=\u00a0\u00bbFoto\u00a0\u00bb _builder_version=\u00a0\u00bb4.24.2&Prime; background_size=\u00a0\u00bbinitial\u00a0\u00bb background_position=\u00a0\u00bbtop_left\u00a0\u00bb background_repeat=\u00a0\u00bbrepeat\u00a0\u00bb custom_padding=\u00a0\u00bb40px|||\u00a0\u00bb custom_padding_tablet=\u00a0\u00bb0px|||\u00a0\u00bb custom_padding_phone=\u00a0\u00bb\u00a0\u00bb custom_padding_last_edited=\u00a0\u00bbon|tablet\u00a0\u00bb use_border_color=\u00a0\u00bboff\u00a0\u00bb border_color=\u00a0\u00bb#ffffff\u00a0\u00bb border_style=\u00a0\u00bbsolid\u00a0\u00bb global_colors_info=\u00a0\u00bb{}\u00a0\u00bb]<\/p>\n<p><img loading=\"lazy\" decoding=\"async\" class=\"wp-image-95010 aligncenter size-medium\" src=\"https:\/\/www.international-student-office.org\/wp-content\/uploads\/2024\/03\/Victoria-Ehmer-ISO.jpg\" alt=\"\" width=\"300\" height=\"300\" style=\"-moz-border-radius: 50%; -webkit-border-radius: 50%; border-radius: 50%; max-width: 100%; height: auto; -webkit-box-shadow: 0px 34px 61px -21px rgb(0 0 0 \/ 20%); -moz-box-shadow: 0px 34px 61px -21px rgba(0,0,0,0.2); box-shadow: 0px 34px 61px -21px rgb(0 0 0 \/ 20%); border: 1 px solid white;\" \/><\/p>\n<p>[\/et_pb_text][\/et_pb_column][\/et_pb_row][et_pb_row column_structure=\u00a0\u00bb2_3,1_3&Prime; admin_label=\u00a0\u00bbZeile\u00a0\u00bb _builder_version=\u00a0\u00bb4.16&Prime; background_size=\u00a0\u00bbinitial\u00a0\u00bb background_position=\u00a0\u00bbtop_left\u00a0\u00bb background_repeat=\u00a0\u00bbrepeat\u00a0\u00bb global_colors_info=\u00a0\u00bb{}\u00a0\u00bb][et_pb_column type=\u00a0\u00bb2_3&Prime; _builder_version=\u00a0\u00bb4.16&Prime; custom_padding=\u00a0\u00bb|||\u00a0\u00bb global_colors_info=\u00a0\u00bb{}\u00a0\u00bb custom_padding__hover=\u00a0\u00bb|||\u00a0\u00bb][et_pb_image src=\u00a0\u00bbhttps:\/\/www.international-student-office.org\/wp-content\/uploads\/2021\/11\/ISO_Team_2021_nobg_3.png\u00a0\u00bb title_text=\u00a0\u00bbISO_Team_2021_nobg_3&Prime; _builder_version=\u00a0\u00bb4.16&Prime; _module_preset=\u00a0\u00bbdefault\u00a0\u00bb global_colors_info=\u00a0\u00bb{}\u00a0\u00bb][\/et_pb_image][\/et_pb_column][et_pb_column type=\u00a0\u00bb1_3&Prime; _builder_version=\u00a0\u00bb4.16&Prime; custom_padding=\u00a0\u00bb|||\u00a0\u00bb global_colors_info=\u00a0\u00bb{}\u00a0\u00bb custom_padding__hover=\u00a0\u00bb|||\u00a0\u00bb][et_pb_text admin_label=\u00a0\u00bbText\u00a0\u00bb _builder_version=\u00a0\u00bb4.24.2&Prime; background_size=\u00a0\u00bbinitial\u00a0\u00bb background_position=\u00a0\u00bbtop_left\u00a0\u00bb background_repeat=\u00a0\u00bbrepeat\u00a0\u00bb custom_margin=\u00a0\u00bb||10px|\u00a0\u00bb use_border_color=\u00a0\u00bboff\u00a0\u00bb border_color=\u00a0\u00bb#ffffff\u00a0\u00bb border_style=\u00a0\u00bbsolid\u00a0\u00bb global_colors_info=\u00a0\u00bb{}\u00a0\u00bb]<\/p>\n<h2 style=\"text-align: left;\"><a title=\"International Student Office Team\" href=\"https:\/\/www.international-student-office.org\/fr\/a-propos-de-nous\/notre-equipe\/\">Apprenez \u00e0 conna\u00eetre notre \u00e9quipe !<\/a><\/h2>\n<p>[\/et_pb_text][et_pb_text admin_label=\u00a0\u00bbText\u00a0\u00bb module_class=\u00a0\u00bbcta\u00a0\u00bb _builder_version=\u00a0\u00bb4.24.2&Prime; background_size=\u00a0\u00bbinitial\u00a0\u00bb background_position=\u00a0\u00bbtop_left\u00a0\u00bb background_repeat=\u00a0\u00bbrepeat\u00a0\u00bb background_layout=\u00a0\u00bbdark\u00a0\u00bb use_border_color=\u00a0\u00bboff\u00a0\u00bb border_color=\u00a0\u00bb#ffffff\u00a0\u00bb border_style=\u00a0\u00bbsolid\u00a0\u00bb global_colors_info=\u00a0\u00bb{}\u00a0\u00bb]<\/p>\n<h3 style=\"text-align: center; padding-top:25px; color: #ffffff;\"><strong>International Student Office<\/strong><\/h3>\n<p style=\"padding-bottom:25px;\"><a class=\"et_pb_promo_button et_pb_button\" style=\"margin: 15px; border-radius: 10px;\" href=\"https:\/\/www.international-student-office.org\/fr\/contact\/\">Contactez-nous !<\/a><\/p>\n<p>[\/et_pb_text][\/et_pb_column][\/et_pb_row][\/et_pb_section]<\/p>\n","protected":false},"excerpt":{"rendered":"<p>Victoria Ehmer Head of International Student OfficeJe m&rsquo;appelle Victoria Ehmer et je suis impatiente de vous accompagner dans la r\u00e9alisation de votre r\u00eave de d\u00e9couvrir des pays et des cultures \u00e9trang\u00e8res. En tant que globe-trotteuse passionn\u00e9e, j&rsquo;ai un profond enthousiasme pour les voyages \u00e0 travers le monde. Mon aventure a commenc\u00e9 pendant mon ann\u00e9e de [&hellip;]<\/p>\n","protected":false},"author":12,"featured_media":0,"parent":22534,"menu_order":0,"comment_status":"closed","ping_status":"closed","template":"","meta":{"_et_pb_use_builder":"on","_et_pb_old_content":"","_et_gb_content_width":"","footnotes":""},"class_list":["post-108565","page","type-page","status-publish","hentry"],"yoast_head":"<!-- This site is optimized with the Yoast SEO plugin v26.8 - https:\/\/yoast.com\/product\/yoast-seo-wordpress\/ -->\n<title>Victoria Ehmer - International Student Office<\/title>\n<meta name=\"description\" content=\"Mon nom est Victoria Ehmer et je suis impatiente de vous accompagner dans la r\u00e9alisation de votre r\u00eave de d\u00e9couvrir des pays et des cultures \u00e9trang\u00e8res.\" \/>\n<meta name=\"robots\" content=\"index, follow, max-snippet:-1, max-image-preview:large, max-video-preview:-1\" \/>\n<link rel=\"canonical\" href=\"https:\/\/www.international-student-office.org\/fr\/a-propos-de-nous\/notre-equipe\/victoria-ehmer\/\" \/>\n<meta property=\"og:locale\" content=\"fr_FR\" \/>\n<meta property=\"og:type\" content=\"article\" \/>\n<meta property=\"og:title\" content=\"Victoria Ehmer - International Student Office\" \/>\n<meta property=\"og:description\" content=\"Mon nom est Victoria Ehmer et je suis impatiente de vous accompagner dans la r\u00e9alisation de votre r\u00eave de d\u00e9couvrir des pays et des cultures \u00e9trang\u00e8res.\" \/>\n<meta property=\"og:url\" content=\"https:\/\/www.international-student-office.org\/fr\/a-propos-de-nous\/notre-equipe\/victoria-ehmer\/\" \/>\n<meta property=\"og:site_name\" content=\"International Student Office\" \/>\n<meta property=\"article:modified_time\" content=\"2024-03-26T14:27:41+00:00\" \/>\n<meta property=\"og:image\" content=\"https:\/\/www.international-student-office.org\/wp-content\/uploads\/2024\/03\/Victoria-Ehmer-ISO.jpg\" \/>\n<meta name=\"twitter:label1\" content=\"Dur\u00e9e de lecture estim\u00e9e\" \/>\n\t<meta name=\"twitter:data1\" content=\"2 minutes\" \/>\n<script type=\"application\/ld+json\" class=\"yoast-schema-graph\">{\"@context\":\"https:\/\/schema.org\",\"@graph\":[{\"@type\":\"WebPage\",\"@id\":\"https:\/\/www.international-student-office.org\/fr\/a-propos-de-nous\/notre-equipe\/victoria-ehmer\/\",\"url\":\"https:\/\/www.international-student-office.org\/fr\/a-propos-de-nous\/notre-equipe\/victoria-ehmer\/\",\"name\":\"Victoria Ehmer - International Student Office\",\"isPartOf\":{\"@id\":\"https:\/\/www.international-student-office.org\/#website\"},\"primaryImageOfPage\":{\"@id\":\"https:\/\/www.international-student-office.org\/fr\/a-propos-de-nous\/notre-equipe\/victoria-ehmer\/#primaryimage\"},\"image\":{\"@id\":\"https:\/\/www.international-student-office.org\/fr\/a-propos-de-nous\/notre-equipe\/victoria-ehmer\/#primaryimage\"},\"thumbnailUrl\":\"https:\/\/www.international-student-office.org\/wp-content\/uploads\/2024\/03\/Victoria-Ehmer-ISO.jpg\",\"datePublished\":\"2024-03-15T07:04:07+00:00\",\"dateModified\":\"2024-03-26T14:27:41+00:00\",\"description\":\"Mon nom est Victoria Ehmer et je suis impatiente de vous accompagner dans la r\u00e9alisation de votre r\u00eave de d\u00e9couvrir des pays et des cultures \u00e9trang\u00e8res.\",\"breadcrumb\":{\"@id\":\"https:\/\/www.international-student-office.org\/fr\/a-propos-de-nous\/notre-equipe\/victoria-ehmer\/#breadcrumb\"},\"inLanguage\":\"fr-FR\",\"potentialAction\":[{\"@type\":\"ReadAction\",\"target\":[\"https:\/\/www.international-student-office.org\/fr\/a-propos-de-nous\/notre-equipe\/victoria-ehmer\/\"]}]},{\"@type\":\"ImageObject\",\"inLanguage\":\"fr-FR\",\"@id\":\"https:\/\/www.international-student-office.org\/fr\/a-propos-de-nous\/notre-equipe\/victoria-ehmer\/#primaryimage\",\"url\":\"https:\/\/www.international-student-office.org\/wp-content\/uploads\/2024\/03\/Victoria-Ehmer-ISO.jpg\",\"contentUrl\":\"https:\/\/www.international-student-office.org\/wp-content\/uploads\/2024\/03\/Victoria-Ehmer-ISO.jpg\"},{\"@type\":\"BreadcrumbList\",\"@id\":\"https:\/\/www.international-student-office.org\/fr\/a-propos-de-nous\/notre-equipe\/victoria-ehmer\/#breadcrumb\",\"itemListElement\":[{\"@type\":\"ListItem\",\"position\":1,\"name\":\"Home\",\"item\":\"https:\/\/www.international-student-office.org\/fr\/\"},{\"@type\":\"ListItem\",\"position\":2,\"name\":\"\u00c0 propos de nous\",\"item\":\"https:\/\/www.international-student-office.org\/fr\/a-propos-de-nous\/\"},{\"@type\":\"ListItem\",\"position\":3,\"name\":\"Notre \u00e9quipe\",\"item\":\"https:\/\/www.international-student-office.org\/fr\/a-propos-de-nous\/notre-equipe\/\"},{\"@type\":\"ListItem\",\"position\":4,\"name\":\"Victoria Ehmer\"}]},{\"@type\":\"WebSite\",\"@id\":\"https:\/\/www.international-student-office.org\/#website\",\"url\":\"https:\/\/www.international-student-office.org\/\",\"name\":\"International Student Office\",\"description\":\"\",\"publisher\":{\"@id\":\"https:\/\/www.international-student-office.org\/#organization\"},\"potentialAction\":[{\"@type\":\"SearchAction\",\"target\":{\"@type\":\"EntryPoint\",\"urlTemplate\":\"https:\/\/www.international-student-office.org\/?s={search_term_string}\"},\"query-input\":{\"@type\":\"PropertyValueSpecification\",\"valueRequired\":true,\"valueName\":\"search_term_string\"}}],\"inLanguage\":\"fr-FR\"},{\"@type\":\"Organization\",\"@id\":\"https:\/\/www.international-student-office.org\/#organization\",\"name\":\"International Student Office\",\"url\":\"https:\/\/www.international-student-office.org\/\",\"logo\":{\"@type\":\"ImageObject\",\"inLanguage\":\"fr-FR\",\"@id\":\"https:\/\/www.international-student-office.org\/#\/schema\/logo\/image\/\",\"url\":\"https:\/\/www.international-student-office.org\/wp-content\/uploads\/2014\/09\/iso_logo.png\",\"contentUrl\":\"https:\/\/www.international-student-office.org\/wp-content\/uploads\/2014\/09\/iso_logo.png\",\"width\":300,\"height\":113,\"caption\":\"International Student Office\"},\"image\":{\"@id\":\"https:\/\/www.international-student-office.org\/#\/schema\/logo\/image\/\"}}]}<\/script>\n<!-- \/ Yoast SEO plugin. -->","yoast_head_json":{"title":"Victoria Ehmer - International Student Office","description":"Mon nom est Victoria Ehmer et je suis impatiente de vous accompagner dans la r\u00e9alisation de votre r\u00eave de d\u00e9couvrir des pays et des cultures \u00e9trang\u00e8res.","robots":{"index":"index","follow":"follow","max-snippet":"max-snippet:-1","max-image-preview":"max-image-preview:large","max-video-preview":"max-video-preview:-1"},"canonical":"https:\/\/www.international-student-office.org\/fr\/a-propos-de-nous\/notre-equipe\/victoria-ehmer\/","og_locale":"fr_FR","og_type":"article","og_title":"Victoria Ehmer - International Student Office","og_description":"Mon nom est Victoria Ehmer et je suis impatiente de vous accompagner dans la r\u00e9alisation de votre r\u00eave de d\u00e9couvrir des pays et des cultures \u00e9trang\u00e8res.","og_url":"https:\/\/www.international-student-office.org\/fr\/a-propos-de-nous\/notre-equipe\/victoria-ehmer\/","og_site_name":"International Student Office","article_modified_time":"2024-03-26T14:27:41+00:00","og_image":[{"url":"https:\/\/www.international-student-office.org\/wp-content\/uploads\/2024\/03\/Victoria-Ehmer-ISO.jpg","type":"","width":"","height":""}],"twitter_misc":{"Dur\u00e9e de lecture estim\u00e9e":"2 minutes"},"schema":{"@context":"https:\/\/schema.org","@graph":[{"@type":"WebPage","@id":"https:\/\/www.international-student-office.org\/fr\/a-propos-de-nous\/notre-equipe\/victoria-ehmer\/","url":"https:\/\/www.international-student-office.org\/fr\/a-propos-de-nous\/notre-equipe\/victoria-ehmer\/","name":"Victoria Ehmer - International Student Office","isPartOf":{"@id":"https:\/\/www.international-student-office.org\/#website"},"primaryImageOfPage":{"@id":"https:\/\/www.international-student-office.org\/fr\/a-propos-de-nous\/notre-equipe\/victoria-ehmer\/#primaryimage"},"image":{"@id":"https:\/\/www.international-student-office.org\/fr\/a-propos-de-nous\/notre-equipe\/victoria-ehmer\/#primaryimage"},"thumbnailUrl":"https:\/\/www.international-student-office.org\/wp-content\/uploads\/2024\/03\/Victoria-Ehmer-ISO.jpg","datePublished":"2024-03-15T07:04:07+00:00","dateModified":"2024-03-26T14:27:41+00:00","description":"Mon nom est Victoria Ehmer et je suis impatiente de vous accompagner dans la r\u00e9alisation de votre r\u00eave de d\u00e9couvrir des pays et des cultures \u00e9trang\u00e8res.","breadcrumb":{"@id":"https:\/\/www.international-student-office.org\/fr\/a-propos-de-nous\/notre-equipe\/victoria-ehmer\/#breadcrumb"},"inLanguage":"fr-FR","potentialAction":[{"@type":"ReadAction","target":["https:\/\/www.international-student-office.org\/fr\/a-propos-de-nous\/notre-equipe\/victoria-ehmer\/"]}]},{"@type":"ImageObject","inLanguage":"fr-FR","@id":"https:\/\/www.international-student-office.org\/fr\/a-propos-de-nous\/notre-equipe\/victoria-ehmer\/#primaryimage","url":"https:\/\/www.international-student-office.org\/wp-content\/uploads\/2024\/03\/Victoria-Ehmer-ISO.jpg","contentUrl":"https:\/\/www.international-student-office.org\/wp-content\/uploads\/2024\/03\/Victoria-Ehmer-ISO.jpg"},{"@type":"BreadcrumbList","@id":"https:\/\/www.international-student-office.org\/fr\/a-propos-de-nous\/notre-equipe\/victoria-ehmer\/#breadcrumb","itemListElement":[{"@type":"ListItem","position":1,"name":"Home","item":"https:\/\/www.international-student-office.org\/fr\/"},{"@type":"ListItem","position":2,"name":"\u00c0 propos de nous","item":"https:\/\/www.international-student-office.org\/fr\/a-propos-de-nous\/"},{"@type":"ListItem","position":3,"name":"Notre \u00e9quipe","item":"https:\/\/www.international-student-office.org\/fr\/a-propos-de-nous\/notre-equipe\/"},{"@type":"ListItem","position":4,"name":"Victoria Ehmer"}]},{"@type":"WebSite","@id":"https:\/\/www.international-student-office.org\/#website","url":"https:\/\/www.international-student-office.org\/","name":"International Student Office","description":"","publisher":{"@id":"https:\/\/www.international-student-office.org\/#organization"},"potentialAction":[{"@type":"SearchAction","target":{"@type":"EntryPoint","urlTemplate":"https:\/\/www.international-student-office.org\/?s={search_term_string}"},"query-input":{"@type":"PropertyValueSpecification","valueRequired":true,"valueName":"search_term_string"}}],"inLanguage":"fr-FR"},{"@type":"Organization","@id":"https:\/\/www.international-student-office.org\/#organization","name":"International Student Office","url":"https:\/\/www.international-student-office.org\/","logo":{"@type":"ImageObject","inLanguage":"fr-FR","@id":"https:\/\/www.international-student-office.org\/#\/schema\/logo\/image\/","url":"https:\/\/www.international-student-office.org\/wp-content\/uploads\/2014\/09\/iso_logo.png","contentUrl":"https:\/\/www.international-student-office.org\/wp-content\/uploads\/2014\/09\/iso_logo.png","width":300,"height":113,"caption":"International Student Office"},"image":{"@id":"https:\/\/www.international-student-office.org\/#\/schema\/logo\/image\/"}}]}},"_links":{"self":[{"href":"https:\/\/www.international-student-office.org\/fr\/wp-json\/wp\/v2\/pages\/108565","targetHints":{"allow":["GET"]}}],"collection":[{"href":"https:\/\/www.international-student-office.org\/fr\/wp-json\/wp\/v2\/pages"}],"about":[{"href":"https:\/\/www.international-student-office.org\/fr\/wp-json\/wp\/v2\/types\/page"}],"author":[{"embeddable":true,"href":"https:\/\/www.international-student-office.org\/fr\/wp-json\/wp\/v2\/users\/12"}],"replies":[{"embeddable":true,"href":"https:\/\/www.international-student-office.org\/fr\/wp-json\/wp\/v2\/comments?post=108565"}],"version-history":[{"count":4,"href":"https:\/\/www.international-student-office.org\/fr\/wp-json\/wp\/v2\/pages\/108565\/revisions"}],"predecessor-version":[{"id":108724,"href":"https:\/\/www.international-student-office.org\/fr\/wp-json\/wp\/v2\/pages\/108565\/revisions\/108724"}],"up":[{"embeddable":true,"href":"https:\/\/www.international-student-office.org\/fr\/wp-json\/wp\/v2\/pages\/22534"}],"wp:attachment":[{"href":"https:\/\/www.international-student-office.org\/fr\/wp-json\/wp\/v2\/media?parent=108565"}],"curies":[{"name":"wp","href":"https:\/\/api.w.org\/{rel}","templated":true}]}}