{"id":22157,"date":"2014-10-31T17:34:32","date_gmt":"2014-10-31T17:34:32","guid":{"rendered":"http:\/\/www.international-student-office.org\/stipendien-auslandssemester-2\/"},"modified":"2019-12-16T11:49:24","modified_gmt":"2019-12-16T11:49:24","slug":"bourses-d-etudes","status":"publish","type":"page","link":"https:\/\/www.international-student-office.org\/fr\/bourse\/bourses-d-etudes\/","title":{"rendered":"Bourses d\u2019\u00e9tudes"},"content":{"rendered":"<p>[et_pb_section bb_built=\u00a0\u00bb1&Prime; admin_label=\u00a0\u00bbsection\u00a0\u00bb fullwidth=\u00a0\u00bboff\u00a0\u00bb specialty=\u00a0\u00bboff\u00a0\u00bb][et_pb_row admin_label=\u00a0\u00bbrow\u00a0\u00bb][et_pb_column type=\u00a0\u00bb2_3&Prime;][et_pb_slider admin_label=\u00a0\u00bbSlider\u00a0\u00bb show_arrows=\u00a0\u00bboff\u00a0\u00bb show_pagination=\u00a0\u00bboff\u00a0\u00bb auto=\u00a0\u00bboff\u00a0\u00bb parallax=\u00a0\u00bboff\u00a0\u00bb]<\/p>\n<p>[et_pb_slide background_color=\u00a0\u00bb#ffffff\u00a0\u00bb alignment=\u00a0\u00bbcenter\u00a0\u00bb background_layout=\u00a0\u00bbdark\u00a0\u00bb background_image=\u00a0\u00bb\/wp-content\/uploads\/2015\/07\/HEADER_SLIDER_TAFELN_Bourse_Financement_fr1.jpg\u00a0\u00bb \/]<\/p>\n<p>[\/et_pb_slider][et_pb_text admin_label=\u00a0\u00bbText\u00a0\u00bb background_layout=\u00a0\u00bblight\u00a0\u00bb text_orientation=\u00a0\u00bbleft\u00a0\u00bb use_border_color=\u00a0\u00bboff\u00a0\u00bb border_color=\u00a0\u00bb#ffffff\u00a0\u00bb border_style=\u00a0\u00bbsolid\u00a0\u00bb]<\/p>\n<h1 class=\"p1\" style=\"text-align: justify;\">Bourse<\/h1>\n<h2 class=\"p1\" style=\"text-align: justify;\">Bourses pour programmes d\u2019\u00e9tudes \u00e0 l\u2019\u00e9tranger<\/h2>\n<p class=\"p1\" style=\"text-align: justify;\">Vous souhaitez passer un semestre \u00e0 l\u2019\u00e9tranger ou r\u00e9aliser un cursus complet\u00a0? Vous avez d\u00e9j\u00e0 pos\u00e9 votre candidature via l\u2019International Student Office pour effectuer un s\u00e9jour d\u2019\u00e9tudes \u00e0 l\u2019<a title=\"International College of Management, Sydney\" href=\"https:\/\/www.international-student-office.org\/fr\/etudier-en-australie\/\" target=\"_blank\" rel=\"noopener noreferrer\">International College of Management, Sydney<\/a> (Australie), la <a title=\"Vancouver Island University\" href=\"https:\/\/www.international-student-office.org\/fr\/etudier-au-canada\/\" target=\"_blank\" rel=\"noopener noreferrer\">Vancouver Island University<\/a> (Canada), ou la <a title=\"National University\" href=\"https:\/\/www.international-student-office.org\/fr\/etudier-aux-etats-unis\/\" target=\"_blank\" rel=\"noopener noreferrer\">National University<\/a> (\u00c9tats-Unis) ? G\u00e9nial\u00a0! Alors pourquoi ne pas poser votre candidature \u00e0 l\u2019obtention d\u2019une bourse\u00a0?<\/p>\n<p class=\"p1\" style=\"text-align: justify;\">Nous attribuons chaque ann\u00e9e plusieurs bourses d\u2019\u00e9tudes pour chacune de nos universit\u00e9s. Vous trouverez ci-dessous plus d\u2019informations sur les conditions d\u2019attribution des bourses et sur les modalit\u00e9s de candidature.<\/p>\n<h2 class=\"p1\" style=\"text-align: justify;\">Comment puis-je poser ma candidature \u00e0 l\u2019obtention d\u2019une bourse ?<\/h2>\n<p class=\"p1\" style=\"text-align: justify;\">Veuillez adresser un CV ainsi qu\u2019une lettre de motivation, r\u00e9dig\u00e9s tous deux en anglais, \u00e0 notre bureau europ\u00e9en de Darmstadt, Allemagne. Nous vous encourageons \u00e0 faire preuve de cr\u00e9ativit\u00e9 et acceptons avec plaisir les vid\u00e9os de motivation en plus &#8211; ou \u00e0 la place &#8211; d\u2019une lettre, \u00e0 votre convenance. Qualit\u00e9 et cr\u00e9ativit\u00e9 des candidatures constituent les deux crit\u00e8res d\u00e9cisifs dans le choix des \u00e9tudiants boursiers. Nous attendons avec h\u00e2te vos dossiers ! Pensez \u00e0 consultez les paragraphes qui suivent pour conna\u00eetre les diff\u00e9rentes modalit\u00e9s de candidature.<\/p>\n<h2 class=\"p1\" style=\"text-align: justify;\">\u00c0 quoi m\u2019engage ma bourse ?<\/h2>\n<p class=\"p1\" style=\"text-align: justify;\">Chaque \u00e9tudiant boursier s&rsquo;engage \u00e0 r\u00e9diger 10 rapports d\u2019exp\u00e9rience \u2013 5 en anglais et 5 dans sa langue maternelle. Ils joindront 3 photos de leur s\u00e9jour d\u2019\u00e9tudes par rapport d\u2019exp\u00e9rience. Nous publions r\u00e9guli\u00e8rement les rapports d\u2019exp\u00e9rience de nos boursiers sur notre site internet et nos r\u00e9seaux sociaux. Cela permet aux \u00e9tudiants attir\u00e9s par des \u00e9tudes \u00e0 l\u2019\u00e9tranger d\u2019obtenir une premi\u00e8re impression de ce qui les attend de l\u2019autre c\u00f4t\u00e9 de l\u2019oc\u00e9an\u00a0! Jetez un coup d\u2019\u0153il \u00e0 <a title=\"Blog &amp; Videos\" href=\"https:\/\/www.international-student-office.org\/fr\/blog\/\" target=\"_blank\" rel=\"noopener noreferrer\">nos derniers rapports d\u2019exp\u00e9rience<\/a> !<\/p>\n<h2 class=\"p1\" style=\"text-align: justify;\">Plus d\u2019informations sur nos bourses<\/h2>\n<p class=\"p1\" style=\"text-align: justify;\">Si vous souhaitez poser votre candidature \u00e0 l\u2019obtention de l\u2019une de nos bourses d\u2019\u00e9tudes, veuillez consulter les informations correspondantes\u00a0:<\/p>\n<p class=\"p1\" style=\"text-align: justify;\"><a title=\"Bourse - Australie\" href=\"https:\/\/www.international-student-office.org\/fr\/bourse\/bourse-australie\/\">Bourse &#8211; Australie<\/a><\/p>\n<p class=\"p1\" style=\"text-align: justify;\"><a title=\"Bourse - \u00c9tats-Unis\" href=\"https:\/\/www.international-student-office.org\/fr\/bourse\/bourse-etats-unis\/\">Bourse &#8211; \u00c9tats-Unis<\/a><\/p>\n<p class=\"p1\" style=\"text-align: justify;\"><a title=\"Bourse - Canada\" href=\"https:\/\/www.international-student-office.org\/fr\/bourse\/bourse-canada\/\">Bourse &#8211; Canada<\/a><\/p>\n<p class=\"p1\" style=\"text-align: justify;\">Nous attendons votre candidature avec impatience !<\/p>\n<p>[\/et_pb_text][\/et_pb_column][et_pb_column type=\u00a0\u00bb1_3&Prime;][et_pb_blurb admin_label=\u00a0\u00bbBlurb\u00a0\u00bb title=\u00a0\u00bb\u00c9tudier en Australie\u00a0\u00bb url=\u00a0\u00bb\/fr\/etudier-en-australie\/\u00a0\u00bb url_new_window=\u00a0\u00bboff\u00a0\u00bb use_icon=\u00a0\u00bboff\u00a0\u00bb icon_color=\u00a0\u00bb#006ab3&Prime; use_circle=\u00a0\u00bboff\u00a0\u00bb circle_color=\u00a0\u00bb#006ab3&Prime; use_circle_border=\u00a0\u00bboff\u00a0\u00bb circle_border_color=\u00a0\u00bb#006ab3&Prime; image=\u00a0\u00bb\/wp-content\/uploads\/2014\/10\/icms_slider_02.jpg\u00a0\u00bb icon_placement=\u00a0\u00bbtop\u00a0\u00bb animation=\u00a0\u00bbtop\u00a0\u00bb background_layout=\u00a0\u00bblight\u00a0\u00bb text_orientation=\u00a0\u00bbcenter\u00a0\u00bb \/][et_pb_blurb admin_label=\u00a0\u00bbBlurb\u00a0\u00bb title=\u00a0\u00bb\u00c9tudier en Canada\u00a0\u00bb url=\u00a0\u00bb\/fr\/etudier-au-canada\/\u00a0\u00bb url_new_window=\u00a0\u00bboff\u00a0\u00bb use_icon=\u00a0\u00bboff\u00a0\u00bb icon_color=\u00a0\u00bb#006ab3&Prime; use_circle=\u00a0\u00bboff\u00a0\u00bb circle_color=\u00a0\u00bb#006ab3&Prime; use_circle_border=\u00a0\u00bboff\u00a0\u00bb circle_border_color=\u00a0\u00bb#006ab3&Prime; image=\u00a0\u00bb\/wp-content\/uploads\/2014\/10\/vu_slider.jpg\u00a0\u00bb icon_placement=\u00a0\u00bbtop\u00a0\u00bb animation=\u00a0\u00bbtop\u00a0\u00bb background_layout=\u00a0\u00bblight\u00a0\u00bb text_orientation=\u00a0\u00bbcenter\u00a0\u00bb \/][et_pb_blurb admin_label=\u00a0\u00bbBlurb\u00a0\u00bb title=\u00a0\u00bb\u00c9tudier aux \u00c9tats-Unis\u00a0\u00bb url=\u00a0\u00bb\/fr\/etudier-aux-etats-unis\/\u00a0\u00bb url_new_window=\u00a0\u00bboff\u00a0\u00bb use_icon=\u00a0\u00bboff\u00a0\u00bb icon_color=\u00a0\u00bb#006ab3&Prime; use_circle=\u00a0\u00bboff\u00a0\u00bb circle_color=\u00a0\u00bb#006ab3&Prime; use_circle_border=\u00a0\u00bboff\u00a0\u00bb circle_border_color=\u00a0\u00bb#006ab3&Prime; image=\u00a0\u00bb\/wp-content\/uploads\/2014\/10\/slider_nu_new1.jpg\u00a0\u00bb icon_placement=\u00a0\u00bbtop\u00a0\u00bb animation=\u00a0\u00bbtop\u00a0\u00bb background_layout=\u00a0\u00bblight\u00a0\u00bb text_orientation=\u00a0\u00bbcenter\u00a0\u00bb \/][et_pb_image admin_label=\u00a0\u00bbImage\u00a0\u00bb src=\u00a0\u00bbhttps:\/\/www.international-student-office.org\/wp-content\/uploads\/2014\/10\/Live-Travel_Adventure.jpg\u00a0\u00bb show_in_lightbox=\u00a0\u00bboff\u00a0\u00bb url_new_window=\u00a0\u00bboff\u00a0\u00bb animation=\u00a0\u00bbleft\u00a0\u00bb \/][\/et_pb_column][\/et_pb_row][\/et_pb_section]<\/p>\n","protected":false},"excerpt":{"rendered":"<p>Bourse Bourses pour programmes d\u2019\u00e9tudes \u00e0 l\u2019\u00e9tranger Vous souhaitez passer un semestre \u00e0 l\u2019\u00e9tranger ou r\u00e9aliser un cursus complet\u00a0? Vous avez d\u00e9j\u00e0 pos\u00e9 votre candidature via l\u2019International Student Office pour effectuer un s\u00e9jour d\u2019\u00e9tudes \u00e0 l\u2019International College of Management, Sydney (Australie), la Vancouver Island University (Canada), ou la National University (\u00c9tats-Unis) ? G\u00e9nial\u00a0! Alors pourquoi [&hellip;]<\/p>\n","protected":false},"author":4,"featured_media":0,"parent":22436,"menu_order":0,"comment_status":"open","ping_status":"open","template":"","meta":{"_et_pb_use_builder":"on","_et_pb_old_content":"<h1 class=\"p1\" style=\"text-align: justify;\">Stipendien<\/h1><h2 class=\"p1\" style=\"text-align: justify;\">Stipendien f\u00fcr Ihr Auslandssemester<\/h2><p class=\"p1\" style=\"text-align: justify;\">Sie m\u00f6chten Ihr Auslandssemester oder Ihr Studium an einer unserer drei Universit\u00e4ten im Ausland verbringen? Sie haben sich bereits \u00fcber unser europ\u00e4isches B\u00fcro des International College of Management, Sydney, der National University, San Diego\/L.A. oder der Vancouver Island University, Nanaimo, beworben? Dann bewerben Sie sich jetzt f\u00fcr eines unserer Stipendien!<\/p><p class=\"p1\" style=\"text-align: justify;\">Wir bieten verschiedene Stipendien f\u00fcr Ihren Auslandsaufenthalt an unseren drei englischsprachigen Universit\u00e4ten an. Im Folgenden erfahren Sie, was Sie f\u00fcr Ihre Bewerbung ben\u00f6tigen:<\/p><h2 class=\"p1\" style=\"text-align: justify;\">Wie kann ich mich um die Stipendien bewerben?<\/h2><p class=\"p1\" style=\"text-align: justify;\">Bitte senden Sie uns Ihren Lebenslauf sowie ein Motivationsschreiben in englischer Sprache. Gerne k\u00f6nnen Sie hier sehr kreativ sein und uns auch ein Motivationsvideo oder Vergleichbares schicken. Wir freuen uns immer \u00fcber interessante Bewerbungen! Das genaue Thema des Motivationsschreibens k\u00f6nnen Sie f\u00fcr jede unserer Universit\u00e4ten individuell einsehen.<\/p><h2 class=\"p1\" style=\"text-align: justify;\">Was muss ich noch machen?<\/h2><p class=\"p1\" style=\"text-align: justify;\">Unsere gl\u00fccklichen Stipendiengewinner schreiben f\u00fcr uns 5 Erfahrungsberichte auf Englisch sowie 5 auf Deutsch und senden je Bericht 3 selbst gemachte Bilder mit ein. Diese ver\u00f6ffentlichen wir regelm\u00e4\u00dfig auf unserer Webseite und in unseren Social Media Kan\u00e4len, damit Studieninteressierte Informationen von Studierenden vor Ort aus erster Hand bekommen. Schauen Sie doch einfach mal in unsere bisherigen Erfahrungsberichte!<\/p><h2 class=\"p1\" style=\"text-align: justify;\">Weitere Infos zu den Stipendien<\/h2><p class=\"p1\" style=\"text-align: justify;\">Wenn Sie sich f\u00fcr eines unserer Stipendien interessieren, dann schauen Sie bitte hier:<\/p><p class=\"p1\" style=\"text-align: justify;\"><a title=\"Stipendium Australien\" href=\"\/stipendium\/stipendium-australien\/\">Stipendium Australien<\/a><\/p><p class=\"p1\" style=\"text-align: justify;\"><a title=\"Stipendium USA\" href=\"\/stipendium\/stipendium-usa\/\">Stipendium USA<\/a><\/p><p class=\"p1\" style=\"text-align: justify;\"><a title=\"Stipendium Kanada\" href=\"\/stipendium\/stipendium-kanada\/\">Stipendium Kanada<\/a><\/p><p class=\"p1\" style=\"text-align: justify;\">Wir freuen uns auf Ihre Bewerbung!<\/p>","_et_gb_content_width":"","footnotes":""},"class_list":["post-22157","page","type-page","status-publish","hentry"],"yoast_head":"<!-- This site is optimized with the Yoast SEO plugin v26.8 - https:\/\/yoast.com\/product\/yoast-seo-wordpress\/ -->\n<title>Bourse<\/title>\n<meta name=\"description\" content=\"Obtenez une bourse et partez \u00e9tudier \u00e0 l\u2019\u00e9tranger ! L\u2019International Student Office attribue des bourses pour \u00e9tudier aux USA, en Australie et au Canada.\" \/>\n<meta name=\"robots\" content=\"index, follow, max-snippet:-1, max-image-preview:large, max-video-preview:-1\" \/>\n<link rel=\"canonical\" href=\"https:\/\/www.international-student-office.org\/fr\/bourse\/bourses-d-etudes\/\" \/>\n<meta property=\"og:locale\" content=\"fr_FR\" \/>\n<meta property=\"og:type\" content=\"article\" \/>\n<meta property=\"og:title\" content=\"Bourse\" \/>\n<meta property=\"og:description\" content=\"Obtenez une bourse et partez \u00e9tudier \u00e0 l\u2019\u00e9tranger ! L\u2019International Student Office attribue des bourses pour \u00e9tudier aux USA, en Australie et au Canada.\" \/>\n<meta property=\"og:url\" content=\"https:\/\/www.international-student-office.org\/fr\/bourse\/bourses-d-etudes\/\" \/>\n<meta property=\"og:site_name\" content=\"International Student Office\" \/>\n<meta property=\"article:modified_time\" content=\"2019-12-16T11:49:24+00:00\" \/>\n<meta name=\"twitter:label1\" content=\"Dur\u00e9e de lecture estim\u00e9e\" \/>\n\t<meta name=\"twitter:data1\" content=\"3 minutes\" \/>\n<script type=\"application\/ld+json\" class=\"yoast-schema-graph\">{\"@context\":\"https:\/\/schema.org\",\"@graph\":[{\"@type\":\"WebPage\",\"@id\":\"https:\/\/www.international-student-office.org\/fr\/bourse\/bourses-d-etudes\/\",\"url\":\"https:\/\/www.international-student-office.org\/fr\/bourse\/bourses-d-etudes\/\",\"name\":\"Bourse\",\"isPartOf\":{\"@id\":\"https:\/\/www.international-student-office.org\/#website\"},\"datePublished\":\"2014-10-31T17:34:32+00:00\",\"dateModified\":\"2019-12-16T11:49:24+00:00\",\"description\":\"Obtenez une bourse et partez \u00e9tudier \u00e0 l\u2019\u00e9tranger ! L\u2019International Student Office attribue des bourses pour \u00e9tudier aux USA, en Australie et au Canada.\",\"breadcrumb\":{\"@id\":\"https:\/\/www.international-student-office.org\/fr\/bourse\/bourses-d-etudes\/#breadcrumb\"},\"inLanguage\":\"fr-FR\",\"potentialAction\":[{\"@type\":\"ReadAction\",\"target\":[\"https:\/\/www.international-student-office.org\/fr\/bourse\/bourses-d-etudes\/\"]}]},{\"@type\":\"BreadcrumbList\",\"@id\":\"https:\/\/www.international-student-office.org\/fr\/bourse\/bourses-d-etudes\/#breadcrumb\",\"itemListElement\":[{\"@type\":\"ListItem\",\"position\":1,\"name\":\"Home\",\"item\":\"https:\/\/www.international-student-office.org\/fr\/\"},{\"@type\":\"ListItem\",\"position\":2,\"name\":\"Bourses d&rsquo;\u00e9tudes \u00e0 l&rsquo;\u00e9tranger\",\"item\":\"https:\/\/www.international-student-office.org\/fr\/bourse\/\"},{\"@type\":\"ListItem\",\"position\":3,\"name\":\"Bourses d\u2019\u00e9tudes\"}]},{\"@type\":\"WebSite\",\"@id\":\"https:\/\/www.international-student-office.org\/#website\",\"url\":\"https:\/\/www.international-student-office.org\/\",\"name\":\"International Student Office\",\"description\":\"\",\"publisher\":{\"@id\":\"https:\/\/www.international-student-office.org\/#organization\"},\"potentialAction\":[{\"@type\":\"SearchAction\",\"target\":{\"@type\":\"EntryPoint\",\"urlTemplate\":\"https:\/\/www.international-student-office.org\/?s={search_term_string}\"},\"query-input\":{\"@type\":\"PropertyValueSpecification\",\"valueRequired\":true,\"valueName\":\"search_term_string\"}}],\"inLanguage\":\"fr-FR\"},{\"@type\":\"Organization\",\"@id\":\"https:\/\/www.international-student-office.org\/#organization\",\"name\":\"International Student Office\",\"url\":\"https:\/\/www.international-student-office.org\/\",\"logo\":{\"@type\":\"ImageObject\",\"inLanguage\":\"fr-FR\",\"@id\":\"https:\/\/www.international-student-office.org\/#\/schema\/logo\/image\/\",\"url\":\"https:\/\/www.international-student-office.org\/wp-content\/uploads\/2014\/09\/iso_logo.png\",\"contentUrl\":\"https:\/\/www.international-student-office.org\/wp-content\/uploads\/2014\/09\/iso_logo.png\",\"width\":300,\"height\":113,\"caption\":\"International Student Office\"},\"image\":{\"@id\":\"https:\/\/www.international-student-office.org\/#\/schema\/logo\/image\/\"}}]}<\/script>\n<!-- \/ Yoast SEO plugin. -->","yoast_head_json":{"title":"Bourse","description":"Obtenez une bourse et partez \u00e9tudier \u00e0 l\u2019\u00e9tranger ! L\u2019International Student Office attribue des bourses pour \u00e9tudier aux USA, en Australie et au Canada.","robots":{"index":"index","follow":"follow","max-snippet":"max-snippet:-1","max-image-preview":"max-image-preview:large","max-video-preview":"max-video-preview:-1"},"canonical":"https:\/\/www.international-student-office.org\/fr\/bourse\/bourses-d-etudes\/","og_locale":"fr_FR","og_type":"article","og_title":"Bourse","og_description":"Obtenez une bourse et partez \u00e9tudier \u00e0 l\u2019\u00e9tranger ! L\u2019International Student Office attribue des bourses pour \u00e9tudier aux USA, en Australie et au Canada.","og_url":"https:\/\/www.international-student-office.org\/fr\/bourse\/bourses-d-etudes\/","og_site_name":"International Student Office","article_modified_time":"2019-12-16T11:49:24+00:00","twitter_misc":{"Dur\u00e9e de lecture estim\u00e9e":"3 minutes"},"schema":{"@context":"https:\/\/schema.org","@graph":[{"@type":"WebPage","@id":"https:\/\/www.international-student-office.org\/fr\/bourse\/bourses-d-etudes\/","url":"https:\/\/www.international-student-office.org\/fr\/bourse\/bourses-d-etudes\/","name":"Bourse","isPartOf":{"@id":"https:\/\/www.international-student-office.org\/#website"},"datePublished":"2014-10-31T17:34:32+00:00","dateModified":"2019-12-16T11:49:24+00:00","description":"Obtenez une bourse et partez \u00e9tudier \u00e0 l\u2019\u00e9tranger ! L\u2019International Student Office attribue des bourses pour \u00e9tudier aux USA, en Australie et au Canada.","breadcrumb":{"@id":"https:\/\/www.international-student-office.org\/fr\/bourse\/bourses-d-etudes\/#breadcrumb"},"inLanguage":"fr-FR","potentialAction":[{"@type":"ReadAction","target":["https:\/\/www.international-student-office.org\/fr\/bourse\/bourses-d-etudes\/"]}]},{"@type":"BreadcrumbList","@id":"https:\/\/www.international-student-office.org\/fr\/bourse\/bourses-d-etudes\/#breadcrumb","itemListElement":[{"@type":"ListItem","position":1,"name":"Home","item":"https:\/\/www.international-student-office.org\/fr\/"},{"@type":"ListItem","position":2,"name":"Bourses d&rsquo;\u00e9tudes \u00e0 l&rsquo;\u00e9tranger","item":"https:\/\/www.international-student-office.org\/fr\/bourse\/"},{"@type":"ListItem","position":3,"name":"Bourses d\u2019\u00e9tudes"}]},{"@type":"WebSite","@id":"https:\/\/www.international-student-office.org\/#website","url":"https:\/\/www.international-student-office.org\/","name":"International Student Office","description":"","publisher":{"@id":"https:\/\/www.international-student-office.org\/#organization"},"potentialAction":[{"@type":"SearchAction","target":{"@type":"EntryPoint","urlTemplate":"https:\/\/www.international-student-office.org\/?s={search_term_string}"},"query-input":{"@type":"PropertyValueSpecification","valueRequired":true,"valueName":"search_term_string"}}],"inLanguage":"fr-FR"},{"@type":"Organization","@id":"https:\/\/www.international-student-office.org\/#organization","name":"International Student Office","url":"https:\/\/www.international-student-office.org\/","logo":{"@type":"ImageObject","inLanguage":"fr-FR","@id":"https:\/\/www.international-student-office.org\/#\/schema\/logo\/image\/","url":"https:\/\/www.international-student-office.org\/wp-content\/uploads\/2014\/09\/iso_logo.png","contentUrl":"https:\/\/www.international-student-office.org\/wp-content\/uploads\/2014\/09\/iso_logo.png","width":300,"height":113,"caption":"International Student Office"},"image":{"@id":"https:\/\/www.international-student-office.org\/#\/schema\/logo\/image\/"}}]}},"_links":{"self":[{"href":"https:\/\/www.international-student-office.org\/fr\/wp-json\/wp\/v2\/pages\/22157","targetHints":{"allow":["GET"]}}],"collection":[{"href":"https:\/\/www.international-student-office.org\/fr\/wp-json\/wp\/v2\/pages"}],"about":[{"href":"https:\/\/www.international-student-office.org\/fr\/wp-json\/wp\/v2\/types\/page"}],"author":[{"embeddable":true,"href":"https:\/\/www.international-student-office.org\/fr\/wp-json\/wp\/v2\/users\/4"}],"replies":[{"embeddable":true,"href":"https:\/\/www.international-student-office.org\/fr\/wp-json\/wp\/v2\/comments?post=22157"}],"version-history":[{"count":0,"href":"https:\/\/www.international-student-office.org\/fr\/wp-json\/wp\/v2\/pages\/22157\/revisions"}],"up":[{"embeddable":true,"href":"https:\/\/www.international-student-office.org\/fr\/wp-json\/wp\/v2\/pages\/22436"}],"wp:attachment":[{"href":"https:\/\/www.international-student-office.org\/fr\/wp-json\/wp\/v2\/media?parent=22157"}],"curies":[{"name":"wp","href":"https:\/\/api.w.org\/{rel}","templated":true}]}}