{"id":22169,"date":"2014-10-17T23:51:27","date_gmt":"2014-10-17T23:51:27","guid":{"rendered":"http:\/\/www.international-student-office.org\/visum-kanada\/"},"modified":"2024-07-19T06:25:53","modified_gmt":"2024-07-19T06:25:53","slug":"visa-canada","status":"publish","type":"page","link":"https:\/\/www.international-student-office.org\/fr\/trucs-astuces-etudes-a-l-etranger\/visa\/visa-canada\/","title":{"rendered":"Visa Canada"},"content":{"rendered":"<p>[et_pb_section fb_built=\u00a0\u00bb1&Prime; admin_label=\u00a0\u00bbsection\u00a0\u00bb _builder_version=\u00a0\u00bb4.16&Prime; global_colors_info=\u00a0\u00bb{}\u00a0\u00bb][et_pb_row admin_label=\u00a0\u00bbrow\u00a0\u00bb _builder_version=\u00a0\u00bb4.16&Prime; background_size=\u00a0\u00bbinitial\u00a0\u00bb background_position=\u00a0\u00bbtop_left\u00a0\u00bb background_repeat=\u00a0\u00bbrepeat\u00a0\u00bb global_colors_info=\u00a0\u00bb{}\u00a0\u00bb column_structure=\u00a0\u00bb2_3,1_3&Prime;][et_pb_column type=\u00a0\u00bb2_3&Prime; _builder_version=\u00a0\u00bb4.16&Prime; custom_padding=\u00a0\u00bb|||\u00a0\u00bb global_colors_info=\u00a0\u00bb{}\u00a0\u00bb custom_padding__hover=\u00a0\u00bb|||\u00a0\u00bb][et_pb_text admin_label=\u00a0\u00bbText\u00a0\u00bb _builder_version=\u00a0\u00bb4.25.2&Prime; background_size=\u00a0\u00bbinitial\u00a0\u00bb background_position=\u00a0\u00bbtop_left\u00a0\u00bb background_repeat=\u00a0\u00bbrepeat\u00a0\u00bb hover_enabled=\u00a0\u00bb0&Prime; use_border_color=\u00a0\u00bboff\u00a0\u00bb border_color=\u00a0\u00bb#ffffff\u00a0\u00bb border_style=\u00a0\u00bbsolid\u00a0\u00bb global_colors_info=\u00a0\u00bb{}\u00a0\u00bb sticky_enabled=\u00a0\u00bb0&Prime;]<\/p>\n<h2 class=\"p2\" style=\"text-align: justify;\">Visa Canada<\/h2>\n<p class=\"p2\" style=\"text-align: justify;\">Vous avez pos\u00e9 votre candidature pour un s\u00e9jour d\u2019\u00e9tudes \u00e0 la <a title=\"Vancouver Island University\" href=\"\/fr\/etudier-au-canada\/viu\/\">Vancouver Island University<\/a>, situ\u00e9e dans la magnifique province de Colombie Britannique, et votre dossier a \u00e9t\u00e9 accept\u00e9\u00a0? F\u00e9licitations\u00a0! Vous \u00eates presque pr\u00eat pour d\u00e9buter votre aventure au Canada\u00a0! Presque\u2026<\/p>\n<h2 class=\"p2\" style=\"text-align: justify;\">Visa Canada \u2013 Foire aux questions<\/h2>\n<p class=\"p2\" style=\"text-align: justify;\">Quelles sont les prochaines \u00e9tapes ? Ai-je besoin d\u2019un visa pour \u00e9tudier \u00e0 la VIU\u00a0? Cette question est l\u2019une des plus fr\u00e9quemment pos\u00e9es par les \u00e9tudiants qui pr\u00e9parent un s\u00e9jour d\u2019\u00e9tudes au Canada. Pas de panique\u00a0! Le processus d\u2019obtention de visa n\u2019est pas si compliqu\u00e9 et vous pourriez m\u00eame ne pas en avoir besoin. Asseyez-vous confortablement, lisez ce qui suit et d\u00e9couvrez ce qu\u2019il faut savoir sur votre p\u00e9riode d\u2019\u00e9tudes au Canada.<\/p>\n<p class=\"p2\" style=\"text-align: justify;\">Les \u00e9tudiants europ\u00e9ens qui partent \u00e9tudier \u00e0 la Vancouver Island University pour un seul semestre n\u2019ont pas besoin de faire de demande de visa, mais leur s\u00e9jour au Canada ne peut exc\u00e9der 6 mois. Vous pouvez en effet enter au Canada en tant que touriste. Vous aurez dans ce cas besoin d\u2019un passeport valide et d&rsquo;un AVE (autorisation de voyage \u00e9lectronique). Veuillez v\u00e9rifier que votre visa est valide pour l\u2019int\u00e9gralit\u00e9 de votre s\u00e9jour au Canada.<\/p>\n<p>[\/et_pb_text][et_pb_text _builder_version=\u00a0\u00bb4.25.2&Prime; _module_preset=\u00a0\u00bbdefault\u00a0\u00bb disabled_on=\u00a0\u00bbon|on|on\u00a0\u00bb disabled=\u00a0\u00bbon\u00a0\u00bb hover_enabled=\u00a0\u00bb0&Prime; sticky_enabled=\u00a0\u00bb0&Prime;]<\/p>\n<h2 class=\"p2\" style=\"text-align: justify;\">Visa Canada \u2013 Study Permit<\/h2>\n<p class=\"p2\" style=\"text-align: justify;\">Les \u00e9tudiants \u00e9trangers qui envisagent de trouver un job sur le campus de la VIU ont besoin d\u2019un visa valide appel\u00e9 Study Permit. Vous pouvez poser votre candidature \u00e0 l\u2019obtention d\u2019un Study Permit soit en personne, soit par voie postale, aupr\u00e8s de l\u2019ambassade canadienne de votre pays de r\u00e9sidence, ou dans la majorit\u00e9 des cas en ligne. Vous serez probablement ensuite demand\u00e9 de donner vos donn\u00e9es biom\u00e9triques \u00e0 Berlin ou Lyon apr\u00e8s. Vous trouverez, en t\u00e9l\u00e9chargement, plus d\u2019informations sur le processus de candidature ainsi que sur les documents \u00e0 fournir sur le site internet de <a title=\"l\u2019ambassade du Canada\" href=\"http:\/\/www.cic.gc.ca\/english\/study\/study.asp\" target=\"_blank\" rel=\"noopener noreferrer\">l\u2019ambassade du Canada<\/a>.<\/p>\n<p class=\"p2\" style=\"text-align: justify;\"><strong>Veuillez joindre votre candidature au moins 4 semaines avant la date de votre d\u00e9part au Canada. <\/strong><\/p>\n<p class=\"p2\" style=\"text-align: justify;\">Si vous souhaitez \u00e9tudier \u00e0 la VIU plus d\u2019un semestre (plus de 6 mois), vous aurez besoin d\u2019un Study Permit. Veuillez faire votre demande de Study Permit avant votre d\u00e9part pour le Canada\u00a0: une demande r\u00e9alis\u00e9e sur place pourrait en effet s\u2019av\u00e9rer beaucoup plus compliqu\u00e9e. Une demande de Study Permit faite avant votre d\u00e9part ne pose aucun probl\u00e8me\u00a0!<\/p>\n<p class=\"p2\" style=\"text-align: justify;\">L\u2019International Student Office fournit ces informations \u00e0 titre indicatif et se d\u00e9gage de toute responsabilit\u00e9 quant aux donn\u00e9es relatives aux visas. Veuillez-vous adresser \u00e0 l\u2019ambassade du Canada avant votre d\u00e9part.<\/p>\n<p>&nbsp;[\/et_pb_text][\/et_pb_column][et_pb_column type=\u00a0\u00bb1_3&Prime; _builder_version=\u00a0\u00bb4.16&Prime; custom_padding=\u00a0\u00bb|||\u00a0\u00bb global_colors_info=\u00a0\u00bb{}\u00a0\u00bb custom_padding__hover=\u00a0\u00bb|||\u00a0\u00bb][et_pb_sidebar orientation=\u00a0\u00bbright\u00a0\u00bb area=\u00a0\u00bbet_pb_widget_area_11&Prime; admin_label=\u00a0\u00bbSidebar\u00a0\u00bb _builder_version=\u00a0\u00bb4.16&Prime; global_colors_info=\u00a0\u00bb{}\u00a0\u00bb][\/et_pb_sidebar][et_pb_text admin_label=\u00a0\u00bbText\u00a0\u00bb _builder_version=\u00a0\u00bb4.16&Prime; background_size=\u00a0\u00bbinitial\u00a0\u00bb background_position=\u00a0\u00bbtop_left\u00a0\u00bb background_repeat=\u00a0\u00bbrepeat\u00a0\u00bb global_colors_info=\u00a0\u00bb{}\u00a0\u00bb]<\/p>\n<p style=\"text-align: center;\"><a href='\/fr\/viu-demander-des-informations-lp\/' class='small-button smallblue'>Demander des informations sur VIU<\/a><\/p>\n<p>[\/et_pb_text][et_pb_text admin_label=\u00a0\u00bbText\u00a0\u00bb _builder_version=\u00a0\u00bb4.16&Prime; background_size=\u00a0\u00bbinitial\u00a0\u00bb background_position=\u00a0\u00bbtop_left\u00a0\u00bb background_repeat=\u00a0\u00bbrepeat\u00a0\u00bb global_colors_info=\u00a0\u00bb{}\u00a0\u00bb]<iframe loading=\"lazy\" style=\"border: none; overflow: hidden; width: 250px; height: 558px;\" src=\"\/\/www.facebook.com\/plugins\/likebox.php?href=https%3A%2F%2Fwww.facebook.com%2FISO.AuslandsstudiumVancouverIslandUniversityVIU&amp;width=250&amp;height=558&amp;colorscheme=light&amp;show_faces=true&amp;header=false&amp;stream=true&amp;show_border=false&amp;appId=544701905585449\" width=\"300\" height=\"150\" frameborder=\"0\" scrolling=\"no\"><\/iframe><br \/>\n[\/et_pb_text][\/et_pb_column][\/et_pb_row][\/et_pb_section]<\/p>\n","protected":false},"excerpt":{"rendered":"<p>Visa Canada Vous avez pos\u00e9 votre candidature pour un s\u00e9jour d\u2019\u00e9tudes \u00e0 la Vancouver Island University, situ\u00e9e dans la magnifique province de Colombie Britannique, et votre dossier a \u00e9t\u00e9 accept\u00e9\u00a0? F\u00e9licitations\u00a0! Vous \u00eates presque pr\u00eat pour d\u00e9buter votre aventure au Canada\u00a0! Presque\u2026 Visa Canada \u2013 Foire aux questions Quelles sont les prochaines \u00e9tapes ? Ai-je [&hellip;]<\/p>\n","protected":false},"author":4,"featured_media":0,"parent":22175,"menu_order":0,"comment_status":"open","ping_status":"open","template":"","meta":{"_et_pb_use_builder":"on","_et_pb_old_content":"<h2 class=\"p2\" style=\"text-align: justify;\">Visum Kanada<\/h2><p class=\"p2\" style=\"text-align: justify;\">Sie haben sich um einen Studienplatz an der <a title=\"Vancouver Island University\" href=\"\/studieren-in-kanada\/viu\/\">Vancouver Island University<\/a> im sch\u00f6nen British Columbia beworben und diesen auch bekommen? Gl\u00fcckwunsch! Nun steht Ihrem Auslandsstudium in Kanada also nichts mehr im Wege. Oder doch?<\/p><h2 class=\"p2\" style=\"text-align: justify;\">Visum Kanada - H\u00e4ufig gestellte Fragen<\/h2><p class=\"p2\" style=\"text-align: justify;\">Welche sind die n\u00e4chsten Schritte? Ben\u00f6tige ich ein Visum? \u2013 Das fragen sich Studierende h\u00e4ufig erst, wenn die erste H\u00fcrde \u2013 die Bewerbung \u2013 genommen ist. Keine Panik! F\u00fcr das Auslandsstudium in Kanada ist kein langwieriger aufwendiger Visa-Prozess n\u00f6tig. Gehen Sie Ihr Abenteuer Auslandsstudium an der VIU entspannt an und lesen Sie hier alles, was Sie zum Thema Visum f\u00fcr Kanada wissen m\u00fcssen:<\/p><p class=\"p2\" style=\"text-align: justify;\">Studierende, die nicht l\u00e4nger als sechs Monate in Kanada bleiben, k\u00f6nnen ohne Studierendenvisum in Kanada einreisen. Falls Sie also nur f\u00fcr ein Semester an der VIU studieren und daher weniger als 6 Monate in Kanada bleiben werden, ben\u00f6tigen Sie kein Visum f\u00fcr Ihren Aufenthalt, sondern nur einen g\u00fcltigen Reisepass bei der Einreise.<span class=\"Apple-converted-space\">\u00a0 <\/span>Achtung: Wichtig ist, dass Ihr Reisepass \u00fcber die gesamte Zeit Ihres Aufenthalts in Kanada g\u00fcltig ist.<\/p><h2 class=\"p2\" style=\"text-align: justify;\">Visum Kanada - Arbeitserlaubnis<\/h2><p class=\"p2\" style=\"text-align: justify;\">Auslandssemester-Studierende, die planen, sich f\u00fcr einen<span class=\"Apple-converted-space\">\u00a0 <\/span>Job auf dem Campus der VIU zu bewerben, ben\u00f6tigen jedoch ein Study Permit. Dieses kann entweder pers\u00f6nlich, postalisch bei der kanadischen Botschaft, oder in den meisten F\u00e4llen auch online beantragt werden. Informationen zum Antragsverfahren, den erforderlichen Unterlagen sowie das Antragsformular als PDF-Datei finden Sie auf der <a title=\"Visum Kanada - Auslandssemester\" href=\"http:\/\/www.cic.gc.ca\/english\/study\/study.asp\" target=\"_blank\">Website der kanadischen Botschaft<\/a>.<span class=\"Apple-converted-space\">\u00a0 \u00a0 \u00a0 \u00a0 \u00a0 \u00a0 \u00a0 \u00a0\u00a0<\/span><\/p><p class=\"p2\" style=\"text-align: justify;\"><strong>Ihren Antrag sollten Sie sp\u00e4testens 4 Wochen vor geplanter Abreise nach Kanada einreichen.<\/strong><\/p><p class=\"p2\" style=\"text-align: justify;\">Wenn Sie zwei Semester an der VIU studieren bzw. l\u00e4nger als 6 Monate, brauchen Sie auf jeden Fall ein Study Permit. Dieses sollten Sie auf jeden Fall vor Ihrer Abreise nach Kanada beantragen, da dies in Kanada selber sehr kompliziert werden k\u00f6nnte.<\/p><p class=\"p2\" style=\"text-align: justify;\">Alles halb so kompliziert, wie gedacht, oder? Dann kann das <a title=\"Auslandssemester Kanada\" href=\"\/auslandssemester\/auslandssemester-kanada\/\">Auslandsstudium<\/a> in Beautiful British Columbia ja losgehen und Sie eine aufregende und tolle Zeit in Kanada erleben!<\/p><p class=\"p2\" style=\"text-align: justify;\">*F\u00fcr Informationen zu Visa und Einreisebestimmungen k\u00f6nnen wir leider keine Haftung \u00fcbernehmen. Bitte informieren Sie sich vor Abreise daher eigenverantwortlich bei der kanadischen Botschaft.<\/p>","_et_gb_content_width":"","footnotes":""},"class_list":["post-22169","page","type-page","status-publish","hentry"],"yoast_head":"<!-- This site is optimized with the Yoast SEO plugin v26.8 - https:\/\/yoast.com\/product\/yoast-seo-wordpress\/ -->\n<title>Visa Canada<\/title>\n<meta name=\"description\" content=\"Vous souhaitez partir \u00e9tudier au Canada ? L\u2019International Student Office vous donne ses trucs et astuces concernant l\u2019obtention d\u2019un visa canadien !\" \/>\n<meta name=\"robots\" content=\"index, follow, max-snippet:-1, max-image-preview:large, max-video-preview:-1\" \/>\n<link rel=\"canonical\" href=\"https:\/\/www.international-student-office.org\/fr\/trucs-astuces-etudes-a-l-etranger\/visa\/visa-canada\/\" \/>\n<meta property=\"og:locale\" content=\"fr_FR\" \/>\n<meta property=\"og:type\" content=\"article\" \/>\n<meta property=\"og:title\" content=\"Visa Canada\" \/>\n<meta property=\"og:description\" content=\"Vous souhaitez partir \u00e9tudier au Canada ? L\u2019International Student Office vous donne ses trucs et astuces concernant l\u2019obtention d\u2019un visa canadien !\" \/>\n<meta property=\"og:url\" content=\"https:\/\/www.international-student-office.org\/fr\/trucs-astuces-etudes-a-l-etranger\/visa\/visa-canada\/\" \/>\n<meta property=\"og:site_name\" content=\"International Student Office\" \/>\n<meta property=\"article:modified_time\" content=\"2024-07-19T06:25:53+00:00\" \/>\n<meta name=\"twitter:label1\" content=\"Dur\u00e9e de lecture estim\u00e9e\" \/>\n\t<meta name=\"twitter:data1\" content=\"2 minutes\" \/>\n<script type=\"application\/ld+json\" class=\"yoast-schema-graph\">{\"@context\":\"https:\/\/schema.org\",\"@graph\":[{\"@type\":\"WebPage\",\"@id\":\"https:\/\/www.international-student-office.org\/fr\/trucs-astuces-etudes-a-l-etranger\/visa\/visa-canada\/\",\"url\":\"https:\/\/www.international-student-office.org\/fr\/trucs-astuces-etudes-a-l-etranger\/visa\/visa-canada\/\",\"name\":\"Visa Canada\",\"isPartOf\":{\"@id\":\"https:\/\/www.international-student-office.org\/#website\"},\"datePublished\":\"2014-10-17T23:51:27+00:00\",\"dateModified\":\"2024-07-19T06:25:53+00:00\",\"description\":\"Vous souhaitez partir \u00e9tudier au Canada ? L\u2019International Student Office vous donne ses trucs et astuces concernant l\u2019obtention d\u2019un visa canadien !\",\"breadcrumb\":{\"@id\":\"https:\/\/www.international-student-office.org\/fr\/trucs-astuces-etudes-a-l-etranger\/visa\/visa-canada\/#breadcrumb\"},\"inLanguage\":\"fr-FR\",\"potentialAction\":[{\"@type\":\"ReadAction\",\"target\":[\"https:\/\/www.international-student-office.org\/fr\/trucs-astuces-etudes-a-l-etranger\/visa\/visa-canada\/\"]}]},{\"@type\":\"BreadcrumbList\",\"@id\":\"https:\/\/www.international-student-office.org\/fr\/trucs-astuces-etudes-a-l-etranger\/visa\/visa-canada\/#breadcrumb\",\"itemListElement\":[{\"@type\":\"ListItem\",\"position\":1,\"name\":\"Home\",\"item\":\"https:\/\/www.international-student-office.org\/fr\/\"},{\"@type\":\"ListItem\",\"position\":2,\"name\":\"Trucs &#038; astuces\",\"item\":\"https:\/\/www.international-student-office.org\/fr\/trucs-astuces-etudes-a-l-etranger\/\"},{\"@type\":\"ListItem\",\"position\":3,\"name\":\"Visa\",\"item\":\"https:\/\/www.international-student-office.org\/fr\/trucs-astuces-etudes-a-l-etranger\/visa\/\"},{\"@type\":\"ListItem\",\"position\":4,\"name\":\"Visa Canada\"}]},{\"@type\":\"WebSite\",\"@id\":\"https:\/\/www.international-student-office.org\/#website\",\"url\":\"https:\/\/www.international-student-office.org\/\",\"name\":\"International Student Office\",\"description\":\"\",\"publisher\":{\"@id\":\"https:\/\/www.international-student-office.org\/#organization\"},\"potentialAction\":[{\"@type\":\"SearchAction\",\"target\":{\"@type\":\"EntryPoint\",\"urlTemplate\":\"https:\/\/www.international-student-office.org\/?s={search_term_string}\"},\"query-input\":{\"@type\":\"PropertyValueSpecification\",\"valueRequired\":true,\"valueName\":\"search_term_string\"}}],\"inLanguage\":\"fr-FR\"},{\"@type\":\"Organization\",\"@id\":\"https:\/\/www.international-student-office.org\/#organization\",\"name\":\"International Student Office\",\"url\":\"https:\/\/www.international-student-office.org\/\",\"logo\":{\"@type\":\"ImageObject\",\"inLanguage\":\"fr-FR\",\"@id\":\"https:\/\/www.international-student-office.org\/#\/schema\/logo\/image\/\",\"url\":\"https:\/\/www.international-student-office.org\/wp-content\/uploads\/2014\/09\/iso_logo.png\",\"contentUrl\":\"https:\/\/www.international-student-office.org\/wp-content\/uploads\/2014\/09\/iso_logo.png\",\"width\":300,\"height\":113,\"caption\":\"International Student Office\"},\"image\":{\"@id\":\"https:\/\/www.international-student-office.org\/#\/schema\/logo\/image\/\"}}]}<\/script>\n<!-- \/ Yoast SEO plugin. -->","yoast_head_json":{"title":"Visa Canada","description":"Vous souhaitez partir \u00e9tudier au Canada ? L\u2019International Student Office vous donne ses trucs et astuces concernant l\u2019obtention d\u2019un visa canadien !","robots":{"index":"index","follow":"follow","max-snippet":"max-snippet:-1","max-image-preview":"max-image-preview:large","max-video-preview":"max-video-preview:-1"},"canonical":"https:\/\/www.international-student-office.org\/fr\/trucs-astuces-etudes-a-l-etranger\/visa\/visa-canada\/","og_locale":"fr_FR","og_type":"article","og_title":"Visa Canada","og_description":"Vous souhaitez partir \u00e9tudier au Canada ? L\u2019International Student Office vous donne ses trucs et astuces concernant l\u2019obtention d\u2019un visa canadien !","og_url":"https:\/\/www.international-student-office.org\/fr\/trucs-astuces-etudes-a-l-etranger\/visa\/visa-canada\/","og_site_name":"International Student Office","article_modified_time":"2024-07-19T06:25:53+00:00","twitter_misc":{"Dur\u00e9e de lecture estim\u00e9e":"2 minutes"},"schema":{"@context":"https:\/\/schema.org","@graph":[{"@type":"WebPage","@id":"https:\/\/www.international-student-office.org\/fr\/trucs-astuces-etudes-a-l-etranger\/visa\/visa-canada\/","url":"https:\/\/www.international-student-office.org\/fr\/trucs-astuces-etudes-a-l-etranger\/visa\/visa-canada\/","name":"Visa Canada","isPartOf":{"@id":"https:\/\/www.international-student-office.org\/#website"},"datePublished":"2014-10-17T23:51:27+00:00","dateModified":"2024-07-19T06:25:53+00:00","description":"Vous souhaitez partir \u00e9tudier au Canada ? L\u2019International Student Office vous donne ses trucs et astuces concernant l\u2019obtention d\u2019un visa canadien !","breadcrumb":{"@id":"https:\/\/www.international-student-office.org\/fr\/trucs-astuces-etudes-a-l-etranger\/visa\/visa-canada\/#breadcrumb"},"inLanguage":"fr-FR","potentialAction":[{"@type":"ReadAction","target":["https:\/\/www.international-student-office.org\/fr\/trucs-astuces-etudes-a-l-etranger\/visa\/visa-canada\/"]}]},{"@type":"BreadcrumbList","@id":"https:\/\/www.international-student-office.org\/fr\/trucs-astuces-etudes-a-l-etranger\/visa\/visa-canada\/#breadcrumb","itemListElement":[{"@type":"ListItem","position":1,"name":"Home","item":"https:\/\/www.international-student-office.org\/fr\/"},{"@type":"ListItem","position":2,"name":"Trucs &#038; astuces","item":"https:\/\/www.international-student-office.org\/fr\/trucs-astuces-etudes-a-l-etranger\/"},{"@type":"ListItem","position":3,"name":"Visa","item":"https:\/\/www.international-student-office.org\/fr\/trucs-astuces-etudes-a-l-etranger\/visa\/"},{"@type":"ListItem","position":4,"name":"Visa Canada"}]},{"@type":"WebSite","@id":"https:\/\/www.international-student-office.org\/#website","url":"https:\/\/www.international-student-office.org\/","name":"International Student Office","description":"","publisher":{"@id":"https:\/\/www.international-student-office.org\/#organization"},"potentialAction":[{"@type":"SearchAction","target":{"@type":"EntryPoint","urlTemplate":"https:\/\/www.international-student-office.org\/?s={search_term_string}"},"query-input":{"@type":"PropertyValueSpecification","valueRequired":true,"valueName":"search_term_string"}}],"inLanguage":"fr-FR"},{"@type":"Organization","@id":"https:\/\/www.international-student-office.org\/#organization","name":"International Student Office","url":"https:\/\/www.international-student-office.org\/","logo":{"@type":"ImageObject","inLanguage":"fr-FR","@id":"https:\/\/www.international-student-office.org\/#\/schema\/logo\/image\/","url":"https:\/\/www.international-student-office.org\/wp-content\/uploads\/2014\/09\/iso_logo.png","contentUrl":"https:\/\/www.international-student-office.org\/wp-content\/uploads\/2014\/09\/iso_logo.png","width":300,"height":113,"caption":"International Student Office"},"image":{"@id":"https:\/\/www.international-student-office.org\/#\/schema\/logo\/image\/"}}]}},"_links":{"self":[{"href":"https:\/\/www.international-student-office.org\/fr\/wp-json\/wp\/v2\/pages\/22169","targetHints":{"allow":["GET"]}}],"collection":[{"href":"https:\/\/www.international-student-office.org\/fr\/wp-json\/wp\/v2\/pages"}],"about":[{"href":"https:\/\/www.international-student-office.org\/fr\/wp-json\/wp\/v2\/types\/page"}],"author":[{"embeddable":true,"href":"https:\/\/www.international-student-office.org\/fr\/wp-json\/wp\/v2\/users\/4"}],"replies":[{"embeddable":true,"href":"https:\/\/www.international-student-office.org\/fr\/wp-json\/wp\/v2\/comments?post=22169"}],"version-history":[{"count":1,"href":"https:\/\/www.international-student-office.org\/fr\/wp-json\/wp\/v2\/pages\/22169\/revisions"}],"predecessor-version":[{"id":109136,"href":"https:\/\/www.international-student-office.org\/fr\/wp-json\/wp\/v2\/pages\/22169\/revisions\/109136"}],"up":[{"embeddable":true,"href":"https:\/\/www.international-student-office.org\/fr\/wp-json\/wp\/v2\/pages\/22175"}],"wp:attachment":[{"href":"https:\/\/www.international-student-office.org\/fr\/wp-json\/wp\/v2\/media?parent=22169"}],"curies":[{"name":"wp","href":"https:\/\/api.w.org\/{rel}","templated":true}]}}