{"id":22172,"date":"2014-10-17T23:50:25","date_gmt":"2014-10-17T23:50:25","guid":{"rendered":"http:\/\/www.international-student-office.org\/visum-usa\/"},"modified":"2016-02-15T14:56:57","modified_gmt":"2016-02-15T14:56:57","slug":"visa-etats-unis","status":"publish","type":"page","link":"https:\/\/www.international-student-office.org\/fr\/trucs-astuces-etudes-a-l-etranger\/visa\/visa-etats-unis\/","title":{"rendered":"Visa \u00c9tats-Unis"},"content":{"rendered":"<p>[et_pb_section][et_pb_row][et_pb_column type=\u00a0\u00bb2_3&Prime;][et_pb_text admin_label=\u00a0\u00bbText\u00a0\u00bb background_layout=\u00a0\u00bblight\u00a0\u00bb text_orientation=\u00a0\u00bbleft\u00a0\u00bb]<\/p>\n<h1 class=\"p1\" style=\"text-align: justify;\">Visa \u00c9tats-Unis<\/h1>\n<p class=\"p1\" style=\"text-align: justify;\">Pour \u00e9tudier aux \u00c9tats-Unis, les \u00e9tudiants europ\u00e9ens ont besoin du visa F-1. Les \u00e9tudiants titulaires de ce visa peuvent vivre et \u00e9tudier \u00e0 plein temps aux \u00c9tats-Unis et b\u00e9n\u00e9ficient, \u00e0 l\u2019issue de leurs \u00e9tudes, d\u2019une p\u00e9riode de gr\u00e2ce. La dur\u00e9e de votre visa d\u00e9pend de celle de votre programme d\u2019\u00e9tudes. Le concept p\u00e9dagogique innovant \u00ab\u00a0un cours par mois\u00a0\u00bb permet aux \u00e9tudiants de d\u00e9buter \u00e0 la p\u00e9riode qui les arrange le plus, tout au long de l\u2019ann\u00e9e \u2013 la p\u00e9riode de validit\u00e9 de vote visa sera adapt\u00e9e \u00e0 votre p\u00e9riode d\u2019\u00e9tudes. La p\u00e9riode de gr\u00e2ce vous autorise \u00e0 arriver 30 jours avant le d\u00e9but de vos \u00e9tudes et \u00e0 rester aux \u00c9tats-Unis jusqu\u2019\u00e0 60 jours apr\u00e8s la fin de votre programme d\u2019\u00e9tudes \u00e0 la National University \u2013 une belle occasion de d\u00e9couvrir les \u00c9tats-Unis\u00a0!<\/p>\n<h2 class=\"p1\" style=\"text-align: justify;\">Visa \u00c9tats-Unis \u2013 La marche \u00e0 suivre<\/h2>\n<p class=\"p1\" style=\"text-align: justify;\">D\u00e8s que votre dossier d\u2019inscription sera complet et que la National University l\u2019aura valid\u00e9, vous recevrez le document I-20 par voie postale. Ce document, indispensable pour faire votre demande de visa, contient toutes les informations importantes touchant \u00e0 votre programme d\u2019\u00e9tudes, votre future universit\u00e9 \u00e0 l\u2019\u00e9tranger, vos informations personnelles, et a valeur de preuve officielle de votre inscription \u00e0 la National University. On vous demandera de fournir le document I-20 lors de votre rendez-vous \u00e0 l\u2019ambassade am\u00e9ricaine. En effet, les \u00e9tudiants doivent faire une demande de visa en ligne et sont ensuite invit\u00e9s \u00e0 se pr\u00e9senter \u00e0 un entretien \u00e0 l\u2019ambassade am\u00e9ricaine de leur pays de r\u00e9sidence, au cours duquel ils doivent fournir un certain nombre de documents.<\/p>\n<p class=\"p1\" style=\"text-align: justify;\">Le processus d\u2019inscription en ligne contient des questions sur l\u2019organisation de vos \u00e9tudes et de votre vie aux \u00c9tats-Unis mais aussi des questions plus personnelles\u00a0: vos voyages pass\u00e9s, les raisons de votre s\u00e9jour aux \u00c9tats-Unis ou vos contacts sur place. On vous demandera bien s\u00fbr \u00e0 quelle p\u00e9riode vous envisagez de retourner dans votre pays de r\u00e9sidence. Avant d\u2019organiser le rendez-vous \u00e0 l\u2019ambassade, veuillez-vous assurer que vous avez pay\u00e9 les frais de demande de visa ainsi que les frais SEVIS (Student and Exchange Visitor Information System).<\/p>\n<p class=\"p1\" style=\"text-align: justify;\">Dans un premier temps, remplissez le formulaire DS-160 en ligne et imprimez la version digitale. Payez ensuite les frais SEVIS. Vous trouverez votre num\u00e9ro SEVIS sur le c\u00f4t\u00e9 droit du I-20. L\u2019on vous demandera ensuite de faire une demande de rendez-vous. Une fois vos documents approuv\u00e9s et apr\u00e8s un court entretien, vous recevrez votre visa par voie postale sous 10 \u00e0 12 jours.<\/p>\n<p class=\"p1\" style=\"text-align: justify;\"><strong>ATTENTION !<\/strong> D\u00e9tenir un visa F-1 vous autorise \u00e0 \u00e9tudier aux \u00c9tats-Unis \u00e0 temps plein mais ne vous autorise ni \u00e0 travailler aux \u00c9tats-Unis en parall\u00e8le de vos \u00e9tudes ni \u00e0 r\u00e9aliser un stage r\u00e9mun\u00e9r\u00e9.<\/p>\n<p class=\"p1\" style=\"text-align: justify;\">Vous avez d&rsquo;autres questions touchant au visa ou aux \u00e9tudes aux \u00c9tats-Unis ? Contactez-nous ! Nous vous aidons \u00e0 faire le bon choix &#8211; gratuitement et sans engagement !<\/p>\n<p class=\"p1\" style=\"text-align: justify;\"><a href='\/fr\/nu-demander-des-informations-lp\/' class='big-button bigblue'>Demander des informations sur les \u00e9tudes \u00e0 la National University<\/a><\/p>\n<p>[\/et_pb_text][\/et_pb_column][et_pb_column type=\u00a0\u00bb1_3&Prime;][et_pb_sidebar admin_label=\u00a0\u00bbSidebar\u00a0\u00bb orientation=\u00a0\u00bbright\u00a0\u00bb area=\u00a0\u00bbet_pb_widget_area_13&Prime; background_layout=\u00a0\u00bblight\u00a0\u00bb \/][et_pb_text admin_label=\u00a0\u00bbText\u00a0\u00bb background_layout=\u00a0\u00bblight\u00a0\u00bb text_orientation=\u00a0\u00bbleft\u00a0\u00bb]<\/p>\n<p style=\"text-align: center;\"><a href='\/fr\/nu-demander-des-informations-lp\/' class='big-button bigblue'>Demander des informations sur la National University<\/a><\/p>\n<p class=\"p1\" style=\"text-align: justify;\">[\/et_pb_text][et_pb_text admin_label=\u00a0\u00bbText\u00a0\u00bb background_layout=\u00a0\u00bblight\u00a0\u00bb text_orientation=\u00a0\u00bbleft\u00a0\u00bb]<iframe loading=\"lazy\" style=\"border: none; overflow: hidden; width: 300px; height: 558px;\" src=\"\/\/www.facebook.com\/plugins\/likebox.php?href=https%3A%2F%2Fwww.facebook.com%2FISO.NationalUniversityNUCaliforniaUSA&amp;width=300&amp;height=558&amp;colorscheme=light&amp;show_faces=true&amp;header=false&amp;stream=true&amp;show_border=false&amp;appId=544701905585449\" width=\"300\" height=\"150\" frameborder=\"0\" scrolling=\"no\"><\/iframe>[\/et_pb_text][et_pb_social_media_follow admin_label=\u00a0\u00bbSocial Media Follow\u00a0\u00bb link_shape=\u00a0\u00bbrounded_rectangle\u00a0\u00bb background_layout=\u00a0\u00bblight\u00a0\u00bb url_new_window=\u00a0\u00bboff\u00a0\u00bb follow_button=\u00a0\u00bboff\u00a0\u00bb][et_pb_social_media_follow_network social_network=\u00a0\u00bbfacebook\u00a0\u00bb url=\u00a0\u00bbhttps:\/\/www.facebook.com\/ISO.NationalUniversityNUCaliforniaUSA\u00a0\u00bb bg_color=\u00a0\u00bb#3b5998&Prime;]facebook[\/et_pb_social_media_follow_network][et_pb_social_media_follow_network social_network=\u00a0\u00bbtwitter\u00a0\u00bb url=\u00a0\u00bbhttps:\/\/twitter.com\/auslandsstudium\u00a0\u00bb bg_color=\u00a0\u00bb#00aced\u00a0\u00bb]Twitter[\/et_pb_social_media_follow_network][et_pb_social_media_follow_network social_network=\u00a0\u00bbgoogle-plus\u00a0\u00bb url=\u00a0\u00bbhttps:\/\/plus.google.com\/108935771748784079351\/posts\u00a0\u00bb bg_color=\u00a0\u00bb#dd4b39&Prime;]Google+[\/et_pb_social_media_follow_network][et_pb_social_media_follow_network social_network=\u00a0\u00bbinstagram\u00a0\u00bb url=\u00a0\u00bbhttp:\/\/instagram.com\/isoinstagram\u00a0\u00bb bg_color=\u00a0\u00bb#517fa4&Prime;]Instagram[\/et_pb_social_media_follow_network][et_pb_social_media_follow_network social_network=\u00a0\u00bbpinterest\u00a0\u00bb url=\u00a0\u00bbhttp:\/\/www.pinterest.com\/Auslandsstudium\/national-university-usa\/\u00a0\u00bb bg_color=\u00a0\u00bb#cb2027&Prime;]Pinterest[\/et_pb_social_media_follow_network][\/et_pb_social_media_follow][\/et_pb_column][\/et_pb_row][\/et_pb_section]<\/p>\n","protected":false},"excerpt":{"rendered":"<p><div class=\"et_pb_section et_pb_section_0 et_section_regular\" >\n\t\t\t\t\n\t\t\t\t\n\t\t\t\t\n\t\t\t\t\n\t\t\t\t\n\t\t\t\t\n\t\t\t\t\n\t\t\t\t\n\t\t\t\t\n\t\t\t<\/div><div class=\"et_pb_row et_pb_row_0 et_pb_row_empty\">\n\t\t\t\t\n\t\t\t\t\n\t\t\t\t\n\t\t\t\t\n\t\t\t\t\n\t\t\t<\/div> Visa \u00c9tats-Unis Pour \u00e9tudier aux \u00c9tats-Unis, les \u00e9tudiants europ\u00e9ens ont besoin du visa F-1. Les \u00e9tudiants titulaires de ce visa peuvent vivre et \u00e9tudier \u00e0 plein temps aux \u00c9tats-Unis et b\u00e9n\u00e9ficient, \u00e0 l\u2019issue de leurs \u00e9tudes, d\u2019une p\u00e9riode de gr\u00e2ce. La dur\u00e9e de votre visa d\u00e9pend de celle de votre programme d\u2019\u00e9tudes. Le concept [&hellip;]<\/p>\n","protected":false},"author":4,"featured_media":0,"parent":22175,"menu_order":0,"comment_status":"open","ping_status":"open","template":"","meta":{"_et_pb_use_builder":"on","_et_pb_old_content":"<h1 class=\"p1\" style=\"text-align: justify;\">Visum USA\u00a0<\/h1><p class=\"p1\" style=\"text-align: justify;\">Um in den USA studieren zu k\u00f6nnen, ben\u00f6tigen internationale Studierende ein sogenanntes F-1 Visum. Dieses Visum erlaubt es den Studierenden als Vollzeitstudent an einer amerikanischen Universit\u00e4t eingeschrieben zu sein sowie vor Ort zu leben. Der Zeitraum des Visums ist abh\u00e4ngig von der L\u00e4nge des Studiums im Ausland. Durch das innovative \u201eEin-Kurs-pro-Monat-System\u201c an der<a title=\"Visum USA: National University\" href=\"\/studieren-in-den-usa\/\"> National University<\/a> wird das Visum auch dementsprechend flexibel dem Zeitraum des Auslandsstudiums angepasst. In der Regel haben Studenten zus\u00e4tzlich noch eine sogenannte \u201egrace period\u201c, in der sie vor bzw. nach ihrem Studium noch in den USA verbleiben k\u00f6nnen. Diese \u201egrace period\u201c bel\u00e4uft sich auf 30 Tage vor Studienbeginn und 60 Tage nach Studienende, die oftmals zum Reisen verwendet werden.<\/p><h2 class=\"p1\" style=\"text-align: justify;\">Visum USA - Wie bewerbe ich mich?<\/h2><p class=\"p1\" style=\"text-align: justify;\">Sobald die Bewerbungsunterlagen vollst\u00e4ndig eingereicht und die Evaluierung der National University abgeschlossen ist, erhalten die Studenten das sogenannte I-20 postalisch zugeschickt. Dieses einwanderungsrelevante Dokument dient als offizielle Zusage f\u00fcr einen Studienplatz und wird anschlie\u00dfend bei der amerikanischen Botschaft zur Beantragung des Visums vorgelegt. Die offizielle Beantragung sowie Bezahlung des Visums erfolgt zun\u00e4chst eigenst\u00e4ndig online durch die Studenten und wird mit einem Interview auf einer der drei amerikanischen Botschaften in Deutschland (Frankfurt, M\u00fcnchen, Berlin) abgeschlossen.<\/p><p class=\"p1\" style=\"text-align: justify;\">Das Online-Verfahren beinhaltet die \u00fcblichen einwanderungsrelevanten Fragen, sowie Pers\u00f6nliche Daten, fr\u00fchere Reise ins Ausland, Zweck und Anschrift im Ausland, geplante R\u00fcckreise etc. und erfordert au\u00dferdem im selben Schritt bereits die Zahlung der Visumsgeb\u00fchren. Hierbei muss zuerst ein sogenanntes DS-160 Formular beantragt und erstellt werden, welches ben\u00f6tigt wird um den eigentlichen Antrag des Visums zu stellen. Nach diesem Online-Verfahren werden die Studenten gebeten sich einen Termin auf der ihnen am n\u00e4chsten gelegenen amerikanischen Botschaft zu vereinbaren. Nach Durchsicht aller Unterlagen, der Vorlage des I-20 und einem kurzen Interview erhalten die Studierenden dann ihr Visum USA postalisch von der Botschaft.<\/p><p class=\"p1\" style=\"text-align: justify;\"><strong>WICHTIG!<\/strong> Dieses F-1 Visum USA berechtigt deren Tr\u00e4ger ausschlie\u00dflich zum Studieren in den USA, jedoch ist es hierbei nicht m\u00f6glich neben dem Studium zu arbeiten oder ein bezahltes Praktikum zu machen.<\/p><p class=\"p1\" style=\"text-align: justify;\">Weitere Fragen zum Thema Visum USA oder zum Studium an der National University? Fragen Sie uns! Wir helfen Ihnen gerne weiter - nat\u00fcrlich unverbindlich und kostenlos!<\/p><p class=\"p1\" style=\"text-align: justify;\">[button link=\"\/nu-informationen-anfordern-lp\/\" type=\"big\"] Jetzt Infos zur National University anfordern[\/button]<\/p>","_et_gb_content_width":"","footnotes":""},"class_list":["post-22172","page","type-page","status-publish","hentry"],"yoast_head":"<!-- This site is optimized with the Yoast SEO plugin v26.8 - https:\/\/yoast.com\/product\/yoast-seo-wordpress\/ -->\n<title>Visa \u00c9tats-Unis<\/title>\n<meta name=\"description\" content=\"Vous souhaitez partir \u00e9tudier aux \u00c9tats-Unis ? L\u2019International Student Office vous donne ses trucs et astuces concernant les visas aux \u00c9tats-Unis !\" \/>\n<meta name=\"robots\" content=\"index, follow, max-snippet:-1, max-image-preview:large, max-video-preview:-1\" \/>\n<link rel=\"canonical\" href=\"https:\/\/www.international-student-office.org\/fr\/trucs-astuces-etudes-a-l-etranger\/visa\/visa-etats-unis\/\" \/>\n<meta property=\"og:locale\" content=\"fr_FR\" \/>\n<meta property=\"og:type\" content=\"article\" \/>\n<meta property=\"og:title\" content=\"Visa \u00c9tats-Unis\" \/>\n<meta property=\"og:description\" content=\"Vous souhaitez partir \u00e9tudier aux \u00c9tats-Unis ? L\u2019International Student Office vous donne ses trucs et astuces concernant les visas aux \u00c9tats-Unis !\" \/>\n<meta property=\"og:url\" content=\"https:\/\/www.international-student-office.org\/fr\/trucs-astuces-etudes-a-l-etranger\/visa\/visa-etats-unis\/\" \/>\n<meta property=\"og:site_name\" content=\"International Student Office\" \/>\n<meta property=\"article:modified_time\" content=\"2016-02-15T14:56:57+00:00\" \/>\n<meta name=\"twitter:label1\" content=\"Dur\u00e9e de lecture estim\u00e9e\" \/>\n\t<meta name=\"twitter:data1\" content=\"4 minutes\" \/>\n<script type=\"application\/ld+json\" class=\"yoast-schema-graph\">{\"@context\":\"https:\/\/schema.org\",\"@graph\":[{\"@type\":\"WebPage\",\"@id\":\"https:\/\/www.international-student-office.org\/fr\/trucs-astuces-etudes-a-l-etranger\/visa\/visa-etats-unis\/\",\"url\":\"https:\/\/www.international-student-office.org\/fr\/trucs-astuces-etudes-a-l-etranger\/visa\/visa-etats-unis\/\",\"name\":\"Visa \u00c9tats-Unis\",\"isPartOf\":{\"@id\":\"https:\/\/www.international-student-office.org\/#website\"},\"datePublished\":\"2014-10-17T23:50:25+00:00\",\"dateModified\":\"2016-02-15T14:56:57+00:00\",\"description\":\"Vous souhaitez partir \u00e9tudier aux \u00c9tats-Unis ? L\u2019International Student Office vous donne ses trucs et astuces concernant les visas aux \u00c9tats-Unis !\",\"breadcrumb\":{\"@id\":\"https:\/\/www.international-student-office.org\/fr\/trucs-astuces-etudes-a-l-etranger\/visa\/visa-etats-unis\/#breadcrumb\"},\"inLanguage\":\"fr-FR\",\"potentialAction\":[{\"@type\":\"ReadAction\",\"target\":[\"https:\/\/www.international-student-office.org\/fr\/trucs-astuces-etudes-a-l-etranger\/visa\/visa-etats-unis\/\"]}]},{\"@type\":\"BreadcrumbList\",\"@id\":\"https:\/\/www.international-student-office.org\/fr\/trucs-astuces-etudes-a-l-etranger\/visa\/visa-etats-unis\/#breadcrumb\",\"itemListElement\":[{\"@type\":\"ListItem\",\"position\":1,\"name\":\"Home\",\"item\":\"https:\/\/www.international-student-office.org\/fr\/\"},{\"@type\":\"ListItem\",\"position\":2,\"name\":\"Trucs &#038; astuces\",\"item\":\"https:\/\/www.international-student-office.org\/fr\/trucs-astuces-etudes-a-l-etranger\/\"},{\"@type\":\"ListItem\",\"position\":3,\"name\":\"Visa\",\"item\":\"https:\/\/www.international-student-office.org\/fr\/trucs-astuces-etudes-a-l-etranger\/visa\/\"},{\"@type\":\"ListItem\",\"position\":4,\"name\":\"Visa \u00c9tats-Unis\"}]},{\"@type\":\"WebSite\",\"@id\":\"https:\/\/www.international-student-office.org\/#website\",\"url\":\"https:\/\/www.international-student-office.org\/\",\"name\":\"International Student Office\",\"description\":\"\",\"publisher\":{\"@id\":\"https:\/\/www.international-student-office.org\/#organization\"},\"potentialAction\":[{\"@type\":\"SearchAction\",\"target\":{\"@type\":\"EntryPoint\",\"urlTemplate\":\"https:\/\/www.international-student-office.org\/?s={search_term_string}\"},\"query-input\":{\"@type\":\"PropertyValueSpecification\",\"valueRequired\":true,\"valueName\":\"search_term_string\"}}],\"inLanguage\":\"fr-FR\"},{\"@type\":\"Organization\",\"@id\":\"https:\/\/www.international-student-office.org\/#organization\",\"name\":\"International Student Office\",\"url\":\"https:\/\/www.international-student-office.org\/\",\"logo\":{\"@type\":\"ImageObject\",\"inLanguage\":\"fr-FR\",\"@id\":\"https:\/\/www.international-student-office.org\/#\/schema\/logo\/image\/\",\"url\":\"https:\/\/www.international-student-office.org\/wp-content\/uploads\/2014\/09\/iso_logo.png\",\"contentUrl\":\"https:\/\/www.international-student-office.org\/wp-content\/uploads\/2014\/09\/iso_logo.png\",\"width\":300,\"height\":113,\"caption\":\"International Student Office\"},\"image\":{\"@id\":\"https:\/\/www.international-student-office.org\/#\/schema\/logo\/image\/\"}}]}<\/script>\n<!-- \/ Yoast SEO plugin. -->","yoast_head_json":{"title":"Visa \u00c9tats-Unis","description":"Vous souhaitez partir \u00e9tudier aux \u00c9tats-Unis ? L\u2019International Student Office vous donne ses trucs et astuces concernant les visas aux \u00c9tats-Unis !","robots":{"index":"index","follow":"follow","max-snippet":"max-snippet:-1","max-image-preview":"max-image-preview:large","max-video-preview":"max-video-preview:-1"},"canonical":"https:\/\/www.international-student-office.org\/fr\/trucs-astuces-etudes-a-l-etranger\/visa\/visa-etats-unis\/","og_locale":"fr_FR","og_type":"article","og_title":"Visa \u00c9tats-Unis","og_description":"Vous souhaitez partir \u00e9tudier aux \u00c9tats-Unis ? L\u2019International Student Office vous donne ses trucs et astuces concernant les visas aux \u00c9tats-Unis !","og_url":"https:\/\/www.international-student-office.org\/fr\/trucs-astuces-etudes-a-l-etranger\/visa\/visa-etats-unis\/","og_site_name":"International Student Office","article_modified_time":"2016-02-15T14:56:57+00:00","twitter_misc":{"Dur\u00e9e de lecture estim\u00e9e":"4 minutes"},"schema":{"@context":"https:\/\/schema.org","@graph":[{"@type":"WebPage","@id":"https:\/\/www.international-student-office.org\/fr\/trucs-astuces-etudes-a-l-etranger\/visa\/visa-etats-unis\/","url":"https:\/\/www.international-student-office.org\/fr\/trucs-astuces-etudes-a-l-etranger\/visa\/visa-etats-unis\/","name":"Visa \u00c9tats-Unis","isPartOf":{"@id":"https:\/\/www.international-student-office.org\/#website"},"datePublished":"2014-10-17T23:50:25+00:00","dateModified":"2016-02-15T14:56:57+00:00","description":"Vous souhaitez partir \u00e9tudier aux \u00c9tats-Unis ? L\u2019International Student Office vous donne ses trucs et astuces concernant les visas aux \u00c9tats-Unis !","breadcrumb":{"@id":"https:\/\/www.international-student-office.org\/fr\/trucs-astuces-etudes-a-l-etranger\/visa\/visa-etats-unis\/#breadcrumb"},"inLanguage":"fr-FR","potentialAction":[{"@type":"ReadAction","target":["https:\/\/www.international-student-office.org\/fr\/trucs-astuces-etudes-a-l-etranger\/visa\/visa-etats-unis\/"]}]},{"@type":"BreadcrumbList","@id":"https:\/\/www.international-student-office.org\/fr\/trucs-astuces-etudes-a-l-etranger\/visa\/visa-etats-unis\/#breadcrumb","itemListElement":[{"@type":"ListItem","position":1,"name":"Home","item":"https:\/\/www.international-student-office.org\/fr\/"},{"@type":"ListItem","position":2,"name":"Trucs &#038; astuces","item":"https:\/\/www.international-student-office.org\/fr\/trucs-astuces-etudes-a-l-etranger\/"},{"@type":"ListItem","position":3,"name":"Visa","item":"https:\/\/www.international-student-office.org\/fr\/trucs-astuces-etudes-a-l-etranger\/visa\/"},{"@type":"ListItem","position":4,"name":"Visa \u00c9tats-Unis"}]},{"@type":"WebSite","@id":"https:\/\/www.international-student-office.org\/#website","url":"https:\/\/www.international-student-office.org\/","name":"International Student Office","description":"","publisher":{"@id":"https:\/\/www.international-student-office.org\/#organization"},"potentialAction":[{"@type":"SearchAction","target":{"@type":"EntryPoint","urlTemplate":"https:\/\/www.international-student-office.org\/?s={search_term_string}"},"query-input":{"@type":"PropertyValueSpecification","valueRequired":true,"valueName":"search_term_string"}}],"inLanguage":"fr-FR"},{"@type":"Organization","@id":"https:\/\/www.international-student-office.org\/#organization","name":"International Student Office","url":"https:\/\/www.international-student-office.org\/","logo":{"@type":"ImageObject","inLanguage":"fr-FR","@id":"https:\/\/www.international-student-office.org\/#\/schema\/logo\/image\/","url":"https:\/\/www.international-student-office.org\/wp-content\/uploads\/2014\/09\/iso_logo.png","contentUrl":"https:\/\/www.international-student-office.org\/wp-content\/uploads\/2014\/09\/iso_logo.png","width":300,"height":113,"caption":"International Student Office"},"image":{"@id":"https:\/\/www.international-student-office.org\/#\/schema\/logo\/image\/"}}]}},"_links":{"self":[{"href":"https:\/\/www.international-student-office.org\/fr\/wp-json\/wp\/v2\/pages\/22172","targetHints":{"allow":["GET"]}}],"collection":[{"href":"https:\/\/www.international-student-office.org\/fr\/wp-json\/wp\/v2\/pages"}],"about":[{"href":"https:\/\/www.international-student-office.org\/fr\/wp-json\/wp\/v2\/types\/page"}],"author":[{"embeddable":true,"href":"https:\/\/www.international-student-office.org\/fr\/wp-json\/wp\/v2\/users\/4"}],"replies":[{"embeddable":true,"href":"https:\/\/www.international-student-office.org\/fr\/wp-json\/wp\/v2\/comments?post=22172"}],"version-history":[{"count":0,"href":"https:\/\/www.international-student-office.org\/fr\/wp-json\/wp\/v2\/pages\/22172\/revisions"}],"up":[{"embeddable":true,"href":"https:\/\/www.international-student-office.org\/fr\/wp-json\/wp\/v2\/pages\/22175"}],"wp:attachment":[{"href":"https:\/\/www.international-student-office.org\/fr\/wp-json\/wp\/v2\/media?parent=22172"}],"curies":[{"name":"wp","href":"https:\/\/api.w.org\/{rel}","templated":true}]}}