{"id":22175,"date":"2014-10-17T23:47:51","date_gmt":"2014-10-17T23:47:51","guid":{"rendered":"http:\/\/www.international-student-office.org\/einreise-und-visum\/"},"modified":"2016-02-15T14:51:58","modified_gmt":"2016-02-15T14:51:58","slug":"visa","status":"publish","type":"page","link":"https:\/\/www.international-student-office.org\/fr\/trucs-astuces-etudes-a-l-etranger\/visa\/","title":{"rendered":"Visa"},"content":{"rendered":"<p>[et_pb_section fullwidth=\u00a0\u00bboff\u00a0\u00bb specialty=\u00a0\u00bbon\u00a0\u00bb][et_pb_column type=\u00a0\u00bb3_4&Prime; specialty_columns=\u00a0\u00bb3&Prime;][et_pb_row_inner][et_pb_column_inner type=\u00a0\u00bb4_4&Prime;][et_pb_slider admin_label=\u00a0\u00bbSlider\u00a0\u00bb show_arrows=\u00a0\u00bboff\u00a0\u00bb show_pagination=\u00a0\u00bboff\u00a0\u00bb auto=\u00a0\u00bboff\u00a0\u00bb parallax=\u00a0\u00bboff\u00a0\u00bb][et_pb_slide background_color=\u00a0\u00bb#ffffff\u00a0\u00bb alignment=\u00a0\u00bbcenter\u00a0\u00bb background_layout=\u00a0\u00bbdark\u00a0\u00bb background_image=\u00a0\u00bbhttps:\/\/www.international-student-office.org\/wp-content\/uploads\/2015\/07\/HEADER_SLIDER_TAFELN_TrucsAstuces_fr.jpg\u00a0\u00bb \/][\/et_pb_slider][et_pb_text admin_label=\u00a0\u00bbText\u00a0\u00bb background_layout=\u00a0\u00bblight\u00a0\u00bb text_orientation=\u00a0\u00bbleft\u00a0\u00bb]<\/p>\n<h1 class=\"p1\" style=\"text-align: justify;\">Visa<\/h1>\n<p class=\"p1\" style=\"text-align: justify;\">Vous avez toujours r\u00eav\u00e9 de partir \u00e9tudier en Australie, au Canada ou aux \u00c9tats-Unis pour un semestre ou pour un programme complet\u00a0? Nous pouvons vous aider \u00e0 r\u00e9aliser ce r\u00eave. Mais vivre et \u00e9tudier \u00e0 l\u2019\u00e9tranger pendant plusieurs mois requiert de l\u2019organisation\u00a0!<\/p>\n<p class=\"p1\" style=\"text-align: justify;\">En plus du formulaire d\u2019inscription, de votre certificat de langue anglaise et de votre recherche de logement, il vous faudra obtenir un visa pour votre programme d\u2019\u00e9tudes \u00e0 l\u2019\u00e9tranger ! En r\u00e8gle g\u00e9n\u00e9rale, les visas peuvent \u00eatre obtenus aupr\u00e8s des ambassades \u00e9trang\u00e8res pr\u00e9sentes dans votre pays. Passer un entretien ou simplement obtenir son visa en quelques clics sur internet d\u00e9pend du pays ou vous allez effectuer votre s\u00e9jour d\u2019\u00e9tudes. Vous pourrez conna\u00eetre les modalit\u00e9s de demande de visa particuli\u00e8res aux \u00c9tats-Unis, au Canada et \u00e0 l\u2019Australie en consultant les liens situ\u00e9s en bas de cette page.<\/p>\n<p class=\"p1\" style=\"text-align: justify;\">Veuillez noter que les types de visa et la r\u00e9glementation sont particuliers \u00e0 chaque pays. Certains pays autorisent les \u00e9tudiants \u00e0 exercer une activit\u00e9 professionnelle quand d\u2019autres limitent cette possibilit\u00e9 aux \u00e9tudiants \u00e0 temps plein ou en \u00e9cartent tout \u00e9tudiant \u00e9tranger. Nous avons compil\u00e9 les diff\u00e9rentes informations relatives \u00e0 chacun de nos trois pays et sommes heureux de vous les faire partager. Nous vous conseillons de contacter l\u2019ambassade locale du pays cible pour toute question relative aux visas.<\/p>\n<h2 class=\"p1\" style=\"text-align: justify;\"><\/h2>\n<h2 class=\"p1\" style=\"text-align: justify;\">Informations sp\u00e9cifiques \u00e0 chaque pays :<\/h2>\n<p>[\/et_pb_text][\/et_pb_column_inner][\/et_pb_row_inner][et_pb_row_inner][et_pb_column_inner type=\u00a0\u00bb1_3&Prime;][et_pb_blurb admin_label=\u00a0\u00bbBlurb\u00a0\u00bb title=\u00a0\u00bbVisa Australie\u00a0\u00bb url=\u00a0\u00bb\/fr\/trucs-astuces-etudes-a-l-etranger\/visa\/visa-australie\/\u00a0\u00bb url_new_window=\u00a0\u00bboff\u00a0\u00bb use_icon=\u00a0\u00bboff\u00a0\u00bb icon_color=\u00a0\u00bb#006ab3&Prime; use_circle=\u00a0\u00bboff\u00a0\u00bb circle_color=\u00a0\u00bb#006ab3&Prime; use_circle_border=\u00a0\u00bboff\u00a0\u00bb circle_border_color=\u00a0\u00bb#006ab3&Prime; image=\u00a0\u00bb\/wp-content\/uploads\/2009\/02\/flagge.png\u00a0\u00bb icon_placement=\u00a0\u00bbtop\u00a0\u00bb animation=\u00a0\u00bbtop\u00a0\u00bb background_layout=\u00a0\u00bblight\u00a0\u00bb text_orientation=\u00a0\u00bbcenter\u00a0\u00bb \/][\/et_pb_column_inner][et_pb_column_inner type=\u00a0\u00bb1_3&Prime;][et_pb_blurb admin_label=\u00a0\u00bbBlurb\u00a0\u00bb title=\u00a0\u00bbVisa Canada\u00a0\u00bb url=\u00a0\u00bb\/fr\/trucs-astuces-etudes-a-l-etranger\/visa\/visa-canada\/\u00a0\u00bb url_new_window=\u00a0\u00bboff\u00a0\u00bb use_icon=\u00a0\u00bboff\u00a0\u00bb icon_color=\u00a0\u00bb#006ab3&Prime; use_circle=\u00a0\u00bboff\u00a0\u00bb circle_color=\u00a0\u00bb#006ab3&Prime; use_circle_border=\u00a0\u00bboff\u00a0\u00bb circle_border_color=\u00a0\u00bb#006ab3&Prime; image=\u00a0\u00bb\/wp-content\/uploads\/2009\/02\/flagge_kanada.png\u00a0\u00bb icon_placement=\u00a0\u00bbtop\u00a0\u00bb animation=\u00a0\u00bbtop\u00a0\u00bb background_layout=\u00a0\u00bblight\u00a0\u00bb text_orientation=\u00a0\u00bbcenter\u00a0\u00bb \/][\/et_pb_column_inner][et_pb_column_inner type=\u00a0\u00bb1_3&Prime;][et_pb_blurb admin_label=\u00a0\u00bbBlurb\u00a0\u00bb title=\u00a0\u00bbVisa \u00c9tats-Unis\u00a0\u00bb url=\u00a0\u00bb\/fr\/trucs-astuces-etudes-a-l-etranger\/visa\/visa-etats-unis\/\u00a0\u00bb url_new_window=\u00a0\u00bboff\u00a0\u00bb use_icon=\u00a0\u00bboff\u00a0\u00bb icon_color=\u00a0\u00bb#006ab3&Prime; use_circle=\u00a0\u00bboff\u00a0\u00bb circle_color=\u00a0\u00bb#006ab3&Prime; use_circle_border=\u00a0\u00bboff\u00a0\u00bb circle_border_color=\u00a0\u00bb#006ab3&Prime; image=\u00a0\u00bb\/wp-content\/uploads\/2014\/09\/flagge_usa.png\u00a0\u00bb icon_placement=\u00a0\u00bbtop\u00a0\u00bb animation=\u00a0\u00bbtop\u00a0\u00bb background_layout=\u00a0\u00bblight\u00a0\u00bb text_orientation=\u00a0\u00bbcenter\u00a0\u00bb \/][\/et_pb_column_inner][\/et_pb_row_inner][\/et_pb_column][et_pb_column type=\u00a0\u00bb1_4&Prime;][et_pb_sidebar admin_label=\u00a0\u00bbSidebar\u00a0\u00bb orientation=\u00a0\u00bbleft\u00a0\u00bb area=\u00a0\u00bbet_pb_widget_area_9&Prime; background_layout=\u00a0\u00bblight\u00a0\u00bb \/][et_pb_blurb admin_label=\u00a0\u00bbBlurb\u00a0\u00bb title=\u00a0\u00bb\u00c9tudier en Australie\u00a0\u00bb url=\u00a0\u00bb\/fr\/etudier-en-australie\/\u00a0\u00bb url_new_window=\u00a0\u00bboff\u00a0\u00bb use_icon=\u00a0\u00bboff\u00a0\u00bb icon_color=\u00a0\u00bb#006ab3&Prime; use_circle=\u00a0\u00bboff\u00a0\u00bb circle_color=\u00a0\u00bb#006ab3&Prime; use_circle_border=\u00a0\u00bboff\u00a0\u00bb circle_border_color=\u00a0\u00bb#006ab3&Prime; image=\u00a0\u00bb\/wp-content\/uploads\/2014\/10\/icms_slider_02.jpg\u00a0\u00bb icon_placement=\u00a0\u00bbtop\u00a0\u00bb animation=\u00a0\u00bbtop\u00a0\u00bb background_layout=\u00a0\u00bblight\u00a0\u00bb text_orientation=\u00a0\u00bbcenter\u00a0\u00bb \/][et_pb_sidebar admin_label=\u00a0\u00bbSidebar\u00a0\u00bb orientation=\u00a0\u00bbleft\u00a0\u00bb area=\u00a0\u00bbet_pb_widget_area_11&Prime; background_layout=\u00a0\u00bblight\u00a0\u00bb \/][et_pb_blurb admin_label=\u00a0\u00bbBlurb\u00a0\u00bb title=\u00a0\u00bb\u00c9tudier au Canada\u00a0\u00bb url=\u00a0\u00bb\/fr\/etudier-au-canada\/\u00a0\u00bb url_new_window=\u00a0\u00bboff\u00a0\u00bb use_icon=\u00a0\u00bboff\u00a0\u00bb icon_color=\u00a0\u00bb#006ab3&Prime; use_circle=\u00a0\u00bboff\u00a0\u00bb circle_color=\u00a0\u00bb#006ab3&Prime; use_circle_border=\u00a0\u00bboff\u00a0\u00bb circle_border_color=\u00a0\u00bb#006ab3&Prime; image=\u00a0\u00bb\/wp-content\/uploads\/2014\/10\/vu_slider.jpg\u00a0\u00bb icon_placement=\u00a0\u00bbtop\u00a0\u00bb animation=\u00a0\u00bbtop\u00a0\u00bb background_layout=\u00a0\u00bblight\u00a0\u00bb text_orientation=\u00a0\u00bbcenter\u00a0\u00bb \/][et_pb_sidebar admin_label=\u00a0\u00bbSidebar\u00a0\u00bb orientation=\u00a0\u00bbleft\u00a0\u00bb area=\u00a0\u00bbet_pb_widget_area_13&Prime; background_layout=\u00a0\u00bblight\u00a0\u00bb \/][et_pb_blurb admin_label=\u00a0\u00bbBlurb\u00a0\u00bb title=\u00a0\u00bb\u00c9tudier aux \u00c9tats-Unis\u00a0\u00bb url=\u00a0\u00bb\/fr\/etudier-aux-etats-unis\/\u00a0\u00bb url_new_window=\u00a0\u00bboff\u00a0\u00bb use_icon=\u00a0\u00bboff\u00a0\u00bb icon_color=\u00a0\u00bb#006ab3&Prime; use_circle=\u00a0\u00bboff\u00a0\u00bb circle_color=\u00a0\u00bb#006ab3&Prime; use_circle_border=\u00a0\u00bboff\u00a0\u00bb circle_border_color=\u00a0\u00bb#006ab3&Prime; image=\u00a0\u00bb\/wp-content\/uploads\/2014\/10\/slider_nu_new1.jpg\u00a0\u00bb icon_placement=\u00a0\u00bbtop\u00a0\u00bb animation=\u00a0\u00bbtop\u00a0\u00bb background_layout=\u00a0\u00bblight\u00a0\u00bb text_orientation=\u00a0\u00bbcenter\u00a0\u00bb \/][\/et_pb_column][\/et_pb_section]<\/p>\n","protected":false},"excerpt":{"rendered":"<p>Visa Vous avez toujours r\u00eav\u00e9 de partir \u00e9tudier en Australie, au Canada ou aux \u00c9tats-Unis pour un semestre ou pour un programme complet\u00a0? Nous pouvons vous aider \u00e0 r\u00e9aliser ce r\u00eave. Mais vivre et \u00e9tudier \u00e0 l\u2019\u00e9tranger pendant plusieurs mois requiert de l\u2019organisation\u00a0! En plus du formulaire d\u2019inscription, de votre certificat de langue anglaise et [&hellip;]<\/p>\n","protected":false},"author":4,"featured_media":0,"parent":22328,"menu_order":0,"comment_status":"open","ping_status":"open","template":"","meta":{"_et_pb_use_builder":"on","_et_pb_old_content":"<h1 class=\"p1\" style=\"text-align: justify;\">Visum<\/h1><p class=\"p1\" style=\"text-align: justify;\">Ein Studium oder Auslandssemester in Australien, Amerika oder Kanada war schon immer Ihr Traum? Wir helfen Ihnen gerne diesen Traum zu realisieren. Um ein oder zwei Semester oder sogar ein ganzes Studium im Ausland zu verbringen, muss man dies sehr gut vorbereiten.<\/p><p class=\"p1\" style=\"text-align: justify;\">Neben Bewerbungsformularen, einem Sprachnachweis und der Wohnungssuche wird h\u00e4ufig auch ein Visum ben\u00f6tigt. Dieses beantragt man in der Regel bei der jeweiligen Botschaft. Ob man sich hierf\u00fcr aber pers\u00f6nlich bei der Botschaft vorstellen oder dies lediglich online beantragen muss, erfahren Sie jeweils unter den Informationen zum Visum f\u00fcr Australien, Amerika und Kanada.<\/p><p class=\"p1\" style=\"text-align: justify;\">Wichtig zu beachten ist, dass nicht jedes Visum f\u00fcr jedes Land gleich ist. In manchen L\u00e4ndern k\u00f6nnen Studierende mit einem Studentenvisum arbeiten und in anderen L\u00e4ndern ist dies eher schwierig oder gar nicht m\u00f6glich. Welche Visumsbestimmungen gelten, wie lange vorher Sie sich um ein Visum k\u00fcmmern sollten und welche Dokumente Sie daf\u00fcr ben\u00f6tigen haben wir Ihnen unter dem jeweiligen Land zusammengefasst. Selbstverst\u00e4ndlich stehen wir Ihnen gerne mit unseren Erfahrungen und Tipps beiseite. Wir m\u00f6chten Sie ebenfalls gerne auf die ausstellenden Beh\u00f6rden hinweisen, die detaillierte Fragen bestens beantworten k\u00f6nnen.<\/p><p class=\"p1\" style=\"text-align: justify;\"><a title=\"Visum Australien\" href=\"\/tips-tricks\/einreise-und-visum\/visum-australien\/\">Visum Australien<\/a><\/p><p class=\"p1\" style=\"text-align: justify;\"><a title=\"Visum Kanada\" href=\"\/tips-tricks\/einreise-und-visum\/visum-kanada\/\">Visum Kanada<\/a><\/p><p class=\"p1\" style=\"text-align: justify;\"><a title=\"Visum USA\" href=\"\/tips-tricks\/einreise-und-visum\/visum-usa\/\">Visum USA<\/a><\/p>","_et_gb_content_width":"","footnotes":""},"class_list":["post-22175","page","type-page","status-publish","hentry"],"yoast_head":"<!-- This site is optimized with the Yoast SEO plugin v26.8 - https:\/\/yoast.com\/product\/yoast-seo-wordpress\/ -->\n<title>Visa - \u00e9tudier \u00e0 l\u2019\u00e9tranger<\/title>\n<meta name=\"description\" content=\"Vous partez \u00e9tudier \u00e0 l\u2019\u00e9tranger ? D\u00e9couvrez les meilleurs trucs &amp; astuces pour obtenir votre visa pour l\u2019Australie, les \u00c9tats-Unis ou la Canada !\" \/>\n<meta name=\"robots\" content=\"index, follow, max-snippet:-1, max-image-preview:large, max-video-preview:-1\" \/>\n<link rel=\"canonical\" href=\"https:\/\/www.international-student-office.org\/fr\/trucs-astuces-etudes-a-l-etranger\/visa\/\" \/>\n<meta property=\"og:locale\" content=\"fr_FR\" \/>\n<meta property=\"og:type\" content=\"article\" \/>\n<meta property=\"og:title\" content=\"Visa - \u00e9tudier \u00e0 l\u2019\u00e9tranger\" \/>\n<meta property=\"og:description\" content=\"Vous partez \u00e9tudier \u00e0 l\u2019\u00e9tranger ? D\u00e9couvrez les meilleurs trucs &amp; astuces pour obtenir votre visa pour l\u2019Australie, les \u00c9tats-Unis ou la Canada !\" \/>\n<meta property=\"og:url\" content=\"https:\/\/www.international-student-office.org\/fr\/trucs-astuces-etudes-a-l-etranger\/visa\/\" \/>\n<meta property=\"og:site_name\" content=\"International Student Office\" \/>\n<meta property=\"article:modified_time\" content=\"2016-02-15T14:51:58+00:00\" \/>\n<meta name=\"twitter:label1\" content=\"Dur\u00e9e de lecture estim\u00e9e\" \/>\n\t<meta name=\"twitter:data1\" content=\"4 minutes\" \/>\n<script type=\"application\/ld+json\" class=\"yoast-schema-graph\">{\"@context\":\"https:\/\/schema.org\",\"@graph\":[{\"@type\":\"WebPage\",\"@id\":\"https:\/\/www.international-student-office.org\/fr\/trucs-astuces-etudes-a-l-etranger\/visa\/\",\"url\":\"https:\/\/www.international-student-office.org\/fr\/trucs-astuces-etudes-a-l-etranger\/visa\/\",\"name\":\"Visa - \u00e9tudier \u00e0 l\u2019\u00e9tranger\",\"isPartOf\":{\"@id\":\"https:\/\/www.international-student-office.org\/#website\"},\"datePublished\":\"2014-10-17T23:47:51+00:00\",\"dateModified\":\"2016-02-15T14:51:58+00:00\",\"description\":\"Vous partez \u00e9tudier \u00e0 l\u2019\u00e9tranger ? D\u00e9couvrez les meilleurs trucs & astuces pour obtenir votre visa pour l\u2019Australie, les \u00c9tats-Unis ou la Canada !\",\"breadcrumb\":{\"@id\":\"https:\/\/www.international-student-office.org\/fr\/trucs-astuces-etudes-a-l-etranger\/visa\/#breadcrumb\"},\"inLanguage\":\"fr-FR\",\"potentialAction\":[{\"@type\":\"ReadAction\",\"target\":[\"https:\/\/www.international-student-office.org\/fr\/trucs-astuces-etudes-a-l-etranger\/visa\/\"]}]},{\"@type\":\"BreadcrumbList\",\"@id\":\"https:\/\/www.international-student-office.org\/fr\/trucs-astuces-etudes-a-l-etranger\/visa\/#breadcrumb\",\"itemListElement\":[{\"@type\":\"ListItem\",\"position\":1,\"name\":\"Home\",\"item\":\"https:\/\/www.international-student-office.org\/fr\/\"},{\"@type\":\"ListItem\",\"position\":2,\"name\":\"Trucs &#038; astuces\",\"item\":\"https:\/\/www.international-student-office.org\/fr\/trucs-astuces-etudes-a-l-etranger\/\"},{\"@type\":\"ListItem\",\"position\":3,\"name\":\"Visa\"}]},{\"@type\":\"WebSite\",\"@id\":\"https:\/\/www.international-student-office.org\/#website\",\"url\":\"https:\/\/www.international-student-office.org\/\",\"name\":\"International Student Office\",\"description\":\"\",\"publisher\":{\"@id\":\"https:\/\/www.international-student-office.org\/#organization\"},\"potentialAction\":[{\"@type\":\"SearchAction\",\"target\":{\"@type\":\"EntryPoint\",\"urlTemplate\":\"https:\/\/www.international-student-office.org\/?s={search_term_string}\"},\"query-input\":{\"@type\":\"PropertyValueSpecification\",\"valueRequired\":true,\"valueName\":\"search_term_string\"}}],\"inLanguage\":\"fr-FR\"},{\"@type\":\"Organization\",\"@id\":\"https:\/\/www.international-student-office.org\/#organization\",\"name\":\"International Student Office\",\"url\":\"https:\/\/www.international-student-office.org\/\",\"logo\":{\"@type\":\"ImageObject\",\"inLanguage\":\"fr-FR\",\"@id\":\"https:\/\/www.international-student-office.org\/#\/schema\/logo\/image\/\",\"url\":\"https:\/\/www.international-student-office.org\/wp-content\/uploads\/2014\/09\/iso_logo.png\",\"contentUrl\":\"https:\/\/www.international-student-office.org\/wp-content\/uploads\/2014\/09\/iso_logo.png\",\"width\":300,\"height\":113,\"caption\":\"International Student Office\"},\"image\":{\"@id\":\"https:\/\/www.international-student-office.org\/#\/schema\/logo\/image\/\"}}]}<\/script>\n<!-- \/ Yoast SEO plugin. -->","yoast_head_json":{"title":"Visa - \u00e9tudier \u00e0 l\u2019\u00e9tranger","description":"Vous partez \u00e9tudier \u00e0 l\u2019\u00e9tranger ? D\u00e9couvrez les meilleurs trucs & astuces pour obtenir votre visa pour l\u2019Australie, les \u00c9tats-Unis ou la Canada !","robots":{"index":"index","follow":"follow","max-snippet":"max-snippet:-1","max-image-preview":"max-image-preview:large","max-video-preview":"max-video-preview:-1"},"canonical":"https:\/\/www.international-student-office.org\/fr\/trucs-astuces-etudes-a-l-etranger\/visa\/","og_locale":"fr_FR","og_type":"article","og_title":"Visa - \u00e9tudier \u00e0 l\u2019\u00e9tranger","og_description":"Vous partez \u00e9tudier \u00e0 l\u2019\u00e9tranger ? D\u00e9couvrez les meilleurs trucs & astuces pour obtenir votre visa pour l\u2019Australie, les \u00c9tats-Unis ou la Canada !","og_url":"https:\/\/www.international-student-office.org\/fr\/trucs-astuces-etudes-a-l-etranger\/visa\/","og_site_name":"International Student Office","article_modified_time":"2016-02-15T14:51:58+00:00","twitter_misc":{"Dur\u00e9e de lecture estim\u00e9e":"4 minutes"},"schema":{"@context":"https:\/\/schema.org","@graph":[{"@type":"WebPage","@id":"https:\/\/www.international-student-office.org\/fr\/trucs-astuces-etudes-a-l-etranger\/visa\/","url":"https:\/\/www.international-student-office.org\/fr\/trucs-astuces-etudes-a-l-etranger\/visa\/","name":"Visa - \u00e9tudier \u00e0 l\u2019\u00e9tranger","isPartOf":{"@id":"https:\/\/www.international-student-office.org\/#website"},"datePublished":"2014-10-17T23:47:51+00:00","dateModified":"2016-02-15T14:51:58+00:00","description":"Vous partez \u00e9tudier \u00e0 l\u2019\u00e9tranger ? D\u00e9couvrez les meilleurs trucs & astuces pour obtenir votre visa pour l\u2019Australie, les \u00c9tats-Unis ou la Canada !","breadcrumb":{"@id":"https:\/\/www.international-student-office.org\/fr\/trucs-astuces-etudes-a-l-etranger\/visa\/#breadcrumb"},"inLanguage":"fr-FR","potentialAction":[{"@type":"ReadAction","target":["https:\/\/www.international-student-office.org\/fr\/trucs-astuces-etudes-a-l-etranger\/visa\/"]}]},{"@type":"BreadcrumbList","@id":"https:\/\/www.international-student-office.org\/fr\/trucs-astuces-etudes-a-l-etranger\/visa\/#breadcrumb","itemListElement":[{"@type":"ListItem","position":1,"name":"Home","item":"https:\/\/www.international-student-office.org\/fr\/"},{"@type":"ListItem","position":2,"name":"Trucs &#038; astuces","item":"https:\/\/www.international-student-office.org\/fr\/trucs-astuces-etudes-a-l-etranger\/"},{"@type":"ListItem","position":3,"name":"Visa"}]},{"@type":"WebSite","@id":"https:\/\/www.international-student-office.org\/#website","url":"https:\/\/www.international-student-office.org\/","name":"International Student Office","description":"","publisher":{"@id":"https:\/\/www.international-student-office.org\/#organization"},"potentialAction":[{"@type":"SearchAction","target":{"@type":"EntryPoint","urlTemplate":"https:\/\/www.international-student-office.org\/?s={search_term_string}"},"query-input":{"@type":"PropertyValueSpecification","valueRequired":true,"valueName":"search_term_string"}}],"inLanguage":"fr-FR"},{"@type":"Organization","@id":"https:\/\/www.international-student-office.org\/#organization","name":"International Student Office","url":"https:\/\/www.international-student-office.org\/","logo":{"@type":"ImageObject","inLanguage":"fr-FR","@id":"https:\/\/www.international-student-office.org\/#\/schema\/logo\/image\/","url":"https:\/\/www.international-student-office.org\/wp-content\/uploads\/2014\/09\/iso_logo.png","contentUrl":"https:\/\/www.international-student-office.org\/wp-content\/uploads\/2014\/09\/iso_logo.png","width":300,"height":113,"caption":"International Student Office"},"image":{"@id":"https:\/\/www.international-student-office.org\/#\/schema\/logo\/image\/"}}]}},"_links":{"self":[{"href":"https:\/\/www.international-student-office.org\/fr\/wp-json\/wp\/v2\/pages\/22175","targetHints":{"allow":["GET"]}}],"collection":[{"href":"https:\/\/www.international-student-office.org\/fr\/wp-json\/wp\/v2\/pages"}],"about":[{"href":"https:\/\/www.international-student-office.org\/fr\/wp-json\/wp\/v2\/types\/page"}],"author":[{"embeddable":true,"href":"https:\/\/www.international-student-office.org\/fr\/wp-json\/wp\/v2\/users\/4"}],"replies":[{"embeddable":true,"href":"https:\/\/www.international-student-office.org\/fr\/wp-json\/wp\/v2\/comments?post=22175"}],"version-history":[{"count":0,"href":"https:\/\/www.international-student-office.org\/fr\/wp-json\/wp\/v2\/pages\/22175\/revisions"}],"up":[{"embeddable":true,"href":"https:\/\/www.international-student-office.org\/fr\/wp-json\/wp\/v2\/pages\/22328"}],"wp:attachment":[{"href":"https:\/\/www.international-student-office.org\/fr\/wp-json\/wp\/v2\/media?parent=22175"}],"curies":[{"name":"wp","href":"https:\/\/api.w.org\/{rel}","templated":true}]}}