{"id":22298,"date":"2014-09-30T22:35:30","date_gmt":"2014-09-30T22:35:30","guid":{"rendered":"http:\/\/www.international-student-office.org\/aktionen\/"},"modified":"2020-11-27T10:02:19","modified_gmt":"2020-11-27T10:02:19","slug":"actions","status":"publish","type":"page","link":"https:\/\/www.international-student-office.org\/fr\/a-propos-de-nous\/actions\/","title":{"rendered":"Actions"},"content":{"rendered":"<p>[et_pb_section fb_built=\u00a0\u00bb1&Prime; admin_label=\u00a0\u00bbsection\u00a0\u00bb _builder_version=\u00a0\u00bb3.22&Prime;][et_pb_row _builder_version=\u00a0\u00bb4.7.4&Prime; _module_preset=\u00a0\u00bbdefault\u00a0\u00bb][et_pb_column type=\u00a0\u00bb4_4&Prime; _builder_version=\u00a0\u00bb4.7.4&Prime; _module_preset=\u00a0\u00bbdefault\u00a0\u00bb][et_pb_text _builder_version=\u00a0\u00bb4.7.4&Prime; _module_preset=\u00a0\u00bbdefault\u00a0\u00bb custom_margin=\u00a0\u00bb||0px||false|false\u00a0\u00bb]<\/p>\n<h2 class=\"titel-blau\"><strong>Concours photo et vid\u00e9o<\/strong><\/h2>\n<p>[\/et_pb_text][\/et_pb_column][\/et_pb_row][et_pb_row column_structure=\u00a0\u00bb1_2,1_2&Prime; _builder_version=\u00a0\u00bb4.7.4&Prime; _module_preset=\u00a0\u00bbdefault\u00a0\u00bb custom_margin=\u00a0\u00bb0px||||false|false\u00a0\u00bb custom_padding=\u00a0\u00bb0px||||false|false\u00a0\u00bb][et_pb_column type=\u00a0\u00bb1_2&Prime; _builder_version=\u00a0\u00bb4.7.4&Prime; _module_preset=\u00a0\u00bbdefault\u00a0\u00bb][et_pb_text admin_label=\u00a0\u00bbText\u00a0\u00bb _builder_version=\u00a0\u00bb4.7.4&Prime; background_size=\u00a0\u00bbinitial\u00a0\u00bb background_position=\u00a0\u00bbtop_left\u00a0\u00bb background_repeat=\u00a0\u00bbrepeat\u00a0\u00bb use_border_color=\u00a0\u00bboff\u00a0\u00bb border_color=\u00a0\u00bb#ffffff\u00a0\u00bb border_style=\u00a0\u00bbsolid\u00a0\u00bb]<\/p>\n<p style=\"text-align:justify;\">L\u2019International Student Office organise r\u00e9guli\u00e8rement des actions existantes, les concours photo et vid\u00e9o par exemple, avec \u00e0 la cl\u00e9 de tr\u00e8s belles r\u00e9compenses. Nous vous renseignons ci-dessous sur nos actions actuelles. Nous nous r\u00e9jouissons de votre participation. Vous avez \u00e9tudi\u00e9 dans l\u2019une de nos trois universit\u00e9s en <a href=\"https:\/\/www.international-student-office.org\/fr\/etudier-en-australie\/\">Australie<\/a>, au <a href=\"https:\/\/www.international-student-office.org\/fr\/etudier-au-canada\/\">Canada<\/a> ou aux <a href=\"https:\/\/www.international-student-office.org\/fr\/etudier-aux-etats-unis\/nu\/inscription\/\">\u00c9tats-Unis<\/a>, ou vous pr\u00e9voyez de r\u00e9aliser des \u00e9tudes \u00e0 l\u2019\u00e9tranger&nbsp;? Vous remplissez donc toutes les conditions pour participer \u00e0 nos concours et nous serons heureux de d\u00e9couvrir vos plus belles photos et\/ou vos vid\u00e9os les plus impressionnantes. <\/p>\n<p>[\/et_pb_text][et_pb_code _builder_version=\u00a0\u00bb4.7.4&Prime; _module_preset=\u00a0\u00bbdefault\u00a0\u00bb]<img decoding=\"async\" style=\"text-align:center; display:block; margin:auto;\" src=\"https:\/\/www.international-student-office.org\/wp-content\/uploads\/2014\/07\/awards.png\"><!-- [et_pb_line_break_holder] --><!-- [et_pb_line_break_holder] --><\/p>\n<div style=\"margin-top:35px; text-align:center;\"><!-- [et_pb_line_break_holder] -->  <\/p>\n<h2><strong>Participez \u00e0 nos concours actuels\u00a0:<\/strong><\/h2>\n<p><!-- [et_pb_line_break_holder] -->  <\/p>\n<h3><a href=\"https:\/\/www.international-student-office.org\/fr\/a-propos-de-nous\/actions\/concours-photo\/\">Concours photo 2020<\/a><\/h3>\n<p><!-- [et_pb_line_break_holder] -->\t<\/p>\n<h3><a href=\"https:\/\/www.international-student-office.org\/fr\/a-propos-de-nous\/actions\/concours-video\/\">Concours vid\u00e9o 2020<\/a><\/h3>\n<p><!-- [et_pb_line_break_holder] -->\t<pee>Nous nous r\u00e9jouissons de d\u00e9couvrir toute id\u00e9e cr\u00e9ative\u00a0!<\/pee><!-- [et_pb_line_break_holder] --><\/div>\n<p>[\/et_pb_code][\/et_pb_column][et_pb_column type=\u00a0\u00bb1_2&Prime; _builder_version=\u00a0\u00bb4.7.4&Prime; _module_preset=\u00a0\u00bbdefault\u00a0\u00bb][et_pb_image src=\u00a0\u00bbhttps:\/\/www.international-student-office.org\/wp-content\/uploads\/2014\/09\/HEADER_SLIDER_CONTEST.jpg\u00a0\u00bb align_tablet=\u00a0\u00bbcenter\u00a0\u00bb align_phone=\u00a0\u00bb\u00a0\u00bb align_last_edited=\u00a0\u00bbon|desktop\u00a0\u00bb admin_label=\u00a0\u00bbImage\u00a0\u00bb _builder_version=\u00a0\u00bb4.7.4&Prime; animation=\u00a0\u00bboff\u00a0\u00bb][\/et_pb_image][et_pb_code _builder_version=\u00a0\u00bb4.7.4&Prime; _module_preset=\u00a0\u00bbdefault\u00a0\u00bb hover_enabled=\u00a0\u00bb0&Prime; sticky_enabled=\u00a0\u00bb0&Prime;]<\/p>\n<div style=\"padding:8px 16px; text-align:center;\"><!-- [et_pb_line_break_holder] --><pee><\/pee>\n<h3 style=\"line-height: 1.5;\">Contactez-nous par t\u00e9l\u00e9phone au:<\/h3>\n<pee><!-- [et_pb_line_break_holder] --><\/pee>\n<h1 style=\"margin:6px 0;\"><a href=\"tel:061519674666\"><i class=\"fas fa-phone\"><\/i> + 49 (0) 6151 9674 666<\/a><\/h1>\n<pee><!-- [et_pb_line_break_holder] --><\/pee><pee>R\u00e9aliser votre r\u00eave d\u2019un s\u00e9jour en Australie, au Canada ou aux Etats-Unis \u2013 notre \u00e9quipe vous informe avec plaisir, gratuitement et sans engagement, sur les possibilit\u00e9s que vous offrent nos universit\u00e9s \u00e0 Sydney, sur l\u2019\u00eele de Vancouver et en Californie.<\/pee><!-- [et_pb_line_break_holder] --><\/div>\n<p>[\/et_pb_code][\/et_pb_column][\/et_pb_row][\/et_pb_section]<\/p>\n","protected":false},"excerpt":{"rendered":"<p>Concours photo et vid\u00e9oL\u2019International Student Office organise r\u00e9guli\u00e8rement des actions existantes, les concours photo et vid\u00e9o par exemple, avec \u00e0 la cl\u00e9 de tr\u00e8s belles r\u00e9compenses. Nous vous renseignons ci-dessous sur nos actions actuelles. Nous nous r\u00e9jouissons de votre participation. Vous avez \u00e9tudi\u00e9 dans l\u2019une de nos trois universit\u00e9s en Australie, au Canada ou aux [&hellip;]<\/p>\n","protected":false},"author":4,"featured_media":0,"parent":22492,"menu_order":0,"comment_status":"open","ping_status":"open","template":"","meta":{"_et_pb_use_builder":"on","_et_pb_old_content":"<p>Inhalt kommt noch<\/p>","_et_gb_content_width":"","footnotes":""},"class_list":["post-22298","page","type-page","status-publish","hentry"],"yoast_head":"<!-- This site is optimized with the Yoast SEO plugin v26.8 - https:\/\/yoast.com\/product\/yoast-seo-wordpress\/ -->\n<title>International Student Office - Concours photo et vid\u00e9o<\/title>\n<meta name=\"description\" content=\"Partez \u00e9tudier \u00e0 l&#039;\u00e9tranger aux USA, en Australie ou au Canada et participez \u00e0 nos concours photo et video ! De belles r\u00e9compenses vous attendent !\" \/>\n<meta name=\"robots\" content=\"index, follow, max-snippet:-1, max-image-preview:large, max-video-preview:-1\" \/>\n<link rel=\"canonical\" href=\"https:\/\/www.international-student-office.org\/fr\/a-propos-de-nous\/actions\/\" \/>\n<meta property=\"og:locale\" content=\"fr_FR\" \/>\n<meta property=\"og:type\" content=\"article\" \/>\n<meta property=\"og:title\" content=\"International Student Office - Concours photo et vid\u00e9o\" \/>\n<meta property=\"og:description\" content=\"Partez \u00e9tudier \u00e0 l&#039;\u00e9tranger aux USA, en Australie ou au Canada et participez \u00e0 nos concours photo et video ! De belles r\u00e9compenses vous attendent !\" \/>\n<meta property=\"og:url\" content=\"https:\/\/www.international-student-office.org\/fr\/a-propos-de-nous\/actions\/\" \/>\n<meta property=\"og:site_name\" content=\"International Student Office\" \/>\n<meta property=\"article:modified_time\" content=\"2020-11-27T10:02:19+00:00\" \/>\n<meta property=\"og:image\" content=\"https:\/\/www.international-student-office.org\/wp-content\/uploads\/2014\/07\/awards.png\" \/>\n<meta name=\"twitter:label1\" content=\"Dur\u00e9e de lecture estim\u00e9e\" \/>\n\t<meta name=\"twitter:data1\" content=\"2 minutes\" \/>\n<script type=\"application\/ld+json\" class=\"yoast-schema-graph\">{\"@context\":\"https:\/\/schema.org\",\"@graph\":[{\"@type\":\"WebPage\",\"@id\":\"https:\/\/www.international-student-office.org\/fr\/a-propos-de-nous\/actions\/\",\"url\":\"https:\/\/www.international-student-office.org\/fr\/a-propos-de-nous\/actions\/\",\"name\":\"International Student Office - Concours photo et vid\u00e9o\",\"isPartOf\":{\"@id\":\"https:\/\/www.international-student-office.org\/#website\"},\"primaryImageOfPage\":{\"@id\":\"https:\/\/www.international-student-office.org\/fr\/a-propos-de-nous\/actions\/#primaryimage\"},\"image\":{\"@id\":\"https:\/\/www.international-student-office.org\/fr\/a-propos-de-nous\/actions\/#primaryimage\"},\"thumbnailUrl\":\"https:\/\/www.international-student-office.org\/wp-content\/uploads\/2014\/07\/awards.png\",\"datePublished\":\"2014-09-30T22:35:30+00:00\",\"dateModified\":\"2020-11-27T10:02:19+00:00\",\"description\":\"Partez \u00e9tudier \u00e0 l'\u00e9tranger aux USA, en Australie ou au Canada et participez \u00e0 nos concours photo et video ! De belles r\u00e9compenses vous attendent !\",\"breadcrumb\":{\"@id\":\"https:\/\/www.international-student-office.org\/fr\/a-propos-de-nous\/actions\/#breadcrumb\"},\"inLanguage\":\"fr-FR\",\"potentialAction\":[{\"@type\":\"ReadAction\",\"target\":[\"https:\/\/www.international-student-office.org\/fr\/a-propos-de-nous\/actions\/\"]}]},{\"@type\":\"ImageObject\",\"inLanguage\":\"fr-FR\",\"@id\":\"https:\/\/www.international-student-office.org\/fr\/a-propos-de-nous\/actions\/#primaryimage\",\"url\":\"https:\/\/www.international-student-office.org\/wp-content\/uploads\/2014\/07\/awards.png\",\"contentUrl\":\"https:\/\/www.international-student-office.org\/wp-content\/uploads\/2014\/07\/awards.png\"},{\"@type\":\"BreadcrumbList\",\"@id\":\"https:\/\/www.international-student-office.org\/fr\/a-propos-de-nous\/actions\/#breadcrumb\",\"itemListElement\":[{\"@type\":\"ListItem\",\"position\":1,\"name\":\"Home\",\"item\":\"https:\/\/www.international-student-office.org\/fr\/\"},{\"@type\":\"ListItem\",\"position\":2,\"name\":\"\u00c0 propos de nous\",\"item\":\"https:\/\/www.international-student-office.org\/fr\/a-propos-de-nous\/\"},{\"@type\":\"ListItem\",\"position\":3,\"name\":\"Actions\"}]},{\"@type\":\"WebSite\",\"@id\":\"https:\/\/www.international-student-office.org\/#website\",\"url\":\"https:\/\/www.international-student-office.org\/\",\"name\":\"International Student Office\",\"description\":\"\",\"publisher\":{\"@id\":\"https:\/\/www.international-student-office.org\/#organization\"},\"potentialAction\":[{\"@type\":\"SearchAction\",\"target\":{\"@type\":\"EntryPoint\",\"urlTemplate\":\"https:\/\/www.international-student-office.org\/?s={search_term_string}\"},\"query-input\":{\"@type\":\"PropertyValueSpecification\",\"valueRequired\":true,\"valueName\":\"search_term_string\"}}],\"inLanguage\":\"fr-FR\"},{\"@type\":\"Organization\",\"@id\":\"https:\/\/www.international-student-office.org\/#organization\",\"name\":\"International Student Office\",\"url\":\"https:\/\/www.international-student-office.org\/\",\"logo\":{\"@type\":\"ImageObject\",\"inLanguage\":\"fr-FR\",\"@id\":\"https:\/\/www.international-student-office.org\/#\/schema\/logo\/image\/\",\"url\":\"https:\/\/www.international-student-office.org\/wp-content\/uploads\/2014\/09\/iso_logo.png\",\"contentUrl\":\"https:\/\/www.international-student-office.org\/wp-content\/uploads\/2014\/09\/iso_logo.png\",\"width\":300,\"height\":113,\"caption\":\"International Student Office\"},\"image\":{\"@id\":\"https:\/\/www.international-student-office.org\/#\/schema\/logo\/image\/\"}}]}<\/script>\n<!-- \/ Yoast SEO plugin. -->","yoast_head_json":{"title":"International Student Office - Concours photo et vid\u00e9o","description":"Partez \u00e9tudier \u00e0 l'\u00e9tranger aux USA, en Australie ou au Canada et participez \u00e0 nos concours photo et video ! De belles r\u00e9compenses vous attendent !","robots":{"index":"index","follow":"follow","max-snippet":"max-snippet:-1","max-image-preview":"max-image-preview:large","max-video-preview":"max-video-preview:-1"},"canonical":"https:\/\/www.international-student-office.org\/fr\/a-propos-de-nous\/actions\/","og_locale":"fr_FR","og_type":"article","og_title":"International Student Office - Concours photo et vid\u00e9o","og_description":"Partez \u00e9tudier \u00e0 l'\u00e9tranger aux USA, en Australie ou au Canada et participez \u00e0 nos concours photo et video ! De belles r\u00e9compenses vous attendent !","og_url":"https:\/\/www.international-student-office.org\/fr\/a-propos-de-nous\/actions\/","og_site_name":"International Student Office","article_modified_time":"2020-11-27T10:02:19+00:00","og_image":[{"url":"https:\/\/www.international-student-office.org\/wp-content\/uploads\/2014\/07\/awards.png","type":"","width":"","height":""}],"twitter_misc":{"Dur\u00e9e de lecture estim\u00e9e":"2 minutes"},"schema":{"@context":"https:\/\/schema.org","@graph":[{"@type":"WebPage","@id":"https:\/\/www.international-student-office.org\/fr\/a-propos-de-nous\/actions\/","url":"https:\/\/www.international-student-office.org\/fr\/a-propos-de-nous\/actions\/","name":"International Student Office - Concours photo et vid\u00e9o","isPartOf":{"@id":"https:\/\/www.international-student-office.org\/#website"},"primaryImageOfPage":{"@id":"https:\/\/www.international-student-office.org\/fr\/a-propos-de-nous\/actions\/#primaryimage"},"image":{"@id":"https:\/\/www.international-student-office.org\/fr\/a-propos-de-nous\/actions\/#primaryimage"},"thumbnailUrl":"https:\/\/www.international-student-office.org\/wp-content\/uploads\/2014\/07\/awards.png","datePublished":"2014-09-30T22:35:30+00:00","dateModified":"2020-11-27T10:02:19+00:00","description":"Partez \u00e9tudier \u00e0 l'\u00e9tranger aux USA, en Australie ou au Canada et participez \u00e0 nos concours photo et video ! De belles r\u00e9compenses vous attendent !","breadcrumb":{"@id":"https:\/\/www.international-student-office.org\/fr\/a-propos-de-nous\/actions\/#breadcrumb"},"inLanguage":"fr-FR","potentialAction":[{"@type":"ReadAction","target":["https:\/\/www.international-student-office.org\/fr\/a-propos-de-nous\/actions\/"]}]},{"@type":"ImageObject","inLanguage":"fr-FR","@id":"https:\/\/www.international-student-office.org\/fr\/a-propos-de-nous\/actions\/#primaryimage","url":"https:\/\/www.international-student-office.org\/wp-content\/uploads\/2014\/07\/awards.png","contentUrl":"https:\/\/www.international-student-office.org\/wp-content\/uploads\/2014\/07\/awards.png"},{"@type":"BreadcrumbList","@id":"https:\/\/www.international-student-office.org\/fr\/a-propos-de-nous\/actions\/#breadcrumb","itemListElement":[{"@type":"ListItem","position":1,"name":"Home","item":"https:\/\/www.international-student-office.org\/fr\/"},{"@type":"ListItem","position":2,"name":"\u00c0 propos de nous","item":"https:\/\/www.international-student-office.org\/fr\/a-propos-de-nous\/"},{"@type":"ListItem","position":3,"name":"Actions"}]},{"@type":"WebSite","@id":"https:\/\/www.international-student-office.org\/#website","url":"https:\/\/www.international-student-office.org\/","name":"International Student Office","description":"","publisher":{"@id":"https:\/\/www.international-student-office.org\/#organization"},"potentialAction":[{"@type":"SearchAction","target":{"@type":"EntryPoint","urlTemplate":"https:\/\/www.international-student-office.org\/?s={search_term_string}"},"query-input":{"@type":"PropertyValueSpecification","valueRequired":true,"valueName":"search_term_string"}}],"inLanguage":"fr-FR"},{"@type":"Organization","@id":"https:\/\/www.international-student-office.org\/#organization","name":"International Student Office","url":"https:\/\/www.international-student-office.org\/","logo":{"@type":"ImageObject","inLanguage":"fr-FR","@id":"https:\/\/www.international-student-office.org\/#\/schema\/logo\/image\/","url":"https:\/\/www.international-student-office.org\/wp-content\/uploads\/2014\/09\/iso_logo.png","contentUrl":"https:\/\/www.international-student-office.org\/wp-content\/uploads\/2014\/09\/iso_logo.png","width":300,"height":113,"caption":"International Student Office"},"image":{"@id":"https:\/\/www.international-student-office.org\/#\/schema\/logo\/image\/"}}]}},"_links":{"self":[{"href":"https:\/\/www.international-student-office.org\/fr\/wp-json\/wp\/v2\/pages\/22298","targetHints":{"allow":["GET"]}}],"collection":[{"href":"https:\/\/www.international-student-office.org\/fr\/wp-json\/wp\/v2\/pages"}],"about":[{"href":"https:\/\/www.international-student-office.org\/fr\/wp-json\/wp\/v2\/types\/page"}],"author":[{"embeddable":true,"href":"https:\/\/www.international-student-office.org\/fr\/wp-json\/wp\/v2\/users\/4"}],"replies":[{"embeddable":true,"href":"https:\/\/www.international-student-office.org\/fr\/wp-json\/wp\/v2\/comments?post=22298"}],"version-history":[{"count":0,"href":"https:\/\/www.international-student-office.org\/fr\/wp-json\/wp\/v2\/pages\/22298\/revisions"}],"up":[{"embeddable":true,"href":"https:\/\/www.international-student-office.org\/fr\/wp-json\/wp\/v2\/pages\/22492"}],"wp:attachment":[{"href":"https:\/\/www.international-student-office.org\/fr\/wp-json\/wp\/v2\/media?parent=22298"}],"curies":[{"name":"wp","href":"https:\/\/api.w.org\/{rel}","templated":true}]}}