{"id":22307,"date":"2014-09-30T22:15:18","date_gmt":"2014-09-30T22:15:18","guid":{"rendered":"http:\/\/www.international-student-office.org\/svenja-zenz\/"},"modified":"2024-03-26T14:33:09","modified_gmt":"2024-03-26T14:33:09","slug":"bianca-sauer","status":"publish","type":"page","link":"https:\/\/www.international-student-office.org\/fr\/a-propos-de-nous\/notre-equipe\/bianca-sauer\/","title":{"rendered":"Bianca Sauer"},"content":{"rendered":"<p>[et_pb_section fb_built=\u00a0\u00bb1&Prime; custom_padding_last_edited=\u00a0\u00bbon|phone\u00a0\u00bb admin_label=\u00a0\u00bbsection\u00a0\u00bb _builder_version=\u00a0\u00bb4.16&Prime; custom_padding=\u00a0\u00bb60px|||\u00a0\u00bb custom_padding_tablet=\u00a0\u00bb\u00a0\u00bb custom_padding_phone=\u00a0\u00bb30px|||\u00a0\u00bb custom_css_main_element=\u00a0\u00bb}||.et_pb_team_member_image img {-moz-border-radius: 50%; -webkit-border-radius: 50%; border-radius: 50%;||max-width:100%;||height: auto;||-webkit-box-shadow: 0px 34px 61px -21px rgba(0,0,0,0.2);||-moz-box-shadow: 0px 34px 61px -21px rgba(0,0,0,0.2);||box-shadow: 0px 34px 61px -21px rgba(0,0,0,0.2);||border: 1px solid white;\u00a0\u00bb transparent_background=\u00a0\u00bboff\u00a0\u00bb make_fullwidth=\u00a0\u00bboff\u00a0\u00bb use_custom_width=\u00a0\u00bboff\u00a0\u00bb width_unit=\u00a0\u00bbon\u00a0\u00bb global_colors_info=\u00a0\u00bb{}\u00a0\u00bb][et_pb_row column_structure=\u00a0\u00bb2_3,1_3&Prime; admin_label=\u00a0\u00bbrow\u00a0\u00bb _builder_version=\u00a0\u00bb4.16&Prime; background_size=\u00a0\u00bbinitial\u00a0\u00bb background_position=\u00a0\u00bbtop_left\u00a0\u00bb background_repeat=\u00a0\u00bbrepeat\u00a0\u00bb global_colors_info=\u00a0\u00bb{}\u00a0\u00bb][et_pb_column type=\u00a0\u00bb2_3&Prime; _builder_version=\u00a0\u00bb4.16&Prime; custom_padding=\u00a0\u00bb|||\u00a0\u00bb global_colors_info=\u00a0\u00bb{}\u00a0\u00bb custom_padding__hover=\u00a0\u00bb|||\u00a0\u00bb][et_pb_text _builder_version=\u00a0\u00bb4.16&Prime; background_size=\u00a0\u00bbinitial\u00a0\u00bb background_position=\u00a0\u00bbtop_left\u00a0\u00bb background_repeat=\u00a0\u00bbrepeat\u00a0\u00bb custom_margin=\u00a0\u00bb||0px|\u00a0\u00bb custom_padding=\u00a0\u00bb||0px|\u00a0\u00bb hover_enabled=\u00a0\u00bb0&Prime; use_border_color=\u00a0\u00bboff\u00a0\u00bb border_color=\u00a0\u00bb#ffffff\u00a0\u00bb border_style=\u00a0\u00bbsolid\u00a0\u00bb global_colors_info=\u00a0\u00bb{}\u00a0\u00bb admin_label=\u00a0\u00bbText\u00a0\u00bb sticky_enabled=\u00a0\u00bb0&Prime;]<\/p>\n<h1>Bianca Sauer<\/h1>\n<h2>Relations europ\u00e9ennes &amp; management \u00e9tudiant<\/h2>\n<p>[\/et_pb_text][et_pb_text disabled_on=\u00a0\u00bboff|on|on\u00a0\u00bb admin_label=\u00a0\u00bbFoto\u00a0\u00bb _builder_version=\u00a0\u00bb4.16&Prime; background_size=\u00a0\u00bbinitial\u00a0\u00bb background_position=\u00a0\u00bbtop_left\u00a0\u00bb background_repeat=\u00a0\u00bbrepeat\u00a0\u00bb custom_padding=\u00a0\u00bb40px|||\u00a0\u00bb custom_padding_tablet=\u00a0\u00bb0px|||\u00a0\u00bb custom_padding_phone=\u00a0\u00bb\u00a0\u00bb custom_padding_last_edited=\u00a0\u00bbon|tablet\u00a0\u00bb use_border_color=\u00a0\u00bboff\u00a0\u00bb border_color=\u00a0\u00bb#ffffff\u00a0\u00bb border_style=\u00a0\u00bbsolid\u00a0\u00bb global_colors_info=\u00a0\u00bb{}\u00a0\u00bb]<\/p>\n<div class=\"et_pb_team_member_image et-waypoint et_pb_animation_off et-animated\">\n<img decoding=\"async\" src=\"https:\/\/www.international-student-office.org\/wp-content\/uploads\/2018\/09\/059ns1zu1-300x300.jpg\" alt=\"\">\n<\/div>\n<p>[\/et_pb_text][et_pb_text _builder_version=\u00a0\u00bb4.24.2&Prime; background_size=\u00a0\u00bbinitial\u00a0\u00bb background_position=\u00a0\u00bbtop_left\u00a0\u00bb background_repeat=\u00a0\u00bbrepeat\u00a0\u00bb use_border_color=\u00a0\u00bboff\u00a0\u00bb border_color=\u00a0\u00bb#ffffff\u00a0\u00bb border_style=\u00a0\u00bbsolid\u00a0\u00bb global_colors_info=\u00a0\u00bb{}\u00a0\u00bb]<\/p>\n<p>Je m&rsquo;appelle Bianca Sauer et je suis heureuse de soutenir les \u00e9tudiants dans leurs aventures \u00e0 l&rsquo;\u00e9tranger. J&rsquo;ai pu vivre ma premi\u00e8re exp\u00e9rience \u00e0 l&rsquo;\u00e9tranger d\u00e8s l&rsquo;\u00e2ge de 16 ans lors d&rsquo;un \u00e9change scolaire en Nouvelle-Z\u00e9lande. En plus des connaissances linguistiques, j&rsquo;ai appris \u00e0 \u00eatre ind\u00e9pendante et \u00e0 red\u00e9couvrir ma vision du monde. Apr\u00e8s un s\u00e9jour linguistique \u00e0 Paris, je suis retourn\u00e9e en Oc\u00e9anie dans le cadre de mes \u00e9tudes de Bachelor en Tourisme International. J&rsquo;ai pass\u00e9 un semestre \u00e0 l&rsquo;International College of Management, Sydney (ICMS), et j&rsquo;ai ensuite d\u00e9cid\u00e9 de faire mon Master of International Business \u00e0 l&rsquo;ICMS.<\/p>\n<p>Mon s\u00e9jour \u00e0 l&rsquo;ICMS a \u00e9t\u00e9 marqu\u00e9 par des moments inoubliables : nager avec des dauphins, plonger avec des tortues, passer des journ\u00e9es enti\u00e8res \u00e0 naviguer sur des bateaux dans la baie de Sydney ou sur les \u00eeles Whitsunday, et surtout, se faire des amis pour la vie. La culture \u00e0 l&rsquo;ICMS est incomparable et, en plus des contenus acad\u00e9miques, on apprend beaucoup sur d&rsquo;autres cultures et on acquiert un professionnalisme s\u00fbr de soi gr\u00e2ce \u00e0 la tenue professionnelle et aux nombreuses pr\u00e9sentations. Mon point fort personnel a \u00e9t\u00e9 de tenir le discours de major de promotion lors de notre remise de dipl\u00f4me.<\/p>\n<p>Ces exp\u00e9riences et ces souvenirs restent toute la vie et je recommande \u00e0 tout le monde de saisir l&rsquo;opportunit\u00e9 d&rsquo;effectuer un semestre \u00e0 l&rsquo;\u00e9tranger. Je me r\u00e9jouis de pouvoir vous aider dans le processus d\u2019inscription et je suis pr\u00eate \u00e0 r\u00e9pondre \u00e0 toutes vos questions!<\/p>\n<p>[\/et_pb_text][\/et_pb_column][et_pb_column type=\u00a0\u00bb1_3&Prime; _builder_version=\u00a0\u00bb4.16&Prime; custom_padding=\u00a0\u00bb|||\u00a0\u00bb global_colors_info=\u00a0\u00bb{}\u00a0\u00bb custom_padding__hover=\u00a0\u00bb|||\u00a0\u00bb][et_pb_text disabled_on=\u00a0\u00bbon|off|\u00a0\u00bb admin_label=\u00a0\u00bbFoto\u00a0\u00bb _builder_version=\u00a0\u00bb4.16&Prime; background_size=\u00a0\u00bbinitial\u00a0\u00bb background_position=\u00a0\u00bbtop_left\u00a0\u00bb background_repeat=\u00a0\u00bbrepeat\u00a0\u00bb vertical_offset_tablet=\u00a0\u00bb0&Prime; horizontal_offset_tablet=\u00a0\u00bb0&Prime; custom_padding=\u00a0\u00bb40px|||\u00a0\u00bb custom_padding_tablet=\u00a0\u00bb0px|||\u00a0\u00bb custom_padding_phone=\u00a0\u00bb\u00a0\u00bb custom_padding_last_edited=\u00a0\u00bbon|tablet\u00a0\u00bb z_index_tablet=\u00a0\u00bb0&Prime; text_text_shadow_horizontal_length_tablet=\u00a0\u00bb0px\u00a0\u00bb text_text_shadow_vertical_length_tablet=\u00a0\u00bb0px\u00a0\u00bb text_text_shadow_blur_strength_tablet=\u00a0\u00bb1px\u00a0\u00bb link_text_shadow_horizontal_length_tablet=\u00a0\u00bb0px\u00a0\u00bb link_text_shadow_vertical_length_tablet=\u00a0\u00bb0px\u00a0\u00bb link_text_shadow_blur_strength_tablet=\u00a0\u00bb1px\u00a0\u00bb ul_text_shadow_horizontal_length_tablet=\u00a0\u00bb0px\u00a0\u00bb ul_text_shadow_vertical_length_tablet=\u00a0\u00bb0px\u00a0\u00bb ul_text_shadow_blur_strength_tablet=\u00a0\u00bb1px\u00a0\u00bb ol_text_shadow_horizontal_length_tablet=\u00a0\u00bb0px\u00a0\u00bb ol_text_shadow_vertical_length_tablet=\u00a0\u00bb0px\u00a0\u00bb ol_text_shadow_blur_strength_tablet=\u00a0\u00bb1px\u00a0\u00bb quote_text_shadow_horizontal_length_tablet=\u00a0\u00bb0px\u00a0\u00bb quote_text_shadow_vertical_length_tablet=\u00a0\u00bb0px\u00a0\u00bb quote_text_shadow_blur_strength_tablet=\u00a0\u00bb1px\u00a0\u00bb header_text_shadow_horizontal_length_tablet=\u00a0\u00bb0px\u00a0\u00bb header_text_shadow_vertical_length_tablet=\u00a0\u00bb0px\u00a0\u00bb header_text_shadow_blur_strength_tablet=\u00a0\u00bb1px\u00a0\u00bb header_2_text_shadow_horizontal_length_tablet=\u00a0\u00bb0px\u00a0\u00bb header_2_text_shadow_vertical_length_tablet=\u00a0\u00bb0px\u00a0\u00bb header_2_text_shadow_blur_strength_tablet=\u00a0\u00bb1px\u00a0\u00bb header_3_text_shadow_horizontal_length_tablet=\u00a0\u00bb0px\u00a0\u00bb header_3_text_shadow_vertical_length_tablet=\u00a0\u00bb0px\u00a0\u00bb header_3_text_shadow_blur_strength_tablet=\u00a0\u00bb1px\u00a0\u00bb header_4_text_shadow_horizontal_length_tablet=\u00a0\u00bb0px\u00a0\u00bb header_4_text_shadow_vertical_length_tablet=\u00a0\u00bb0px\u00a0\u00bb header_4_text_shadow_blur_strength_tablet=\u00a0\u00bb1px\u00a0\u00bb header_5_text_shadow_horizontal_length_tablet=\u00a0\u00bb0px\u00a0\u00bb header_5_text_shadow_vertical_length_tablet=\u00a0\u00bb0px\u00a0\u00bb header_5_text_shadow_blur_strength_tablet=\u00a0\u00bb1px\u00a0\u00bb header_6_text_shadow_horizontal_length_tablet=\u00a0\u00bb0px\u00a0\u00bb header_6_text_shadow_vertical_length_tablet=\u00a0\u00bb0px\u00a0\u00bb header_6_text_shadow_blur_strength_tablet=\u00a0\u00bb1px\u00a0\u00bb box_shadow_horizontal_tablet=\u00a0\u00bb0px\u00a0\u00bb box_shadow_vertical_tablet=\u00a0\u00bb0px\u00a0\u00bb box_shadow_blur_tablet=\u00a0\u00bb40px\u00a0\u00bb box_shadow_spread_tablet=\u00a0\u00bb0px\u00a0\u00bb use_border_color=\u00a0\u00bboff\u00a0\u00bb border_color=\u00a0\u00bb#ffffff\u00a0\u00bb border_style=\u00a0\u00bbsolid\u00a0\u00bb global_colors_info=\u00a0\u00bb{}\u00a0\u00bb]<\/p>\n<div class=\"et_pb_team_member_image et-waypoint et_pb_animation_off et-animated\"><img loading=\"lazy\" decoding=\"async\" class=\"wp-image-96537 alignnone size-full\" src=\"https:\/\/www.international-student-office.org\/wp-content\/uploads\/2022\/04\/bianca_web.jpg\" alt=\"\" width=\"300\" height=\"300\"><\/div>\n<p>[\/et_pb_text][\/et_pb_column][\/et_pb_row][et_pb_row column_structure=\u00a0\u00bb2_3,1_3&Prime; _builder_version=\u00a0\u00bb4.16&Prime; background_size=\u00a0\u00bbinitial\u00a0\u00bb background_position=\u00a0\u00bbtop_left\u00a0\u00bb background_repeat=\u00a0\u00bbrepeat\u00a0\u00bb global_colors_info=\u00a0\u00bb{}\u00a0\u00bb][et_pb_column type=\u00a0\u00bb2_3&Prime; _builder_version=\u00a0\u00bb4.16&Prime; custom_padding=\u00a0\u00bb|||\u00a0\u00bb global_colors_info=\u00a0\u00bb{}\u00a0\u00bb custom_padding__hover=\u00a0\u00bb|||\u00a0\u00bb][et_pb_image src=\u00a0\u00bbhttps:\/\/www.international-student-office.org\/wp-content\/uploads\/2021\/10\/108n-Kopie_1080.jpg\u00a0\u00bb alt=\u00a0\u00bbLernen Sie unser Team kennen!\u00a0\u00bb title_text=\u00a0\u00bb108n-Kopie_1080&Prime; align_tablet=\u00a0\u00bbcenter\u00a0\u00bb align_phone=\u00a0\u00bb\u00a0\u00bb align_last_edited=\u00a0\u00bbon|desktop\u00a0\u00bb admin_label=\u00a0\u00bbTeam Foto\u00a0\u00bb _builder_version=\u00a0\u00bb4.9.0&Prime; use_border_color=\u00a0\u00bboff\u00a0\u00bb border_color=\u00a0\u00bb#ffffff\u00a0\u00bb border_style=\u00a0\u00bbsolid\u00a0\u00bb animation=\u00a0\u00bboff\u00a0\u00bb sticky=\u00a0\u00bboff\u00a0\u00bb always_center_on_mobile=\u00a0\u00bbon\u00a0\u00bb global_module=\u00a0\u00bb95262&Prime; saved_tabs=\u00a0\u00bball\u00a0\u00bb global_colors_info=\u00a0\u00bb{}\u00a0\u00bb][\/et_pb_image][\/et_pb_column][et_pb_column type=\u00a0\u00bb1_3&Prime; _builder_version=\u00a0\u00bb4.16&Prime; custom_padding=\u00a0\u00bb|||\u00a0\u00bb global_colors_info=\u00a0\u00bb{}\u00a0\u00bb custom_padding__hover=\u00a0\u00bb|||\u00a0\u00bb][et_pb_text _builder_version=\u00a0\u00bb4.16&Prime; background_size=\u00a0\u00bbinitial\u00a0\u00bb background_position=\u00a0\u00bbtop_left\u00a0\u00bb background_repeat=\u00a0\u00bbrepeat\u00a0\u00bb custom_margin=\u00a0\u00bb||10px|\u00a0\u00bb use_border_color=\u00a0\u00bboff\u00a0\u00bb border_color=\u00a0\u00bb#ffffff\u00a0\u00bb border_style=\u00a0\u00bbsolid\u00a0\u00bb global_colors_info=\u00a0\u00bb{}\u00a0\u00bb]<\/p>\n<h2 style=\"text-align: left;\"><a title=\"International Student Office Team\" href=\"https:\/\/www.international-student-office.org\/fr\/a-propos-de-nous\/notre-equipe\/\">Apprenez \u00e0 conna\u00eetre notre \u00e9quipe !<\/a><\/h2>\n<p>[\/et_pb_text][et_pb_text module_class=\u00a0\u00bbcta\u00a0\u00bb _builder_version=\u00a0\u00bb4.16&Prime; background_size=\u00a0\u00bbinitial\u00a0\u00bb background_position=\u00a0\u00bbtop_left\u00a0\u00bb background_repeat=\u00a0\u00bbrepeat\u00a0\u00bb background_layout=\u00a0\u00bbdark\u00a0\u00bb use_border_color=\u00a0\u00bboff\u00a0\u00bb border_color=\u00a0\u00bb#ffffff\u00a0\u00bb border_style=\u00a0\u00bbsolid\u00a0\u00bb global_colors_info=\u00a0\u00bb{}\u00a0\u00bb]<\/p>\n<h3 style=\"text-align: center; padding-top:25px; color: #ffffff;\"><strong>International Student Office<\/strong><\/h3>\n<p style=\"padding-bottom:25px;\"><a class=\"et_pb_promo_button et_pb_button\" style=\"margin: 15px; border-radius: 10px;\" href=\"https:\/\/www.international-student-office.org\/fr\/contact\/\">Contactez-nous !<\/a><\/p>\n<p>[\/et_pb_text][\/et_pb_column][\/et_pb_row][\/et_pb_section]<\/p>\n","protected":false},"excerpt":{"rendered":"<p>Bianca Sauer Relations europ\u00e9ennes &amp; management \u00e9tudiant Je m&rsquo;appelle Bianca Sauer et je suis heureuse de soutenir les \u00e9tudiants dans leurs aventures \u00e0 l&rsquo;\u00e9tranger. J&rsquo;ai pu vivre ma premi\u00e8re exp\u00e9rience \u00e0 l&rsquo;\u00e9tranger d\u00e8s l&rsquo;\u00e2ge de 16 ans lors d&rsquo;un \u00e9change scolaire en Nouvelle-Z\u00e9lande. En plus des connaissances linguistiques, j&rsquo;ai appris \u00e0 \u00eatre ind\u00e9pendante et \u00e0 [&hellip;]<\/p>\n","protected":false},"author":4,"featured_media":0,"parent":22534,"menu_order":0,"comment_status":"open","ping_status":"open","template":"","meta":{"_et_pb_use_builder":"on","_et_pb_old_content":"<p>Inhalt noch nicht vorhanden!<\/p>","_et_gb_content_width":"","footnotes":""},"class_list":["post-22307","page","type-page","status-publish","hentry"],"yoast_head":"<!-- This site is optimized with the Yoast SEO plugin v26.8 - https:\/\/yoast.com\/product\/yoast-seo-wordpress\/ -->\n<title>Bianca Sauer - l\u2019International Student Office<\/title>\n<meta name=\"description\" content=\"Bianca Sauer, membre de l\u2019International Student Office, vous aide \u00e0 organiser vos \u00e9tudes \u00e0 l\u2019\u00e9tranger en Australie, au Canada et aux \u00c9tats-Unis.\" \/>\n<meta name=\"robots\" content=\"index, follow, max-snippet:-1, max-image-preview:large, max-video-preview:-1\" \/>\n<link rel=\"canonical\" href=\"https:\/\/www.international-student-office.org\/fr\/a-propos-de-nous\/notre-equipe\/bianca-sauer\/\" \/>\n<meta property=\"og:locale\" content=\"fr_FR\" \/>\n<meta property=\"og:type\" content=\"article\" \/>\n<meta property=\"og:title\" content=\"Bianca Sauer - l\u2019International Student Office\" \/>\n<meta property=\"og:description\" content=\"Bianca Sauer, membre de l\u2019International Student Office, vous aide \u00e0 organiser vos \u00e9tudes \u00e0 l\u2019\u00e9tranger en Australie, au Canada et aux \u00c9tats-Unis.\" \/>\n<meta property=\"og:url\" content=\"https:\/\/www.international-student-office.org\/fr\/a-propos-de-nous\/notre-equipe\/bianca-sauer\/\" \/>\n<meta property=\"og:site_name\" content=\"International Student Office\" \/>\n<meta property=\"article:modified_time\" content=\"2024-03-26T14:33:09+00:00\" \/>\n<meta property=\"og:image\" content=\"https:\/\/www.international-student-office.org\/wp-content\/uploads\/2018\/09\/059ns1zu1-300x300.jpg\" \/>\n<meta name=\"twitter:label1\" content=\"Dur\u00e9e de lecture estim\u00e9e\" \/>\n\t<meta name=\"twitter:data1\" content=\"3 minutes\" \/>\n<script type=\"application\/ld+json\" class=\"yoast-schema-graph\">{\"@context\":\"https:\/\/schema.org\",\"@graph\":[{\"@type\":\"WebPage\",\"@id\":\"https:\/\/www.international-student-office.org\/fr\/a-propos-de-nous\/notre-equipe\/bianca-sauer\/\",\"url\":\"https:\/\/www.international-student-office.org\/fr\/a-propos-de-nous\/notre-equipe\/bianca-sauer\/\",\"name\":\"Bianca Sauer - l\u2019International Student Office\",\"isPartOf\":{\"@id\":\"https:\/\/www.international-student-office.org\/#website\"},\"primaryImageOfPage\":{\"@id\":\"https:\/\/www.international-student-office.org\/fr\/a-propos-de-nous\/notre-equipe\/bianca-sauer\/#primaryimage\"},\"image\":{\"@id\":\"https:\/\/www.international-student-office.org\/fr\/a-propos-de-nous\/notre-equipe\/bianca-sauer\/#primaryimage\"},\"thumbnailUrl\":\"https:\/\/www.international-student-office.org\/wp-content\/uploads\/2018\/09\/059ns1zu1-300x300.jpg\",\"datePublished\":\"2014-09-30T22:15:18+00:00\",\"dateModified\":\"2024-03-26T14:33:09+00:00\",\"description\":\"Bianca Sauer, membre de l\u2019International Student Office, vous aide \u00e0 organiser vos \u00e9tudes \u00e0 l\u2019\u00e9tranger en Australie, au Canada et aux \u00c9tats-Unis.\",\"breadcrumb\":{\"@id\":\"https:\/\/www.international-student-office.org\/fr\/a-propos-de-nous\/notre-equipe\/bianca-sauer\/#breadcrumb\"},\"inLanguage\":\"fr-FR\",\"potentialAction\":[{\"@type\":\"ReadAction\",\"target\":[\"https:\/\/www.international-student-office.org\/fr\/a-propos-de-nous\/notre-equipe\/bianca-sauer\/\"]}]},{\"@type\":\"ImageObject\",\"inLanguage\":\"fr-FR\",\"@id\":\"https:\/\/www.international-student-office.org\/fr\/a-propos-de-nous\/notre-equipe\/bianca-sauer\/#primaryimage\",\"url\":\"https:\/\/www.international-student-office.org\/wp-content\/uploads\/2018\/09\/059ns1zu1-300x300.jpg\",\"contentUrl\":\"https:\/\/www.international-student-office.org\/wp-content\/uploads\/2018\/09\/059ns1zu1-300x300.jpg\"},{\"@type\":\"BreadcrumbList\",\"@id\":\"https:\/\/www.international-student-office.org\/fr\/a-propos-de-nous\/notre-equipe\/bianca-sauer\/#breadcrumb\",\"itemListElement\":[{\"@type\":\"ListItem\",\"position\":1,\"name\":\"Home\",\"item\":\"https:\/\/www.international-student-office.org\/fr\/\"},{\"@type\":\"ListItem\",\"position\":2,\"name\":\"\u00c0 propos de nous\",\"item\":\"https:\/\/www.international-student-office.org\/fr\/a-propos-de-nous\/\"},{\"@type\":\"ListItem\",\"position\":3,\"name\":\"Notre \u00e9quipe\",\"item\":\"https:\/\/www.international-student-office.org\/fr\/a-propos-de-nous\/notre-equipe\/\"},{\"@type\":\"ListItem\",\"position\":4,\"name\":\"Bianca Sauer\"}]},{\"@type\":\"WebSite\",\"@id\":\"https:\/\/www.international-student-office.org\/#website\",\"url\":\"https:\/\/www.international-student-office.org\/\",\"name\":\"International Student Office\",\"description\":\"\",\"publisher\":{\"@id\":\"https:\/\/www.international-student-office.org\/#organization\"},\"potentialAction\":[{\"@type\":\"SearchAction\",\"target\":{\"@type\":\"EntryPoint\",\"urlTemplate\":\"https:\/\/www.international-student-office.org\/?s={search_term_string}\"},\"query-input\":{\"@type\":\"PropertyValueSpecification\",\"valueRequired\":true,\"valueName\":\"search_term_string\"}}],\"inLanguage\":\"fr-FR\"},{\"@type\":\"Organization\",\"@id\":\"https:\/\/www.international-student-office.org\/#organization\",\"name\":\"International Student Office\",\"url\":\"https:\/\/www.international-student-office.org\/\",\"logo\":{\"@type\":\"ImageObject\",\"inLanguage\":\"fr-FR\",\"@id\":\"https:\/\/www.international-student-office.org\/#\/schema\/logo\/image\/\",\"url\":\"https:\/\/www.international-student-office.org\/wp-content\/uploads\/2014\/09\/iso_logo.png\",\"contentUrl\":\"https:\/\/www.international-student-office.org\/wp-content\/uploads\/2014\/09\/iso_logo.png\",\"width\":300,\"height\":113,\"caption\":\"International Student Office\"},\"image\":{\"@id\":\"https:\/\/www.international-student-office.org\/#\/schema\/logo\/image\/\"}}]}<\/script>\n<!-- \/ Yoast SEO plugin. -->","yoast_head_json":{"title":"Bianca Sauer - l\u2019International Student Office","description":"Bianca Sauer, membre de l\u2019International Student Office, vous aide \u00e0 organiser vos \u00e9tudes \u00e0 l\u2019\u00e9tranger en Australie, au Canada et aux \u00c9tats-Unis.","robots":{"index":"index","follow":"follow","max-snippet":"max-snippet:-1","max-image-preview":"max-image-preview:large","max-video-preview":"max-video-preview:-1"},"canonical":"https:\/\/www.international-student-office.org\/fr\/a-propos-de-nous\/notre-equipe\/bianca-sauer\/","og_locale":"fr_FR","og_type":"article","og_title":"Bianca Sauer - l\u2019International Student Office","og_description":"Bianca Sauer, membre de l\u2019International Student Office, vous aide \u00e0 organiser vos \u00e9tudes \u00e0 l\u2019\u00e9tranger en Australie, au Canada et aux \u00c9tats-Unis.","og_url":"https:\/\/www.international-student-office.org\/fr\/a-propos-de-nous\/notre-equipe\/bianca-sauer\/","og_site_name":"International Student Office","article_modified_time":"2024-03-26T14:33:09+00:00","og_image":[{"url":"https:\/\/www.international-student-office.org\/wp-content\/uploads\/2018\/09\/059ns1zu1-300x300.jpg","type":"","width":"","height":""}],"twitter_misc":{"Dur\u00e9e de lecture estim\u00e9e":"3 minutes"},"schema":{"@context":"https:\/\/schema.org","@graph":[{"@type":"WebPage","@id":"https:\/\/www.international-student-office.org\/fr\/a-propos-de-nous\/notre-equipe\/bianca-sauer\/","url":"https:\/\/www.international-student-office.org\/fr\/a-propos-de-nous\/notre-equipe\/bianca-sauer\/","name":"Bianca Sauer - l\u2019International Student Office","isPartOf":{"@id":"https:\/\/www.international-student-office.org\/#website"},"primaryImageOfPage":{"@id":"https:\/\/www.international-student-office.org\/fr\/a-propos-de-nous\/notre-equipe\/bianca-sauer\/#primaryimage"},"image":{"@id":"https:\/\/www.international-student-office.org\/fr\/a-propos-de-nous\/notre-equipe\/bianca-sauer\/#primaryimage"},"thumbnailUrl":"https:\/\/www.international-student-office.org\/wp-content\/uploads\/2018\/09\/059ns1zu1-300x300.jpg","datePublished":"2014-09-30T22:15:18+00:00","dateModified":"2024-03-26T14:33:09+00:00","description":"Bianca Sauer, membre de l\u2019International Student Office, vous aide \u00e0 organiser vos \u00e9tudes \u00e0 l\u2019\u00e9tranger en Australie, au Canada et aux \u00c9tats-Unis.","breadcrumb":{"@id":"https:\/\/www.international-student-office.org\/fr\/a-propos-de-nous\/notre-equipe\/bianca-sauer\/#breadcrumb"},"inLanguage":"fr-FR","potentialAction":[{"@type":"ReadAction","target":["https:\/\/www.international-student-office.org\/fr\/a-propos-de-nous\/notre-equipe\/bianca-sauer\/"]}]},{"@type":"ImageObject","inLanguage":"fr-FR","@id":"https:\/\/www.international-student-office.org\/fr\/a-propos-de-nous\/notre-equipe\/bianca-sauer\/#primaryimage","url":"https:\/\/www.international-student-office.org\/wp-content\/uploads\/2018\/09\/059ns1zu1-300x300.jpg","contentUrl":"https:\/\/www.international-student-office.org\/wp-content\/uploads\/2018\/09\/059ns1zu1-300x300.jpg"},{"@type":"BreadcrumbList","@id":"https:\/\/www.international-student-office.org\/fr\/a-propos-de-nous\/notre-equipe\/bianca-sauer\/#breadcrumb","itemListElement":[{"@type":"ListItem","position":1,"name":"Home","item":"https:\/\/www.international-student-office.org\/fr\/"},{"@type":"ListItem","position":2,"name":"\u00c0 propos de nous","item":"https:\/\/www.international-student-office.org\/fr\/a-propos-de-nous\/"},{"@type":"ListItem","position":3,"name":"Notre \u00e9quipe","item":"https:\/\/www.international-student-office.org\/fr\/a-propos-de-nous\/notre-equipe\/"},{"@type":"ListItem","position":4,"name":"Bianca Sauer"}]},{"@type":"WebSite","@id":"https:\/\/www.international-student-office.org\/#website","url":"https:\/\/www.international-student-office.org\/","name":"International Student Office","description":"","publisher":{"@id":"https:\/\/www.international-student-office.org\/#organization"},"potentialAction":[{"@type":"SearchAction","target":{"@type":"EntryPoint","urlTemplate":"https:\/\/www.international-student-office.org\/?s={search_term_string}"},"query-input":{"@type":"PropertyValueSpecification","valueRequired":true,"valueName":"search_term_string"}}],"inLanguage":"fr-FR"},{"@type":"Organization","@id":"https:\/\/www.international-student-office.org\/#organization","name":"International Student Office","url":"https:\/\/www.international-student-office.org\/","logo":{"@type":"ImageObject","inLanguage":"fr-FR","@id":"https:\/\/www.international-student-office.org\/#\/schema\/logo\/image\/","url":"https:\/\/www.international-student-office.org\/wp-content\/uploads\/2014\/09\/iso_logo.png","contentUrl":"https:\/\/www.international-student-office.org\/wp-content\/uploads\/2014\/09\/iso_logo.png","width":300,"height":113,"caption":"International Student Office"},"image":{"@id":"https:\/\/www.international-student-office.org\/#\/schema\/logo\/image\/"}}]}},"_links":{"self":[{"href":"https:\/\/www.international-student-office.org\/fr\/wp-json\/wp\/v2\/pages\/22307","targetHints":{"allow":["GET"]}}],"collection":[{"href":"https:\/\/www.international-student-office.org\/fr\/wp-json\/wp\/v2\/pages"}],"about":[{"href":"https:\/\/www.international-student-office.org\/fr\/wp-json\/wp\/v2\/types\/page"}],"author":[{"embeddable":true,"href":"https:\/\/www.international-student-office.org\/fr\/wp-json\/wp\/v2\/users\/4"}],"replies":[{"embeddable":true,"href":"https:\/\/www.international-student-office.org\/fr\/wp-json\/wp\/v2\/comments?post=22307"}],"version-history":[{"count":1,"href":"https:\/\/www.international-student-office.org\/fr\/wp-json\/wp\/v2\/pages\/22307\/revisions"}],"predecessor-version":[{"id":108726,"href":"https:\/\/www.international-student-office.org\/fr\/wp-json\/wp\/v2\/pages\/22307\/revisions\/108726"}],"up":[{"embeddable":true,"href":"https:\/\/www.international-student-office.org\/fr\/wp-json\/wp\/v2\/pages\/22534"}],"wp:attachment":[{"href":"https:\/\/www.international-student-office.org\/fr\/wp-json\/wp\/v2\/media?parent=22307"}],"curies":[{"name":"wp","href":"https:\/\/api.w.org\/{rel}","templated":true}]}}