{"id":22456,"date":"2009-10-15T21:59:19","date_gmt":"2009-10-16T05:59:19","guid":{"rendered":"http:\/\/www.international-student-office.org\/kontakt-2\/"},"modified":"2021-10-26T07:18:01","modified_gmt":"2021-10-26T07:18:01","slug":"contact","status":"publish","type":"page","link":"https:\/\/www.international-student-office.org\/fr\/contact\/","title":{"rendered":"Contact"},"content":{"rendered":"<p>[et_pb_section fb_built=\u00a0\u00bb1&Prime; admin_label=\u00a0\u00bbsection\u00a0\u00bb _builder_version=\u00a0\u00bb3.22&Prime;][et_pb_row admin_label=\u00a0\u00bbZeile\u00a0\u00bb _builder_version=\u00a0\u00bb3.25&Prime; background_size=\u00a0\u00bbinitial\u00a0\u00bb background_position=\u00a0\u00bbtop_left\u00a0\u00bb background_repeat=\u00a0\u00bbrepeat\u00a0\u00bb custom_padding=\u00a0\u00bb||0px|\u00a0\u00bb make_fullwidth=\u00a0\u00bboff\u00a0\u00bb use_custom_width=\u00a0\u00bboff\u00a0\u00bb width_unit=\u00a0\u00bbon\u00a0\u00bb][et_pb_column type=\u00a0\u00bb4_4&Prime; _builder_version=\u00a0\u00bb3.25&Prime; custom_padding=\u00a0\u00bb|||\u00a0\u00bb custom_padding__hover=\u00a0\u00bb|||\u00a0\u00bb][et_pb_text admin_label=\u00a0\u00bbText\u00a0\u00bb _builder_version=\u00a0\u00bb3.27.4&Prime; background_size=\u00a0\u00bbinitial\u00a0\u00bb background_position=\u00a0\u00bbtop_left\u00a0\u00bb background_repeat=\u00a0\u00bbrepeat\u00a0\u00bb use_border_color=\u00a0\u00bboff\u00a0\u00bb border_color=\u00a0\u00bb#ffffff\u00a0\u00bb border_style=\u00a0\u00bbsolid\u00a0\u00bb]<\/p>\n<h2 class=\"titel-blau\"><strong>Contactez-nous !<\/strong><\/h2>\n<p>[\/et_pb_text][\/et_pb_column][\/et_pb_row][et_pb_row column_structure=\u00a0\u00bb2_3,1_3&Prime; admin_label=\u00a0\u00bbrow\u00a0\u00bb _builder_version=\u00a0\u00bb3.25&Prime; background_size=\u00a0\u00bbinitial\u00a0\u00bb background_position=\u00a0\u00bbtop_left\u00a0\u00bb background_repeat=\u00a0\u00bbrepeat\u00a0\u00bb custom_padding=\u00a0\u00bb0px|||\u00a0\u00bb make_fullwidth=\u00a0\u00bboff\u00a0\u00bb use_custom_width=\u00a0\u00bboff\u00a0\u00bb width_unit=\u00a0\u00bbon\u00a0\u00bb][et_pb_column type=\u00a0\u00bb2_3&Prime; _builder_version=\u00a0\u00bb3.25&Prime; custom_padding=\u00a0\u00bb|||\u00a0\u00bb custom_padding__hover=\u00a0\u00bb|||\u00a0\u00bb][et_pb_text admin_label=\u00a0\u00bbKontakt-Iso (ohne Skype)\u00a0\u00bb _builder_version=\u00a0\u00bb3.27.4&Prime; background_size=\u00a0\u00bbinitial\u00a0\u00bb background_position=\u00a0\u00bbtop_left\u00a0\u00bb background_repeat=\u00a0\u00bbrepeat\u00a0\u00bb custom_css_main_element=\u00a0\u00bb} ||.wpcf7-submit {||margin-right:0 !important;\u00a0\u00bb use_border_color=\u00a0\u00bboff\u00a0\u00bb border_color=\u00a0\u00bb#ffffff\u00a0\u00bb border_style=\u00a0\u00bbsolid\u00a0\u00bb]<\/p>\n<p style=\"text-align:justify; margin-bottom:25px;\"><strong>L\u2019International Student Office<\/strong> est le bureau europ\u00e9en de trois universit\u00e9s australienne, canadienne et am\u00e9ricaine. Prenez contact avec nous&nbsp;! Les membres de l&rsquo;International Student Office vous informent des possibilit\u00e9s que vous offrent nos universit\u00e9s, des diff\u00e9rents moyens de financement dont vous disposez et vous aident \u00e0 pr\u00e9parer et \u00e0 poser votre candidature. D\u00e9couvrez \u00e0 quel point il est facile d&rsquo;\u00e9tudier \u00e0 l\u2019\u00e9tranger. N&rsquo;h\u00e9sitez plus, contactez-nous&nbsp;!<\/p>\n<p><div role=\"form\" class=\"wpcf7\" id=\"wpcf7-f32255-o1\" lang=\"en-US\" dir=\"ltr\">\n<div class=\"screen-reader-response\"><p role=\"status\" aria-live=\"polite\" aria-atomic=\"true\"><\/p> <ul><\/ul><\/div>\n<form action=\"\/fr\/wp-json\/wp\/v2\/pages\/22456#wpcf7-f32255-o1\" method=\"post\" class=\"wpcf7-form init\" novalidate=\"novalidate\" data-status=\"init\">\n<div style=\"display: none;\">\n<input type=\"hidden\" name=\"_wpcf7\" value=\"32255\" \/>\n<input type=\"hidden\" name=\"_wpcf7_version\" value=\"5.5.6\" \/>\n<input type=\"hidden\" name=\"_wpcf7_locale\" value=\"en_US\" \/>\n<input type=\"hidden\" name=\"_wpcf7_unit_tag\" value=\"wpcf7-f32255-o1\" \/>\n<input type=\"hidden\" name=\"_wpcf7_container_post\" value=\"0\" \/>\n<input type=\"hidden\" name=\"_wpcf7_posted_data_hash\" value=\"\" \/>\n<input type=\"hidden\" name=\"_wpcf7cf_hidden_group_fields\" value=\"[]\" \/>\n<input type=\"hidden\" name=\"_wpcf7cf_hidden_groups\" value=\"[]\" \/>\n<input type=\"hidden\" name=\"_wpcf7cf_visible_groups\" value=\"[]\" \/>\n<input type=\"hidden\" name=\"_wpcf7cf_repeaters\" value=\"[]\" \/>\n<input type=\"hidden\" name=\"_wpcf7cf_steps\" value=\"{}\" \/>\n<input type=\"hidden\" name=\"_wpcf7cf_options\" value=\"{&quot;form_id&quot;:32255,&quot;conditions&quot;:[],&quot;settings&quot;:{&quot;animation&quot;:&quot;yes&quot;,&quot;animation_intime&quot;:200,&quot;animation_outtime&quot;:200,&quot;conditions_ui&quot;:&quot;normal&quot;,&quot;notice_dismissed&quot;:false,&quot;notice_dismissed_update-cf7-6.0&quot;:true}}\" \/>\n<input type=\"hidden\" name=\"_wpcf7_recaptcha_response\" value=\"\" \/>\n<\/div>\n<fieldset class=\"wrapper_contactform\">\n<legend class=\"legend_contactform\">Contact<\/legend>\n<div class=\"clearfix\">\n<div class=\"form_half\">\n<p><label><strong>Nom <\/strong><em>(obligatoire)<\/em><br \/><span class=\"wpcf7-form-control-wrap your-name\"><input type=\"text\" name=\"your-name\" value=\"\" size=\"40\" class=\"wpcf7-form-control wpcf7-text wpcf7-validates-as-required\" aria-required=\"true\" aria-invalid=\"false\" \/><\/span><\/label><\/p>\n<p><label><strong>Email <\/strong><em>(obligatoire)<\/em><br \/><span class=\"wpcf7-form-control-wrap your-email\"><input type=\"email\" name=\"your-email\" value=\"\" size=\"40\" class=\"wpcf7-form-control wpcf7-text wpcf7-email wpcf7-validates-as-required wpcf7-validates-as-email\" aria-required=\"true\" aria-invalid=\"false\" \/><\/span> <\/label><\/p>\n<\/div>\n<div class=\"form_half_last\">\n<p><label><strong>Pr\u00e9nom <\/strong><em>(obligatoire)<\/em><br \/><span class=\"wpcf7-form-control-wrap firstname\"><input type=\"text\" name=\"firstname\" value=\"\" size=\"40\" class=\"wpcf7-form-control wpcf7-text wpcf7-validates-as-required\" aria-required=\"true\" aria-invalid=\"false\" \/><\/span><\/label><\/p>\n<p><label><strong>Num\u00e9ro de t\u00e9l\u00e9phone <\/strong><em>(obligatoire)<\/em><br \/><span class=\"wpcf7-form-control-wrap phone\"><input type=\"tel\" name=\"phone\" value=\"\" size=\"40\" class=\"wpcf7-form-control wpcf7-text wpcf7-tel wpcf7-validates-as-tel\" aria-invalid=\"false\" placeholder=\"(Ex +33 970 407 544)\" \/><\/span> <\/label><\/p>\n<\/div>\n<\/div>\n<\/fieldset>\n<fieldset class=\"wrapper_contactform\">\n<legend class=\"legend_contactform\">S\u00e9lection &amp; sp\u00e9cification<\/legend>\n<div class=\"form_half\">\n<p><label> Je suis int\u00e9ress\u00e9(e) par (obligatoire)<br \/>\n    <span class=\"wpcf7-form-control-wrap programmes\"><select name=\"programmes\" class=\"wpcf7-form-control wpcf7-select\" aria-invalid=\"false\"><option value=\"Semestre \u00e0 l\u2019\u00e9tranger Bachelor\">Semestre \u00e0 l\u2019\u00e9tranger Bachelor<\/option><option value=\"Semestre \u00e0 l\u2019\u00e9tranger Master\">Semestre \u00e0 l\u2019\u00e9tranger Master<\/option><option value=\"Bachelor Top-Up\">Bachelor Top-Up<\/option><option value=\"Bachelor\">Bachelor<\/option><option value=\"Master\">Master<\/option><option value=\"MBA\">MBA<\/option><option value=\"Diploma\">Diploma<\/option><option value=\"Gap Year \/ Exploratory Studies\">Gap Year \/ Exploratory Studies<\/option><option value=\"Cours de langues\">Cours de langues<\/option><\/select><\/span><\/label><\/p>\n<p><strong>Au sein de l'\u00e9tablissement suivant<\/strong><br \/>\n    <span class=\"wpcf7-form-control-wrap isounipartner\"><span class=\"wpcf7-form-control wpcf7-checkbox wpcf7-validates-as-required\"><span class=\"wpcf7-list-item first\"><label><input type=\"checkbox\" name=\"isounipartner[]\" value=\"ICMS, Sydney (Australie)\" \/><span class=\"wpcf7-list-item-label\">ICMS, Sydney (Australie)<\/span><\/label><\/span><span class=\"wpcf7-list-item last\"><label><input type=\"checkbox\" name=\"isounipartner[]\" value=\"VIU Vancouver Island (Canada)\" \/><span class=\"wpcf7-list-item-label\">VIU Vancouver Island (Canada)<\/span><\/label><\/span><\/span><\/span><\/p>\n<p> Date de d\u00e9but d\u2019\u00e9tudes souhait\u00e9e<br \/>\n   <span class=\"wpcf7-form-control-wrap studienbeginnmonat\"><select name=\"studienbeginnmonat\" class=\"wpcf7-form-control wpcf7-select\" aria-invalid=\"false\"><option value=\"Janvier\">Janvier<\/option><option value=\"F\u00e9vrier\">F\u00e9vrier<\/option><option value=\"Mars\">Mars<\/option><option value=\"Avril\">Avril<\/option><option value=\"Mai\">Mai<\/option><option value=\"Juin\">Juin<\/option><option value=\"Juillet\">Juillet<\/option><option value=\"Ao\u00fbt\">Ao\u00fbt<\/option><option value=\"Septembre\">Septembre<\/option><option value=\"Octobre\">Octobre<\/option><option value=\"Novembre\">Novembre<\/option><option value=\"D\u00e9cembre\">D\u00e9cembre<\/option><\/select><\/span> <span class=\"wpcf7-form-control-wrap studienbeginnjahr\"><select name=\"studienbeginnjahr\" class=\"wpcf7-form-control wpcf7-select\" aria-invalid=\"false\"><option value=\"2026\">2026<\/option><option value=\"2027\">2027<\/option><option value=\"2028\">2028<\/option><\/select><\/span><\/p>\n<\/div>\n<div class=\"form_half_last\">\n<p>Mon programme actuel d\u2019\u00e9tudes<br \/>\n    <span class=\"wpcf7-form-control-wrap beschreibung\"><input type=\"text\" name=\"beschreibung\" value=\"\" size=\"40\" class=\"wpcf7-form-control wpcf7-text\" aria-invalid=\"false\" \/><\/span><\/p>\n<p> Au sein de l\u2019institution suivante<br \/>\n    <span class=\"wpcf7-form-control-wrap hochschule\"><input type=\"text\" name=\"hochschule\" value=\"\" size=\"40\" class=\"wpcf7-form-control wpcf7-text\" aria-invalid=\"false\" \/><\/span><\/p>\n<p><\/p>\n<p>Commentaire<br \/>\n<span class=\"wpcf7-form-control-wrap kommentar\"><input type=\"text\" name=\"kommentar\" value=\"\" size=\"40\" class=\"wpcf7-form-control wpcf7-text\" aria-invalid=\"false\" \/><\/span><\/p>\n<\/div>\n<\/fieldset>\n<p><span class=\"wpcf7-form-control-wrap accept_get_infos\"><span class=\"wpcf7-form-control wpcf7-acceptance\"><span class=\"wpcf7-list-item\"><label><input type=\"checkbox\" name=\"accept_get_infos\" value=\"1\" aria-invalid=\"false\" \/><span class=\"wpcf7-list-item-label\">Je souhaite recevoir de plus amples informations sur les \u00e9tudes \u00e0 l\u2019\u00e9tranger, des bourses etc. <sup style=\"font-size:10px; vertical-align: sub;\">1.<\/sup><\/span><\/label><\/span><\/span><\/span><br \/>\n<span class=\"wpcf7-form-control-wrap accept_consent\"><span class=\"wpcf7-form-control wpcf7-acceptance\"><span class=\"wpcf7-list-item\"><label><input type=\"checkbox\" name=\"accept_consent\" value=\"1\" aria-invalid=\"false\" \/><span class=\"wpcf7-list-item-label\">J\u2019accepte les <a href=\"https:\/\/www.international-student-office.org\/datenschutz\/\" target=\u201d_blank\u201d>termes et conditions et la protection des donn\u00e9es.<\/a><\/span><\/label><\/span><\/span><\/span><\/p>\n\n<!-- CF7 Modules -->\n<div style='display:none;'><input type=\"hidden\" name=\"leadtyp\" value=\"Student\" class=\"wpcf7-form-control wpcf7-hidden\" \/>\n<input type=\"hidden\" name=\"leadsource\" value=\"ISO General Lead\" class=\"wpcf7-form-control wpcf7-hidden\" \/>\n<input type=\"hidden\" name=\"language\" value=\"French\" class=\"wpcf7-form-control wpcf7-hidden\" \/>\n<input type=\"hidden\" name=\"optin_link_text\" value=\"Veuillez confirmer &lt;span class=&#039;optinsymbol&#039;&gt;&gt;&lt;\/span&gt;\" class=\"wpcf7-form-control wpcf7-hidden\" \/><\/div>\n<!-- End CF7 Modules -->\n\n<p class=\"clearfix\"><input type=\"submit\" value=\"Demandez des informations\" class=\"wpcf7-form-control has-spinner wpcf7-submit\" \/><\/p>\n<div class=\"wpcf7-response-output\" aria-hidden=\"true\"><\/div><\/form><\/div><br \/>\n[\/et_pb_text][\/et_pb_column][et_pb_column type=\u00a0\u00bb1_3&Prime; _builder_version=\u00a0\u00bb3.25&Prime; custom_padding=\u00a0\u00bb|||\u00a0\u00bb custom_padding__hover=\u00a0\u00bb|||\u00a0\u00bb][et_pb_image src=\u00a0\u00bbhttps:\/\/www.international-student-office.org\/wp-content\/uploads\/2021\/10\/ISO_Team_klein_web.jpg\u00a0\u00bb alt=\u00a0\u00bbLernen Sie unser Team kennen!\u00a0\u00bb title_text=\u00a0\u00bbLernen Sie unser Team kennen!\u00a0\u00bb align_tablet=\u00a0\u00bbcenter\u00a0\u00bb align_phone=\u00a0\u00bb\u00a0\u00bb align_last_edited=\u00a0\u00bbon|desktop\u00a0\u00bb admin_label=\u00a0\u00bbTeam Foto\u00a0\u00bb _builder_version=\u00a0\u00bb4.9.0&Prime; use_border_color=\u00a0\u00bboff\u00a0\u00bb border_color=\u00a0\u00bb#ffffff\u00a0\u00bb border_style=\u00a0\u00bbsolid\u00a0\u00bb animation=\u00a0\u00bboff\u00a0\u00bb sticky=\u00a0\u00bboff\u00a0\u00bb always_center_on_mobile=\u00a0\u00bbon\u00a0\u00bb saved_tabs=\u00a0\u00bball\u00a0\u00bb global_module=\u00a0\u00bb95262&Prime;][\/et_pb_image][et_pb_text admin_label=\u00a0\u00bbKontakt Unis\u00a0\u00bb _builder_version=\u00a0\u00bb4.8.1&Prime; background_size=\u00a0\u00bbinitial\u00a0\u00bb background_position=\u00a0\u00bbtop_left\u00a0\u00bb background_repeat=\u00a0\u00bbrepeat\u00a0\u00bb use_border_color=\u00a0\u00bboff\u00a0\u00bb border_color=\u00a0\u00bb#ffffff\u00a0\u00bb border_style=\u00a0\u00bbsolid\u00a0\u00bb content__hover_enabled=\u00a0\u00bbon|desktop\u00a0\u00bb]<\/p>\n<p><strong>International Student Office<\/strong><br \/>Huegelstr. 41, 64283 Darmstadt<br \/>Allemagne<\/p>\n<p><a href=\"mailto:info@iso-mail.org\">info@iso-mail.org<\/a><\/p>\n<table border=\"0\" cellspacing=\"1\" cellpadding=\"1\">\n<tbody>\n<tr>\n<td>Tel:<\/td>\n<td>+ 49 (0) 6151 9674 666<\/td>\n<\/tr>\n<tr>\n<td>Fax:<\/td>\n<td>+ 49 (0) 6151 9674 668<\/td>\n<\/tr>\n<\/tbody>\n<\/table>\n<p><strong>International College of Management, Sydney<\/strong><br \/><a href=\"mailto:germany@icms.edu.au\">Europe@icms.edu.au<\/a><br \/><a title=\"ICMS\" href=\"http:\/\/www.icms.edu.au\" target=\"_blank\" rel=\"noopener noreferrer\">www.icms.edu.au<\/a><\/p>\n<p><strong>Vancouver Island University<\/strong><br \/><a href=\"mailto:germany@viu.ca\">VIUeurope@viu.ca<br \/><\/a><a title=\"VIU\" href=\"http:\/\/www.viu.ca\" target=\"_blank\" rel=\"noopener noreferrer\">www.viu.ca<\/a><\/p>\n<p><strong>National University<\/strong><br \/><a href=\"mailto:germany@nu.edu\" target=\"_blank\" rel=\"noopener noreferrer\">Europe@nu.edu<\/a><br \/><a title=\"National University\" href=\"http:\/\/www.nu.edu\" target=\"_blank\" rel=\"noopener noreferrer\">www.nu.edu<\/a><\/p>\n<p>&nbsp;<\/p>\n<p>[\/et_pb_text][et_pb_text _builder_version=\u00a0\u00bb4.8.1&Prime; _module_preset=\u00a0\u00bbdefault\u00a0\u00bb]<\/p>\n<p style=\"font-size: 10px; text-align: justify;\">1 En rentrant mes donn\u00e9es j\u2019accepte que l\u2019 Organization for Worldwide Education Ltd. (International Student Office) m\u2019envoie r\u00e9guli\u00e8rement des informations sur les possibilit\u00e9s des \u00e9tudes \u00e0 l\u2019\u00e9tranger par email. Je peux \u00e0 tout moment r\u00e9clamer par email\/en cliquant sur un lien dans l\u2019email la suppression de mes donn\u00e9es.<\/p>\n<p>[\/et_pb_text][\/et_pb_column][\/et_pb_row][\/et_pb_section]<\/p>\n","protected":false},"excerpt":{"rendered":"<p>Contactez-nous ! L\u2019International Student Office est le bureau europ\u00e9en de trois universit\u00e9s australienne, canadienne et am\u00e9ricaine. Prenez contact avec nous&nbsp;! Les membres de l&rsquo;International Student Office vous informent des possibilit\u00e9s que vous offrent nos universit\u00e9s, des diff\u00e9rents moyens de financement dont vous disposez et vous aident \u00e0 pr\u00e9parer et \u00e0 poser votre candidature. D\u00e9couvrez \u00e0 [&hellip;]<\/p>\n","protected":false},"author":3,"featured_media":0,"parent":0,"menu_order":8,"comment_status":"open","ping_status":"open","template":"","meta":{"_et_pb_use_builder":"on","_et_pb_old_content":"<p>\u00a0<\/p><p>Die Mitarbeiter des <strong>International Student Office<\/strong>\u00a0beraten Sie nat\u00fcrlich gerne \u00fcber die verschiedenen M\u00f6glichkeiten an unseren Universit\u00e4ten, Finanzierungsoptionen und helfen Ihnen bei der Bewerbung. Finden Sie heraus, wie einfach es ist, im Ausland zu studieren. Wir freuen uns, von Ihnen zu h\u00f6ren!<\/p><p><strong>International Student Office Germany:<br \/> <\/strong>Rheinallee 3a<br \/> 55116 Mainz<br \/> Tel: <a href=\"tel:+4961519674666\">+ 49 (0) 6151 9674 666<\/a><br \/> Fax: + 49 (0) 6151 9674 668<\/p><p><span style=\"font-size: 14px; line-height: 1.5em;\">[contact-form-7 id=\"14815\" title=\"2011_08_09 Kontaktformular\"]\u00a0<\/span><\/p><p><strong>National University<\/strong><br \/> <a href=\"mailto:germany@nu.edu\" target=\"_blank\">germany@nu.edu<\/a><br \/> <a title=\"National University\" href=\"http:\/\/www.nu.edu\" target=\"_blank\">www.nu.edu<\/a><\/p><p><strong>International College of Management, Sydney<\/strong><br \/> <a href=\"mailto:germany@icms.edu.au\">germany@icms.edu.au<\/a><br \/> <a title=\"ICMS\" href=\"http:\/\/www.icms.edu.au\" target=\"_blank\">www.icms.edu.au<\/a><\/p><p><strong>Vancouver Island University<\/strong><br \/> <a href=\"mailto:germany@viu.ca\">germany@viu.ca<\/a><br \/> <a title=\"VIU\" href=\"http:\/\/www.viu.ca\" target=\"_blank\">www.viu.ca<\/a><\/p><p><strong>Ca<\/strong><strong>lifornia International Business University<\/strong><br \/> <a href=\"mailto:ssachs@cibu.edu\">sabine.sachs@cibu.edu<\/a><br \/> <a title=\"CIBU\" href=\"http:\/\/www.cibu.edu\" target=\"_blank\">www.cibu.edu<\/a><\/p><p><strong>The\u00a0High School at Vancouver Island University<\/strong><br \/> <a href=\"mailto:germany@viu.ca\">germany@viu.ca<\/a><br \/> <a title=\"The High School at Vancouver Island University\" href=\"http:\/\/www2.viu.ca\/highschool\/\">www.viu.ca\/highschool<\/a><\/p><p>\u00a0<\/p><p style=\"text-align: justify;\">\u00a0<\/p>","_et_gb_content_width":"","footnotes":""},"class_list":["post-22456","page","type-page","status-publish","hentry"],"yoast_head":"<!-- This site is optimized with the Yoast SEO plugin v26.8 - https:\/\/yoast.com\/product\/yoast-seo-wordpress\/ -->\n<title>Contact - International Student office<\/title>\n<meta name=\"description\" content=\"L\u2019International Student Office est le bureau europ\u00e9en de trois universit\u00e9s australienne, canadienne et am\u00e9ricaine. Prenez contact avec nous\u00a0!\" \/>\n<meta name=\"robots\" content=\"index, follow, max-snippet:-1, max-image-preview:large, max-video-preview:-1\" \/>\n<link rel=\"canonical\" href=\"https:\/\/www.international-student-office.org\/fr\/contact\/\" \/>\n<meta property=\"og:locale\" content=\"fr_FR\" \/>\n<meta property=\"og:type\" content=\"article\" \/>\n<meta property=\"og:title\" content=\"Contact - International Student office\" \/>\n<meta property=\"og:description\" content=\"L\u2019International Student Office est le bureau europ\u00e9en de trois universit\u00e9s australienne, canadienne et am\u00e9ricaine. Prenez contact avec nous\u00a0!\" \/>\n<meta property=\"og:url\" content=\"https:\/\/www.international-student-office.org\/fr\/contact\/\" \/>\n<meta property=\"og:site_name\" content=\"International Student Office\" \/>\n<meta property=\"article:modified_time\" content=\"2021-10-26T07:18:01+00:00\" \/>\n<meta name=\"twitter:label1\" content=\"Dur\u00e9e de lecture estim\u00e9e\" \/>\n\t<meta name=\"twitter:data1\" content=\"2 minutes\" \/>\n<script type=\"application\/ld+json\" class=\"yoast-schema-graph\">{\"@context\":\"https:\/\/schema.org\",\"@graph\":[{\"@type\":\"WebPage\",\"@id\":\"https:\/\/www.international-student-office.org\/fr\/contact\/\",\"url\":\"https:\/\/www.international-student-office.org\/fr\/contact\/\",\"name\":\"Contact - International Student office\",\"isPartOf\":{\"@id\":\"https:\/\/www.international-student-office.org\/#website\"},\"datePublished\":\"2009-10-16T05:59:19+00:00\",\"dateModified\":\"2021-10-26T07:18:01+00:00\",\"description\":\"L\u2019International Student Office est le bureau europ\u00e9en de trois universit\u00e9s australienne, canadienne et am\u00e9ricaine. Prenez contact avec nous\u00a0!\",\"breadcrumb\":{\"@id\":\"https:\/\/www.international-student-office.org\/fr\/contact\/#breadcrumb\"},\"inLanguage\":\"fr-FR\",\"potentialAction\":[{\"@type\":\"ReadAction\",\"target\":[\"https:\/\/www.international-student-office.org\/fr\/contact\/\"]}]},{\"@type\":\"BreadcrumbList\",\"@id\":\"https:\/\/www.international-student-office.org\/fr\/contact\/#breadcrumb\",\"itemListElement\":[{\"@type\":\"ListItem\",\"position\":1,\"name\":\"Home\",\"item\":\"https:\/\/www.international-student-office.org\/fr\/\"},{\"@type\":\"ListItem\",\"position\":2,\"name\":\"Contact\"}]},{\"@type\":\"WebSite\",\"@id\":\"https:\/\/www.international-student-office.org\/#website\",\"url\":\"https:\/\/www.international-student-office.org\/\",\"name\":\"International Student Office\",\"description\":\"\",\"publisher\":{\"@id\":\"https:\/\/www.international-student-office.org\/#organization\"},\"potentialAction\":[{\"@type\":\"SearchAction\",\"target\":{\"@type\":\"EntryPoint\",\"urlTemplate\":\"https:\/\/www.international-student-office.org\/?s={search_term_string}\"},\"query-input\":{\"@type\":\"PropertyValueSpecification\",\"valueRequired\":true,\"valueName\":\"search_term_string\"}}],\"inLanguage\":\"fr-FR\"},{\"@type\":\"Organization\",\"@id\":\"https:\/\/www.international-student-office.org\/#organization\",\"name\":\"International Student Office\",\"url\":\"https:\/\/www.international-student-office.org\/\",\"logo\":{\"@type\":\"ImageObject\",\"inLanguage\":\"fr-FR\",\"@id\":\"https:\/\/www.international-student-office.org\/#\/schema\/logo\/image\/\",\"url\":\"https:\/\/www.international-student-office.org\/wp-content\/uploads\/2014\/09\/iso_logo.png\",\"contentUrl\":\"https:\/\/www.international-student-office.org\/wp-content\/uploads\/2014\/09\/iso_logo.png\",\"width\":300,\"height\":113,\"caption\":\"International Student Office\"},\"image\":{\"@id\":\"https:\/\/www.international-student-office.org\/#\/schema\/logo\/image\/\"}}]}<\/script>\n<!-- \/ Yoast SEO plugin. -->","yoast_head_json":{"title":"Contact - International Student office","description":"L\u2019International Student Office est le bureau europ\u00e9en de trois universit\u00e9s australienne, canadienne et am\u00e9ricaine. Prenez contact avec nous\u00a0!","robots":{"index":"index","follow":"follow","max-snippet":"max-snippet:-1","max-image-preview":"max-image-preview:large","max-video-preview":"max-video-preview:-1"},"canonical":"https:\/\/www.international-student-office.org\/fr\/contact\/","og_locale":"fr_FR","og_type":"article","og_title":"Contact - International Student office","og_description":"L\u2019International Student Office est le bureau europ\u00e9en de trois universit\u00e9s australienne, canadienne et am\u00e9ricaine. Prenez contact avec nous\u00a0!","og_url":"https:\/\/www.international-student-office.org\/fr\/contact\/","og_site_name":"International Student Office","article_modified_time":"2021-10-26T07:18:01+00:00","twitter_misc":{"Dur\u00e9e de lecture estim\u00e9e":"2 minutes"},"schema":{"@context":"https:\/\/schema.org","@graph":[{"@type":"WebPage","@id":"https:\/\/www.international-student-office.org\/fr\/contact\/","url":"https:\/\/www.international-student-office.org\/fr\/contact\/","name":"Contact - International Student office","isPartOf":{"@id":"https:\/\/www.international-student-office.org\/#website"},"datePublished":"2009-10-16T05:59:19+00:00","dateModified":"2021-10-26T07:18:01+00:00","description":"L\u2019International Student Office est le bureau europ\u00e9en de trois universit\u00e9s australienne, canadienne et am\u00e9ricaine. Prenez contact avec nous\u00a0!","breadcrumb":{"@id":"https:\/\/www.international-student-office.org\/fr\/contact\/#breadcrumb"},"inLanguage":"fr-FR","potentialAction":[{"@type":"ReadAction","target":["https:\/\/www.international-student-office.org\/fr\/contact\/"]}]},{"@type":"BreadcrumbList","@id":"https:\/\/www.international-student-office.org\/fr\/contact\/#breadcrumb","itemListElement":[{"@type":"ListItem","position":1,"name":"Home","item":"https:\/\/www.international-student-office.org\/fr\/"},{"@type":"ListItem","position":2,"name":"Contact"}]},{"@type":"WebSite","@id":"https:\/\/www.international-student-office.org\/#website","url":"https:\/\/www.international-student-office.org\/","name":"International Student Office","description":"","publisher":{"@id":"https:\/\/www.international-student-office.org\/#organization"},"potentialAction":[{"@type":"SearchAction","target":{"@type":"EntryPoint","urlTemplate":"https:\/\/www.international-student-office.org\/?s={search_term_string}"},"query-input":{"@type":"PropertyValueSpecification","valueRequired":true,"valueName":"search_term_string"}}],"inLanguage":"fr-FR"},{"@type":"Organization","@id":"https:\/\/www.international-student-office.org\/#organization","name":"International Student Office","url":"https:\/\/www.international-student-office.org\/","logo":{"@type":"ImageObject","inLanguage":"fr-FR","@id":"https:\/\/www.international-student-office.org\/#\/schema\/logo\/image\/","url":"https:\/\/www.international-student-office.org\/wp-content\/uploads\/2014\/09\/iso_logo.png","contentUrl":"https:\/\/www.international-student-office.org\/wp-content\/uploads\/2014\/09\/iso_logo.png","width":300,"height":113,"caption":"International Student Office"},"image":{"@id":"https:\/\/www.international-student-office.org\/#\/schema\/logo\/image\/"}}]}},"_links":{"self":[{"href":"https:\/\/www.international-student-office.org\/fr\/wp-json\/wp\/v2\/pages\/22456","targetHints":{"allow":["GET"]}}],"collection":[{"href":"https:\/\/www.international-student-office.org\/fr\/wp-json\/wp\/v2\/pages"}],"about":[{"href":"https:\/\/www.international-student-office.org\/fr\/wp-json\/wp\/v2\/types\/page"}],"author":[{"embeddable":true,"href":"https:\/\/www.international-student-office.org\/fr\/wp-json\/wp\/v2\/users\/3"}],"replies":[{"embeddable":true,"href":"https:\/\/www.international-student-office.org\/fr\/wp-json\/wp\/v2\/comments?post=22456"}],"version-history":[{"count":0,"href":"https:\/\/www.international-student-office.org\/fr\/wp-json\/wp\/v2\/pages\/22456\/revisions"}],"wp:attachment":[{"href":"https:\/\/www.international-student-office.org\/fr\/wp-json\/wp\/v2\/media?parent=22456"}],"curies":[{"name":"wp","href":"https:\/\/api.w.org\/{rel}","templated":true}]}}