{"id":22489,"date":"2009-04-09T12:39:14","date_gmt":"2009-04-09T20:39:14","guid":{"rendered":"http:\/\/www.international-student-office.org\/sabine-sachs\/"},"modified":"2021-10-26T07:12:49","modified_gmt":"2021-10-26T07:12:49","slug":"sabine-sachs","status":"publish","type":"page","link":"https:\/\/www.international-student-office.org\/fr\/a-propos-de-nous\/notre-equipe\/sabine-sachs\/","title":{"rendered":"Sabine Sachs"},"content":{"rendered":"<p>[et_pb_section fb_built=\u00a0\u00bb1&Prime; custom_padding_last_edited=\u00a0\u00bbon|phone\u00a0\u00bb admin_label=\u00a0\u00bbsection\u00a0\u00bb _builder_version=\u00a0\u00bb3.22&Prime; custom_padding=\u00a0\u00bb60px|||\u00a0\u00bb custom_padding_tablet=\u00a0\u00bb\u00a0\u00bb custom_padding_phone=\u00a0\u00bb30px|||\u00a0\u00bb custom_css_main_element=\u00a0\u00bb}||.et_pb_team_member_image img {-moz-border-radius: 50%; -webkit-border-radius: 50%; border-radius: 50%;||max-width:100%;||height: auto;||-webkit-box-shadow: 0px 34px 61px -21px rgba(0,0,0,0.2);||-moz-box-shadow: 0px 34px 61px -21px rgba(0,0,0,0.2);||box-shadow: 0px 34px 61px -21px rgba(0,0,0,0.2);||border: 1px solid white;\u00a0\u00bb transparent_background=\u00a0\u00bboff\u00a0\u00bb make_fullwidth=\u00a0\u00bboff\u00a0\u00bb use_custom_width=\u00a0\u00bboff\u00a0\u00bb width_unit=\u00a0\u00bbon\u00a0\u00bb][et_pb_row admin_label=\u00a0\u00bbrow\u00a0\u00bb _builder_version=\u00a0\u00bb3.25&Prime; background_size=\u00a0\u00bbinitial\u00a0\u00bb background_position=\u00a0\u00bbtop_left\u00a0\u00bb background_repeat=\u00a0\u00bbrepeat\u00a0\u00bb column_structure=\u00a0\u00bb2_3,1_3&Prime;][et_pb_column type=\u00a0\u00bb2_3&Prime; _builder_version=\u00a0\u00bb3.25&Prime; custom_padding=\u00a0\u00bb|||\u00a0\u00bb custom_padding__hover=\u00a0\u00bb|||\u00a0\u00bb][et_pb_text admin_label=\u00a0\u00bbText\u00a0\u00bb _builder_version=\u00a0\u00bb3.27.4&Prime; background_size=\u00a0\u00bbinitial\u00a0\u00bb background_position=\u00a0\u00bbtop_left\u00a0\u00bb background_repeat=\u00a0\u00bbrepeat\u00a0\u00bb custom_margin=\u00a0\u00bb||0px|\u00a0\u00bb custom_padding=\u00a0\u00bb||0px|\u00a0\u00bb use_border_color=\u00a0\u00bboff\u00a0\u00bb border_color=\u00a0\u00bb#ffffff\u00a0\u00bb border_style=\u00a0\u00bbsolid\u00a0\u00bb]<\/p>\n<h1>Sabine Sachs<\/h1>\n<h2>Directrice de l\u2019International Student Office<\/h2>\n<p>[\/et_pb_text][et_pb_text disabled_on=\u00a0\u00bboff|on|on\u00a0\u00bb admin_label=\u00a0\u00bbFoto\u00a0\u00bb _builder_version=\u00a0\u00bb3.27.4&Prime; background_size=\u00a0\u00bbinitial\u00a0\u00bb background_position=\u00a0\u00bbtop_left\u00a0\u00bb background_repeat=\u00a0\u00bbrepeat\u00a0\u00bb custom_padding=\u00a0\u00bb40px|||\u00a0\u00bb custom_padding_tablet=\u00a0\u00bb0px|||\u00a0\u00bb custom_padding_phone=\u00a0\u00bb\u00a0\u00bb custom_padding_last_edited=\u00a0\u00bbon|tablet\u00a0\u00bb use_border_color=\u00a0\u00bboff\u00a0\u00bb border_color=\u00a0\u00bb#ffffff\u00a0\u00bb border_style=\u00a0\u00bbsolid\u00a0\u00bb]<\/p>\n<div class=\"et_pb_team_member_image et-waypoint et_pb_animation_off et-animated\">\n<img decoding=\"async\" src=\"https:\/\/www.international-student-office.org\/wp-content\/uploads\/2018\/09\/045ns1zu1-300x300.jpg\" alt=\"\">\n<\/div>\n<p>[\/et_pb_text][et_pb_text admin_label=\u00a0\u00bbText\u00a0\u00bb _builder_version=\u00a0\u00bb3.27.4&Prime; background_size=\u00a0\u00bbinitial\u00a0\u00bb background_position=\u00a0\u00bbtop_left\u00a0\u00bb background_repeat=\u00a0\u00bbrepeat\u00a0\u00bb use_border_color=\u00a0\u00bboff\u00a0\u00bb border_color=\u00a0\u00bb#ffffff\u00a0\u00bb border_style=\u00a0\u00bbsolid\u00a0\u00bb]<\/p>\n<p style=\"text-align: justify;\">Je m\u2019appelle Sabine Sachs et suis la directrice de l\u2019International Student Office. J\u2019ai moi-m\u00eame \u00e9tudi\u00e9 \u00e0 l\u2019\u00e9tranger et ai obtenu mon MBA \u00e0 San Diego, aux \u00c9tats-Unis. Au total, j\u2019ai v\u00e9cu et \u00e9tudi\u00e9 plus de trois ans aux \u00c9tats-Unis&nbsp;\u2013 une p\u00e9riode de ma vie que je n\u2019oublierai jamais.<\/p>\n<p style=\"text-align: justify;\">\u00c0 l\u2019issue de l\u2019obtention de mon MBA aux \u00c9tats-Unis, j\u2019ai commenc\u00e9 \u00e0 repr\u00e9senter mon universit\u00e9 en Allemagne et plus largement en Europe, initiant ainsi la cr\u00e9ation de coop\u00e9rations et de projets internationaux. En tant que directrice du d\u00e9veloppement international j\u2019ai d\u00e9velopp\u00e9 un r\u00e9seau de contacts avec de nombreuses institutions et universit\u00e9s europ\u00e9ennes. C\u2019est \u00e0 cette occasion que j\u2019ai observ\u00e9, d\u2019une part, les difficult\u00e9s rencontr\u00e9es par les \u00e9tablissements extra-europ\u00e9ens \u00e0 attirer les \u00e9tudiants du Vieux Continent et, d\u2019autre part, le manque de sources d\u2019informations fiables dont souffrent les \u00e9tudiants europ\u00e9ens qui souhaitent partir \u00e9tudier \u00e0 l\u2019\u00e9tranger.<\/p>\n<p style=\"text-align: justify;\">J\u2019ai \u00e9t\u00e9 contact\u00e9e, du temps o\u00f9 j\u2019\u00e9tais en charge de la direction du d\u00e9veloppement international, par d\u2019autres universit\u00e9s anglophones qui souhaitaient b\u00e9n\u00e9ficier d\u2019un bureau europ\u00e9en plac\u00e9 sous ma direction et g\u00e9r\u00e9 par moi et mon \u00e9quipe. Ce fut pour moi l\u2019opportunit\u00e9 de diversifier l\u2019offre d\u2019\u00e9tudes \u00e0 l\u2019\u00e9tranger et de repr\u00e9senter trois universit\u00e9s non-concurrentes en Australie, au Canada et aux \u00c9tats-Unis, par le biais de l\u2019International Student Office, situ\u00e9 \u00e0 Mayence en Allemagne. Notre \u00e9quipe travaille en \u00e9troite collaboration avec nos coll\u00e8gues \u00e9trangers et vous fournira des informations de premi\u00e8re-main dans diff\u00e9rentes langues.<\/p>\n<p>[\/et_pb_text][\/et_pb_column][et_pb_column type=\u00a0\u00bb1_3&Prime; _builder_version=\u00a0\u00bb3.25&Prime; custom_padding=\u00a0\u00bb|||\u00a0\u00bb custom_padding__hover=\u00a0\u00bb|||\u00a0\u00bb][et_pb_text disabled_on=\u00a0\u00bbon|off|\u00a0\u00bb admin_label=\u00a0\u00bbFoto\u00a0\u00bb _builder_version=\u00a0\u00bb4.9.0&Prime; background_size=\u00a0\u00bbinitial\u00a0\u00bb background_position=\u00a0\u00bbtop_left\u00a0\u00bb background_repeat=\u00a0\u00bbrepeat\u00a0\u00bb custom_padding=\u00a0\u00bb40px|||\u00a0\u00bb custom_padding_tablet=\u00a0\u00bb0px|||\u00a0\u00bb custom_padding_phone=\u00a0\u00bb\u00a0\u00bb custom_padding_last_edited=\u00a0\u00bbon|tablet\u00a0\u00bb hover_enabled=\u00a0\u00bb0&Prime; use_border_color=\u00a0\u00bboff\u00a0\u00bb border_color=\u00a0\u00bb#ffffff\u00a0\u00bb border_style=\u00a0\u00bbsolid\u00a0\u00bb sticky_enabled=\u00a0\u00bb0&Prime;]<\/p>\n<div class=\"et_pb_team_member_image et-waypoint et_pb_animation_off et-animated\">\n<img decoding=\"async\" src=\"https:\/\/www.international-student-office.org\/wp-content\/uploads\/2021\/10\/Sabine_klein-e1634903756729-300x300.jpg\" alt=\"\">\n<\/div>\n<p>[\/et_pb_text][\/et_pb_column][\/et_pb_row][et_pb_row admin_label=\u00a0\u00bbZeile\u00a0\u00bb _builder_version=\u00a0\u00bb3.25&Prime; background_size=\u00a0\u00bbinitial\u00a0\u00bb background_position=\u00a0\u00bbtop_left\u00a0\u00bb background_repeat=\u00a0\u00bbrepeat\u00a0\u00bb column_structure=\u00a0\u00bb2_3,1_3&Prime;][et_pb_column type=\u00a0\u00bb2_3&Prime; _builder_version=\u00a0\u00bb3.25&Prime; custom_padding=\u00a0\u00bb|||\u00a0\u00bb custom_padding__hover=\u00a0\u00bb|||\u00a0\u00bb][et_pb_image src=\u00a0\u00bbhttps:\/\/www.international-student-office.org\/wp-content\/uploads\/2021\/10\/ISO_Team_klein_web.jpg\u00a0\u00bb alt=\u00a0\u00bbLernen Sie unser Team kennen!\u00a0\u00bb title_text=\u00a0\u00bbLernen Sie unser Team kennen!\u00a0\u00bb align_tablet=\u00a0\u00bbcenter\u00a0\u00bb align_phone=\u00a0\u00bb\u00a0\u00bb align_last_edited=\u00a0\u00bbon|desktop\u00a0\u00bb admin_label=\u00a0\u00bbTeam Foto\u00a0\u00bb _builder_version=\u00a0\u00bb4.9.0&Prime; use_border_color=\u00a0\u00bboff\u00a0\u00bb border_color=\u00a0\u00bb#ffffff\u00a0\u00bb border_style=\u00a0\u00bbsolid\u00a0\u00bb animation=\u00a0\u00bboff\u00a0\u00bb sticky=\u00a0\u00bboff\u00a0\u00bb always_center_on_mobile=\u00a0\u00bbon\u00a0\u00bb saved_tabs=\u00a0\u00bball\u00a0\u00bb global_module=\u00a0\u00bb95262&Prime;][\/et_pb_image][\/et_pb_column][et_pb_column type=\u00a0\u00bb1_3&Prime; _builder_version=\u00a0\u00bb3.25&Prime; custom_padding=\u00a0\u00bb|||\u00a0\u00bb custom_padding__hover=\u00a0\u00bb|||\u00a0\u00bb][et_pb_text admin_label=\u00a0\u00bbText\u00a0\u00bb _builder_version=\u00a0\u00bb3.27.4&Prime; background_size=\u00a0\u00bbinitial\u00a0\u00bb background_position=\u00a0\u00bbtop_left\u00a0\u00bb background_repeat=\u00a0\u00bbrepeat\u00a0\u00bb custom_margin=\u00a0\u00bb||10px|\u00a0\u00bb use_border_color=\u00a0\u00bboff\u00a0\u00bb border_color=\u00a0\u00bb#ffffff\u00a0\u00bb border_style=\u00a0\u00bbsolid\u00a0\u00bb]<\/p>\n<h2 style=\"text-align: left;\"><a title=\"International Student Office Team\" href=\"https:\/\/www.international-student-office.org\/fr\/a-propos-de-nous\/notre-equipe\/\">Apprenez \u00e0 conna\u00eetre notre \u00e9quipe !<\/a><\/h2>\n<p>[\/et_pb_text][et_pb_text admin_label=\u00a0\u00bbText\u00a0\u00bb module_class=\u00a0\u00bbcta\u00a0\u00bb _builder_version=\u00a0\u00bb3.27.4&Prime; background_size=\u00a0\u00bbinitial\u00a0\u00bb background_position=\u00a0\u00bbtop_left\u00a0\u00bb background_repeat=\u00a0\u00bbrepeat\u00a0\u00bb background_layout=\u00a0\u00bbdark\u00a0\u00bb use_border_color=\u00a0\u00bboff\u00a0\u00bb border_color=\u00a0\u00bb#ffffff\u00a0\u00bb border_style=\u00a0\u00bbsolid\u00a0\u00bb]<\/p>\n<h3 style=\"text-align: center; padding-top:25px; color: #ffffff;\"><strong>International Student Office<\/strong><\/h3>\n<p style=\"padding-bottom:25px;\"><a class=\"et_pb_promo_button et_pb_button\" style=\"margin: 15px; border-radius: 10px;\" href=\"https:\/\/www.international-student-office.org\/fr\/contact\/\">Contactez-nous !<\/a><\/p>\n<p>[\/et_pb_text][\/et_pb_column][\/et_pb_row][\/et_pb_section]<\/p>\n","protected":false},"excerpt":{"rendered":"<p>Sabine Sachs Directrice de l\u2019International Student Office Je m\u2019appelle Sabine Sachs et suis la directrice de l\u2019International Student Office. J\u2019ai moi-m\u00eame \u00e9tudi\u00e9 \u00e0 l\u2019\u00e9tranger et ai obtenu mon MBA \u00e0 San Diego, aux \u00c9tats-Unis. Au total, j\u2019ai v\u00e9cu et \u00e9tudi\u00e9 plus de trois ans aux \u00c9tats-Unis&nbsp;\u2013 une p\u00e9riode de ma vie que je n\u2019oublierai jamais. [&hellip;]<\/p>\n","protected":false},"author":4,"featured_media":0,"parent":22534,"menu_order":1,"comment_status":"open","ping_status":"open","template":"","meta":{"_et_pb_use_builder":"on","_et_pb_old_content":"<p style=\"text-align: justify;\"><strong>Leiterin des Inter<\/strong><strong>national Student Office Germany<br \/> <\/strong><\/p><p style=\"text-align: justify;\">Mein <a href=\"http:\/\/isogermany.com\/about\/team\/geschichte_rechts_1\/\" rel=\"attachment wp-att-243\"><img class=\"size-thumbnail wp-image-243 alignleft\" title=\"Sabine Sachs\" src=\"http:\/\/isogermany.com\/wp-content\/uploads\/2009\/02\/geschichte_rechts_1-150x150.jpg\" alt=\"Sabine Sachs\" width=\"150\" height=\"150\" \/><\/a>Name ist Sabine Sachs und ich bin Leiterin des International Student Office Germany (ISOgermany). Schon w\u00e4hrend meines Studiums an der California International Business University (CIBU) in San Diego habe ich f\u00fcr diese internationale Kooperationen aufgebaut. Nach erfolgreichem Abschluss meines MBA-Studiums habe ich erst aus San Diego und dann in Deutschland f\u00fcr die CIBU als Director of International Business Developement gearbeitet, das Netzwerk mit Business Schools immer mehr ausgeweitet und die Universit\u00e4t in Europa repr\u00e4sentiert. Dabei ist mir bewusst geworden, wie schwierig es auf der einen Seite f\u00fcr die Universit\u00e4ten ist, ihr Profil den Studierenden n\u00e4her zu bringen, auf der anderen Seite wie gro\u00df der Bedarf bei Studenten ist, genaue Informationen \u00fcber die Studienm\u00f6glichkeiten im Ausland zu erhalten.<\/p><p style=\"text-align: justify;\">W\u00e4hrend meiner zun\u00e4chst exklusiven Arbeit f\u00fcr die CIBU sind immer wieder andere ausl\u00e4ndische Universit\u00e4ten mit der Bitte, auch ihr internationales Studenten B\u00fcro in Deutschland zu leiten, auf mich zugekommen. F\u00fcr mich ergab sich dadurch die M\u00f6glichkeit, das Auslandsstudienangebot auf weitere L\u00e4nder und Studienschwerpunkte auszuweiten und die 4 Unis in einem deutschen B\u00fcro zu vereinen. So k\u00f6nnen wir unseren Studenten eine kostenlose, umfangreiche und direkte Beratung in Deutschland anbieten.<\/p><p style=\"text-align: justify;\">Zur\u00fcck zur <a title=\"ISOgermany Homepage\" href=\"http:\/\/www.ISOgermany.com\" target=\"_self\">ISOgermany Homepage<\/a>!<\/p>","_et_gb_content_width":"","footnotes":""},"class_list":["post-22489","page","type-page","status-publish","hentry"],"yoast_head":"<!-- This site is optimized with the Yoast SEO plugin v26.8 - https:\/\/yoast.com\/product\/yoast-seo-wordpress\/ -->\n<title>Sabine Sachs - L\u2019International Student Office<\/title>\n<meta name=\"description\" content=\"L\u2019International Student Office et sa directrice Sabine Sachs vous aident \u00e0 organiser vos \u00e9tudes \u00e0 l\u2019\u00e9tranger en Australie, au Canada et aux \u00c9tats-Unis.\" \/>\n<meta name=\"robots\" content=\"index, follow, max-snippet:-1, max-image-preview:large, max-video-preview:-1\" \/>\n<link rel=\"canonical\" href=\"https:\/\/www.international-student-office.org\/fr\/a-propos-de-nous\/notre-equipe\/sabine-sachs\/\" \/>\n<meta property=\"og:locale\" content=\"fr_FR\" \/>\n<meta property=\"og:type\" content=\"article\" \/>\n<meta property=\"og:title\" content=\"Sabine Sachs - L\u2019International Student Office\" \/>\n<meta property=\"og:description\" content=\"L\u2019International Student Office et sa directrice Sabine Sachs vous aident \u00e0 organiser vos \u00e9tudes \u00e0 l\u2019\u00e9tranger en Australie, au Canada et aux \u00c9tats-Unis.\" \/>\n<meta property=\"og:url\" content=\"https:\/\/www.international-student-office.org\/fr\/a-propos-de-nous\/notre-equipe\/sabine-sachs\/\" \/>\n<meta property=\"og:site_name\" content=\"International Student Office\" \/>\n<meta property=\"article:modified_time\" content=\"2021-10-26T07:12:49+00:00\" \/>\n<meta property=\"og:image\" content=\"https:\/\/www.international-student-office.org\/wp-content\/uploads\/2018\/09\/045ns1zu1-300x300.jpg\" \/>\n<meta name=\"twitter:label1\" content=\"Dur\u00e9e de lecture estim\u00e9e\" \/>\n\t<meta name=\"twitter:data1\" content=\"4 minutes\" \/>\n<script type=\"application\/ld+json\" class=\"yoast-schema-graph\">{\"@context\":\"https:\/\/schema.org\",\"@graph\":[{\"@type\":\"WebPage\",\"@id\":\"https:\/\/www.international-student-office.org\/fr\/a-propos-de-nous\/notre-equipe\/sabine-sachs\/\",\"url\":\"https:\/\/www.international-student-office.org\/fr\/a-propos-de-nous\/notre-equipe\/sabine-sachs\/\",\"name\":\"Sabine Sachs - L\u2019International Student Office\",\"isPartOf\":{\"@id\":\"https:\/\/www.international-student-office.org\/#website\"},\"primaryImageOfPage\":{\"@id\":\"https:\/\/www.international-student-office.org\/fr\/a-propos-de-nous\/notre-equipe\/sabine-sachs\/#primaryimage\"},\"image\":{\"@id\":\"https:\/\/www.international-student-office.org\/fr\/a-propos-de-nous\/notre-equipe\/sabine-sachs\/#primaryimage\"},\"thumbnailUrl\":\"https:\/\/www.international-student-office.org\/wp-content\/uploads\/2018\/09\/045ns1zu1-300x300.jpg\",\"datePublished\":\"2009-04-09T20:39:14+00:00\",\"dateModified\":\"2021-10-26T07:12:49+00:00\",\"description\":\"L\u2019International Student Office et sa directrice Sabine Sachs vous aident \u00e0 organiser vos \u00e9tudes \u00e0 l\u2019\u00e9tranger en Australie, au Canada et aux \u00c9tats-Unis.\",\"breadcrumb\":{\"@id\":\"https:\/\/www.international-student-office.org\/fr\/a-propos-de-nous\/notre-equipe\/sabine-sachs\/#breadcrumb\"},\"inLanguage\":\"fr-FR\",\"potentialAction\":[{\"@type\":\"ReadAction\",\"target\":[\"https:\/\/www.international-student-office.org\/fr\/a-propos-de-nous\/notre-equipe\/sabine-sachs\/\"]}]},{\"@type\":\"ImageObject\",\"inLanguage\":\"fr-FR\",\"@id\":\"https:\/\/www.international-student-office.org\/fr\/a-propos-de-nous\/notre-equipe\/sabine-sachs\/#primaryimage\",\"url\":\"https:\/\/www.international-student-office.org\/wp-content\/uploads\/2018\/09\/045ns1zu1-300x300.jpg\",\"contentUrl\":\"https:\/\/www.international-student-office.org\/wp-content\/uploads\/2018\/09\/045ns1zu1-300x300.jpg\"},{\"@type\":\"BreadcrumbList\",\"@id\":\"https:\/\/www.international-student-office.org\/fr\/a-propos-de-nous\/notre-equipe\/sabine-sachs\/#breadcrumb\",\"itemListElement\":[{\"@type\":\"ListItem\",\"position\":1,\"name\":\"Home\",\"item\":\"https:\/\/www.international-student-office.org\/fr\/\"},{\"@type\":\"ListItem\",\"position\":2,\"name\":\"\u00c0 propos de nous\",\"item\":\"https:\/\/www.international-student-office.org\/fr\/a-propos-de-nous\/\"},{\"@type\":\"ListItem\",\"position\":3,\"name\":\"Notre \u00e9quipe\",\"item\":\"https:\/\/www.international-student-office.org\/fr\/a-propos-de-nous\/notre-equipe\/\"},{\"@type\":\"ListItem\",\"position\":4,\"name\":\"Sabine Sachs\"}]},{\"@type\":\"WebSite\",\"@id\":\"https:\/\/www.international-student-office.org\/#website\",\"url\":\"https:\/\/www.international-student-office.org\/\",\"name\":\"International Student Office\",\"description\":\"\",\"publisher\":{\"@id\":\"https:\/\/www.international-student-office.org\/#organization\"},\"potentialAction\":[{\"@type\":\"SearchAction\",\"target\":{\"@type\":\"EntryPoint\",\"urlTemplate\":\"https:\/\/www.international-student-office.org\/?s={search_term_string}\"},\"query-input\":{\"@type\":\"PropertyValueSpecification\",\"valueRequired\":true,\"valueName\":\"search_term_string\"}}],\"inLanguage\":\"fr-FR\"},{\"@type\":\"Organization\",\"@id\":\"https:\/\/www.international-student-office.org\/#organization\",\"name\":\"International Student Office\",\"url\":\"https:\/\/www.international-student-office.org\/\",\"logo\":{\"@type\":\"ImageObject\",\"inLanguage\":\"fr-FR\",\"@id\":\"https:\/\/www.international-student-office.org\/#\/schema\/logo\/image\/\",\"url\":\"https:\/\/www.international-student-office.org\/wp-content\/uploads\/2014\/09\/iso_logo.png\",\"contentUrl\":\"https:\/\/www.international-student-office.org\/wp-content\/uploads\/2014\/09\/iso_logo.png\",\"width\":300,\"height\":113,\"caption\":\"International Student Office\"},\"image\":{\"@id\":\"https:\/\/www.international-student-office.org\/#\/schema\/logo\/image\/\"}}]}<\/script>\n<!-- \/ Yoast SEO plugin. -->","yoast_head_json":{"title":"Sabine Sachs - L\u2019International Student Office","description":"L\u2019International Student Office et sa directrice Sabine Sachs vous aident \u00e0 organiser vos \u00e9tudes \u00e0 l\u2019\u00e9tranger en Australie, au Canada et aux \u00c9tats-Unis.","robots":{"index":"index","follow":"follow","max-snippet":"max-snippet:-1","max-image-preview":"max-image-preview:large","max-video-preview":"max-video-preview:-1"},"canonical":"https:\/\/www.international-student-office.org\/fr\/a-propos-de-nous\/notre-equipe\/sabine-sachs\/","og_locale":"fr_FR","og_type":"article","og_title":"Sabine Sachs - L\u2019International Student Office","og_description":"L\u2019International Student Office et sa directrice Sabine Sachs vous aident \u00e0 organiser vos \u00e9tudes \u00e0 l\u2019\u00e9tranger en Australie, au Canada et aux \u00c9tats-Unis.","og_url":"https:\/\/www.international-student-office.org\/fr\/a-propos-de-nous\/notre-equipe\/sabine-sachs\/","og_site_name":"International Student Office","article_modified_time":"2021-10-26T07:12:49+00:00","og_image":[{"url":"https:\/\/www.international-student-office.org\/wp-content\/uploads\/2018\/09\/045ns1zu1-300x300.jpg","type":"","width":"","height":""}],"twitter_misc":{"Dur\u00e9e de lecture estim\u00e9e":"4 minutes"},"schema":{"@context":"https:\/\/schema.org","@graph":[{"@type":"WebPage","@id":"https:\/\/www.international-student-office.org\/fr\/a-propos-de-nous\/notre-equipe\/sabine-sachs\/","url":"https:\/\/www.international-student-office.org\/fr\/a-propos-de-nous\/notre-equipe\/sabine-sachs\/","name":"Sabine Sachs - L\u2019International Student Office","isPartOf":{"@id":"https:\/\/www.international-student-office.org\/#website"},"primaryImageOfPage":{"@id":"https:\/\/www.international-student-office.org\/fr\/a-propos-de-nous\/notre-equipe\/sabine-sachs\/#primaryimage"},"image":{"@id":"https:\/\/www.international-student-office.org\/fr\/a-propos-de-nous\/notre-equipe\/sabine-sachs\/#primaryimage"},"thumbnailUrl":"https:\/\/www.international-student-office.org\/wp-content\/uploads\/2018\/09\/045ns1zu1-300x300.jpg","datePublished":"2009-04-09T20:39:14+00:00","dateModified":"2021-10-26T07:12:49+00:00","description":"L\u2019International Student Office et sa directrice Sabine Sachs vous aident \u00e0 organiser vos \u00e9tudes \u00e0 l\u2019\u00e9tranger en Australie, au Canada et aux \u00c9tats-Unis.","breadcrumb":{"@id":"https:\/\/www.international-student-office.org\/fr\/a-propos-de-nous\/notre-equipe\/sabine-sachs\/#breadcrumb"},"inLanguage":"fr-FR","potentialAction":[{"@type":"ReadAction","target":["https:\/\/www.international-student-office.org\/fr\/a-propos-de-nous\/notre-equipe\/sabine-sachs\/"]}]},{"@type":"ImageObject","inLanguage":"fr-FR","@id":"https:\/\/www.international-student-office.org\/fr\/a-propos-de-nous\/notre-equipe\/sabine-sachs\/#primaryimage","url":"https:\/\/www.international-student-office.org\/wp-content\/uploads\/2018\/09\/045ns1zu1-300x300.jpg","contentUrl":"https:\/\/www.international-student-office.org\/wp-content\/uploads\/2018\/09\/045ns1zu1-300x300.jpg"},{"@type":"BreadcrumbList","@id":"https:\/\/www.international-student-office.org\/fr\/a-propos-de-nous\/notre-equipe\/sabine-sachs\/#breadcrumb","itemListElement":[{"@type":"ListItem","position":1,"name":"Home","item":"https:\/\/www.international-student-office.org\/fr\/"},{"@type":"ListItem","position":2,"name":"\u00c0 propos de nous","item":"https:\/\/www.international-student-office.org\/fr\/a-propos-de-nous\/"},{"@type":"ListItem","position":3,"name":"Notre \u00e9quipe","item":"https:\/\/www.international-student-office.org\/fr\/a-propos-de-nous\/notre-equipe\/"},{"@type":"ListItem","position":4,"name":"Sabine Sachs"}]},{"@type":"WebSite","@id":"https:\/\/www.international-student-office.org\/#website","url":"https:\/\/www.international-student-office.org\/","name":"International Student Office","description":"","publisher":{"@id":"https:\/\/www.international-student-office.org\/#organization"},"potentialAction":[{"@type":"SearchAction","target":{"@type":"EntryPoint","urlTemplate":"https:\/\/www.international-student-office.org\/?s={search_term_string}"},"query-input":{"@type":"PropertyValueSpecification","valueRequired":true,"valueName":"search_term_string"}}],"inLanguage":"fr-FR"},{"@type":"Organization","@id":"https:\/\/www.international-student-office.org\/#organization","name":"International Student Office","url":"https:\/\/www.international-student-office.org\/","logo":{"@type":"ImageObject","inLanguage":"fr-FR","@id":"https:\/\/www.international-student-office.org\/#\/schema\/logo\/image\/","url":"https:\/\/www.international-student-office.org\/wp-content\/uploads\/2014\/09\/iso_logo.png","contentUrl":"https:\/\/www.international-student-office.org\/wp-content\/uploads\/2014\/09\/iso_logo.png","width":300,"height":113,"caption":"International Student Office"},"image":{"@id":"https:\/\/www.international-student-office.org\/#\/schema\/logo\/image\/"}}]}},"_links":{"self":[{"href":"https:\/\/www.international-student-office.org\/fr\/wp-json\/wp\/v2\/pages\/22489","targetHints":{"allow":["GET"]}}],"collection":[{"href":"https:\/\/www.international-student-office.org\/fr\/wp-json\/wp\/v2\/pages"}],"about":[{"href":"https:\/\/www.international-student-office.org\/fr\/wp-json\/wp\/v2\/types\/page"}],"author":[{"embeddable":true,"href":"https:\/\/www.international-student-office.org\/fr\/wp-json\/wp\/v2\/users\/4"}],"replies":[{"embeddable":true,"href":"https:\/\/www.international-student-office.org\/fr\/wp-json\/wp\/v2\/comments?post=22489"}],"version-history":[{"count":0,"href":"https:\/\/www.international-student-office.org\/fr\/wp-json\/wp\/v2\/pages\/22489\/revisions"}],"up":[{"embeddable":true,"href":"https:\/\/www.international-student-office.org\/fr\/wp-json\/wp\/v2\/pages\/22534"}],"wp:attachment":[{"href":"https:\/\/www.international-student-office.org\/fr\/wp-json\/wp\/v2\/media?parent=22489"}],"curies":[{"name":"wp","href":"https:\/\/api.w.org\/{rel}","templated":true}]}}