{"id":22510,"date":"2009-04-06T15:35:09","date_gmt":"2009-04-06T23:35:09","guid":{"rendered":"http:\/\/www.international-student-office.org\/blog-3\/"},"modified":"2017-02-21T14:04:43","modified_gmt":"2017-02-21T14:04:43","slug":"blog","status":"publish","type":"page","link":"https:\/\/www.international-student-office.org\/fr\/blog\/","title":{"rendered":"Blog &#038; Vid\u00e9o"},"content":{"rendered":"<p>[et_pb_section][et_pb_row][et_pb_column type=\u00a0\u00bb2_3&Prime;][et_pb_blog admin_label=\u00a0\u00bbBlog\u00a0\u00bb fullwidth=\u00a0\u00bbon\u00a0\u00bb posts_number=\u00a0\u00bb10&Prime; include_categories=\u00a0\u00bb74&Prime; meta_date=\u00a0\u00bbM j, Y\u00a0\u00bb show_thumbnail=\u00a0\u00bbon\u00a0\u00bb show_content=\u00a0\u00bboff\u00a0\u00bb show_author=\u00a0\u00bboff\u00a0\u00bb show_date=\u00a0\u00bbon\u00a0\u00bb show_categories=\u00a0\u00bbon\u00a0\u00bb show_pagination=\u00a0\u00bbon\u00a0\u00bb background_layout=\u00a0\u00bblight\u00a0\u00bb \/][\/et_pb_column][et_pb_column type=\u00a0\u00bb1_3&Prime;][et_pb_text admin_label=\u00a0\u00bbText\u00a0\u00bb background_layout=\u00a0\u00bblight\u00a0\u00bb text_orientation=\u00a0\u00bbleft\u00a0\u00bb]<\/p>\n<p style=\"text-align: left;\"><a href='\/fr\/demander-des-informations-lp\/' class='small-button smallblue'>Demander maintenant des informations !<\/a><\/p>\n<p>[\/et_pb_text][et_pb_sidebar admin_label=\u00a0\u00bbSidebar\u00a0\u00bb orientation=\u00a0\u00bbright\u00a0\u00bb area=\u00a0\u00bbet_pb_widget_area_4&Prime; background_layout=\u00a0\u00bblight\u00a0\u00bb \/][et_pb_text admin_label=\u00a0\u00bbText\u00a0\u00bb background_layout=\u00a0\u00bblight\u00a0\u00bb text_orientation=\u00a0\u00bbleft\u00a0\u00bb]<\/p>\n<p><iframe loading=\"lazy\" style=\"border: none; overflow: hidden; width: 300px; height: 558px;\" src=\"\/\/www.facebook.com\/plugins\/likebox.php?href=https%3A%2F%2Fwww.facebook.com%2FInternationalStudentOfficeStudyAbroad&amp;width=300&amp;height=558&amp;colorscheme=light&amp;show_faces=true&amp;header=false&amp;stream=true&amp;show_border=false&amp;appId=544701905585449\" width=\"300\" height=\"150\" frameborder=\"0\" scrolling=\"no\"><\/iframe><\/p>\n<p>[\/et_pb_text][et_pb_social_media_follow admin_label=\u00a0\u00bbSocial Media Follow\u00a0\u00bb link_shape=\u00a0\u00bbrounded_rectangle\u00a0\u00bb background_layout=\u00a0\u00bblight\u00a0\u00bb url_new_window=\u00a0\u00bboff\u00a0\u00bb follow_button=\u00a0\u00bboff\u00a0\u00bb][et_pb_social_media_follow_network social_network=\u00a0\u00bbfacebook\u00a0\u00bb url=\u00a0\u00bbwww.facebook.com\/InternationalStudentOfficeStudyAbroad\u00a0\u00bb bg_color=\u00a0\u00bb#3b5998&Prime;]facebook[\/et_pb_social_media_follow_network][et_pb_social_media_follow_network social_network=\u00a0\u00bbtwitter\u00a0\u00bb url=\u00a0\u00bbwww.twitter.com\/StudiesAbroad\u00a0\u00bb bg_color=\u00a0\u00bb#00aced\u00a0\u00bb]Twitter[\/et_pb_social_media_follow_network][et_pb_social_media_follow_network social_network=\u00a0\u00bbgoogle-plus\u00a0\u00bb url=\u00a0\u00bbhttps:\/\/plus.google.com\/104646884673638594082\/posts\u00a0\u00bb bg_color=\u00a0\u00bb#dd4b39&Prime;]Google+[\/et_pb_social_media_follow_network][et_pb_social_media_follow_network social_network=\u00a0\u00bbinstagram\u00a0\u00bb url=\u00a0\u00bbhttp:\/\/instagram.com\/isoinstagram\u00a0\u00bb bg_color=\u00a0\u00bb#517fa4&Prime;]Instagram[\/et_pb_social_media_follow_network][et_pb_social_media_follow_network social_network=\u00a0\u00bbpinterest\u00a0\u00bb url=\u00a0\u00bbwww.pinterest.com\/isoeurope\/ \u00a0\u00bb bg_color=\u00a0\u00bb#cb2027&Prime;]Pinterest[\/et_pb_social_media_follow_network][\/et_pb_social_media_follow][\/et_pb_column][\/et_pb_row][\/et_pb_section]<\/p>\n","protected":false},"excerpt":{"rendered":"<p><div class=\"et_pb_section et_pb_section_0 et_section_regular\" >\n\t\t\t\t\n\t\t\t\t\n\t\t\t\t\n\t\t\t\t\n\t\t\t\t\n\t\t\t\t\n\t\t\t\t\n\t\t\t\t\n\t\t\t\t\n\t\t\t<\/div><div class=\"et_pb_row et_pb_row_0 et_pb_row_empty\">\n\t\t\t\t\n\t\t\t\t\n\t\t\t\t\n\t\t\t\t\n\t\t\t\t\n\t\t\t<\/div> <a href='\/fr\/demander-des-informations-lp\/' class='small-button smallblue'>Demander maintenant des informations !<\/a><\/p>\n","protected":false},"author":4,"featured_media":0,"parent":0,"menu_order":1,"comment_status":"open","ping_status":"open","template":"","meta":{"_et_pb_use_builder":"on","_et_pb_old_content":"","_et_gb_content_width":"","footnotes":""},"class_list":["post-22510","page","type-page","status-publish","hentry"],"yoast_head":"<!-- This site is optimized with the Yoast SEO plugin v26.8 - https:\/\/yoast.com\/product\/yoast-seo-wordpress\/ -->\n<title>Blog &amp; Vid\u00e9o<\/title>\n<meta name=\"description\" content=\"Blog &amp; Vid\u00e9o - \u00c9tudier \u00e0 l&#039;\u00e9tranger - International Student Office\" \/>\n<meta name=\"robots\" content=\"index, follow, max-snippet:-1, max-image-preview:large, max-video-preview:-1\" \/>\n<link rel=\"canonical\" href=\"https:\/\/www.international-student-office.org\/fr\/blog\/\" \/>\n<meta property=\"og:locale\" content=\"fr_FR\" \/>\n<meta property=\"og:type\" content=\"article\" \/>\n<meta property=\"og:title\" content=\"Blog &amp; Vid\u00e9o\" \/>\n<meta property=\"og:description\" content=\"Blog &amp; Vid\u00e9o - \u00c9tudier \u00e0 l&#039;\u00e9tranger - International Student Office\" \/>\n<meta property=\"og:url\" content=\"https:\/\/www.international-student-office.org\/fr\/blog\/\" \/>\n<meta property=\"og:site_name\" content=\"International Student Office\" \/>\n<meta property=\"article:modified_time\" content=\"2017-02-21T14:04:43+00:00\" \/>\n<meta name=\"twitter:label1\" content=\"Dur\u00e9e de lecture estim\u00e9e\" \/>\n\t<meta name=\"twitter:data1\" content=\"1 minute\" \/>\n<script type=\"application\/ld+json\" class=\"yoast-schema-graph\">{\"@context\":\"https:\/\/schema.org\",\"@graph\":[{\"@type\":\"WebPage\",\"@id\":\"https:\/\/www.international-student-office.org\/fr\/blog\/\",\"url\":\"https:\/\/www.international-student-office.org\/fr\/blog\/\",\"name\":\"Blog & Vid\u00e9o\",\"isPartOf\":{\"@id\":\"https:\/\/www.international-student-office.org\/#website\"},\"datePublished\":\"2009-04-06T23:35:09+00:00\",\"dateModified\":\"2017-02-21T14:04:43+00:00\",\"description\":\"Blog & Vid\u00e9o - \u00c9tudier \u00e0 l'\u00e9tranger - International Student Office\",\"breadcrumb\":{\"@id\":\"https:\/\/www.international-student-office.org\/fr\/blog\/#breadcrumb\"},\"inLanguage\":\"fr-FR\",\"potentialAction\":[{\"@type\":\"ReadAction\",\"target\":[\"https:\/\/www.international-student-office.org\/fr\/blog\/\"]}]},{\"@type\":\"BreadcrumbList\",\"@id\":\"https:\/\/www.international-student-office.org\/fr\/blog\/#breadcrumb\",\"itemListElement\":[{\"@type\":\"ListItem\",\"position\":1,\"name\":\"Home\",\"item\":\"https:\/\/www.international-student-office.org\/fr\/\"},{\"@type\":\"ListItem\",\"position\":2,\"name\":\"Blog &#038; Vid\u00e9o\"}]},{\"@type\":\"WebSite\",\"@id\":\"https:\/\/www.international-student-office.org\/#website\",\"url\":\"https:\/\/www.international-student-office.org\/\",\"name\":\"International Student Office\",\"description\":\"\",\"publisher\":{\"@id\":\"https:\/\/www.international-student-office.org\/#organization\"},\"potentialAction\":[{\"@type\":\"SearchAction\",\"target\":{\"@type\":\"EntryPoint\",\"urlTemplate\":\"https:\/\/www.international-student-office.org\/?s={search_term_string}\"},\"query-input\":{\"@type\":\"PropertyValueSpecification\",\"valueRequired\":true,\"valueName\":\"search_term_string\"}}],\"inLanguage\":\"fr-FR\"},{\"@type\":\"Organization\",\"@id\":\"https:\/\/www.international-student-office.org\/#organization\",\"name\":\"International Student Office\",\"url\":\"https:\/\/www.international-student-office.org\/\",\"logo\":{\"@type\":\"ImageObject\",\"inLanguage\":\"fr-FR\",\"@id\":\"https:\/\/www.international-student-office.org\/#\/schema\/logo\/image\/\",\"url\":\"https:\/\/www.international-student-office.org\/wp-content\/uploads\/2014\/09\/iso_logo.png\",\"contentUrl\":\"https:\/\/www.international-student-office.org\/wp-content\/uploads\/2014\/09\/iso_logo.png\",\"width\":300,\"height\":113,\"caption\":\"International Student Office\"},\"image\":{\"@id\":\"https:\/\/www.international-student-office.org\/#\/schema\/logo\/image\/\"}}]}<\/script>\n<!-- \/ Yoast SEO plugin. -->","yoast_head_json":{"title":"Blog & Vid\u00e9o","description":"Blog & Vid\u00e9o - \u00c9tudier \u00e0 l'\u00e9tranger - International Student Office","robots":{"index":"index","follow":"follow","max-snippet":"max-snippet:-1","max-image-preview":"max-image-preview:large","max-video-preview":"max-video-preview:-1"},"canonical":"https:\/\/www.international-student-office.org\/fr\/blog\/","og_locale":"fr_FR","og_type":"article","og_title":"Blog & Vid\u00e9o","og_description":"Blog & Vid\u00e9o - \u00c9tudier \u00e0 l'\u00e9tranger - International Student Office","og_url":"https:\/\/www.international-student-office.org\/fr\/blog\/","og_site_name":"International Student Office","article_modified_time":"2017-02-21T14:04:43+00:00","twitter_misc":{"Dur\u00e9e de lecture estim\u00e9e":"1 minute"},"schema":{"@context":"https:\/\/schema.org","@graph":[{"@type":"WebPage","@id":"https:\/\/www.international-student-office.org\/fr\/blog\/","url":"https:\/\/www.international-student-office.org\/fr\/blog\/","name":"Blog & Vid\u00e9o","isPartOf":{"@id":"https:\/\/www.international-student-office.org\/#website"},"datePublished":"2009-04-06T23:35:09+00:00","dateModified":"2017-02-21T14:04:43+00:00","description":"Blog & Vid\u00e9o - \u00c9tudier \u00e0 l'\u00e9tranger - International Student Office","breadcrumb":{"@id":"https:\/\/www.international-student-office.org\/fr\/blog\/#breadcrumb"},"inLanguage":"fr-FR","potentialAction":[{"@type":"ReadAction","target":["https:\/\/www.international-student-office.org\/fr\/blog\/"]}]},{"@type":"BreadcrumbList","@id":"https:\/\/www.international-student-office.org\/fr\/blog\/#breadcrumb","itemListElement":[{"@type":"ListItem","position":1,"name":"Home","item":"https:\/\/www.international-student-office.org\/fr\/"},{"@type":"ListItem","position":2,"name":"Blog &#038; Vid\u00e9o"}]},{"@type":"WebSite","@id":"https:\/\/www.international-student-office.org\/#website","url":"https:\/\/www.international-student-office.org\/","name":"International Student Office","description":"","publisher":{"@id":"https:\/\/www.international-student-office.org\/#organization"},"potentialAction":[{"@type":"SearchAction","target":{"@type":"EntryPoint","urlTemplate":"https:\/\/www.international-student-office.org\/?s={search_term_string}"},"query-input":{"@type":"PropertyValueSpecification","valueRequired":true,"valueName":"search_term_string"}}],"inLanguage":"fr-FR"},{"@type":"Organization","@id":"https:\/\/www.international-student-office.org\/#organization","name":"International Student Office","url":"https:\/\/www.international-student-office.org\/","logo":{"@type":"ImageObject","inLanguage":"fr-FR","@id":"https:\/\/www.international-student-office.org\/#\/schema\/logo\/image\/","url":"https:\/\/www.international-student-office.org\/wp-content\/uploads\/2014\/09\/iso_logo.png","contentUrl":"https:\/\/www.international-student-office.org\/wp-content\/uploads\/2014\/09\/iso_logo.png","width":300,"height":113,"caption":"International Student Office"},"image":{"@id":"https:\/\/www.international-student-office.org\/#\/schema\/logo\/image\/"}}]}},"_links":{"self":[{"href":"https:\/\/www.international-student-office.org\/fr\/wp-json\/wp\/v2\/pages\/22510","targetHints":{"allow":["GET"]}}],"collection":[{"href":"https:\/\/www.international-student-office.org\/fr\/wp-json\/wp\/v2\/pages"}],"about":[{"href":"https:\/\/www.international-student-office.org\/fr\/wp-json\/wp\/v2\/types\/page"}],"author":[{"embeddable":true,"href":"https:\/\/www.international-student-office.org\/fr\/wp-json\/wp\/v2\/users\/4"}],"replies":[{"embeddable":true,"href":"https:\/\/www.international-student-office.org\/fr\/wp-json\/wp\/v2\/comments?post=22510"}],"version-history":[{"count":0,"href":"https:\/\/www.international-student-office.org\/fr\/wp-json\/wp\/v2\/pages\/22510\/revisions"}],"wp:attachment":[{"href":"https:\/\/www.international-student-office.org\/fr\/wp-json\/wp\/v2\/media?parent=22510"}],"curies":[{"name":"wp","href":"https:\/\/api.w.org\/{rel}","templated":true}]}}