{"id":22522,"date":"2009-03-30T16:07:00","date_gmt":"2009-03-30T14:07:00","guid":{"rendered":"http:\/\/www.international-student-office.org\/ueber-uns-2\/karriere\/"},"modified":"2026-01-19T13:28:48","modified_gmt":"2026-01-19T13:28:48","slug":"karriere","status":"publish","type":"page","link":"https:\/\/www.international-student-office.org\/fr\/a-propos-de-nous\/karriere\/","title":{"rendered":"Karriere"},"content":{"rendered":"<p>[et_pb_section fb_built=\u00a0\u00bb1&Prime; custom_padding_last_edited=\u00a0\u00bbon|phone\u00a0\u00bb admin_label=\u00a0\u00bbSektion\u00a0\u00bb _builder_version=\u00a0\u00bb4.27.4&Prime; custom_padding=\u00a0\u00bb60px|||\u00a0\u00bb custom_padding_tablet=\u00a0\u00bb\u00a0\u00bb custom_padding_phone=\u00a0\u00bb50px||||false|false\u00a0\u00bb hover_enabled=\u00a0\u00bb0&Prime; transparent_background=\u00a0\u00bboff\u00a0\u00bb make_fullwidth=\u00a0\u00bboff\u00a0\u00bb use_custom_width=\u00a0\u00bboff\u00a0\u00bb width_unit=\u00a0\u00bbon\u00a0\u00bb global_colors_info=\u00a0\u00bb{}\u00a0\u00bb sticky_enabled=\u00a0\u00bb0&Prime;][et_pb_row column_structure=\u00a0\u00bb2_3,1_3&Prime; admin_label=\u00a0\u00bbZeile\u00a0\u00bb _builder_version=\u00a0\u00bb4.27.4&Prime; background_size=\u00a0\u00bbinitial\u00a0\u00bb background_position=\u00a0\u00bbtop_left\u00a0\u00bb background_repeat=\u00a0\u00bbrepeat\u00a0\u00bb hover_enabled=\u00a0\u00bb0&Prime; global_colors_info=\u00a0\u00bb{}\u00a0\u00bb custom_padding=\u00a0\u00bb35px||||false|false\u00a0\u00bb sticky_enabled=\u00a0\u00bb0&Prime;][et_pb_column type=\u00a0\u00bb2_3&Prime; _builder_version=\u00a0\u00bb4.16&Prime; custom_padding=\u00a0\u00bb|||\u00a0\u00bb global_colors_info=\u00a0\u00bb{}\u00a0\u00bb custom_padding__hover=\u00a0\u00bb|||\u00a0\u00bb][et_pb_text admin_label=\u00a0\u00bbText\u00a0\u00bb _builder_version=\u00a0\u00bb4.18.0&Prime; background_size=\u00a0\u00bbinitial\u00a0\u00bb background_position=\u00a0\u00bbtop_left\u00a0\u00bb background_repeat=\u00a0\u00bbrepeat\u00a0\u00bb use_border_color=\u00a0\u00bboff\u00a0\u00bb border_color=\u00a0\u00bb#ffffff\u00a0\u00bb border_style=\u00a0\u00bbsolid\u00a0\u00bb global_colors_info=\u00a0\u00bb{}\u00a0\u00bb]<\/p>\n<h1 style=\"text-align: justify;\">Lust auf eine internationale Karriere?<\/h1>\n<h3><strong>Du hast Interesse an einer internationalen Karriere und das Reisen ist deine Leidenschaft?<\/strong><\/h3>\n<h4 class=\"h4-absatz\">Hast du bereits Auslandserfahrung gesammelt und ein Strahlen in den Augen, wenn du anderen von diesem Abenteuer erz\u00e4hlst? Sammle Erfahrung im internationalen Bildungswesen und kn\u00fcpfe Kontakte zu Unternehmen und Universit\u00e4ten weltweit.<\/h4>\n<h4 class=\"h4-absatz\">Schaue doch einfach mal bei unseren Ausschreibungen zu <a title=\"International Student Office Jobs\" href=\"\/ueber-uns\/karriere\/jobs\/\"><strong>Jobs<\/strong> <\/a>und<a href=\"\/ueber-uns\/karriere\/praktikum\/\"> <strong>Praktika<\/strong><\/a> vorbei und <a title=\"International Student Office Team\" href=\"\/ueber-uns\/team\/\"><strong>lerne unser Team kennen<\/strong><\/a>.<\/h4>\n<h4 class=\"h4-absatz\">Wir freuen uns, von dir zu h\u00f6ren!<\/h4>\n<p>[\/et_pb_text][\/et_pb_column][et_pb_column type=\u00a0\u00bb1_3&Prime; _builder_version=\u00a0\u00bb4.16&Prime; custom_padding=\u00a0\u00bb|||\u00a0\u00bb global_colors_info=\u00a0\u00bb{}\u00a0\u00bb custom_padding__hover=\u00a0\u00bb|||\u00a0\u00bb][et_pb_text admin_label=\u00a0\u00bbText\u00a0\u00bb _builder_version=\u00a0\u00bb4.18.0&Prime; background_size=\u00a0\u00bbinitial\u00a0\u00bb background_position=\u00a0\u00bbtop_left\u00a0\u00bb background_repeat=\u00a0\u00bbrepeat\u00a0\u00bb custom_margin=\u00a0\u00bb||10px|\u00a0\u00bb use_border_color=\u00a0\u00bboff\u00a0\u00bb border_color=\u00a0\u00bb#ffffff\u00a0\u00bb border_style=\u00a0\u00bbsolid\u00a0\u00bb global_colors_info=\u00a0\u00bb{}\u00a0\u00bb]<\/p>\n<h2 style=\"text-align: left;\"><a title=\"International Student Office Team\" href=\"\/ueber-uns\/team\/\">Lerne unser Team kennen!<\/a><\/h2>\n<p>[\/et_pb_text][et_pb_image src=\u00a0\u00bbhttps:\/\/www.international-student-office.org\/wp-content\/uploads\/2024\/09\/ISO_Team_web_2024.jpg\u00a0\u00bb title_text=\u00a0\u00bbISO_Team_web_2024&Prime; align=\u00a0\u00bbcenter\u00a0\u00bb align_tablet=\u00a0\u00bbcenter\u00a0\u00bb align_phone=\u00a0\u00bbcenter\u00a0\u00bb align_last_edited=\u00a0\u00bbon|desktop\u00a0\u00bb admin_label=\u00a0\u00bbImage\u00a0\u00bb _builder_version=\u00a0\u00bb4.27.4&Prime; use_border_color=\u00a0\u00bboff\u00a0\u00bb border_color=\u00a0\u00bb#ffffff\u00a0\u00bb border_style=\u00a0\u00bbsolid\u00a0\u00bb animation=\u00a0\u00bboff\u00a0\u00bb sticky=\u00a0\u00bboff\u00a0\u00bb always_center_on_mobile=\u00a0\u00bbon\u00a0\u00bb global_colors_info=\u00a0\u00bb{}\u00a0\u00bb][\/et_pb_image][\/et_pb_column][\/et_pb_row][\/et_pb_section]<\/p>\n","protected":false},"excerpt":{"rendered":"<p>Lust auf eine internationale Karriere? Du hast Interesse an einer internationalen Karriere und das Reisen ist deine Leidenschaft? Hast du bereits Auslandserfahrung gesammelt und ein Strahlen in den Augen, wenn du anderen von diesem Abenteuer erz\u00e4hlst? Sammle Erfahrung im internationalen Bildungswesen und kn\u00fcpfe Kontakte zu Unternehmen und Universit\u00e4ten weltweit. Schaue doch einfach mal bei unseren [&hellip;]<\/p>\n","protected":false},"author":4,"featured_media":0,"parent":22492,"menu_order":0,"comment_status":"open","ping_status":"closed","template":"","meta":{"_et_pb_use_builder":"on","_et_pb_old_content":"<p style=\"text-align: justify;\"><strong>Sammeln Sie wertvolle Arbeitserfahrung durch ein Praktikum bei ISOgermany!<\/strong><\/p><p style=\"text-align: justify;\">Bereich:\u00a0<strong>Marketing & Online Marketing - Education<\/strong><\/p><p style=\"text-align: justify;\">Sie haben Auslandserfahrung gesammelt und ein Strahlen in den Augen, wenn Sie anderen von diesem Abenteuer erz\u00e4hlen? Sammeln Sie Erfahrung im internationalen Bildungswesen und kn\u00fcpfen Sie Kontakte zu Firmen und Universit\u00e4ten weltweit.<\/p><p>Schauen Sie doch einfach mal bei unseren <a href=\"http:\/\/isogermany.com\/about\/jobs\/jobs\/\" target=\"_self\">Jobs<\/a> und <a href=\"http:\/\/isogermany.com\/about\/jobs\/praktikum\/\" target=\"_self\">Praktika<\/a> Ausschreibungen vorbei!<\/p><p style=\"text-align: justify;\">Zur\u00fcck zur <a title=\"ISOgermany - Auslandsstudium leicht gemacht\" href=\"http:\/\/isogermany.com\/\" target=\"_self\">ISOgermany Homepage<\/a>!<\/p><p style=\"text-align: justify;\">\u00a0<\/p>","_et_gb_content_width":"","footnotes":""},"class_list":["post-22522","page","type-page","status-publish","hentry"],"yoast_head":"<!-- This site is optimized with the Yoast SEO plugin v26.8 - https:\/\/yoast.com\/product\/yoast-seo-wordpress\/ -->\n<title>Karriere - International Student Office<\/title>\n<meta name=\"description\" content=\"Haben Sie Interesse an einer internationalen Karriere und das Reisen ist Ihre Leidenschaft? Werden Sie Teil unseres International Student Office Teams!\" \/>\n<meta name=\"robots\" content=\"index, follow, max-snippet:-1, max-image-preview:large, max-video-preview:-1\" \/>\n<link rel=\"canonical\" href=\"https:\/\/www.international-student-office.org\/fr\/a-propos-de-nous\/karriere\/\" \/>\n<meta property=\"og:locale\" content=\"fr_FR\" \/>\n<meta property=\"og:type\" content=\"article\" \/>\n<meta property=\"og:title\" content=\"Karriere - International Student Office\" \/>\n<meta property=\"og:description\" content=\"Haben Sie Interesse an einer internationalen Karriere und das Reisen ist Ihre Leidenschaft? Werden Sie Teil unseres International Student Office Teams!\" \/>\n<meta property=\"og:url\" content=\"https:\/\/www.international-student-office.org\/fr\/a-propos-de-nous\/karriere\/\" \/>\n<meta property=\"og:site_name\" content=\"International Student Office\" \/>\n<meta property=\"article:modified_time\" content=\"2026-01-19T13:28:48+00:00\" \/>\n<meta name=\"twitter:label1\" content=\"Dur\u00e9e de lecture estim\u00e9e\" \/>\n\t<meta name=\"twitter:data1\" content=\"2 minutes\" \/>\n<script type=\"application\/ld+json\" class=\"yoast-schema-graph\">{\"@context\":\"https:\/\/schema.org\",\"@graph\":[{\"@type\":\"WebPage\",\"@id\":\"https:\/\/www.international-student-office.org\/fr\/a-propos-de-nous\/karriere\/\",\"url\":\"https:\/\/www.international-student-office.org\/fr\/a-propos-de-nous\/karriere\/\",\"name\":\"Karriere - International Student Office\",\"isPartOf\":{\"@id\":\"https:\/\/www.international-student-office.org\/#website\"},\"datePublished\":\"2009-03-30T14:07:00+00:00\",\"dateModified\":\"2026-01-19T13:28:48+00:00\",\"description\":\"Haben Sie Interesse an einer internationalen Karriere und das Reisen ist Ihre Leidenschaft? Werden Sie Teil unseres International Student Office Teams!\",\"breadcrumb\":{\"@id\":\"https:\/\/www.international-student-office.org\/fr\/a-propos-de-nous\/karriere\/#breadcrumb\"},\"inLanguage\":\"fr-FR\",\"potentialAction\":[{\"@type\":\"ReadAction\",\"target\":[\"https:\/\/www.international-student-office.org\/fr\/a-propos-de-nous\/karriere\/\"]}]},{\"@type\":\"BreadcrumbList\",\"@id\":\"https:\/\/www.international-student-office.org\/fr\/a-propos-de-nous\/karriere\/#breadcrumb\",\"itemListElement\":[{\"@type\":\"ListItem\",\"position\":1,\"name\":\"Home\",\"item\":\"https:\/\/www.international-student-office.org\/fr\/\"},{\"@type\":\"ListItem\",\"position\":2,\"name\":\"\u00c0 propos de nous\",\"item\":\"https:\/\/www.international-student-office.org\/fr\/a-propos-de-nous\/\"},{\"@type\":\"ListItem\",\"position\":3,\"name\":\"Karriere\"}]},{\"@type\":\"WebSite\",\"@id\":\"https:\/\/www.international-student-office.org\/#website\",\"url\":\"https:\/\/www.international-student-office.org\/\",\"name\":\"International Student Office\",\"description\":\"\",\"publisher\":{\"@id\":\"https:\/\/www.international-student-office.org\/#organization\"},\"potentialAction\":[{\"@type\":\"SearchAction\",\"target\":{\"@type\":\"EntryPoint\",\"urlTemplate\":\"https:\/\/www.international-student-office.org\/?s={search_term_string}\"},\"query-input\":{\"@type\":\"PropertyValueSpecification\",\"valueRequired\":true,\"valueName\":\"search_term_string\"}}],\"inLanguage\":\"fr-FR\"},{\"@type\":\"Organization\",\"@id\":\"https:\/\/www.international-student-office.org\/#organization\",\"name\":\"International Student Office\",\"url\":\"https:\/\/www.international-student-office.org\/\",\"logo\":{\"@type\":\"ImageObject\",\"inLanguage\":\"fr-FR\",\"@id\":\"https:\/\/www.international-student-office.org\/#\/schema\/logo\/image\/\",\"url\":\"https:\/\/www.international-student-office.org\/wp-content\/uploads\/2014\/09\/iso_logo.png\",\"contentUrl\":\"https:\/\/www.international-student-office.org\/wp-content\/uploads\/2014\/09\/iso_logo.png\",\"width\":300,\"height\":113,\"caption\":\"International Student Office\"},\"image\":{\"@id\":\"https:\/\/www.international-student-office.org\/#\/schema\/logo\/image\/\"}}]}<\/script>\n<!-- \/ Yoast SEO plugin. -->","yoast_head_json":{"title":"Karriere - International Student Office","description":"Haben Sie Interesse an einer internationalen Karriere und das Reisen ist Ihre Leidenschaft? Werden Sie Teil unseres International Student Office Teams!","robots":{"index":"index","follow":"follow","max-snippet":"max-snippet:-1","max-image-preview":"max-image-preview:large","max-video-preview":"max-video-preview:-1"},"canonical":"https:\/\/www.international-student-office.org\/fr\/a-propos-de-nous\/karriere\/","og_locale":"fr_FR","og_type":"article","og_title":"Karriere - International Student Office","og_description":"Haben Sie Interesse an einer internationalen Karriere und das Reisen ist Ihre Leidenschaft? Werden Sie Teil unseres International Student Office Teams!","og_url":"https:\/\/www.international-student-office.org\/fr\/a-propos-de-nous\/karriere\/","og_site_name":"International Student Office","article_modified_time":"2026-01-19T13:28:48+00:00","twitter_misc":{"Dur\u00e9e de lecture estim\u00e9e":"2 minutes"},"schema":{"@context":"https:\/\/schema.org","@graph":[{"@type":"WebPage","@id":"https:\/\/www.international-student-office.org\/fr\/a-propos-de-nous\/karriere\/","url":"https:\/\/www.international-student-office.org\/fr\/a-propos-de-nous\/karriere\/","name":"Karriere - International Student Office","isPartOf":{"@id":"https:\/\/www.international-student-office.org\/#website"},"datePublished":"2009-03-30T14:07:00+00:00","dateModified":"2026-01-19T13:28:48+00:00","description":"Haben Sie Interesse an einer internationalen Karriere und das Reisen ist Ihre Leidenschaft? Werden Sie Teil unseres International Student Office Teams!","breadcrumb":{"@id":"https:\/\/www.international-student-office.org\/fr\/a-propos-de-nous\/karriere\/#breadcrumb"},"inLanguage":"fr-FR","potentialAction":[{"@type":"ReadAction","target":["https:\/\/www.international-student-office.org\/fr\/a-propos-de-nous\/karriere\/"]}]},{"@type":"BreadcrumbList","@id":"https:\/\/www.international-student-office.org\/fr\/a-propos-de-nous\/karriere\/#breadcrumb","itemListElement":[{"@type":"ListItem","position":1,"name":"Home","item":"https:\/\/www.international-student-office.org\/fr\/"},{"@type":"ListItem","position":2,"name":"\u00c0 propos de nous","item":"https:\/\/www.international-student-office.org\/fr\/a-propos-de-nous\/"},{"@type":"ListItem","position":3,"name":"Karriere"}]},{"@type":"WebSite","@id":"https:\/\/www.international-student-office.org\/#website","url":"https:\/\/www.international-student-office.org\/","name":"International Student Office","description":"","publisher":{"@id":"https:\/\/www.international-student-office.org\/#organization"},"potentialAction":[{"@type":"SearchAction","target":{"@type":"EntryPoint","urlTemplate":"https:\/\/www.international-student-office.org\/?s={search_term_string}"},"query-input":{"@type":"PropertyValueSpecification","valueRequired":true,"valueName":"search_term_string"}}],"inLanguage":"fr-FR"},{"@type":"Organization","@id":"https:\/\/www.international-student-office.org\/#organization","name":"International Student Office","url":"https:\/\/www.international-student-office.org\/","logo":{"@type":"ImageObject","inLanguage":"fr-FR","@id":"https:\/\/www.international-student-office.org\/#\/schema\/logo\/image\/","url":"https:\/\/www.international-student-office.org\/wp-content\/uploads\/2014\/09\/iso_logo.png","contentUrl":"https:\/\/www.international-student-office.org\/wp-content\/uploads\/2014\/09\/iso_logo.png","width":300,"height":113,"caption":"International Student Office"},"image":{"@id":"https:\/\/www.international-student-office.org\/#\/schema\/logo\/image\/"}}]}},"_links":{"self":[{"href":"https:\/\/www.international-student-office.org\/fr\/wp-json\/wp\/v2\/pages\/22522","targetHints":{"allow":["GET"]}}],"collection":[{"href":"https:\/\/www.international-student-office.org\/fr\/wp-json\/wp\/v2\/pages"}],"about":[{"href":"https:\/\/www.international-student-office.org\/fr\/wp-json\/wp\/v2\/types\/page"}],"author":[{"embeddable":true,"href":"https:\/\/www.international-student-office.org\/fr\/wp-json\/wp\/v2\/users\/4"}],"replies":[{"embeddable":true,"href":"https:\/\/www.international-student-office.org\/fr\/wp-json\/wp\/v2\/comments?post=22522"}],"version-history":[{"count":3,"href":"https:\/\/www.international-student-office.org\/fr\/wp-json\/wp\/v2\/pages\/22522\/revisions"}],"predecessor-version":[{"id":119295,"href":"https:\/\/www.international-student-office.org\/fr\/wp-json\/wp\/v2\/pages\/22522\/revisions\/119295"}],"up":[{"embeddable":true,"href":"https:\/\/www.international-student-office.org\/fr\/wp-json\/wp\/v2\/pages\/22492"}],"wp:attachment":[{"href":"https:\/\/www.international-student-office.org\/fr\/wp-json\/wp\/v2\/media?parent=22522"}],"curies":[{"name":"wp","href":"https:\/\/api.w.org\/{rel}","templated":true}]}}