{"id":22579,"date":"2009-02-22T18:06:58","date_gmt":"2009-02-23T02:06:58","guid":{"rendered":"http:\/\/www.international-student-office.org\/kontakt-2\/wegbeschreibung\/"},"modified":"2019-01-28T12:32:17","modified_gmt":"2019-01-28T12:32:17","slug":"comment-venir-jusqu-a-nous","status":"publish","type":"page","link":"https:\/\/www.international-student-office.org\/fr\/contact\/comment-venir-jusqu-a-nous\/","title":{"rendered":"Itin\u00e9raire d&rsquo;acc\u00e8s"},"content":{"rendered":"<p>[et_pb_section bb_built=\u00a0\u00bb1&Prime; admin_label=\u00a0\u00bbsection\u00a0\u00bb background_color=\u00a0\u00bb#ffffff\u00a0\u00bb inner_shadow=\u00a0\u00bboff\u00a0\u00bb parallax=\u00a0\u00bboff\u00a0\u00bb parallax_method=\u00a0\u00bbcss\u00a0\u00bb][et_pb_row admin_label=\u00a0\u00bbrow\u00a0\u00bb make_fullwidth=\u00a0\u00bboff\u00a0\u00bb use_custom_width=\u00a0\u00bboff\u00a0\u00bb width_unit=\u00a0\u00bbon\u00a0\u00bb use_custom_gutter=\u00a0\u00bboff\u00a0\u00bb custom_padding=\u00a0\u00bb||0px|\u00a0\u00bb allow_player_pause=\u00a0\u00bboff\u00a0\u00bb parallax=\u00a0\u00bboff\u00a0\u00bb parallax_method=\u00a0\u00bbon\u00a0\u00bb make_equal=\u00a0\u00bboff\u00a0\u00bb parallax_1=\u00a0\u00bboff\u00a0\u00bb parallax_method_1=\u00a0\u00bboff\u00a0\u00bb][et_pb_column type=\u00a0\u00bb4_4&Prime;][et_pb_text admin_label=\u00a0\u00bbText\u00a0\u00bb background_layout=\u00a0\u00bblight\u00a0\u00bb text_orientation=\u00a0\u00bbleft\u00a0\u00bb use_border_color=\u00a0\u00bboff\u00a0\u00bb border_color=\u00a0\u00bb#ffffff\u00a0\u00bb border_style=\u00a0\u00bbsolid\u00a0\u00bb custom_margin=\u00a0\u00bb||10px|\u00a0\u00bb custom_padding=\u00a0\u00bb||0px|\u00a0\u00bb]<\/p>\n<h2 class=\"titel-blau\"><strong>Itin\u00e9raire d&rsquo;acc\u00e8s<\/strong><\/h2>\n<p>[\/et_pb_text][\/et_pb_column][\/et_pb_row][et_pb_row admin_label=\u00a0\u00bbZeile\u00a0\u00bb make_fullwidth=\u00a0\u00bboff\u00a0\u00bb use_custom_width=\u00a0\u00bboff\u00a0\u00bb width_unit=\u00a0\u00bbon\u00a0\u00bb use_custom_gutter=\u00a0\u00bboff\u00a0\u00bb custom_padding=\u00a0\u00bb20px|||\u00a0\u00bb allow_player_pause=\u00a0\u00bboff\u00a0\u00bb parallax=\u00a0\u00bboff\u00a0\u00bb parallax_method=\u00a0\u00bbon\u00a0\u00bb make_equal=\u00a0\u00bboff\u00a0\u00bb parallax_1=\u00a0\u00bboff\u00a0\u00bb parallax_method_1=\u00a0\u00bboff\u00a0\u00bb parallax_2=\u00a0\u00bboff\u00a0\u00bb parallax_method_2=\u00a0\u00bboff\u00a0\u00bb][et_pb_column type=\u00a0\u00bb1_2&Prime;][et_pb_text admin_label=\u00a0\u00bbText\u00a0\u00bb background_layout=\u00a0\u00bblight\u00a0\u00bb text_orientation=\u00a0\u00bbleft\u00a0\u00bb use_border_color=\u00a0\u00bboff\u00a0\u00bb border_color=\u00a0\u00bb#ffffff\u00a0\u00bb border_style=\u00a0\u00bbsolid\u00a0\u00bb]<\/p>\n<div>\n<p style=\"text-align: left;\"><strong>Adresse de l&rsquo;International Student Office :<\/strong><\/p>\n<p style=\"text-align: left;\">H\u00fcgelstra\u00dfe 41 <\/p>\n<p style=\"text-align: left;\">64283 Darmstadt<\/p>\n<p style=\"text-align: left;\">Allemagne<\/p>\n<\/div>\n<p>[\/et_pb_text][et_pb_text admin_label=\u00a0\u00bbText\u00a0\u00bb background_layout=\u00a0\u00bblight\u00a0\u00bb text_orientation=\u00a0\u00bbleft\u00a0\u00bb disabled=\u00a0\u00bbon\u00a0\u00bb disabled_on=\u00a0\u00bbon|on|on\u00a0\u00bb use_border_color=\u00a0\u00bboff\u00a0\u00bb border_color=\u00a0\u00bb#ffffff\u00a0\u00bb border_style=\u00a0\u00bbsolid\u00a0\u00bb]<\/p>\n<div>\n<p style=\"text-align: left;\"><strong>Itin\u00e9raire d&rsquo;acc\u00e8s \u00e0 l&rsquo;International Student Office depuis la gare principale de Darmstadt<\/strong><\/p>\n<p style=\"text-align: left;\"><strong>En tram\u2013 environ 15 minutes : <\/strong><\/p>\n<p style=\"text-align: left;\">Tram num\u00e9ro 5<\/p>\n<p style=\"text-align: left;\">Station de d\u00e9part: Darmstadt Hauptbahnhof<\/p>\n<p style=\"text-align: left;\">Descendre \u00e0 la station: Rh\u00f6nring<\/p>\n<p style=\"text-align: left;\">De l\u2019arr\u00eat de tram:<\/p>\n<p style=\"text-align: left;\">1. Suivre la Fankfurter Stra\u00dfe vers la station-service.<\/p>\n<p style=\"text-align: left;\">2. Tourner \u00e0 droite (B\u00fcdinger Stra\u00dfe).<\/p>\n<p>3. Tourner \u00e0 gauche (Bad Nauheimer Stra\u00dfe).<\/p>\n<p>4. Suivez la Bad Nauheimer Stra\u00dfe pour 270m. Notre bureau se trouve sur la gauche.<\/p>\n<p style=\"text-align: left;\">Source: Google Maps.<\/p>\n<\/div>\n<p>[\/et_pb_text][\/et_pb_column][et_pb_column type=\u00a0\u00bb1_2&Prime;][et_pb_text admin_label=\u00a0\u00bbText\u00a0\u00bb background_layout=\u00a0\u00bblight\u00a0\u00bb text_orientation=\u00a0\u00bbleft\u00a0\u00bb use_border_color=\u00a0\u00bboff\u00a0\u00bb border_color=\u00a0\u00bb#ffffff\u00a0\u00bb border_style=\u00a0\u00bbsolid\u00a0\u00bb]<\/p>\n<p><iframe loading=\"lazy\" width=\"600\" height=\"450\" frameborder=\"0\" style=\"border:0\" src=\"https:\/\/www.google.com\/maps\/embed\/v1\/place?key=AIzaSyChZZbjZrIbjuy8YFKm5XDdRk34BUVMmqg&amp;q=International+Student+Office+Darmstadt\" allowfullscreen=\"\"><br \/>\n<\/iframe><\/p>\n<p>[\/et_pb_text][\/et_pb_column][\/et_pb_row][\/et_pb_section]<\/p>\n","protected":false},"excerpt":{"rendered":"<p>Itin\u00e9raire d&rsquo;acc\u00e8s Adresse de l&rsquo;International Student Office : H\u00fcgelstra\u00dfe 41 64283 Darmstadt Allemagne Itin\u00e9raire d&rsquo;acc\u00e8s \u00e0 l&rsquo;International Student Office depuis la gare principale de Darmstadt En tram\u2013 environ 15 minutes : Tram num\u00e9ro 5 Station de d\u00e9part: Darmstadt Hauptbahnhof Descendre \u00e0 la station: Rh\u00f6nring De l\u2019arr\u00eat de tram: 1. Suivre la Fankfurter Stra\u00dfe vers la [&hellip;]<\/p>\n","protected":false},"author":4,"featured_media":0,"parent":22456,"menu_order":1,"comment_status":"closed","ping_status":"open","template":"","meta":{"_et_pb_use_builder":"on","_et_pb_old_content":"<p><strong>Lage des International Student Office:<\/strong><\/p><p>Rheinallee 3a<br \/> 55116 Mainz<\/p><p style=\"text-align: center;\"><a href=\"http:\/\/isogermany.com\/wp-content\/uploads\/2009\/02\/ISOgermany-Standort.jpg\"><img class=\"aligncenter  wp-image-12702\" title=\"ISOgermany Standort\" src=\"http:\/\/isogermany.com\/wp-content\/uploads\/2009\/02\/ISOgermany-Standort.jpg\" alt=\"\" width=\"506\" height=\"422\" \/><\/a><\/p><p style=\"text-align: left;\"><strong>Wegbeschreibung International Student Office vom Hauptbahnhof Mainz<\/strong><\/p><p><strong>Zu Fuss - ca 15. Minuten:<\/strong><br \/> 1. Vom Bahnhofplatz geradeaus die Stra\u00dfenbahnhaltestelle \u00fcberqueren.<\/p><p>2.\u00a0Der Schottstra\u00dfe folgen.<\/p><p>3. Rechts abbiegen auf die Kaiserstra\u00dfe<\/p><p>4. Nach links abbiegen, um auf der Kaiserstra\u00dfe zu bleiben.<\/p><p>5. Der Kaiserstra\u00dfe bis zum Ende folgen.<\/p><p>6. Nach rechts abbiegen auf die Rheinallee.<\/p><p>Das Ziel befindet sich rechts.<\/p><p>\u00a0<\/p><p><strong>Mit dem Bus - ca. 5 Minuten:<\/strong><\/p><p>Busse Nr. 9 & Nr. 58<\/p><p>Einstieg: Mainz Hauptbahnhof<\/p><p>Ausstieg: Mainz Kaisertor\/Stadtbibliothek<\/p><p>Von der Bushaltestelle rechts die Rheinallee ca. 150 Meter gehen.<\/p><p>Das Ziel befindet sich rechts.<\/p><p>Quelle: Google Maps.<\/p>","_et_gb_content_width":"","footnotes":""},"class_list":["post-22579","page","type-page","status-publish","hentry"],"yoast_head":"<!-- This site is optimized with the Yoast SEO plugin v26.8 - https:\/\/yoast.com\/product\/yoast-seo-wordpress\/ -->\n<title>Itin\u00e9raire d&#039;acc\u00e8s<\/title>\n<meta name=\"description\" content=\"L\u2019International Student Office est le bureau europ\u00e9en de trois universit\u00e9s australienne, canadienne et am\u00e9ricaine. N\u2019h\u00e9sitez pas \u00e0 venir jusqu\u2019\u00e0 nous\u00a0!\" \/>\n<meta name=\"robots\" content=\"index, follow, max-snippet:-1, max-image-preview:large, max-video-preview:-1\" \/>\n<link rel=\"canonical\" href=\"https:\/\/www.international-student-office.org\/fr\/contact\/comment-venir-jusqu-a-nous\/\" \/>\n<meta property=\"og:locale\" content=\"fr_FR\" \/>\n<meta property=\"og:type\" content=\"article\" \/>\n<meta property=\"og:title\" content=\"Itin\u00e9raire d&#039;acc\u00e8s\" \/>\n<meta property=\"og:description\" content=\"L\u2019International Student Office est le bureau europ\u00e9en de trois universit\u00e9s australienne, canadienne et am\u00e9ricaine. N\u2019h\u00e9sitez pas \u00e0 venir jusqu\u2019\u00e0 nous\u00a0!\" \/>\n<meta property=\"og:url\" content=\"https:\/\/www.international-student-office.org\/fr\/contact\/comment-venir-jusqu-a-nous\/\" \/>\n<meta property=\"og:site_name\" content=\"International Student Office\" \/>\n<meta property=\"article:modified_time\" content=\"2019-01-28T12:32:17+00:00\" \/>\n<meta name=\"twitter:label1\" content=\"Dur\u00e9e de lecture estim\u00e9e\" \/>\n\t<meta name=\"twitter:data1\" content=\"2 minutes\" \/>\n<script type=\"application\/ld+json\" class=\"yoast-schema-graph\">{\"@context\":\"https:\/\/schema.org\",\"@graph\":[{\"@type\":\"WebPage\",\"@id\":\"https:\/\/www.international-student-office.org\/fr\/contact\/comment-venir-jusqu-a-nous\/\",\"url\":\"https:\/\/www.international-student-office.org\/fr\/contact\/comment-venir-jusqu-a-nous\/\",\"name\":\"Itin\u00e9raire d'acc\u00e8s\",\"isPartOf\":{\"@id\":\"https:\/\/www.international-student-office.org\/#website\"},\"datePublished\":\"2009-02-23T02:06:58+00:00\",\"dateModified\":\"2019-01-28T12:32:17+00:00\",\"description\":\"L\u2019International Student Office est le bureau europ\u00e9en de trois universit\u00e9s australienne, canadienne et am\u00e9ricaine. N\u2019h\u00e9sitez pas \u00e0 venir jusqu\u2019\u00e0 nous\u00a0!\",\"breadcrumb\":{\"@id\":\"https:\/\/www.international-student-office.org\/fr\/contact\/comment-venir-jusqu-a-nous\/#breadcrumb\"},\"inLanguage\":\"fr-FR\",\"potentialAction\":[{\"@type\":\"ReadAction\",\"target\":[\"https:\/\/www.international-student-office.org\/fr\/contact\/comment-venir-jusqu-a-nous\/\"]}]},{\"@type\":\"BreadcrumbList\",\"@id\":\"https:\/\/www.international-student-office.org\/fr\/contact\/comment-venir-jusqu-a-nous\/#breadcrumb\",\"itemListElement\":[{\"@type\":\"ListItem\",\"position\":1,\"name\":\"Home\",\"item\":\"https:\/\/www.international-student-office.org\/fr\/\"},{\"@type\":\"ListItem\",\"position\":2,\"name\":\"Contact\",\"item\":\"https:\/\/www.international-student-office.org\/fr\/contact\/\"},{\"@type\":\"ListItem\",\"position\":3,\"name\":\"Itin\u00e9raire d&rsquo;acc\u00e8s\"}]},{\"@type\":\"WebSite\",\"@id\":\"https:\/\/www.international-student-office.org\/#website\",\"url\":\"https:\/\/www.international-student-office.org\/\",\"name\":\"International Student Office\",\"description\":\"\",\"publisher\":{\"@id\":\"https:\/\/www.international-student-office.org\/#organization\"},\"potentialAction\":[{\"@type\":\"SearchAction\",\"target\":{\"@type\":\"EntryPoint\",\"urlTemplate\":\"https:\/\/www.international-student-office.org\/?s={search_term_string}\"},\"query-input\":{\"@type\":\"PropertyValueSpecification\",\"valueRequired\":true,\"valueName\":\"search_term_string\"}}],\"inLanguage\":\"fr-FR\"},{\"@type\":\"Organization\",\"@id\":\"https:\/\/www.international-student-office.org\/#organization\",\"name\":\"International Student Office\",\"url\":\"https:\/\/www.international-student-office.org\/\",\"logo\":{\"@type\":\"ImageObject\",\"inLanguage\":\"fr-FR\",\"@id\":\"https:\/\/www.international-student-office.org\/#\/schema\/logo\/image\/\",\"url\":\"https:\/\/www.international-student-office.org\/wp-content\/uploads\/2014\/09\/iso_logo.png\",\"contentUrl\":\"https:\/\/www.international-student-office.org\/wp-content\/uploads\/2014\/09\/iso_logo.png\",\"width\":300,\"height\":113,\"caption\":\"International Student Office\"},\"image\":{\"@id\":\"https:\/\/www.international-student-office.org\/#\/schema\/logo\/image\/\"}}]}<\/script>\n<!-- \/ Yoast SEO plugin. -->","yoast_head_json":{"title":"Itin\u00e9raire d'acc\u00e8s","description":"L\u2019International Student Office est le bureau europ\u00e9en de trois universit\u00e9s australienne, canadienne et am\u00e9ricaine. N\u2019h\u00e9sitez pas \u00e0 venir jusqu\u2019\u00e0 nous\u00a0!","robots":{"index":"index","follow":"follow","max-snippet":"max-snippet:-1","max-image-preview":"max-image-preview:large","max-video-preview":"max-video-preview:-1"},"canonical":"https:\/\/www.international-student-office.org\/fr\/contact\/comment-venir-jusqu-a-nous\/","og_locale":"fr_FR","og_type":"article","og_title":"Itin\u00e9raire d'acc\u00e8s","og_description":"L\u2019International Student Office est le bureau europ\u00e9en de trois universit\u00e9s australienne, canadienne et am\u00e9ricaine. N\u2019h\u00e9sitez pas \u00e0 venir jusqu\u2019\u00e0 nous\u00a0!","og_url":"https:\/\/www.international-student-office.org\/fr\/contact\/comment-venir-jusqu-a-nous\/","og_site_name":"International Student Office","article_modified_time":"2019-01-28T12:32:17+00:00","twitter_misc":{"Dur\u00e9e de lecture estim\u00e9e":"2 minutes"},"schema":{"@context":"https:\/\/schema.org","@graph":[{"@type":"WebPage","@id":"https:\/\/www.international-student-office.org\/fr\/contact\/comment-venir-jusqu-a-nous\/","url":"https:\/\/www.international-student-office.org\/fr\/contact\/comment-venir-jusqu-a-nous\/","name":"Itin\u00e9raire d'acc\u00e8s","isPartOf":{"@id":"https:\/\/www.international-student-office.org\/#website"},"datePublished":"2009-02-23T02:06:58+00:00","dateModified":"2019-01-28T12:32:17+00:00","description":"L\u2019International Student Office est le bureau europ\u00e9en de trois universit\u00e9s australienne, canadienne et am\u00e9ricaine. N\u2019h\u00e9sitez pas \u00e0 venir jusqu\u2019\u00e0 nous\u00a0!","breadcrumb":{"@id":"https:\/\/www.international-student-office.org\/fr\/contact\/comment-venir-jusqu-a-nous\/#breadcrumb"},"inLanguage":"fr-FR","potentialAction":[{"@type":"ReadAction","target":["https:\/\/www.international-student-office.org\/fr\/contact\/comment-venir-jusqu-a-nous\/"]}]},{"@type":"BreadcrumbList","@id":"https:\/\/www.international-student-office.org\/fr\/contact\/comment-venir-jusqu-a-nous\/#breadcrumb","itemListElement":[{"@type":"ListItem","position":1,"name":"Home","item":"https:\/\/www.international-student-office.org\/fr\/"},{"@type":"ListItem","position":2,"name":"Contact","item":"https:\/\/www.international-student-office.org\/fr\/contact\/"},{"@type":"ListItem","position":3,"name":"Itin\u00e9raire d&rsquo;acc\u00e8s"}]},{"@type":"WebSite","@id":"https:\/\/www.international-student-office.org\/#website","url":"https:\/\/www.international-student-office.org\/","name":"International Student Office","description":"","publisher":{"@id":"https:\/\/www.international-student-office.org\/#organization"},"potentialAction":[{"@type":"SearchAction","target":{"@type":"EntryPoint","urlTemplate":"https:\/\/www.international-student-office.org\/?s={search_term_string}"},"query-input":{"@type":"PropertyValueSpecification","valueRequired":true,"valueName":"search_term_string"}}],"inLanguage":"fr-FR"},{"@type":"Organization","@id":"https:\/\/www.international-student-office.org\/#organization","name":"International Student Office","url":"https:\/\/www.international-student-office.org\/","logo":{"@type":"ImageObject","inLanguage":"fr-FR","@id":"https:\/\/www.international-student-office.org\/#\/schema\/logo\/image\/","url":"https:\/\/www.international-student-office.org\/wp-content\/uploads\/2014\/09\/iso_logo.png","contentUrl":"https:\/\/www.international-student-office.org\/wp-content\/uploads\/2014\/09\/iso_logo.png","width":300,"height":113,"caption":"International Student Office"},"image":{"@id":"https:\/\/www.international-student-office.org\/#\/schema\/logo\/image\/"}}]}},"_links":{"self":[{"href":"https:\/\/www.international-student-office.org\/fr\/wp-json\/wp\/v2\/pages\/22579","targetHints":{"allow":["GET"]}}],"collection":[{"href":"https:\/\/www.international-student-office.org\/fr\/wp-json\/wp\/v2\/pages"}],"about":[{"href":"https:\/\/www.international-student-office.org\/fr\/wp-json\/wp\/v2\/types\/page"}],"author":[{"embeddable":true,"href":"https:\/\/www.international-student-office.org\/fr\/wp-json\/wp\/v2\/users\/4"}],"replies":[{"embeddable":true,"href":"https:\/\/www.international-student-office.org\/fr\/wp-json\/wp\/v2\/comments?post=22579"}],"version-history":[{"count":0,"href":"https:\/\/www.international-student-office.org\/fr\/wp-json\/wp\/v2\/pages\/22579\/revisions"}],"up":[{"embeddable":true,"href":"https:\/\/www.international-student-office.org\/fr\/wp-json\/wp\/v2\/pages\/22456"}],"wp:attachment":[{"href":"https:\/\/www.international-student-office.org\/fr\/wp-json\/wp\/v2\/media?parent=22579"}],"curies":[{"name":"wp","href":"https:\/\/api.w.org\/{rel}","templated":true}]}}