{"id":53118,"date":"2018-02-05T13:39:51","date_gmt":"2018-02-05T13:39:51","guid":{"rendered":"https:\/\/www.international-student-office.org\/a-propos-de-nous\/notre-equipe\/ina-wagenblatt\/"},"modified":"2021-10-26T07:13:42","modified_gmt":"2021-10-26T07:13:42","slug":"ina-wagenblatt","status":"publish","type":"page","link":"https:\/\/www.international-student-office.org\/fr\/a-propos-de-nous\/notre-equipe\/ina-wagenblatt\/","title":{"rendered":"Ina Wagenblatt"},"content":{"rendered":"<p>[et_pb_section fb_built=\u00a0\u00bb1&Prime; custom_padding_last_edited=\u00a0\u00bbon|phone\u00a0\u00bb admin_label=\u00a0\u00bbsection\u00a0\u00bb _builder_version=\u00a0\u00bb3.22&Prime; custom_padding=\u00a0\u00bb60px|||\u00a0\u00bb custom_padding_tablet=\u00a0\u00bb\u00a0\u00bb custom_padding_phone=\u00a0\u00bb30px|||\u00a0\u00bb custom_css_main_element=\u00a0\u00bb}||.et_pb_team_member_image img {-moz-border-radius: 50%; -webkit-border-radius: 50%; border-radius: 50%;||max-width:100%;||height: auto;||-webkit-box-shadow: 0px 34px 61px -21px rgba(0,0,0,0.2);||-moz-box-shadow: 0px 34px 61px -21px rgba(0,0,0,0.2);||box-shadow: 0px 34px 61px -21px rgba(0,0,0,0.2);||border: 1px solid white;\u00a0\u00bb transparent_background=\u00a0\u00bboff\u00a0\u00bb make_fullwidth=\u00a0\u00bboff\u00a0\u00bb use_custom_width=\u00a0\u00bboff\u00a0\u00bb width_unit=\u00a0\u00bbon\u00a0\u00bb][et_pb_row admin_label=\u00a0\u00bbrow\u00a0\u00bb _builder_version=\u00a0\u00bb3.25&Prime; background_size=\u00a0\u00bbinitial\u00a0\u00bb background_position=\u00a0\u00bbtop_left\u00a0\u00bb background_repeat=\u00a0\u00bbrepeat\u00a0\u00bb column_structure=\u00a0\u00bb2_3,1_3&Prime;][et_pb_column type=\u00a0\u00bb2_3&Prime; _builder_version=\u00a0\u00bb3.25&Prime; custom_padding=\u00a0\u00bb|||\u00a0\u00bb custom_padding__hover=\u00a0\u00bb|||\u00a0\u00bb][et_pb_text admin_label=\u00a0\u00bbText\u00a0\u00bb _builder_version=\u00a0\u00bb3.27.4&Prime; background_size=\u00a0\u00bbinitial\u00a0\u00bb background_position=\u00a0\u00bbtop_left\u00a0\u00bb background_repeat=\u00a0\u00bbrepeat\u00a0\u00bb custom_margin=\u00a0\u00bb||0px|\u00a0\u00bb custom_padding=\u00a0\u00bb||0px|\u00a0\u00bb use_border_color=\u00a0\u00bboff\u00a0\u00bb border_color=\u00a0\u00bb#ffffff\u00a0\u00bb border_style=\u00a0\u00bbsolid\u00a0\u00bb]<\/p>\n<h1>Ina Wagenblatt<\/h1>\n<h2>Relations internationales &amp; management \u00e9tudiant<\/h2>\n<p>[\/et_pb_text][et_pb_text disabled_on=\u00a0\u00bboff|on|on\u00a0\u00bb admin_label=\u00a0\u00bbFoto\u00a0\u00bb _builder_version=\u00a0\u00bb3.27.4&Prime; background_size=\u00a0\u00bbinitial\u00a0\u00bb background_position=\u00a0\u00bbtop_left\u00a0\u00bb background_repeat=\u00a0\u00bbrepeat\u00a0\u00bb custom_padding=\u00a0\u00bb40px|||\u00a0\u00bb custom_padding_tablet=\u00a0\u00bb0px|||\u00a0\u00bb custom_padding_phone=\u00a0\u00bb\u00a0\u00bb custom_padding_last_edited=\u00a0\u00bbon|tablet\u00a0\u00bb use_border_color=\u00a0\u00bboff\u00a0\u00bb border_color=\u00a0\u00bb#ffffff\u00a0\u00bb border_style=\u00a0\u00bbsolid\u00a0\u00bb]<\/p>\n<div class=\"et_pb_team_member_image et-waypoint et_pb_animation_off et-animated\">\n<img decoding=\"async\" src=\"https:\/\/www.international-student-office.org\/wp-content\/uploads\/2018\/09\/034ns-neu3-300x300.jpg\" alt=\"\">\n<\/div>\n<p>[\/et_pb_text][et_pb_text admin_label=\u00a0\u00bbText\u00a0\u00bb _builder_version=\u00a0\u00bb3.27.4&Prime; background_size=\u00a0\u00bbinitial\u00a0\u00bb background_position=\u00a0\u00bbtop_left\u00a0\u00bb background_repeat=\u00a0\u00bbrepeat\u00a0\u00bb use_border_color=\u00a0\u00bboff\u00a0\u00bb border_color=\u00a0\u00bb#ffffff\u00a0\u00bb border_style=\u00a0\u00bbsolid\u00a0\u00bb]<\/p>\n<p style=\"text-align: justify;\">Je m\u2019appelle Ina Wagenblatt et j\u2019ai fait des <em>\u00c9tudes de Communication Multilingue<\/em> \u00e0 Cologne avant de continuer avec mon master d<em>\u2019\u00c9tudes Internationales de Culture et d\u2019\u00c9conomie<\/em> \u00e0 Passau (Bavi\u00e8re). Mon premier poste de travail \u00e9tait \u00e0 Berlin, o\u00f9 j\u2019ai travaill\u00e9 pour une agence d\u2019\u00e9change scolaire en tant que responsable pour l\u2019Australie, la Nouvelle Z\u00e9lande, le Japon et l\u2019Irlande.<\/p>\n<p style=\"text-align: justify;\">En Seconde, j\u2019ai pass\u00e9 six mois en France puis un semestre au Canada \u2013 une exp\u00e9rience qui a \u00e9norm\u00e9ment enrichi ma vie. J\u2019ai donc d\u00e9cid\u00e9, apr\u00e8s mon bac, de travailler aux \u00c9tats-Unis pour quelques mois puis de passer un semestre \u00e0 La R\u00e9union. En 2016, j\u2019ai r\u00e9alis\u00e9 mon grand r\u00eave de voyager pendant 11 mois \u2013 destinations Australie, Nouvelle Z\u00e9lande, Tha\u00eflande et Vietnam.<\/p>\n<p style=\"text-align: justify;\">Vivre \u00e0 l\u2019\u00e9tranger, que cela soit pour un semestre ou pour un cursus complet, est une exp\u00e9rience unique et je profite de mon r\u00e9seau international d\u2019amis, partout dans le monde, pour voyager encore plus. C\u2019est avec plaisir que je vous assiste dans la r\u00e9alisation de votre r\u00eave d\u2019aller passer un semestre ou plus en Australie, au Canada ou aux \u00c9tats-Unis&nbsp;!<\/p>\n<p>[\/et_pb_text][\/et_pb_column][et_pb_column type=\u00a0\u00bb1_3&Prime; _builder_version=\u00a0\u00bb3.25&Prime; custom_padding=\u00a0\u00bb|||\u00a0\u00bb custom_padding__hover=\u00a0\u00bb|||\u00a0\u00bb][et_pb_text disabled_on=\u00a0\u00bbon|off|\u00a0\u00bb admin_label=\u00a0\u00bbFoto\u00a0\u00bb _builder_version=\u00a0\u00bb4.9.0&Prime; background_size=\u00a0\u00bbinitial\u00a0\u00bb background_position=\u00a0\u00bbtop_left\u00a0\u00bb background_repeat=\u00a0\u00bbrepeat\u00a0\u00bb custom_padding=\u00a0\u00bb40px|||\u00a0\u00bb custom_padding_tablet=\u00a0\u00bb0px|||\u00a0\u00bb custom_padding_phone=\u00a0\u00bb\u00a0\u00bb custom_padding_last_edited=\u00a0\u00bbon|tablet\u00a0\u00bb hover_enabled=\u00a0\u00bb0&Prime; use_border_color=\u00a0\u00bboff\u00a0\u00bb border_color=\u00a0\u00bb#ffffff\u00a0\u00bb border_style=\u00a0\u00bbsolid\u00a0\u00bb sticky_enabled=\u00a0\u00bb0&Prime;]<\/p>\n<div class=\"et_pb_team_member_image et-waypoint et_pb_animation_off et-animated\">\n<img decoding=\"async\" src=\"https:\/\/www.international-student-office.org\/wp-content\/uploads\/2021\/10\/Ina_klein_2.jpg\" alt=\"\">\n<\/div>\n<p>[\/et_pb_text][\/et_pb_column][\/et_pb_row][et_pb_row admin_label=\u00a0\u00bbZeile\u00a0\u00bb _builder_version=\u00a0\u00bb3.25&Prime; background_size=\u00a0\u00bbinitial\u00a0\u00bb background_position=\u00a0\u00bbtop_left\u00a0\u00bb background_repeat=\u00a0\u00bbrepeat\u00a0\u00bb column_structure=\u00a0\u00bb2_3,1_3&Prime;][et_pb_column type=\u00a0\u00bb2_3&Prime; _builder_version=\u00a0\u00bb3.25&Prime; custom_padding=\u00a0\u00bb|||\u00a0\u00bb custom_padding__hover=\u00a0\u00bb|||\u00a0\u00bb][et_pb_image src=\u00a0\u00bbhttps:\/\/www.international-student-office.org\/wp-content\/uploads\/2021\/10\/ISO_Team_klein_web.jpg\u00a0\u00bb alt=\u00a0\u00bbLernen Sie unser Team kennen!\u00a0\u00bb title_text=\u00a0\u00bbLernen Sie unser Team kennen!\u00a0\u00bb align_tablet=\u00a0\u00bbcenter\u00a0\u00bb align_phone=\u00a0\u00bb\u00a0\u00bb align_last_edited=\u00a0\u00bbon|desktop\u00a0\u00bb admin_label=\u00a0\u00bbTeam Foto\u00a0\u00bb _builder_version=\u00a0\u00bb4.9.0&Prime; use_border_color=\u00a0\u00bboff\u00a0\u00bb border_color=\u00a0\u00bb#ffffff\u00a0\u00bb border_style=\u00a0\u00bbsolid\u00a0\u00bb animation=\u00a0\u00bboff\u00a0\u00bb sticky=\u00a0\u00bboff\u00a0\u00bb always_center_on_mobile=\u00a0\u00bbon\u00a0\u00bb saved_tabs=\u00a0\u00bball\u00a0\u00bb global_module=\u00a0\u00bb95262&Prime;][\/et_pb_image][\/et_pb_column][et_pb_column type=\u00a0\u00bb1_3&Prime; _builder_version=\u00a0\u00bb3.25&Prime; custom_padding=\u00a0\u00bb|||\u00a0\u00bb custom_padding__hover=\u00a0\u00bb|||\u00a0\u00bb][et_pb_text admin_label=\u00a0\u00bbText\u00a0\u00bb _builder_version=\u00a0\u00bb3.27.4&Prime; background_size=\u00a0\u00bbinitial\u00a0\u00bb background_position=\u00a0\u00bbtop_left\u00a0\u00bb background_repeat=\u00a0\u00bbrepeat\u00a0\u00bb custom_margin=\u00a0\u00bb||10px|\u00a0\u00bb use_border_color=\u00a0\u00bboff\u00a0\u00bb border_color=\u00a0\u00bb#ffffff\u00a0\u00bb border_style=\u00a0\u00bbsolid\u00a0\u00bb]<\/p>\n<h2 style=\"text-align: left;\"><a title=\"International Student Office Team\" href=\"https:\/\/www.international-student-office.org\/fr\/a-propos-de-nous\/notre-equipe\/\">Apprenez \u00e0 conna\u00eetre notre \u00e9quipe !<\/a><\/h2>\n<p>[\/et_pb_text][et_pb_text admin_label=\u00a0\u00bbText\u00a0\u00bb module_class=\u00a0\u00bbcta\u00a0\u00bb _builder_version=\u00a0\u00bb3.27.4&Prime; background_size=\u00a0\u00bbinitial\u00a0\u00bb background_position=\u00a0\u00bbtop_left\u00a0\u00bb background_repeat=\u00a0\u00bbrepeat\u00a0\u00bb background_layout=\u00a0\u00bbdark\u00a0\u00bb use_border_color=\u00a0\u00bboff\u00a0\u00bb border_color=\u00a0\u00bb#ffffff\u00a0\u00bb border_style=\u00a0\u00bbsolid\u00a0\u00bb]<\/p>\n<h3 style=\"text-align: center; padding-top:25px; color: #ffffff;\"><strong>International Student Office<\/strong><\/h3>\n<p style=\"padding-bottom:25px;\"><a class=\"et_pb_promo_button et_pb_button\" style=\"margin: 15px; border-radius: 10px;\" href=\"https:\/\/www.international-student-office.org\/fr\/contact\/\">Contactez-nous !<\/a><\/p>\n<p>[\/et_pb_text][\/et_pb_column][\/et_pb_row][\/et_pb_section]<\/p>\n","protected":false},"excerpt":{"rendered":"<p>Ina Wagenblatt Relations internationales &amp; management \u00e9tudiant Je m\u2019appelle Ina Wagenblatt et j\u2019ai fait des \u00c9tudes de Communication Multilingue \u00e0 Cologne avant de continuer avec mon master d\u2019\u00c9tudes Internationales de Culture et d\u2019\u00c9conomie \u00e0 Passau (Bavi\u00e8re). Mon premier poste de travail \u00e9tait \u00e0 Berlin, o\u00f9 j\u2019ai travaill\u00e9 pour une agence d\u2019\u00e9change scolaire en tant que [&hellip;]<\/p>\n","protected":false},"author":4,"featured_media":0,"parent":22534,"menu_order":0,"comment_status":"closed","ping_status":"closed","template":"","meta":{"_et_pb_use_builder":"on","_et_pb_old_content":"","_et_gb_content_width":"","footnotes":""},"class_list":["post-53118","page","type-page","status-publish","hentry"],"yoast_head":"<!-- This site is optimized with the Yoast SEO plugin v26.8 - https:\/\/yoast.com\/product\/yoast-seo-wordpress\/ -->\n<title>Ina Wagenblatt - Team Member - International Student Office<\/title>\n<meta name=\"description\" content=\"Ina Wagenblatt, membre de l\u2019International Student Office, vous aide \u00e0 organiser vos \u00e9tudes \u00e0 l\u2019\u00e9tranger en Australie, au Canada et aux \u00c9tats-Unis.\" \/>\n<meta name=\"robots\" content=\"index, follow, max-snippet:-1, max-image-preview:large, max-video-preview:-1\" \/>\n<link rel=\"canonical\" href=\"https:\/\/www.international-student-office.org\/fr\/a-propos-de-nous\/notre-equipe\/ina-wagenblatt\/\" \/>\n<meta property=\"og:locale\" content=\"fr_FR\" \/>\n<meta property=\"og:type\" content=\"article\" \/>\n<meta property=\"og:title\" content=\"Ina Wagenblatt - Team Member - International Student Office\" \/>\n<meta property=\"og:description\" content=\"Ina Wagenblatt, membre de l\u2019International Student Office, vous aide \u00e0 organiser vos \u00e9tudes \u00e0 l\u2019\u00e9tranger en Australie, au Canada et aux \u00c9tats-Unis.\" \/>\n<meta property=\"og:url\" content=\"https:\/\/www.international-student-office.org\/fr\/a-propos-de-nous\/notre-equipe\/ina-wagenblatt\/\" \/>\n<meta property=\"og:site_name\" content=\"International Student Office\" \/>\n<meta property=\"article:modified_time\" content=\"2021-10-26T07:13:42+00:00\" \/>\n<meta property=\"og:image\" content=\"https:\/\/www.international-student-office.org\/wp-content\/uploads\/2018\/09\/034ns-neu3-300x300.jpg\" \/>\n<meta name=\"twitter:label1\" content=\"Dur\u00e9e de lecture estim\u00e9e\" \/>\n\t<meta name=\"twitter:data1\" content=\"4 minutes\" \/>\n<script type=\"application\/ld+json\" class=\"yoast-schema-graph\">{\"@context\":\"https:\/\/schema.org\",\"@graph\":[{\"@type\":\"WebPage\",\"@id\":\"https:\/\/www.international-student-office.org\/fr\/a-propos-de-nous\/notre-equipe\/ina-wagenblatt\/\",\"url\":\"https:\/\/www.international-student-office.org\/fr\/a-propos-de-nous\/notre-equipe\/ina-wagenblatt\/\",\"name\":\"Ina Wagenblatt - Team Member - International Student Office\",\"isPartOf\":{\"@id\":\"https:\/\/www.international-student-office.org\/#website\"},\"primaryImageOfPage\":{\"@id\":\"https:\/\/www.international-student-office.org\/fr\/a-propos-de-nous\/notre-equipe\/ina-wagenblatt\/#primaryimage\"},\"image\":{\"@id\":\"https:\/\/www.international-student-office.org\/fr\/a-propos-de-nous\/notre-equipe\/ina-wagenblatt\/#primaryimage\"},\"thumbnailUrl\":\"https:\/\/www.international-student-office.org\/wp-content\/uploads\/2018\/09\/034ns-neu3-300x300.jpg\",\"datePublished\":\"2018-02-05T13:39:51+00:00\",\"dateModified\":\"2021-10-26T07:13:42+00:00\",\"description\":\"Ina Wagenblatt, membre de l\u2019International Student Office, vous aide \u00e0 organiser vos \u00e9tudes \u00e0 l\u2019\u00e9tranger en Australie, au Canada et aux \u00c9tats-Unis.\",\"breadcrumb\":{\"@id\":\"https:\/\/www.international-student-office.org\/fr\/a-propos-de-nous\/notre-equipe\/ina-wagenblatt\/#breadcrumb\"},\"inLanguage\":\"fr-FR\",\"potentialAction\":[{\"@type\":\"ReadAction\",\"target\":[\"https:\/\/www.international-student-office.org\/fr\/a-propos-de-nous\/notre-equipe\/ina-wagenblatt\/\"]}]},{\"@type\":\"ImageObject\",\"inLanguage\":\"fr-FR\",\"@id\":\"https:\/\/www.international-student-office.org\/fr\/a-propos-de-nous\/notre-equipe\/ina-wagenblatt\/#primaryimage\",\"url\":\"https:\/\/www.international-student-office.org\/wp-content\/uploads\/2018\/09\/034ns-neu3-300x300.jpg\",\"contentUrl\":\"https:\/\/www.international-student-office.org\/wp-content\/uploads\/2018\/09\/034ns-neu3-300x300.jpg\"},{\"@type\":\"BreadcrumbList\",\"@id\":\"https:\/\/www.international-student-office.org\/fr\/a-propos-de-nous\/notre-equipe\/ina-wagenblatt\/#breadcrumb\",\"itemListElement\":[{\"@type\":\"ListItem\",\"position\":1,\"name\":\"Home\",\"item\":\"https:\/\/www.international-student-office.org\/fr\/\"},{\"@type\":\"ListItem\",\"position\":2,\"name\":\"\u00c0 propos de nous\",\"item\":\"https:\/\/www.international-student-office.org\/fr\/a-propos-de-nous\/\"},{\"@type\":\"ListItem\",\"position\":3,\"name\":\"Notre \u00e9quipe\",\"item\":\"https:\/\/www.international-student-office.org\/fr\/a-propos-de-nous\/notre-equipe\/\"},{\"@type\":\"ListItem\",\"position\":4,\"name\":\"Ina Wagenblatt\"}]},{\"@type\":\"WebSite\",\"@id\":\"https:\/\/www.international-student-office.org\/#website\",\"url\":\"https:\/\/www.international-student-office.org\/\",\"name\":\"International Student Office\",\"description\":\"\",\"publisher\":{\"@id\":\"https:\/\/www.international-student-office.org\/#organization\"},\"potentialAction\":[{\"@type\":\"SearchAction\",\"target\":{\"@type\":\"EntryPoint\",\"urlTemplate\":\"https:\/\/www.international-student-office.org\/?s={search_term_string}\"},\"query-input\":{\"@type\":\"PropertyValueSpecification\",\"valueRequired\":true,\"valueName\":\"search_term_string\"}}],\"inLanguage\":\"fr-FR\"},{\"@type\":\"Organization\",\"@id\":\"https:\/\/www.international-student-office.org\/#organization\",\"name\":\"International Student Office\",\"url\":\"https:\/\/www.international-student-office.org\/\",\"logo\":{\"@type\":\"ImageObject\",\"inLanguage\":\"fr-FR\",\"@id\":\"https:\/\/www.international-student-office.org\/#\/schema\/logo\/image\/\",\"url\":\"https:\/\/www.international-student-office.org\/wp-content\/uploads\/2014\/09\/iso_logo.png\",\"contentUrl\":\"https:\/\/www.international-student-office.org\/wp-content\/uploads\/2014\/09\/iso_logo.png\",\"width\":300,\"height\":113,\"caption\":\"International Student Office\"},\"image\":{\"@id\":\"https:\/\/www.international-student-office.org\/#\/schema\/logo\/image\/\"}}]}<\/script>\n<!-- \/ Yoast SEO plugin. -->","yoast_head_json":{"title":"Ina Wagenblatt - Team Member - International Student Office","description":"Ina Wagenblatt, membre de l\u2019International Student Office, vous aide \u00e0 organiser vos \u00e9tudes \u00e0 l\u2019\u00e9tranger en Australie, au Canada et aux \u00c9tats-Unis.","robots":{"index":"index","follow":"follow","max-snippet":"max-snippet:-1","max-image-preview":"max-image-preview:large","max-video-preview":"max-video-preview:-1"},"canonical":"https:\/\/www.international-student-office.org\/fr\/a-propos-de-nous\/notre-equipe\/ina-wagenblatt\/","og_locale":"fr_FR","og_type":"article","og_title":"Ina Wagenblatt - Team Member - International Student Office","og_description":"Ina Wagenblatt, membre de l\u2019International Student Office, vous aide \u00e0 organiser vos \u00e9tudes \u00e0 l\u2019\u00e9tranger en Australie, au Canada et aux \u00c9tats-Unis.","og_url":"https:\/\/www.international-student-office.org\/fr\/a-propos-de-nous\/notre-equipe\/ina-wagenblatt\/","og_site_name":"International Student Office","article_modified_time":"2021-10-26T07:13:42+00:00","og_image":[{"url":"https:\/\/www.international-student-office.org\/wp-content\/uploads\/2018\/09\/034ns-neu3-300x300.jpg","type":"","width":"","height":""}],"twitter_misc":{"Dur\u00e9e de lecture estim\u00e9e":"4 minutes"},"schema":{"@context":"https:\/\/schema.org","@graph":[{"@type":"WebPage","@id":"https:\/\/www.international-student-office.org\/fr\/a-propos-de-nous\/notre-equipe\/ina-wagenblatt\/","url":"https:\/\/www.international-student-office.org\/fr\/a-propos-de-nous\/notre-equipe\/ina-wagenblatt\/","name":"Ina Wagenblatt - Team Member - International Student Office","isPartOf":{"@id":"https:\/\/www.international-student-office.org\/#website"},"primaryImageOfPage":{"@id":"https:\/\/www.international-student-office.org\/fr\/a-propos-de-nous\/notre-equipe\/ina-wagenblatt\/#primaryimage"},"image":{"@id":"https:\/\/www.international-student-office.org\/fr\/a-propos-de-nous\/notre-equipe\/ina-wagenblatt\/#primaryimage"},"thumbnailUrl":"https:\/\/www.international-student-office.org\/wp-content\/uploads\/2018\/09\/034ns-neu3-300x300.jpg","datePublished":"2018-02-05T13:39:51+00:00","dateModified":"2021-10-26T07:13:42+00:00","description":"Ina Wagenblatt, membre de l\u2019International Student Office, vous aide \u00e0 organiser vos \u00e9tudes \u00e0 l\u2019\u00e9tranger en Australie, au Canada et aux \u00c9tats-Unis.","breadcrumb":{"@id":"https:\/\/www.international-student-office.org\/fr\/a-propos-de-nous\/notre-equipe\/ina-wagenblatt\/#breadcrumb"},"inLanguage":"fr-FR","potentialAction":[{"@type":"ReadAction","target":["https:\/\/www.international-student-office.org\/fr\/a-propos-de-nous\/notre-equipe\/ina-wagenblatt\/"]}]},{"@type":"ImageObject","inLanguage":"fr-FR","@id":"https:\/\/www.international-student-office.org\/fr\/a-propos-de-nous\/notre-equipe\/ina-wagenblatt\/#primaryimage","url":"https:\/\/www.international-student-office.org\/wp-content\/uploads\/2018\/09\/034ns-neu3-300x300.jpg","contentUrl":"https:\/\/www.international-student-office.org\/wp-content\/uploads\/2018\/09\/034ns-neu3-300x300.jpg"},{"@type":"BreadcrumbList","@id":"https:\/\/www.international-student-office.org\/fr\/a-propos-de-nous\/notre-equipe\/ina-wagenblatt\/#breadcrumb","itemListElement":[{"@type":"ListItem","position":1,"name":"Home","item":"https:\/\/www.international-student-office.org\/fr\/"},{"@type":"ListItem","position":2,"name":"\u00c0 propos de nous","item":"https:\/\/www.international-student-office.org\/fr\/a-propos-de-nous\/"},{"@type":"ListItem","position":3,"name":"Notre \u00e9quipe","item":"https:\/\/www.international-student-office.org\/fr\/a-propos-de-nous\/notre-equipe\/"},{"@type":"ListItem","position":4,"name":"Ina Wagenblatt"}]},{"@type":"WebSite","@id":"https:\/\/www.international-student-office.org\/#website","url":"https:\/\/www.international-student-office.org\/","name":"International Student Office","description":"","publisher":{"@id":"https:\/\/www.international-student-office.org\/#organization"},"potentialAction":[{"@type":"SearchAction","target":{"@type":"EntryPoint","urlTemplate":"https:\/\/www.international-student-office.org\/?s={search_term_string}"},"query-input":{"@type":"PropertyValueSpecification","valueRequired":true,"valueName":"search_term_string"}}],"inLanguage":"fr-FR"},{"@type":"Organization","@id":"https:\/\/www.international-student-office.org\/#organization","name":"International Student Office","url":"https:\/\/www.international-student-office.org\/","logo":{"@type":"ImageObject","inLanguage":"fr-FR","@id":"https:\/\/www.international-student-office.org\/#\/schema\/logo\/image\/","url":"https:\/\/www.international-student-office.org\/wp-content\/uploads\/2014\/09\/iso_logo.png","contentUrl":"https:\/\/www.international-student-office.org\/wp-content\/uploads\/2014\/09\/iso_logo.png","width":300,"height":113,"caption":"International Student Office"},"image":{"@id":"https:\/\/www.international-student-office.org\/#\/schema\/logo\/image\/"}}]}},"_links":{"self":[{"href":"https:\/\/www.international-student-office.org\/fr\/wp-json\/wp\/v2\/pages\/53118","targetHints":{"allow":["GET"]}}],"collection":[{"href":"https:\/\/www.international-student-office.org\/fr\/wp-json\/wp\/v2\/pages"}],"about":[{"href":"https:\/\/www.international-student-office.org\/fr\/wp-json\/wp\/v2\/types\/page"}],"author":[{"embeddable":true,"href":"https:\/\/www.international-student-office.org\/fr\/wp-json\/wp\/v2\/users\/4"}],"replies":[{"embeddable":true,"href":"https:\/\/www.international-student-office.org\/fr\/wp-json\/wp\/v2\/comments?post=53118"}],"version-history":[{"count":0,"href":"https:\/\/www.international-student-office.org\/fr\/wp-json\/wp\/v2\/pages\/53118\/revisions"}],"up":[{"embeddable":true,"href":"https:\/\/www.international-student-office.org\/fr\/wp-json\/wp\/v2\/pages\/22534"}],"wp:attachment":[{"href":"https:\/\/www.international-student-office.org\/fr\/wp-json\/wp\/v2\/media?parent=53118"}],"curies":[{"name":"wp","href":"https:\/\/api.w.org\/{rel}","templated":true}]}}